{"id":298,"date":"2017-06-23T06:59:48","date_gmt":"2017-06-23T06:59:48","guid":{"rendered":"https:\/\/blogsaverroes.juntadeandalucia.es\/iesmediterraneo\/?page_id=298"},"modified":"2018-11-17T20:26:02","modified_gmt":"2018-11-17T20:26:02","slug":"investigacion-e-innovacion-educativa","status":"publish","type":"page","link":"https:\/\/blogsaverroes.juntadeandalucia.es\/iesmediterraneo\/planes-y-proyectos\/investigacion-e-innovacion-educativa\/","title":{"rendered":"Investigaci\u00f3n e innovaci\u00f3n educativa"},"content":{"rendered":"<h1 style=\"text-align: center\">Proyectos de investigaci\u00f3n e innovaci\u00f3n educativa y de elaboraci\u00f3n de materiales curriculares<\/h1>\n<hr>\n<h2 style=\"text-align: left\"><span style=\"color: #008080\"><b>IMPLEMENTACI\u00d3N DE LA ASIGNATURA INTRODUCCI\u00d3N AL PENSAMIENTO COMPUTACIONAL Y ROB\u00d3TICA EN E.S.O.<\/b><\/span><\/h2>\n<p><img loading=\"lazy\" decoding=\"async\" class=\"alignnone size-medium wp-image-299 alignleft\" src=\"https:\/\/blogsaverroes.juntadeandalucia.es\/iesmediterraneo\/files\/2017\/06\/logo_robotica-300x170.jpg\" alt=\"\" width=\"300\" height=\"170\" srcset=\"https:\/\/blogsaverroes.juntadeandalucia.es\/iesmediterraneo\/files\/2017\/06\/logo_robotica-300x170.jpg 300w, https:\/\/blogsaverroes.juntadeandalucia.es\/iesmediterraneo\/files\/2017\/06\/logo_robotica-24x14.jpg 24w, https:\/\/blogsaverroes.juntadeandalucia.es\/iesmediterraneo\/files\/2017\/06\/logo_robotica-36x20.jpg 36w, https:\/\/blogsaverroes.juntadeandalucia.es\/iesmediterraneo\/files\/2017\/06\/logo_robotica-48x27.jpg 48w, https:\/\/blogsaverroes.juntadeandalucia.es\/iesmediterraneo\/files\/2017\/06\/logo_robotica.jpg 648w\" sizes=\"(max-width: 300px) 100vw, 300px\" \/>El objetivo del proyecto es la implementaci\u00f3n en el curr\u00edculum del centro de la asignatura \u201cIntroducci\u00f3n al Pensamiento Computacional y Rob\u00f3tica\u201d. Dentro de las opciones que se presentan a los centros educativos de ofertar materias de libre configuraci\u00f3n, el proyecto pretende ofertarla como asignatura optativa para los cursos de 1\u00ba, 2\u00ba y 3\u00ba de ESO.<\/p>\n<p>La metodolog\u00eda es eminentemente pr\u00e1ctica y se centra en el uso de software y hardware libre para el desarrollo de video juegos y del dise\u00f1o de robots, como un medio f\u00e1cil y motivador para introducir a los alumnos\/as en el pensamiento computacional, aprendizaje de la programaci\u00f3n y en la electr\u00f3nica orientada a la rob\u00f3tica.<\/p>\n<p>Este proyecto ha sido incluido en la red de <a href=\"http:\/\/www.juntadeandalucia.es\/educacion\/portals\/delegate\/content\/440a0349-0e4d-42d9-8cc0-7416817210b2\">Buenas Pr\u00e1cticas Educativas&nbsp;<\/a> de la Consejer\u00eda de Educaci\u00f3n<\/p>\n<p><a href=\"https:\/\/blogsaverroes.juntadeandalucia.es\/iesmediterraneo\/files\/2017\/06\/buenas-pr\u00e1cticas_logo.png\" target=\"_blank\" rel=\"http:\/\/www.juntadeandalucia.es\/educacion\/portals\/delegate\/content\/440a0349-0e4d-42d9-8cc0-7416817210b2 noopener\"><img loading=\"lazy\" decoding=\"async\" class=\"aligncenter wp-image-897 \" src=\"https:\/\/blogsaverroes.juntadeandalucia.es\/iesmediterraneo\/files\/2017\/06\/buenas-pr\u00e1cticas_logo.png\" alt=\"\" width=\"339\" height=\"141\" srcset=\"https:\/\/blogsaverroes.juntadeandalucia.es\/iesmediterraneo\/files\/2017\/06\/buenas-pr\u00e1cticas_logo.png 286w, https:\/\/blogsaverroes.juntadeandalucia.es\/iesmediterraneo\/files\/2017\/06\/buenas-pr\u00e1cticas_logo-24x10.png 24w, https:\/\/blogsaverroes.juntadeandalucia.es\/iesmediterraneo\/files\/2017\/06\/buenas-pr\u00e1cticas_logo-36x15.png 36w, https:\/\/blogsaverroes.juntadeandalucia.es\/iesmediterraneo\/files\/2017\/06\/buenas-pr\u00e1cticas_logo-48x20.png 48w\" sizes=\"(max-width: 339px) 100vw, 339px\" \/><\/a><\/p>\n","protected":false},"excerpt":{"rendered":"<p>Proyectos de investigaci\u00f3n e innovaci\u00f3n educativa y de elaboraci\u00f3n de materiales curriculares IMPLEMENTACI\u00d3N DE LA ASIGNATURA INTRODUCCI\u00d3N AL PENSAMIENTO COMPUTACIONAL Y ROB\u00d3TICA EN E.S.O. El objetivo del proyecto es la implementaci\u00f3n en el curr\u00edculum&#46;&#46;&#46;<\/p>\n","protected":false},"author":5102,"featured_media":0,"parent":188,"menu_order":0,"comment_status":"closed","ping_status":"closed","template":"","meta":{"ngg_post_thumbnail":0,"footnotes":""},"aioseo_notices":[],"_links":{"self":[{"href":"https:\/\/blogsaverroes.juntadeandalucia.es\/iesmediterraneo\/wp-json\/wp\/v2\/pages\/298"}],"collection":[{"href":"https:\/\/blogsaverroes.juntadeandalucia.es\/iesmediterraneo\/wp-json\/wp\/v2\/pages"}],"about":[{"href":"https:\/\/blogsaverroes.juntadeandalucia.es\/iesmediterraneo\/wp-json\/wp\/v2\/types\/page"}],"author":[{"embeddable":true,"href":"https:\/\/blogsaverroes.juntadeandalucia.es\/iesmediterraneo\/wp-json\/wp\/v2\/users\/5102"}],"replies":[{"embeddable":true,"href":"https:\/\/blogsaverroes.juntadeandalucia.es\/iesmediterraneo\/wp-json\/wp\/v2\/comments?post=298"}],"version-history":[{"count":4,"href":"https:\/\/blogsaverroes.juntadeandalucia.es\/iesmediterraneo\/wp-json\/wp\/v2\/pages\/298\/revisions"}],"predecessor-version":[{"id":899,"href":"https:\/\/blogsaverroes.juntadeandalucia.es\/iesmediterraneo\/wp-json\/wp\/v2\/pages\/298\/revisions\/899"}],"up":[{"embeddable":true,"href":"https:\/\/blogsaverroes.juntadeandalucia.es\/iesmediterraneo\/wp-json\/wp\/v2\/pages\/188"}],"wp:attachment":[{"href":"https:\/\/blogsaverroes.juntadeandalucia.es\/iesmediterraneo\/wp-json\/wp\/v2\/media?parent=298"}],"curies":[{"name":"wp","href":"https:\/\/api.w.org\/{rel}","templated":true}]}}