{"id":369,"date":"2017-06-25T18:12:13","date_gmt":"2017-06-25T18:12:13","guid":{"rendered":"https:\/\/blogsaverroes.juntadeandalucia.es\/iesmediterraneo\/?page_id=369"},"modified":"2017-10-29T10:57:45","modified_gmt":"2017-10-29T10:57:45","slug":"academicos","status":"publish","type":"page","link":"https:\/\/blogsaverroes.juntadeandalucia.es\/iesmediterraneo\/profesorado\/documentos\/academicos\/","title":{"rendered":"Acad\u00e9micos"},"content":{"rendered":"<h1><span style=\"color: #33cccc\">Documentos acad\u00e9micos<\/span><\/h1>\n<hr>\n<table style=\"width: 668px\">\n<tbody>\n<tr>\n<td style=\"width: 670px;background-color: #4e9ccc\" colspan=\"2\"><strong>MANUALES<\/strong><\/td>\n<\/tr>\n<tr>\n<td style=\"width: 32px;background-color: #69c7f0\">&nbsp;<\/td>\n<td style=\"width: 638px\"><a href=\"https:\/\/blogsaverroes.juntadeandalucia.es\/iesmediterraneo\/files\/2017\/06\/Moodle_acceso_y_modificar_perfil.pdf\">Acceso y modificar perfil en Moodle (pdf)<\/a><\/td>\n<\/tr>\n<tr>\n<td style=\"width: 32px;background-color: #69c7f0\">&nbsp;<\/td>\n<td style=\"width: 638px\"><a href=\"https:\/\/blogsaverroes.juntadeandalucia.es\/iesmediterraneo\/files\/2017\/06\/Manual_usuario_perfil_profesorado_SENECA_COMUNICACIONES.pdf\">PASEN Manual del profesorado (pdf)<\/a><\/td>\n<\/tr>\n<tr>\n<td style=\"width: 670px;background-color: #11ab75\" colspan=\"2\"><b>AUTORIZACI\u00d3N DE ACTIVIDADES EXTRAESCOLARES<\/b><\/td>\n<\/tr>\n<tr>\n<td style=\"width: 32px;background-color: #0ee36a\">&nbsp;<\/td>\n<td style=\"width: 638px\"><a href=\"https:\/\/blogsaverroes.juntadeandalucia.es\/iesmediterraneo\/files\/2017\/06\/autorizaci\u00f3n_actividades_extraescolares.docx\">Autorizaci\u00f3n para participar en actividades extraescolares (doc)<\/a><\/td>\n<\/tr>\n<tr>\n<td style=\"width: 32px;background-color: #0ee36a\">&nbsp;<\/td>\n<td style=\"width: 638px\"><a href=\"https:\/\/blogsaverroes.juntadeandalucia.es\/iesmediterraneo\/files\/2017\/06\/autorizaci\u00f3n_actividades_extraescolares.pdf\">Autorizaci\u00f3n para participar en actividades extraescolares (pdf)<\/a><\/td>\n<\/tr>\n<tr>\n<td style=\"width: 32px;background-color: #0ee36a\">&nbsp;<\/td>\n<td style=\"width: 638px\">&nbsp;<a href=\"https:\/\/blogsaverroes.juntadeandalucia.es\/iesmediterraneo\/files\/2017\/06\/autorizaci\u00f3n_actividades_extraescolares_auto.pdf\">Autorizaci\u00f3n para participar en actividades extraescolares (autorrellenable)<\/a><\/td>\n<\/tr>\n<tr>\n<td style=\"width: 32px;background-color: #f27c4e\" colspan=\"2\"><strong>MEMORIAS DE DEPARTAMENTO, TUTOR\u00cdA Y \u00c1REA<\/strong><\/td>\n<\/tr>\n<tr>\n<td style=\"width: 32px;background-color: #f27c4e\">&nbsp;<\/td>\n<td style=\"width: 638px\"><a href=\"https:\/\/blogsaverroes.juntadeandalucia.es\/iesmediterraneo\/files\/2017\/06\/MEMORIA-Departamentos.doc\">MEMORIA Departamentos<\/a><\/td>\n<\/tr>\n<tr>\n<td style=\"width: 32px;background-color: #f27c4e\">&nbsp;<\/td>\n<td style=\"width: 638px\"><a href=\"https:\/\/blogsaverroes.juntadeandalucia.es\/iesmediterraneo\/files\/2017\/06\/Memoria-Tutor\u00eda.doc\">Memoria Tutor\u00eda<\/a><\/td>\n<\/tr>\n<tr>\n<td style=\"width: 32px;background-color: #f27c4e\">&nbsp;<\/td>\n<td style=\"width: 638px\"><a href=\"https:\/\/blogsaverroes.juntadeandalucia.es\/iesmediterraneo\/files\/2017\/06\/memoria-area.docx\">Memoria de \u00c1rea<\/a><\/td>\n<\/tr>\n<tr>\n<td style=\"width: 32px;background-color: #f4f794\" colspan=\"2\"><strong>OTROS<\/strong><\/td>\n<\/tr>\n<tr>\n<td style=\"width: 32px;background-color: #f4f794\">&nbsp;<\/td>\n<td style=\"width: 638px\"><a href=\"https:\/\/blogsaverroes.juntadeandalucia.es\/iesmediterraneo\/files\/2017\/06\/GuiaCentrosEducativos.pdf\">Guia Centros Educativos<\/a>&nbsp;(Uso correcto de los datos de car\u00e1cter personal)<\/td>\n<\/tr>\n<\/tbody>\n<\/table>\n","protected":false},"excerpt":{"rendered":"<p>Documentos acad\u00e9micos MANUALES &nbsp; Acceso y modificar perfil en Moodle (pdf) &nbsp; PASEN Manual del profesorado (pdf) AUTORIZACI\u00d3N DE ACTIVIDADES EXTRAESCOLARES &nbsp; Autorizaci\u00f3n para participar en actividades extraescolares (doc) &nbsp; Autorizaci\u00f3n para participar en&#46;&#46;&#46;<\/p>\n","protected":false},"author":5102,"featured_media":0,"parent":348,"menu_order":0,"comment_status":"closed","ping_status":"closed","template":"page-template-full.php","meta":{"ngg_post_thumbnail":0,"footnotes":""},"aioseo_notices":[],"_links":{"self":[{"href":"https:\/\/blogsaverroes.juntadeandalucia.es\/iesmediterraneo\/wp-json\/wp\/v2\/pages\/369"}],"collection":[{"href":"https:\/\/blogsaverroes.juntadeandalucia.es\/iesmediterraneo\/wp-json\/wp\/v2\/pages"}],"about":[{"href":"https:\/\/blogsaverroes.juntadeandalucia.es\/iesmediterraneo\/wp-json\/wp\/v2\/types\/page"}],"author":[{"embeddable":true,"href":"https:\/\/blogsaverroes.juntadeandalucia.es\/iesmediterraneo\/wp-json\/wp\/v2\/users\/5102"}],"replies":[{"embeddable":true,"href":"https:\/\/blogsaverroes.juntadeandalucia.es\/iesmediterraneo\/wp-json\/wp\/v2\/comments?post=369"}],"version-history":[{"count":7,"href":"https:\/\/blogsaverroes.juntadeandalucia.es\/iesmediterraneo\/wp-json\/wp\/v2\/pages\/369\/revisions"}],"predecessor-version":[{"id":748,"href":"https:\/\/blogsaverroes.juntadeandalucia.es\/iesmediterraneo\/wp-json\/wp\/v2\/pages\/369\/revisions\/748"}],"up":[{"embeddable":true,"href":"https:\/\/blogsaverroes.juntadeandalucia.es\/iesmediterraneo\/wp-json\/wp\/v2\/pages\/348"}],"wp:attachment":[{"href":"https:\/\/blogsaverroes.juntadeandalucia.es\/iesmediterraneo\/wp-json\/wp\/v2\/media?parent=369"}],"curies":[{"name":"wp","href":"https:\/\/api.w.org\/{rel}","templated":true}]}}