{"id":381,"date":"2017-07-05T18:15:02","date_gmt":"2017-07-05T18:15:02","guid":{"rendered":"https:\/\/blogsaverroes.juntadeandalucia.es\/iesmediterraneo\/?page_id=381"},"modified":"2017-07-06T09:08:08","modified_gmt":"2017-07-06T09:08:08","slug":"impresos-y-solicitudes","status":"publish","type":"page","link":"https:\/\/blogsaverroes.juntadeandalucia.es\/iesmediterraneo\/secrataria\/impresos-y-solicitudes\/","title":{"rendered":"Impresos y solicitudes"},"content":{"rendered":"<h1><span style=\"color: #008080\">Impresos y solicitudes<\/span><\/h1>\n<hr>\n<table style=\"width: 414px\">\n<tbody>\n<tr>\n<td style=\"width: 38px;background-color: #ebe6e6\" colspan=\"2\"><strong>SOLICITUD GEN\u00c9RICA<\/strong><\/td>\n<\/tr>\n<tr>\n<td style=\"width: 38px\"><a href=\"https:\/\/blogsaverroes.juntadeandalucia.es\/iesmediterraneo\/files\/2017\/06\/Microsoft_Word_logo.png\"><img loading=\"lazy\" decoding=\"async\" class=\"alignnone wp-image-307\" src=\"https:\/\/blogsaverroes.juntadeandalucia.es\/iesmediterraneo\/files\/2017\/06\/Microsoft_Word_logo.png\" alt=\"\" width=\"27\" height=\"27\" srcset=\"https:\/\/blogsaverroes.juntadeandalucia.es\/iesmediterraneo\/files\/2017\/06\/Microsoft_Word_logo.png 256w, https:\/\/blogsaverroes.juntadeandalucia.es\/iesmediterraneo\/files\/2017\/06\/Microsoft_Word_logo-150x150.png 150w, https:\/\/blogsaverroes.juntadeandalucia.es\/iesmediterraneo\/files\/2017\/06\/Microsoft_Word_logo-100x100.png 100w, https:\/\/blogsaverroes.juntadeandalucia.es\/iesmediterraneo\/files\/2017\/06\/Microsoft_Word_logo-24x24.png 24w, https:\/\/blogsaverroes.juntadeandalucia.es\/iesmediterraneo\/files\/2017\/06\/Microsoft_Word_logo-36x36.png 36w, https:\/\/blogsaverroes.juntadeandalucia.es\/iesmediterraneo\/files\/2017\/06\/Microsoft_Word_logo-48x48.png 48w\" sizes=\"(max-width: 27px) 100vw, 27px\" \/><\/a><\/td>\n<td style=\"width: 324px\"><a href=\"https:\/\/blogsaverroes.juntadeandalucia.es\/iesmediterraneo\/files\/2017\/07\/SOLICITUD-GEN\u00c9RICA.docx\">SOLICITUD GEN\u00c9RICA<\/a><\/td>\n<\/tr>\n<tr>\n<td style=\"width: 38px\"><a href=\"https:\/\/blogsaverroes.juntadeandalucia.es\/iesmediterraneo\/files\/2017\/06\/pdf.png\"><img loading=\"lazy\" decoding=\"async\" class=\"alignnone wp-image-255\" src=\"https:\/\/blogsaverroes.juntadeandalucia.es\/iesmediterraneo\/files\/2017\/06\/pdf-242x300.png\" alt=\"\" width=\"26\" height=\"33\" srcset=\"https:\/\/blogsaverroes.juntadeandalucia.es\/iesmediterraneo\/files\/2017\/06\/pdf-242x300.png 242w, https:\/\/blogsaverroes.juntadeandalucia.es\/iesmediterraneo\/files\/2017\/06\/pdf-768x953.png 768w, https:\/\/blogsaverroes.juntadeandalucia.es\/iesmediterraneo\/files\/2017\/06\/pdf-825x1024.png 825w, https:\/\/blogsaverroes.juntadeandalucia.es\/iesmediterraneo\/files\/2017\/06\/pdf-19x24.png 19w, https:\/\/blogsaverroes.juntadeandalucia.es\/iesmediterraneo\/files\/2017\/06\/pdf-29x36.png 29w, https:\/\/blogsaverroes.juntadeandalucia.es\/iesmediterraneo\/files\/2017\/06\/pdf-39x48.png 39w, https:\/\/blogsaverroes.juntadeandalucia.es\/iesmediterraneo\/files\/2017\/06\/pdf.png 1280w\" sizes=\"(max-width: 26px) 100vw, 26px\" \/><\/a><\/td>\n<td style=\"width: 324px\"><a href=\"https:\/\/blogsaverroes.juntadeandalucia.es\/iesmediterraneo\/files\/2017\/07\/SOLICITUD-GEN\u00c9RICA.pdf\">SOLICITUD GEN\u00c9RICA (pdf)<\/a><\/td>\n<\/tr>\n<tr>\n<td style=\"width: 38px\"><img loading=\"lazy\" decoding=\"async\" class=\"\" src=\"https:\/\/blogsaverroes.juntadeandalucia.es\/iesmediterraneo\/files\/2017\/06\/pdf-242x300.png\" width=\"26\" height=\"33\"><\/td>\n<td style=\"width: 324px\"><a href=\"https:\/\/blogsaverroes.juntadeandalucia.es\/iesmediterraneo\/files\/2017\/07\/solicitud_gen\u00e9rica_auto.pdf\">Solicitud gen\u00e9rica (autorrellenable)<\/a><\/td>\n<\/tr>\n<tr>\n<td style=\"width: 38px;background-color: #ebe4e4\" colspan=\"2\"><strong>SOLICITUD DE DOCUMENTOS AL CENTRO<\/strong><\/td>\n<\/tr>\n<tr>\n<td style=\"width: 38px\"><a href=\"https:\/\/blogsaverroes.juntadeandalucia.es\/iesmediterraneo\/files\/2017\/06\/Microsoft_Word_logo.png\"><img loading=\"lazy\" decoding=\"async\" class=\"alignnone wp-image-307\" src=\"https:\/\/blogsaverroes.juntadeandalucia.es\/iesmediterraneo\/files\/2017\/06\/Microsoft_Word_logo.png\" alt=\"\" width=\"27\" height=\"27\" srcset=\"https:\/\/blogsaverroes.juntadeandalucia.es\/iesmediterraneo\/files\/2017\/06\/Microsoft_Word_logo.png 256w, https:\/\/blogsaverroes.juntadeandalucia.es\/iesmediterraneo\/files\/2017\/06\/Microsoft_Word_logo-150x150.png 150w, https:\/\/blogsaverroes.juntadeandalucia.es\/iesmediterraneo\/files\/2017\/06\/Microsoft_Word_logo-100x100.png 100w, https:\/\/blogsaverroes.juntadeandalucia.es\/iesmediterraneo\/files\/2017\/06\/Microsoft_Word_logo-24x24.png 24w, https:\/\/blogsaverroes.juntadeandalucia.es\/iesmediterraneo\/files\/2017\/06\/Microsoft_Word_logo-36x36.png 36w, https:\/\/blogsaverroes.juntadeandalucia.es\/iesmediterraneo\/files\/2017\/06\/Microsoft_Word_logo-48x48.png 48w\" sizes=\"(max-width: 27px) 100vw, 27px\" \/><\/a><\/td>\n<td style=\"width: 324px\"><a href=\"https:\/\/blogsaverroes.juntadeandalucia.es\/iesmediterraneo\/files\/2017\/07\/SOLICITUD-DE-DOCUMENTOS.docx\">SOLICITUD DE DOCUMENTOS<\/a><\/td>\n<\/tr>\n<tr>\n<td style=\"width: 38px\"><img loading=\"lazy\" decoding=\"async\" class=\"\" src=\"https:\/\/blogsaverroes.juntadeandalucia.es\/iesmediterraneo\/files\/2017\/06\/pdf-242x300.png\" width=\"26\" height=\"32\"><\/td>\n<td style=\"width: 324px\"><a href=\"https:\/\/blogsaverroes.juntadeandalucia.es\/iesmediterraneo\/files\/2017\/07\/SOLICITUD-DE-DOCUMENTOS.pdf\">SOLICITUD DE DOCUMENTOS (pdf)<\/a><\/td>\n<\/tr>\n<tr>\n<td style=\"width: 38px\"><img loading=\"lazy\" decoding=\"async\" class=\"\" src=\"https:\/\/blogsaverroes.juntadeandalucia.es\/iesmediterraneo\/files\/2017\/06\/pdf-242x300.png\" width=\"26\" height=\"32\"><\/td>\n<td style=\"width: 324px\"><a href=\"https:\/\/blogsaverroes.juntadeandalucia.es\/iesmediterraneo\/files\/2017\/07\/solicitud_doc_auto.pdf\">Solicitud de documentos (autorrellenable)<\/a><\/td>\n<\/tr>\n<\/tbody>\n<\/table>\n<ul>\n<li><span style=\"font-size: 14pt\"><a href=\"https:\/\/www.juntadeandalucia.es\/economiayhacienda\/apl\/surweb\/modelos\/modelo046\/046.jsp\">Modelo 046 (Junta de Andaluc\u00eda)<\/a><\/span><\/li>\n<\/ul>\n","protected":false},"excerpt":{"rendered":"<p>Impresos y solicitudes SOLICITUD GEN\u00c9RICA SOLICITUD GEN\u00c9RICA SOLICITUD GEN\u00c9RICA (pdf) Solicitud gen\u00e9rica (autorrellenable) SOLICITUD DE DOCUMENTOS AL CENTRO SOLICITUD DE DOCUMENTOS SOLICITUD DE DOCUMENTOS (pdf) Solicitud de documentos (autorrellenable) Modelo 046 (Junta de Andaluc\u00eda)<\/p>\n","protected":false},"author":5102,"featured_media":0,"parent":139,"menu_order":0,"comment_status":"closed","ping_status":"closed","template":"","meta":{"ngg_post_thumbnail":0,"footnotes":""},"aioseo_notices":[],"_links":{"self":[{"href":"https:\/\/blogsaverroes.juntadeandalucia.es\/iesmediterraneo\/wp-json\/wp\/v2\/pages\/381"}],"collection":[{"href":"https:\/\/blogsaverroes.juntadeandalucia.es\/iesmediterraneo\/wp-json\/wp\/v2\/pages"}],"about":[{"href":"https:\/\/blogsaverroes.juntadeandalucia.es\/iesmediterraneo\/wp-json\/wp\/v2\/types\/page"}],"author":[{"embeddable":true,"href":"https:\/\/blogsaverroes.juntadeandalucia.es\/iesmediterraneo\/wp-json\/wp\/v2\/users\/5102"}],"replies":[{"embeddable":true,"href":"https:\/\/blogsaverroes.juntadeandalucia.es\/iesmediterraneo\/wp-json\/wp\/v2\/comments?post=381"}],"version-history":[{"count":3,"href":"https:\/\/blogsaverroes.juntadeandalucia.es\/iesmediterraneo\/wp-json\/wp\/v2\/pages\/381\/revisions"}],"predecessor-version":[{"id":398,"href":"https:\/\/blogsaverroes.juntadeandalucia.es\/iesmediterraneo\/wp-json\/wp\/v2\/pages\/381\/revisions\/398"}],"up":[{"embeddable":true,"href":"https:\/\/blogsaverroes.juntadeandalucia.es\/iesmediterraneo\/wp-json\/wp\/v2\/pages\/139"}],"wp:attachment":[{"href":"https:\/\/blogsaverroes.juntadeandalucia.es\/iesmediterraneo\/wp-json\/wp\/v2\/media?parent=381"}],"curies":[{"name":"wp","href":"https:\/\/api.w.org\/{rel}","templated":true}]}}