{"id":433,"date":"2017-08-21T15:14:48","date_gmt":"2017-08-21T15:14:48","guid":{"rendered":"https:\/\/blogsaverroes.juntadeandalucia.es\/iesmediterraneo\/?page_id=433"},"modified":"2020-11-10T12:28:09","modified_gmt":"2020-11-10T12:28:09","slug":"musica","status":"publish","type":"page","link":"https:\/\/blogsaverroes.juntadeandalucia.es\/iesmediterraneo\/departamentos\/musica\/","title":{"rendered":"M\u00daSICA"},"content":{"rendered":"<h1><span style=\"color: #008080\">Departamento de M\u00fasica<\/span><\/h1>\n<hr>\n<h2><span style=\"color: #008000\">Curso 2020-2021<\/span><\/h2>\n<h3><span style=\"color: #339966\">Composici\u00f3n del departamento y distribuci\u00f3n de las asignaturas<\/span><\/h3>\n<table style=\"width: 929px\">\n<tbody>\n<tr>\n<td style=\"width: 489px;text-align: left;vertical-align: top\"><a href=\"https:\/\/blogsaverroes.juntadeandalucia.es\/iesmediterraneo\/files\/2017\/08\/m\u00fasica_departamento.jpg\"><img loading=\"lazy\" decoding=\"async\" class=\"alignleft wp-image-871 size-full\" src=\"https:\/\/blogsaverroes.juntadeandalucia.es\/iesmediterraneo\/files\/2017\/08\/m\u00fasica_departamento.jpg\" alt=\"\" width=\"567\" height=\"319\" srcset=\"https:\/\/blogsaverroes.juntadeandalucia.es\/iesmediterraneo\/files\/2017\/08\/m\u00fasica_departamento.jpg 567w, https:\/\/blogsaverroes.juntadeandalucia.es\/iesmediterraneo\/files\/2017\/08\/m\u00fasica_departamento-300x169.jpg 300w, https:\/\/blogsaverroes.juntadeandalucia.es\/iesmediterraneo\/files\/2017\/08\/m\u00fasica_departamento-24x14.jpg 24w, https:\/\/blogsaverroes.juntadeandalucia.es\/iesmediterraneo\/files\/2017\/08\/m\u00fasica_departamento-36x20.jpg 36w, https:\/\/blogsaverroes.juntadeandalucia.es\/iesmediterraneo\/files\/2017\/08\/m\u00fasica_departamento-48x27.jpg 48w\" sizes=\"(max-width: 567px) 100vw, 567px\" \/><\/a><\/td>\n<td style=\"width: 10px;text-align: left;vertical-align: top\">&nbsp;<\/td>\n<td style=\"width: 861px;text-align: left;vertical-align: top\">\n<ul>\n<li style=\"text-align: left\"><strong>Jefe de Departamento y \u00fanico miembro<\/strong>: Juan Jos\u00e9 Puga Arag\u00f3n.<\/li>\n<li style=\"text-align: left\"><strong>Niveles a los que imparte la materia<\/strong>:&nbsp;\n<ul>\n<li style=\"text-align: left\">M\u00fasica 1\u00ba ESO.<\/li>\n<li style=\"text-align: left\">M\u00fasica 2\u00ba ESO.<\/li>\n<li style=\"text-align: left\">M\u00fasica 3\u00ba C (PMAR).<\/li>\n<li style=\"text-align: left\">Rutas literarias 1\u00ba ESO.<\/li>\n<\/ul>\n<\/li>\n<\/ul>\n<\/td>\n<\/tr>\n<\/tbody>\n<\/table>\n<h2><span style=\"color: #008080\">Criterios, Instrumentos y Estrategias de Evaluaci\u00f3n<\/span><\/h2>\n<table style=\"width: 333px\">\n<tbody>\n<tr>\n<td style=\"text-align: left;vertical-align: top;width: 39px\"><a href=\"https:\/\/blogsaverroes.juntadeandalucia.es\/iesmediterraneo\/files\/2017\/06\/pdf.png\"><img loading=\"lazy\" decoding=\"async\" class=\"alignleft wp-image-255\" src=\"https:\/\/blogsaverroes.juntadeandalucia.es\/iesmediterraneo\/files\/2017\/06\/pdf-825x1024.png\" alt=\"\" width=\"42\" height=\"52\" srcset=\"https:\/\/blogsaverroes.juntadeandalucia.es\/iesmediterraneo\/files\/2017\/06\/pdf-825x1024.png 825w, https:\/\/blogsaverroes.juntadeandalucia.es\/iesmediterraneo\/files\/2017\/06\/pdf-242x300.png 242w, https:\/\/blogsaverroes.juntadeandalucia.es\/iesmediterraneo\/files\/2017\/06\/pdf-768x953.png 768w, https:\/\/blogsaverroes.juntadeandalucia.es\/iesmediterraneo\/files\/2017\/06\/pdf-19x24.png 19w, https:\/\/blogsaverroes.juntadeandalucia.es\/iesmediterraneo\/files\/2017\/06\/pdf-29x36.png 29w, https:\/\/blogsaverroes.juntadeandalucia.es\/iesmediterraneo\/files\/2017\/06\/pdf-39x48.png 39w, https:\/\/blogsaverroes.juntadeandalucia.es\/iesmediterraneo\/files\/2017\/06\/pdf.png 1280w\" sizes=\"(max-width: 42px) 100vw, 42px\" \/><\/a><\/td>\n<td style=\"text-align: left;vertical-align: middle;width: 280px\"><a href=\"https:\/\/blogsaverroes.juntadeandalucia.es\/iesmediterraneo\/files\/2019\/11\/Criterios-M\u00fasica-2019-2020-pdf.pdf\" target=\"_blank\" rel=\"noopener noreferrer\">2019-2020 Departamento de M\u00fasica<\/a><\/td>\n<\/tr>\n<\/tbody>\n<\/table>\n<p>&nbsp;<\/p>\n<p>&nbsp;<\/p>\n","protected":false},"excerpt":{"rendered":"<p>Departamento de M\u00fasica Curso 2020-2021 Composici\u00f3n del departamento y distribuci\u00f3n de las asignaturas &nbsp; Jefe de Departamento y \u00fanico miembro: Juan Jos\u00e9 Puga Arag\u00f3n. Niveles a los que imparte la materia:&nbsp; M\u00fasica 1\u00ba ESO.&#46;&#46;&#46;<\/p>\n","protected":false},"author":5102,"featured_media":0,"parent":86,"menu_order":0,"comment_status":"closed","ping_status":"closed","template":"page-template-full.php","meta":{"ngg_post_thumbnail":0,"footnotes":""},"aioseo_notices":[],"_links":{"self":[{"href":"https:\/\/blogsaverroes.juntadeandalucia.es\/iesmediterraneo\/wp-json\/wp\/v2\/pages\/433"}],"collection":[{"href":"https:\/\/blogsaverroes.juntadeandalucia.es\/iesmediterraneo\/wp-json\/wp\/v2\/pages"}],"about":[{"href":"https:\/\/blogsaverroes.juntadeandalucia.es\/iesmediterraneo\/wp-json\/wp\/v2\/types\/page"}],"author":[{"embeddable":true,"href":"https:\/\/blogsaverroes.juntadeandalucia.es\/iesmediterraneo\/wp-json\/wp\/v2\/users\/5102"}],"replies":[{"embeddable":true,"href":"https:\/\/blogsaverroes.juntadeandalucia.es\/iesmediterraneo\/wp-json\/wp\/v2\/comments?post=433"}],"version-history":[{"count":8,"href":"https:\/\/blogsaverroes.juntadeandalucia.es\/iesmediterraneo\/wp-json\/wp\/v2\/pages\/433\/revisions"}],"predecessor-version":[{"id":1849,"href":"https:\/\/blogsaverroes.juntadeandalucia.es\/iesmediterraneo\/wp-json\/wp\/v2\/pages\/433\/revisions\/1849"}],"up":[{"embeddable":true,"href":"https:\/\/blogsaverroes.juntadeandalucia.es\/iesmediterraneo\/wp-json\/wp\/v2\/pages\/86"}],"wp:attachment":[{"href":"https:\/\/blogsaverroes.juntadeandalucia.es\/iesmediterraneo\/wp-json\/wp\/v2\/media?parent=433"}],"curies":[{"name":"wp","href":"https:\/\/api.w.org\/{rel}","templated":true}]}}