{"id":527,"date":"2017-09-26T15:02:39","date_gmt":"2017-09-26T15:02:39","guid":{"rendered":"https:\/\/blogsaverroes.juntadeandalucia.es\/iesmediterraneo\/?page_id=527"},"modified":"2017-10-05T08:54:56","modified_gmt":"2017-10-05T08:54:56","slug":"normas-de-conducta","status":"publish","type":"page","link":"https:\/\/blogsaverroes.juntadeandalucia.es\/iesmediterraneo\/alumnos\/normas-de-conducta\/","title":{"rendered":"Normas de conducta"},"content":{"rendered":"<h1><span style=\"color: #008000\"><strong>DEC\u00c1LOGO DE BUENAS CONDUCTAS<\/strong><\/span><\/h1>\n<hr>\n<p><span style=\"font-size: 14pt\">Para perseverar el buen clima en el centro escolar es necesario y obligatorio seguir unas normas b\u00e1sicas de comportamiento:<\/span><\/p>\n<ol>\n<li><span style=\"font-size: 14pt\">Debes asistir puntualmente a clase.<\/span><\/li>\n<li><span style=\"font-size: 14pt\">Est\u00e1 prohibido hacer uso en el centro de m\u00f3viles y de cualquier dispositivo electr\u00f3nico sin la autorizaci\u00f3n expresa de los profesores\/as<\/span><\/li>\n<li><span style=\"font-size: 14pt\">No se puede acceder al centro con gorras o capuchas que cubran la cabeza y que dificulten la atenci\u00f3n del alumno y sus compa\u00f1eros\/as<\/span><\/li>\n<li><span style=\"font-size: 14pt\">Habla en un tono de voz adecuado para no interrumpir ni molestar a los compa\u00f1eros, sobre todo cuando camines por los pasillos.<\/span><\/li>\n<li><span style=\"font-size: 14pt\">Debes quedarte en el aula en los intercambios de clase.<\/span><\/li>\n<li><span style=\"font-size: 14pt\">Cuando la asignatura requiera un traslado de aula, camina tranquilo por las instalaciones, no es necesario correr para llegar antes y adem\u00e1s molestas a tus compa\u00f1eros.<\/span><\/li>\n<li><span style=\"font-size: 14pt\">Durante el recreo los alumnos no pueden quedarse en el aula ni en los pasillos.<\/span><\/li>\n<li><span style=\"font-size: 14pt\">El mobiliario del centro (mesas, sillas, ordenador,\u2026) no es para jugar, debes cuidarlo y usarlo para su funci\u00f3n espec\u00edfica. Si lo deterioras tendr\u00e1s que reponerlo.<\/span><\/li>\n<li><span style=\"font-size: 14pt\">Respeta las zonas comunes y hazte responsable de lo que ensucies o da\u00f1es.<\/span><\/li>\n<li><span style=\"font-size: 14pt\">Respeta a tus compa\u00f1eros, todos somos diferentes.<\/span><\/li>\n<li><span style=\"font-size: 14pt\">Debes traer siempre el material que sea necesario para cada asignatura.<\/span><\/li>\n<li><span style=\"font-size: 14pt\">Acude a clase aseado y con ropa c\u00f3moda y adecuada.<\/span><\/li>\n<\/ol>\n<h2><span style=\"color: #339966\"><strong>TIPIFICACI\u00d3N DE FALTAS, CORRECCIONES Y PROCEDIMIENTOS SANCIONADORES<\/strong><\/span><\/h2>\n<hr>\n<table style=\"width: 979px\">\n<tbody>\n<tr style=\"height: 59px\">\n<td style=\"width: 524px;background-color: #567bf5;text-align: center;vertical-align: middle;height: 59px\" colspan=\"2\"><span style=\"font-size: 14pt;color: #ffffff\"><strong>CONDUCTAS<\/strong><\/span><\/td>\n<td style=\"width: 397px;background-color: #128c29;text-align: center;vertical-align: middle;height: 59px\"><span style=\"font-size: 14pt;color: #ffffff\"><strong>CORRECCIONES<\/strong><\/span><\/td>\n<\/tr>\n<tr style=\"height: 304.688px\">\n<td style=\"background-color: #abccf5;width: 45px;text-align: center;vertical-align: middle;height: 304.688px\">&nbsp; &nbsp; &nbsp; &nbsp; &nbsp;&nbsp;<strong>CONDUCTAS&nbsp; CONTRARIAS<\/strong><\/td>\n<td style=\"height: 304.688px;width: 479px;text-align: left;vertical-align: top\">\n<ol>\n<li>Los actos que perturben el normal desarrollo de las actividades de clase.<\/li>\n<li>La falta de colaboraci\u00f3n sistem\u00e1tica del alumnado<\/li>\n<li>Las conductas que impidan o dificulten el derecho o el cumplimiento del deber de estudiar por sus compa\u00f1eros.<\/li>\n<li>Las faltas injustificadas de puntualidad.<\/li>\n<li>Las faltas injustificadas de asistencia a clase.<\/li>\n<li>Causar da\u00f1os en las instalaciones, recursos materiales o documentos del centro, o en las pertenencias de los dem\u00e1s miembros de la comunidad educativa.<\/li>\n<li>No participar en las actividades propuestas por el centro y faltar injustificadamente a clase<\/li>\n<\/ol>\n<\/td>\n<td style=\"width: 397px;text-align: left;vertical-align: middle;height: 304.688px\">\n<ul style=\"list-style-type: circle\">\n<li>Amonestaci\u00f3n por escrito.<\/li>\n<li>Suspensi\u00f3n del derecho de asistencia a clase.<\/li>\n<li>Realizaci\u00f3n de tareas dentro y fuera del horario lectivo.<\/li>\n<li>Suspensi\u00f3n del derecho a participar en algunas actividades extraescolares.<\/li>\n<li>Reparar el da\u00f1o causado en las instalaciones.<\/li>\n<\/ul>\n<\/td>\n<\/tr>\n<tr style=\"height: 172px\">\n<td style=\"background-color: #f59aab;width: 45px;text-align: center;vertical-align: middle;height: 172px\">&nbsp;&nbsp;<strong>CONDUCTAS&nbsp; GRAVES<\/strong><\/td>\n<td style=\"height: 172px;width: 479px;text-align: left;vertical-align: top\">\n<ol style=\"list-style-type: lower-roman\">\n<li>Agresi\u00f3n f\u00edsica, injurias ,ofensas, vejaciones o humillaciones contra cualquier miembro de la comunidad educativa<\/li>\n<li>Fumar en el centro educativo<\/li>\n<li>Salir sin autorizaci\u00f3n del centro educativo.<\/li>\n<li>El deterioro grave de las instalaciones<\/li>\n<li>La reiteraci\u00f3n de conductas contrarias<\/li>\n<li>Cualquier acto dirigido a impedir el desarrollo de las actividades del centro<\/li>\n<\/ol>\n<\/td>\n<td style=\"width: 397px;text-align: left;vertical-align: middle;height: 172px\">\n<ul style=\"list-style-type: circle\">\n<li>Suspender el derecho de asistencia a clase por un periodo superior a tres d\u00edas lectivos e inferior a un mes.<\/li>\n<li>Realizar tareas fuera del horario lectivo que reparen el da\u00f1o causado<\/li>\n<\/ul>\n<\/td>\n<\/tr>\n<\/tbody>\n<\/table>\n","protected":false},"excerpt":{"rendered":"<p>DEC\u00c1LOGO DE BUENAS CONDUCTAS Para perseverar el buen clima en el centro escolar es necesario y obligatorio seguir unas normas b\u00e1sicas de comportamiento: Debes asistir puntualmente a clase. Est\u00e1 prohibido hacer uso en el&#46;&#46;&#46;<\/p>\n","protected":false},"author":5102,"featured_media":0,"parent":186,"menu_order":0,"comment_status":"closed","ping_status":"closed","template":"page-template-full.php","meta":{"ngg_post_thumbnail":0,"footnotes":""},"aioseo_notices":[],"_links":{"self":[{"href":"https:\/\/blogsaverroes.juntadeandalucia.es\/iesmediterraneo\/wp-json\/wp\/v2\/pages\/527"}],"collection":[{"href":"https:\/\/blogsaverroes.juntadeandalucia.es\/iesmediterraneo\/wp-json\/wp\/v2\/pages"}],"about":[{"href":"https:\/\/blogsaverroes.juntadeandalucia.es\/iesmediterraneo\/wp-json\/wp\/v2\/types\/page"}],"author":[{"embeddable":true,"href":"https:\/\/blogsaverroes.juntadeandalucia.es\/iesmediterraneo\/wp-json\/wp\/v2\/users\/5102"}],"replies":[{"embeddable":true,"href":"https:\/\/blogsaverroes.juntadeandalucia.es\/iesmediterraneo\/wp-json\/wp\/v2\/comments?post=527"}],"version-history":[{"count":6,"href":"https:\/\/blogsaverroes.juntadeandalucia.es\/iesmediterraneo\/wp-json\/wp\/v2\/pages\/527\/revisions"}],"predecessor-version":[{"id":571,"href":"https:\/\/blogsaverroes.juntadeandalucia.es\/iesmediterraneo\/wp-json\/wp\/v2\/pages\/527\/revisions\/571"}],"up":[{"embeddable":true,"href":"https:\/\/blogsaverroes.juntadeandalucia.es\/iesmediterraneo\/wp-json\/wp\/v2\/pages\/186"}],"wp:attachment":[{"href":"https:\/\/blogsaverroes.juntadeandalucia.es\/iesmediterraneo\/wp-json\/wp\/v2\/media?parent=527"}],"curies":[{"name":"wp","href":"https:\/\/api.w.org\/{rel}","templated":true}]}}