{"id":615,"date":"2017-10-09T10:35:14","date_gmt":"2017-10-09T10:35:14","guid":{"rendered":"https:\/\/blogsaverroes.juntadeandalucia.es\/iesmediterraneo\/?page_id=615"},"modified":"2021-05-27T08:17:26","modified_gmt":"2021-05-27T08:17:26","slug":"fisica-y-quimica","status":"publish","type":"page","link":"https:\/\/blogsaverroes.juntadeandalucia.es\/iesmediterraneo\/departamentos\/fisica-y-quimica\/","title":{"rendered":"F\u00cdSICA Y QU\u00cdMICA"},"content":{"rendered":"<h1><span style=\"color: #008080\">Departamento de F\u00edsica y Qu\u00edmica<\/span><\/h1>\n<hr>\n<h2><span style=\"color: #008000\">Curso 2020-2021<\/span><\/h2>\n<h3><span style=\"color: #008000;font-size: 16px\">Constituci\u00f3n del departamento y distribuci\u00f3n de asignaturas<\/span><\/h3>\n<p><strong>Componentes del Departamento: <\/strong><\/p>\n<p>Los miembros que componen el departamento son:<\/p>\n<p>D\u00f1a Sonia Jim\u00e9nez Ballesteros y D\u00f1a M\u00aa Dolores Morales Ruano.<\/p>\n<p><strong>Las materias que imparte el departamento son:<\/strong><\/p>\n<p>Qu\u00edmica. 2\u00ba Bachillerato.<\/p>\n<p>F\u00edsica y Qu\u00edmica. 1\u00ba de Bachillerato.<\/p>\n<p>F\u00edsica y Qu\u00edmica.4\u00ba ESO.<\/p>\n<p>F\u00edsica y Qu\u00edmica 3\u00ba ESO.<\/p>\n<p>F\u00edsica y Qu\u00edmica. 2\u00ba ESO.<\/p>\n<p>Ciencias Aplicadas. 1\u00ba FPB Alojamiento y Lavander\u00eda.<\/p>\n<p>Libre disposici\u00f3n. Rutas literarias. 1\u00baESO, 2\u00baESO y 3\u00baESO.<\/p>\n<p>&nbsp;<\/p>\n<table style=\"border-collapse: collapse;width: 28.8462%\">\n<tbody>\n<tr>\n<td style=\"width: 7.96703%\"><a href=\"https:\/\/blogsaverroes.juntadeandalucia.es\/iesmediterraneo\/files\/2017\/06\/pdf.png\"><img loading=\"lazy\" decoding=\"async\" class=\"aligncenter  wp-image-255\" src=\"https:\/\/blogsaverroes.juntadeandalucia.es\/iesmediterraneo\/files\/2017\/06\/pdf-242x300.png\" alt=\"\" width=\"64\" height=\"80\" srcset=\"https:\/\/blogsaverroes.juntadeandalucia.es\/iesmediterraneo\/files\/2017\/06\/pdf-242x300.png 242w, https:\/\/blogsaverroes.juntadeandalucia.es\/iesmediterraneo\/files\/2017\/06\/pdf-768x953.png 768w, https:\/\/blogsaverroes.juntadeandalucia.es\/iesmediterraneo\/files\/2017\/06\/pdf-825x1024.png 825w, https:\/\/blogsaverroes.juntadeandalucia.es\/iesmediterraneo\/files\/2017\/06\/pdf-19x24.png 19w, https:\/\/blogsaverroes.juntadeandalucia.es\/iesmediterraneo\/files\/2017\/06\/pdf-29x36.png 29w, https:\/\/blogsaverroes.juntadeandalucia.es\/iesmediterraneo\/files\/2017\/06\/pdf-39x48.png 39w, https:\/\/blogsaverroes.juntadeandalucia.es\/iesmediterraneo\/files\/2017\/06\/pdf.png 1280w\" sizes=\"(max-width: 64px) 100vw, 64px\" \/><\/a><\/td>\n<td style=\"width: 17.1362%;vertical-align: middle\"><a href=\"https:\/\/blogsaverroes.juntadeandalucia.es\/iesmediterraneo\/files\/2021\/05\/Fi\u0301sica-y-qui\u0301mica.pdf\">PROGRAMACI\u00d3N DID\u00c1CTICA<\/a><\/td>\n<\/tr>\n<\/tbody>\n<\/table>\n","protected":false},"excerpt":{"rendered":"<p>Departamento de F\u00edsica y Qu\u00edmica Curso 2020-2021 Constituci\u00f3n del departamento y distribuci\u00f3n de asignaturas Componentes del Departamento: Los miembros que componen el departamento son: D\u00f1a Sonia Jim\u00e9nez Ballesteros y D\u00f1a M\u00aa Dolores Morales Ruano.&#46;&#46;&#46;<\/p>\n","protected":false},"author":5102,"featured_media":0,"parent":86,"menu_order":0,"comment_status":"closed","ping_status":"closed","template":"page-template-full.php","meta":{"ngg_post_thumbnail":0,"footnotes":""},"aioseo_notices":[],"_links":{"self":[{"href":"https:\/\/blogsaverroes.juntadeandalucia.es\/iesmediterraneo\/wp-json\/wp\/v2\/pages\/615"}],"collection":[{"href":"https:\/\/blogsaverroes.juntadeandalucia.es\/iesmediterraneo\/wp-json\/wp\/v2\/pages"}],"about":[{"href":"https:\/\/blogsaverroes.juntadeandalucia.es\/iesmediterraneo\/wp-json\/wp\/v2\/types\/page"}],"author":[{"embeddable":true,"href":"https:\/\/blogsaverroes.juntadeandalucia.es\/iesmediterraneo\/wp-json\/wp\/v2\/users\/5102"}],"replies":[{"embeddable":true,"href":"https:\/\/blogsaverroes.juntadeandalucia.es\/iesmediterraneo\/wp-json\/wp\/v2\/comments?post=615"}],"version-history":[{"count":6,"href":"https:\/\/blogsaverroes.juntadeandalucia.es\/iesmediterraneo\/wp-json\/wp\/v2\/pages\/615\/revisions"}],"predecessor-version":[{"id":2058,"href":"https:\/\/blogsaverroes.juntadeandalucia.es\/iesmediterraneo\/wp-json\/wp\/v2\/pages\/615\/revisions\/2058"}],"up":[{"embeddable":true,"href":"https:\/\/blogsaverroes.juntadeandalucia.es\/iesmediterraneo\/wp-json\/wp\/v2\/pages\/86"}],"wp:attachment":[{"href":"https:\/\/blogsaverroes.juntadeandalucia.es\/iesmediterraneo\/wp-json\/wp\/v2\/media?parent=615"}],"curies":[{"name":"wp","href":"https:\/\/api.w.org\/{rel}","templated":true}]}}