{"id":725,"date":"2017-10-27T19:18:36","date_gmt":"2017-10-27T19:18:36","guid":{"rendered":"https:\/\/blogsaverroes.juntadeandalucia.es\/iesmediterraneo\/?page_id=725"},"modified":"2017-10-27T19:22:12","modified_gmt":"2017-10-27T19:22:12","slug":"ecdh","status":"publish","type":"page","link":"https:\/\/blogsaverroes.juntadeandalucia.es\/iesmediterraneo\/departamentos\/filosofia\/criterios-de-evaluacion\/ecdh\/","title":{"rendered":"ECDH"},"content":{"rendered":"<h2><span style=\"color: #008080\">Educaci\u00f3n para la Ciudadan\u00eda y los Derechos Humanos<\/span><\/h2>\n<hr>\n<h3><span style=\"color: #008080\">Nivel: 3\u00ba ESO<\/span><\/h3>\n<table style=\"width: 754px\">\n<tbody>\n<tr style=\"height: 8px\">\n<td style=\"width: 740px;height: 8px;text-align: center;vertical-align: top\" colspan=\"2\"><strong>CONTENIDOS<\/strong><\/td>\n<\/tr>\n<tr style=\"height: 40px\">\n<td style=\"width: 740px;height: 40px;background-color: #beccf7;text-align: center;vertical-align: top\" colspan=\"2\"><strong>Bloque 1. Las sociedades democr\u00e1ticas del siglo XXI<\/strong><\/td>\n<\/tr>\n<tr style=\"height: 40px\">\n<td style=\"width: 740px;height: 40px;text-align: center;vertical-align: top\"><strong>Instrumentos &nbsp;de evaluaci\u00f3n y ponderaci\u00f3n<\/strong><\/td>\n<td style=\"width: 740px;height: 40px;text-align: center;vertical-align: top\"><strong>Competencias<\/strong><\/td>\n<\/tr>\n<tr style=\"height: 253px\">\n<td style=\"width: 472px;height: 253px;text-align: left;vertical-align: top\">\n<ul style=\"list-style-type: square\">\n<li><span style=\"font-size: 10pt\">Nube de ideas sobre \u201cDemocracia\u201d (10%)<\/span><\/li>\n<li><span style=\"font-size: 10pt\">L\u00ednea del tiempo sobre la historia de la democracia en Espa\u00f1a. &nbsp;(30%)<\/span><\/li>\n<li><span style=\"font-size: 10pt\">Mapa de conceptos sobre las caracter\u00edsticas de las democracias (20%)<\/span><\/li>\n<li><span style=\"font-size: 10pt\">Elaboraci\u00f3n de apuntes sobre la Constituci\u00f3n con la aplicaci\u00f3n goconqr y trabajo de investigaci\u00f3n sobre alg\u00fan acontecimiento pol\u00edtico de actualidad mediante el an\u00e1lisis y contrastaci\u00f3n de noticias. (40%)<\/span><\/li>\n<\/ul>\n<\/td>\n<td style=\"width: 472px;height: 253px;text-align: left;vertical-align: top\">\n<p style=\"text-align: center\"><span style=\"font-size: 10pt\">CCL, CD, CAA, CSC, CEC<\/span><\/p>\n<p>&nbsp;<\/p>\n<p>&nbsp;<\/td>\n<\/tr>\n<tr style=\"height: 56px\">\n<td style=\"width: 740px;height: 56px;background-color: #acd4f2;text-align: center;vertical-align: top\" colspan=\"2\"><strong>Bloque 2 Las relaciones interpersonales<\/strong><\/td>\n<\/tr>\n<tr style=\"height: 22.25px\">\n<td style=\"width: 740px;height: 22.25px;text-align: center;vertical-align: top\"><strong>Herramientas de evaluaci\u00f3n y ponderaci\u00f3n<\/strong><\/td>\n<td style=\"width: 740px;height: 22.25px;text-align: center;vertical-align: top\"><strong>Competencias<\/strong><\/td>\n<\/tr>\n<tr style=\"height: 292px\">\n<td style=\"width: 472px;height: 292px\">\n<ul style=\"list-style-type: square\">\n<li><span style=\"font-size: 10pt\">Infograf\u00eda con motivo del 8 de marzo (25%)<\/span><\/li>\n<li><span style=\"font-size: 10pt\">Trabajo sobre an\u00e1lisis de datos sobre malos tratos, trabajo dom\u00e9stico, brecha salarial, etc. (30%)<\/span><\/li>\n<li><span style=\"font-size: 10pt\">Busca un v\u00eddeo ilustrativo sobre la inteligencia emocional e incr\u00fastalo en tu portfolio coment\u00e1ndolo (15%)<\/span><\/li>\n<li><span style=\"font-size: 10pt\">Mapa de conceptos sobre destrezas aprendibles que aumentan la resilencia &nbsp;y- fichas sobre errores de pensamiento frecuentes&nbsp;&nbsp; (15%)&nbsp; &nbsp; &nbsp; &nbsp;<\/span><\/li>\n<li><span style=\"font-size: 10pt\">Fichas elaboradas con goconqr sobre los distintos tipos de familia (15%)<\/span><\/li>\n<\/ul>\n<\/td>\n<td style=\"width: 268px;height: 292px\">\n<p style=\"text-align: center\"><span style=\"font-size: 10pt\">CCL, CD, CAA, CSC, CEC, CMCT<\/span><\/p>\n<\/td>\n<\/tr>\n<tr style=\"height: 56px\">\n<td style=\"width: 740px;height: 56px;background-color: #a9eef5;text-align: center;vertical-align: top\" colspan=\"2\"><strong>Bloque 3. Deberes y derechos de los ciudadanos<\/strong><\/td>\n<\/tr>\n<tr style=\"height: 18px\">\n<td style=\"width: 740px;height: 18px;text-align: center;vertical-align: top\"><strong>Instrumentos de evaluaci\u00f3n<\/strong><\/td>\n<td style=\"width: 740px;height: 18px;text-align: center;vertical-align: top\"><strong>Competencias<\/strong><\/td>\n<\/tr>\n<tr style=\"height: 184px\">\n<td style=\"width: 472px;height: 184px\">\n<ul style=\"list-style-type: square\">\n<li><span style=\"font-size: 10pt\">Nube de ideas. (10%)<\/span><\/li>\n<li><span style=\"font-size: 10pt\">Mapa de conceptos sobre las distintas generaciones de derechos (30%)<\/span><\/li>\n<li><span style=\"font-size: 10pt\">Elaboraci\u00f3n de un folleto con la aplicaci\u00f3n smore o storify sobre un tema de actualidad (los refugiados) (60%)<\/span><\/li>\n<\/ul>\n<\/td>\n<td style=\"width: 268px;height: 184px\">\n<p style=\"text-align: center\"><span style=\"font-size: 10pt\">CCL, CD, CAA, CSC, CEC<\/span><\/p>\n<\/td>\n<\/tr>\n<\/tbody>\n<\/table>\n<p><strong>Recuperaci\u00f3n de la asignatura para los alumnos\/as de 4\u00ba de ESO&nbsp;<\/strong><\/p>\n<table style=\"width: 808px\">\n<tbody>\n<tr style=\"height: 8.25px\">\n<td style=\"width: 10px;text-align: center;height: 8.25px\"><strong>Evaluaciones<\/strong><\/td>\n<td style=\"width: 249px;text-align: center;height: 8.25px\"><strong>Unidades<\/strong><\/td>\n<td style=\"width: 130px;text-align: center;height: 8.25px\"><strong>Fecha de entrega<\/strong><\/td>\n<\/tr>\n<tr style=\"height: 144px\">\n<td style=\"width: 10px;background-color: #d5f0f7;text-align: center;height: 144px\">1\u00aa<\/td>\n<td style=\"width: 249px;background-color: #d5f0f7;text-align: left;vertical-align: top;height: 144px\"><span style=\"font-size: 10pt\">La democracia. Caracter\u00edsticas de la democracia representativa y la separaci\u00f3n de poderes (unidad 2 del libro de texto. P. 43-44<u>)<\/u><\/span><\/p>\n<p><span style=\"font-size: 10pt\"><u>&nbsp;Herramienta TIC<\/u>: mapa de conceptos<\/span><\/td>\n<td style=\"width: 130px;background-color: #d5f0f7;height: 144px\"><span style=\"font-size: 10pt\">Hasta el 11-12-2017<\/span><\/td>\n<\/tr>\n<tr style=\"height: 168px\">\n<td style=\"width: 10px;background-color: #d5f7e8;text-align: center;height: 168px\">2\u00aa<\/td>\n<td style=\"width: 249px;background-color: #d5f7e8;height: 168px;text-align: left;vertical-align: top\"><span style=\"font-size: 10pt\">Los derechos humanos. Elaboraci\u00f3n de unos apuntes en los que se incluyen las caracter\u00edsticas de los derechos humanos; antecedentes hist\u00f3ricos y las generaciones de los mismos con ejemplos (unidad 4 del libro de texto)<\/span><\/p>\n<p><span style=\"font-size: 10pt\"><u>Herramienta TIC<\/u>: GoConqr<\/span><\/td>\n<td style=\"width: 130px;background-color: #d5f7e8;height: 168px\"><span style=\"font-size: 10pt\">Hasta el 02-03-2018<\/span><\/td>\n<\/tr>\n<tr style=\"height: 168px\">\n<td style=\"width: 10px;background-color: #ebf5cb;text-align: center;height: 168px\">3\u00aa<\/td>\n<td style=\"width: 249px;background-color: #ebf5cb;height: 168px;text-align: left;vertical-align: top\"><span style=\"font-size: 10pt\">La conquista de los derechos de la mujer. Elaboraci\u00f3n de una l\u00ednea de tiempo en la que aparezcan las mujeres que han contribuido al desarrollo del feminismo y su contexto hist\u00f3rico y cultural (Unidad 5 y b\u00fasqueda de informaci\u00f3n en internet)<\/span><\/p>\n<p><span style=\"font-size: 10pt\"><u>Herramienta TIC<\/u>: TimeLine<\/span><\/td>\n<td style=\"width: 130px;background-color: #ebf5cb;height: 168px\"><span style=\"font-size: 10pt\">Hasta el 25-05-2018<\/span><\/td>\n<\/tr>\n<tr style=\"height: 132px\">\n<td style=\"width: 389px;height: 132px\" colspan=\"3\">\n<ul style=\"list-style-type: square\">\n<li>Los trabajos se entregar\u00e1n por correo electr\u00f3nico con el enlace de los mismos publicados.<\/li>\n<li>La calificaci\u00f3n final ser\u00e1 la media de los tres trabajos. La no entrega de un trabajo computar\u00e1 con 0 puntos en el mismos.<\/li>\n<li>De no alcanzar la media de 5 puntos m\u00ednima, el alumno\/a deber\u00e1 presentar los trabajos en la convocatoria extraordinaria.<\/li>\n<\/ul>\n<\/td>\n<\/tr>\n<\/tbody>\n<\/table>\n<h3><span style=\"color: #008080\">Nivel: 1\u00ba y 2\u00ba de Bachillerato<\/span><\/h3>\n<table style=\"width: 820px\">\n<tbody>\n<tr style=\"height: 7px\">\n<td style=\"width: 152px;text-align: center;vertical-align: top;height: 7px\"><strong>TEMPORIZACI\u00d3N<\/strong><\/td>\n<td style=\"width: 915px;text-align: center;vertical-align: top;height: 7px\" colspan=\"6\"><strong>CONTENIDOS<\/strong><\/td>\n<\/tr>\n<tr style=\"height: 56px\">\n<td style=\"height: 535px;width: 152px\" rowspan=\"4\">\n<p style=\"text-align: center\">1\u00aa Evaluaci\u00f3n<\/p>\n<\/td>\n<td style=\"height: 56px;width: 915px;background-color: #b8d0f5\" colspan=\"6\">\n<p style=\"text-align: center\"><strong>Bloque 1.El individuo y las relaciones personales<\/strong><\/p>\n<\/td>\n<\/tr>\n<tr style=\"height: 387px\">\n<td style=\"width: 231px;text-align: left;vertical-align: top;height: 387px\"><span style=\"font-size: 10pt\"><strong>1\u00ba Bachillerato<\/strong><\/span><\/p>\n<p><span style=\"font-size: 10pt\">Afectos y emociones. Las relaciones afectivas entre iguales. Las ITS (Infecciones de Transmisi\u00f3n Sexual) y los modelos sexuales transmitidos por las redes sociales. <u>Relaciones entre hombres y mujeres. Machismo y violencia en las relaciones afectivas.<\/u> Relaciones entre iguales. Relaciones familiares: respeto, igualdad, tolerancia. Relaciones con compa\u00f1eros o personas en situaci\u00f3n desfavorecida. <u>Lucha contra los prejuicios racistas, xen\u00f3fobos, sexistas, hom\u00f3fobos o por cualquier otra \u00edndole personal, religiosa o \u00e9tnica<\/u>.<\/span><\/td>\n<td style=\"width: 684px;text-align: left;vertical-align: top;height: 387px\" colspan=\"5\"><span style=\"font-size: 10pt\"><strong>2\u00ba Bachillerato<\/strong><\/span><\/p>\n<p><span style=\"font-size: 10pt\"><u>Ciudadan\u00eda y fundamentalismos<\/u>: la tolerancia frente al fundamentalismo. La libertad <u>Ciudadan\u00eda y feminismos<\/u>: breve historia del feminismo. Leyes de violencia de g\u00e9nero. <u>Ciudadan\u00eda y ecologismos.<\/u> Reciclaje, respeto por los seres vivos, actitudes individuales frente al cambio clim\u00e1tico. <u>Ciudadan\u00eda y consumo responsable<\/u>: el&nbsp; consumismo,&nbsp; el&nbsp; consumo&nbsp; de&nbsp; sustancias&nbsp; t\u00f3xicas&nbsp; (alcohol,&nbsp; tabaco&nbsp; y&nbsp; otras&nbsp; drogas),&nbsp; la&nbsp; adicci\u00f3n&nbsp; a&nbsp; las&nbsp; nuevas tecnolog\u00edas (adicci\u00f3n al m\u00f3vil, a Internet, etc.).<\/span><\/td>\n<\/tr>\n<tr style=\"height: 12px\">\n<td style=\"height: 12px;width: 261px;text-align: center;vertical-align: top\" colspan=\"4\"><strong>Herramientas de evaluaci\u00f3n<\/strong><\/td>\n<td style=\"height: 12px;width: 654px;text-align: center;vertical-align: top\" colspan=\"2\"><strong>Competencias<\/strong><\/td>\n<\/tr>\n<tr style=\"height: 80px\">\n<td style=\"height: 80px;width: 261px\" colspan=\"4\"><span style=\"font-size: 10pt\">&#8211; B\u00fasqueda de informaci\u00f3n mediante el uso de TIC, &#8211;&nbsp; l\u00ednea del tiempo \u2013 Mapa conceptual&nbsp;&nbsp;&nbsp;&nbsp;&nbsp; &#8211;&nbsp; Presentaci\u00f3n<\/span><\/td>\n<td style=\"height: 80px;width: 654px\" colspan=\"2\"><span style=\"font-size: 10pt\">CCL, CD, CAA, CSC, CEC<\/span><\/td>\n<\/tr>\n<tr style=\"height: 26px\">\n<td style=\"height: 659px;width: 152px\" rowspan=\"4\">2\u00aa Evaluaci\u00f3n<\/td>\n<td style=\"height: 26px;width: 915px;background-color: #a4d2f5;text-align: center;vertical-align: top\" colspan=\"6\"><strong>Bloque 2. El individuo y las relaciones sociales<\/strong>.<\/td>\n<\/tr>\n<tr style=\"height: 526px\">\n<td style=\"height: 526px;width: 231px;text-align: left;vertical-align: top\"><span style=\"font-size: 10pt\"><strong>1\u00ba<\/strong> <strong>Bachillerato<\/strong><\/span><\/p>\n<p><span style=\"font-size: 10pt\"><u>Las redes sociales y su influencia en nuestros j\u00f3venes y mayores. <\/u><\/span><\/p>\n<p><span style=\"font-size: 10pt\"><u>Organizaciones, Asociaciones y Colectivos implicados en la mejora de la sociedad.<\/u> Actuaciones en diferentes puntos del planeta en conflicto o con situaciones de extrema pobreza.<\/span><\/p>\n<p><span style=\"font-size: 10pt\"><u>Dilemas \u00e9ticos de la sociedad: Aborto, eutanasia, pena de muerte, violencia machista, libertad frente a igualdad, el reparto desigual de la riqueza, medioambiente y cambio clim\u00e1tico, el reciclaje<\/u>, etc. <u>Interculturalidad<\/u>: \u00bfenriquecimiento o choque de culturas? El problema de los fundamentalismos religiosos. La convivencia de diferentes culturas: tolerancia y respeto mutuo.<\/span><\/td>\n<td style=\"height: 526px;width: 684px;text-align: left;vertical-align: top\" colspan=\"5\"><span style=\"font-size: 10pt\"><strong>2\u00ba Bachillerato<\/strong><\/span><\/p>\n<p><span style=\"font-size: 10pt\">Principales retos contempor\u00e1neos a la construcci\u00f3n de la ciudadan\u00eda. <u>Diversidad cultural y ciudadan\u00eda<\/u>: nacionalismos e identidad nacional, el multiculturalismo como medio de enriquecimiento social frente al choque de culturas. <u>El papel de la mujer en las diferentes culturas. Organizaciones, Asociaciones y Colectivos implicados en la mejora de la sociedad.<\/u> Su papel en un mundo globalizado. Actuaciones en diferentes puntos del planeta en conflicto o con situaciones de extrema pobreza. El respeto de los Derechos Humanos en las distintas sociedades del mundo.<\/span><\/p>\n<p><span style=\"font-size: 10pt\"><strong>&nbsp;<\/strong><\/span><\/td>\n<\/tr>\n<tr style=\"height: 18px\">\n<td style=\"height: 18px;width: 556px;text-align: center;vertical-align: top\" colspan=\"5\"><strong>Herramientas de evaluaci\u00f3n<\/strong><\/td>\n<td style=\"height: 18px;width: 359px;text-align: center;vertical-align: top\"><strong>Competencias<\/strong><\/td>\n<\/tr>\n<tr style=\"height: 89px\">\n<td style=\"height: 89px;width: 556px;text-align: left;vertical-align: top\" colspan=\"5\"><span style=\"font-size: 10pt\">&#8211; Infograf\u00eda &#8211; B\u00fasqueda de informaci\u00f3n mediante el uso de TIC, &#8211;&nbsp; l\u00ednea del tiempo &#8211; Mapa conceptual&nbsp;&nbsp;&nbsp;&nbsp;&nbsp; &#8211;&nbsp; Presentaci\u00f3n<\/span><\/td>\n<td style=\"height: 89px;width: 359px;text-align: left;vertical-align: top\"><span style=\"font-size: 10pt\">CCL, CD, CAA, CSC, CEC<\/span><\/td>\n<\/tr>\n<tr style=\"height: 33px\">\n<td style=\"height: 622.688px;width: 152px\" rowspan=\"6\">3\u00aa Evaluaci\u00f3n<\/td>\n<td style=\"height: 33px;width: 915px;background-color: #83d6f2\" colspan=\"6\">\n<p style=\"text-align: center\"><strong>Bloque 3. El individuo y las relaciones pol\u00edticas.<\/strong><\/p>\n<\/td>\n<\/tr>\n<tr style=\"height: 445px\">\n<td style=\"height: 445px;width: 231px;text-align: left;vertical-align: top\"><span style=\"font-size: 10pt\"><strong>1\u00ba Bachillerato<\/strong><\/span><\/p>\n<p><span style=\"font-size: 10pt\"><u>Teor\u00edas pol\u00edticas cl\u00e1sicas<\/u> (Liberalismo, Comunismo, Comunitarismo, etc.) y su evoluci\u00f3n hasta la actualidad. Constituci\u00f3n y estado de derecho. El funcionamiento de nuestras instituciones: Separaci\u00f3n de poderes, el sistema electoral, las Autonom\u00edas y sus competencias. La Uni\u00f3n europea como realidad supranacional. <u>Democracia y globalizaci\u00f3n:<\/u> las dificultades pol\u00edticas que plantea (Globalizaci\u00f3n econ\u00f3mica, globalizaci\u00f3n pol\u00edtica, globalizaci\u00f3n de los derechos Humanos). <u>Los conflictos internacionales<\/u> y las fuerzas de pacificaci\u00f3n: el papel de las naciones Unidas.<\/span><\/td>\n<td style=\"height: 445px;width: 684px;text-align: left;vertical-align: top\" colspan=\"5\"><span style=\"font-size: 10pt\"><strong>2\u00ba Bachillerato<\/strong><\/span><\/p>\n<p><span style=\"font-size: 10pt\">Los distintos modelos de ciudadan\u00eda (liberal, comunitarista, republicano, anarqu\u00edsta, y otros). <u>Constituci\u00f3n y Estado&nbsp; de Derecho. El&nbsp; funcionamiento&nbsp; de&nbsp; nuestras&nbsp; instituciones:&nbsp; Separaci\u00f3n&nbsp; de&nbsp; poderes&nbsp; (\u00bfte\u00f3rica&nbsp; o&nbsp; real?), el&nbsp; sistema&nbsp; electoral,&nbsp; las&nbsp; Autonom\u00edas&nbsp; y&nbsp; sus&nbsp; competencias.<\/u>&nbsp; La&nbsp; Uni\u00f3n Europea&nbsp; como&nbsp; espacio&nbsp; supranacional. El proyecto europeo y sus implicaciones sobre la soberan\u00eda de los Estados miembros. <u>Democracia y globalizaci\u00f3n<\/u>: las&nbsp; dificultades&nbsp; pol\u00edticas&nbsp; que&nbsp; plantea&nbsp; (globalizaci\u00f3n&nbsp; econ\u00f3mica,&nbsp; globalizaci\u00f3n&nbsp; pol\u00edtica,&nbsp; globalizaci\u00f3n&nbsp; de&nbsp; los Derechos Humanos). Ciudadan\u00eda y teledemocracia: el papel de las nuevas tecnolog\u00edas en la realizaci\u00f3n efectiva de la participaci\u00f3n en los asuntos p\u00fablicos.<\/span><\/td>\n<\/tr>\n<tr style=\"height: 27px\">\n<td style=\"height: 27px;width: 241px\" colspan=\"2\"><strong>Herramientas de evaluaci\u00f3n<\/strong><\/td>\n<td style=\"height: 27px;width: 674px\" colspan=\"4\">\n<p style=\"text-align: center\"><strong>Competencias<\/strong><\/p>\n<\/td>\n<\/tr>\n<tr style=\"height: 92px\">\n<td style=\"height: 92px;width: 251px;text-align: left;vertical-align: top\" colspan=\"3\"><span style=\"font-size: 10pt\">&#8211; Infograf\u00eda&nbsp;&nbsp;&nbsp; &#8211; B\u00fasqueda de informaci\u00f3n mediante el uso de TIC, &#8211;&nbsp; l\u00ednea del tiempo&nbsp; &nbsp; Mapa conceptual&nbsp;&nbsp;&nbsp;&nbsp;&nbsp; &#8211;&nbsp; Presentaci\u00f3n<\/span><\/td>\n<td style=\"height: 92px;width: 664px;text-align: left;vertical-align: top\" colspan=\"3\"><span style=\"font-size: 10pt\">CCL, CD, CAA, CSC, CEC<\/span><\/td>\n<\/tr>\n<tr style=\"height: 14px\">\n<td style=\"height: 14px;width: 915px;background-color: #abf7c6\" colspan=\"6\">\n<p style=\"text-align: center\"><strong>Criterios de evaluaci\u00f3n<\/strong><\/p>\n<\/td>\n<\/tr>\n<tr style=\"height: 46px\">\n<td style=\"height: 46px;width: 915px\" colspan=\"6\"><strong>Trabajos Presentados TIC<\/strong>: 80%.&nbsp; Asistencia a clase: 10%. Participaci\u00f3n: 10%<\/td>\n<\/tr>\n<\/tbody>\n<\/table>\n","protected":false},"excerpt":{"rendered":"<p>Educaci\u00f3n para la Ciudadan\u00eda y los Derechos Humanos Nivel: 3\u00ba ESO CONTENIDOS Bloque 1. Las sociedades democr\u00e1ticas del siglo XXI Instrumentos &nbsp;de evaluaci\u00f3n y ponderaci\u00f3n Competencias Nube de ideas sobre \u201cDemocracia\u201d (10%) L\u00ednea del&#46;&#46;&#46;<\/p>\n","protected":false},"author":5102,"featured_media":0,"parent":90,"menu_order":0,"comment_status":"closed","ping_status":"closed","template":"page-template-full.php","meta":{"ngg_post_thumbnail":0,"footnotes":""},"aioseo_notices":[],"_links":{"self":[{"href":"https:\/\/blogsaverroes.juntadeandalucia.es\/iesmediterraneo\/wp-json\/wp\/v2\/pages\/725"}],"collection":[{"href":"https:\/\/blogsaverroes.juntadeandalucia.es\/iesmediterraneo\/wp-json\/wp\/v2\/pages"}],"about":[{"href":"https:\/\/blogsaverroes.juntadeandalucia.es\/iesmediterraneo\/wp-json\/wp\/v2\/types\/page"}],"author":[{"embeddable":true,"href":"https:\/\/blogsaverroes.juntadeandalucia.es\/iesmediterraneo\/wp-json\/wp\/v2\/users\/5102"}],"replies":[{"embeddable":true,"href":"https:\/\/blogsaverroes.juntadeandalucia.es\/iesmediterraneo\/wp-json\/wp\/v2\/comments?post=725"}],"version-history":[{"count":3,"href":"https:\/\/blogsaverroes.juntadeandalucia.es\/iesmediterraneo\/wp-json\/wp\/v2\/pages\/725\/revisions"}],"predecessor-version":[{"id":728,"href":"https:\/\/blogsaverroes.juntadeandalucia.es\/iesmediterraneo\/wp-json\/wp\/v2\/pages\/725\/revisions\/728"}],"up":[{"embeddable":true,"href":"https:\/\/blogsaverroes.juntadeandalucia.es\/iesmediterraneo\/wp-json\/wp\/v2\/pages\/90"}],"wp:attachment":[{"href":"https:\/\/blogsaverroes.juntadeandalucia.es\/iesmediterraneo\/wp-json\/wp\/v2\/media?parent=725"}],"curies":[{"name":"wp","href":"https:\/\/api.w.org\/{rel}","templated":true}]}}