{"id":86,"date":"2017-06-07T17:41:32","date_gmt":"2017-06-07T17:41:32","guid":{"rendered":"https:\/\/blogsaverroes.juntadeandalucia.es\/iesmediterraneo\/?page_id=86"},"modified":"2024-10-03T07:27:34","modified_gmt":"2024-10-03T07:27:34","slug":"departamentos","status":"publish","type":"page","link":"https:\/\/blogsaverroes.juntadeandalucia.es\/iesmediterraneo\/departamentos\/","title":{"rendered":"DEPARTAMENTOS"},"content":{"rendered":"<h1><span style=\"color: #008080\">COMPOSICI\u00d3N DE LOS DEPARTAMENTOS<\/span><\/h1>\n<h4>(Pulsar sobre el departamento correspondiente)<\/h4>\n<ul style=\"list-style-type: square\">\n<li><a href=\"https:\/\/docs.google.com\/document\/d\/e\/2PACX-1vT6fX8eZb-eiIdTPc7oVqRzSIhZpbIAQ4FX6xoyN-ECEWta_HRC0T_5jaUQBFNhF4qZSDJI4t70xCDY\/pub\"><span style=\"font-size: 14pt\">Biolog\u00eda y Geolog\u00eda<\/span><\/a>\n<ul style=\"list-style-type: square\">\n<li>Programaci\u00f3n did\u00e1ctica<\/li>\n<\/ul>\n<\/li>\n<li><span style=\"font-size: 14pt\"><a href=\"https:\/\/docs.google.com\/document\/d\/e\/2PACX-1vQEbf_pAlUD8J_RVZE0cpl9lnwsQ5hWiKob3T2bmO5SxPrweOLhhvkt7bGtEzAHQezdpwN3nH-WE1sY\/pub\" target=\"_blank\" rel=\"noopener noreferrer\">Cultura Cl\u00e1sica<\/a><\/span>\n<ul style=\"list-style-type: square\">\n<li>Programaci\u00f3n did\u00e1ctica<\/li>\n<\/ul>\n<\/li>\n<li><a href=\"https:\/\/docs.google.com\/document\/d\/e\/2PACX-1vTzgJjKKsPTMgMn-JVy96S01shLID_XQPsalACnzZ5vmT7967WWATeArVoZ9127dbcLyQ70TMhX1JW-\/pub\" target=\"_blank\" rel=\"noopener noreferrer\"><span style=\"font-size: 14pt\">Econom\u00eda<\/span><\/a>\n<ul style=\"list-style-type: square\">\n<li>Programaci\u00f3n did\u00e1ctica<\/li>\n<\/ul>\n<\/li>\n<li><a href=\"https:\/\/docs.google.com\/document\/d\/163baq3EfYbpmKfCOivIr0-stqo7fV5_lMvipnyjNdWc\/edit?usp=sharing\" target=\"_blank\" rel=\"noopener noreferrer\"><span style=\"font-size: 14pt\">Educaci\u00f3n F\u00edsica<\/span><\/a>\n<ul style=\"list-style-type: square\">\n<li>Programaci\u00f3n did\u00e1ctica<\/li>\n<\/ul>\n<\/li>\n<li><a href=\"https:\/\/docs.google.com\/document\/d\/e\/2PACX-1vSsAzRraHra2iw_5gjSt6qdTDDlUI1YM7cpuLxR6LpEd9EIIFXNwxnNjgHqBYd0WbwDsPVROHjkDVuL\/pub\" target=\"_blank\" rel=\"noopener noreferrer\"><span style=\"font-size: 14pt\">Educaci\u00f3n Pl\u00e1stica y Visual<\/span><\/a>\n<ul style=\"list-style-type: square\">\n<li>Programaci\u00f3n did\u00e1ctica<\/li>\n<\/ul>\n<\/li>\n<li><a href=\"https:\/\/docs.google.com\/document\/d\/e\/2PACX-1vRDpch50A8f8Y07V_TWoN5wwdZgH50mlVVncYjaKirGTUsohLFVTQ5zx9bNBkgKKzvIq8oBDfOARxd0\/pub\"><span style=\"font-size: 14pt\">FEIE<\/span><\/a>\n<ul style=\"list-style-type: square\">\n<li>Programaci\u00f3n did\u00e1ctica<\/li>\n<\/ul>\n<\/li>\n<li><a href=\"https:\/\/docs.google.com\/document\/d\/e\/2PACX-1vQXq3bq0_iBVks08V5MvdHSWjANdCbaGJG51WjjnTDkegyBajeqNjgXMMKDe5XCfRV5WWLn8ghzYQhs\/pub\" target=\"_blank\" rel=\"noopener noreferrer\"><span style=\"font-size: 14pt\">Filosof\u00eda<\/span><\/a>\n<ul style=\"list-style-type: square\">\n<li>Programaci\u00f3n did\u00e1ctica<\/li>\n<\/ul>\n<\/li>\n<li><a href=\"https:\/\/docs.google.com\/document\/d\/e\/2PACX-1vR09qCniWUE9M7DYg8RSq9q5mK4OdLu3gKSrISPgAIu30KAXNuX2v9Ns2pfdLIUJlqVgYWFPujisW-V\/pub\" target=\"_blank\" rel=\"noopener noreferrer\"><span style=\"font-size: 14pt\">F\u00edsica y Qu\u00edmica<\/span><\/a>\n<ul style=\"list-style-type: square\">\n<li>Programaci\u00f3n did\u00e1ctica<\/li>\n<\/ul>\n<\/li>\n<li><a href=\"https:\/\/docs.google.com\/document\/d\/e\/2PACX-1vTYI7TNCohN-wbbqSxroBX5SlVbDbIMdp7peLMbj0jkSni5wvjUmMHQvFHSumUXUbeLVI-uV3UfxtA8\/pub\" target=\"_blank\" rel=\"noopener noreferrer\"><span style=\"font-size: 14pt\">Franc\u00e9s<\/span><\/a>\n<ul style=\"list-style-type: square\">\n<li>Programaci\u00f3n did\u00e1ctica<\/li>\n<\/ul>\n<\/li>\n<li><a href=\"https:\/\/docs.google.com\/document\/d\/e\/2PACX-1vQN9Fe_ahSQJMd-cyr3ERs7D-Di-bop1I2tiZYf78EN6NYUfj78m3KH98fvadXCFgrSQ8QJxLhb6BMu\/pub\" target=\"_blank\" rel=\"noopener noreferrer\"><span style=\"font-size: 14pt\">Geograf\u00eda e Historia<\/span><\/a>\n<ul style=\"list-style-type: square\">\n<li>Programaci\u00f3n did\u00e1ctica<\/li>\n<\/ul>\n<\/li>\n<li><a href=\"https:\/\/docs.google.com\/document\/d\/e\/2PACX-1vThOgNoSa1UHMG5nkIeNCb738A11ohgRnGeAq5xRpj8wt1eYNj2RIm4rH187H9V8o6Mvg0zR0klQg0z\/pub\" target=\"_blank\" rel=\"noopener noreferrer\"><span style=\"font-size: 14pt\">Hosteler\u00eda y Turismo<\/span><\/a>\n<ul style=\"list-style-type: square\">\n<li>Programaci\u00f3n did\u00e1ctica Hosteler\u00eda<\/li>\n<li>Programaci\u00f3n did\u00e1ctica FP B\u00e1sica<\/li>\n<\/ul>\n<\/li>\n<li><a href=\"https:\/\/docs.google.com\/document\/d\/e\/2PACX-1vTxcD9wPHTn8Lcs2uPJQKvESHWvph9aZ6jcvtsaIZBuxNerskgOpTIr66-26HH5DBLNhP-aFoM-qRXc\/pub\" target=\"_blank\" rel=\"noopener noreferrer\"><span style=\"font-size: 14pt\">Inform\u00e1tica<\/span><\/a>\n<ul style=\"list-style-type: square\">\n<li>Programaci\u00f3n did\u00e1ctica<\/li>\n<\/ul>\n<\/li>\n<li><a href=\"https:\/\/docs.google.com\/document\/d\/1lSRsPPhXIykSiFKY4UrJ8pcDO6lSGRO_\/edit?pli=1\" target=\"_blank\" rel=\"noopener noreferrer\"><span style=\"font-size: 14pt\">Ingl\u00e9s<\/span><\/a>\n<ul style=\"list-style-type: square\">\n<li>Programaci\u00f3n did\u00e1ctica<\/li>\n<\/ul>\n<\/li>\n<li><a href=\"https:\/\/docs.google.com\/document\/d\/e\/2PACX-1vThHjrlzJh7cOPu52RS_pdtuY4V2dKfpoQ4IUh86mZh8ITXwP0C-gf9gzScwJd9vbC8SBWEa04Dew8R\/pub\"><span style=\"font-size: 14pt\">Lengua y Literatura<\/span><\/a>\n<ul style=\"list-style-type: square\">\n<li>Programaci\u00f3n did\u00e1ctica<\/li>\n<\/ul>\n<\/li>\n<li><a href=\"https:\/\/docs.google.com\/document\/d\/e\/2PACX-1vTjffBrXxW9xmpg0KUPw-DeMElym0j5YXcEmJ4uXcE2yCa6vny84RbUPH9gICwK7HGBAbRGg3EezxX0\/pub\" target=\"_blank\" rel=\"noopener noreferrer\"><span style=\"font-size: 14pt\">Matem\u00e1ticas<\/span><\/a>\n<ul style=\"list-style-type: square\">\n<li>Programaci\u00f3n did\u00e1ctica<\/li>\n<\/ul>\n<\/li>\n<li><a href=\"https:\/\/docs.google.com\/document\/d\/e\/2PACX-1vSRM2dhM1YrR-8dHEXADH-u0a7VC4Rs8DyxWHLqNvAUB0NbqQ9YXfkwlmh1T6k1R0mOjH6ZoApJzpld\/pub\" target=\"_blank\" rel=\"noopener noreferrer\"><span style=\"font-size: 14pt\">M\u00fasica<\/span><\/a>\n<ul style=\"list-style-type: square\">\n<li>Programaci\u00f3n did\u00e1ctica<\/li>\n<\/ul>\n<\/li>\n<li><a href=\"https:\/\/docs.google.com\/document\/d\/e\/2PACX-1vQWXg6gXCM0Rt1MLFOodZnT9ZT1FefxHA7jnbpc-KrMWvZjHJwm_O-xuvyaaN7eKhZPyjH-k89VePWP\/pub\" target=\"_blank\" rel=\"noopener noreferrer\"><span style=\"font-size: 14pt\">Orientaci\u00f3n<\/span><\/a>\n<ul style=\"list-style-type: square\">\n<li>Programaci\u00f3n did\u00e1ctica<\/li>\n<\/ul>\n<\/li>\n<li><a href=\"https:\/\/docs.google.com\/document\/d\/e\/2PACX-1vQ8r8Dk0XTzzzSXfdU2XGgJYJFHWr-iPm7fTaKz2WvY7TELryVz-p-NzuolJbZr0aPIkhDQ2jXMw_6k\/pub\" target=\"_blank\" rel=\"noopener noreferrer\"><span style=\"font-size: 14pt\">Tecnolog\u00eda<\/span><\/a>\n<ul style=\"list-style-type: square\">\n<li>Programaci\u00f3n did\u00e1ctica<\/li>\n<\/ul>\n<\/li>\n<li><a href=\"https:\/\/docs.google.com\/document\/d\/e\/2PACX-1vSHkOXJpgYQU--UhBfbpvsnd1yL1_596m2i5RZ4dyc89zQLLj8mT1HWwDntBIUe1k13BMbEPZtV8s6M\/pub\" target=\"_blank\" rel=\"noopener noreferrer\"><span style=\"font-size: 14pt\">Religi\u00f3n<\/span><\/a>\n<ul style=\"list-style-type: square\">\n<li>Programaci\u00f3n did\u00e1ctica<\/li>\n<\/ul>\n<\/li>\n<li><a href=\"https:\/\/sites.google.com\/view\/roboticaiesmediterraneo\/inicio\"><span style=\"font-size: 14pt\">Pensamiento Computacional y Rob\u00f3tica<\/span><\/a>\n<ul style=\"list-style-type: square\">\n<li>Programaci\u00f3n did\u00e1ctica<\/li>\n<li><a href=\"https:\/\/sites.google.com\/view\/roboticaiesmediterraneo\/inicio\">P\u00e1gina web<\/a><\/li>\n<\/ul>\n<\/li>\n<\/ul>\n","protected":false},"excerpt":{"rendered":"<p>COMPOSICI\u00d3N DE LOS DEPARTAMENTOS (Pulsar sobre el departamento correspondiente) Biolog\u00eda y Geolog\u00eda Programaci\u00f3n did\u00e1ctica Cultura Cl\u00e1sica Programaci\u00f3n did\u00e1ctica Econom\u00eda Programaci\u00f3n did\u00e1ctica Educaci\u00f3n F\u00edsica Programaci\u00f3n did\u00e1ctica Educaci\u00f3n Pl\u00e1stica y Visual Programaci\u00f3n did\u00e1ctica FEIE Programaci\u00f3n did\u00e1ctica&#46;&#46;&#46;<\/p>\n","protected":false},"author":5102,"featured_media":0,"parent":0,"menu_order":1,"comment_status":"closed","ping_status":"closed","template":"","meta":{"ngg_post_thumbnail":0,"footnotes":""},"aioseo_notices":[],"_links":{"self":[{"href":"https:\/\/blogsaverroes.juntadeandalucia.es\/iesmediterraneo\/wp-json\/wp\/v2\/pages\/86"}],"collection":[{"href":"https:\/\/blogsaverroes.juntadeandalucia.es\/iesmediterraneo\/wp-json\/wp\/v2\/pages"}],"about":[{"href":"https:\/\/blogsaverroes.juntadeandalucia.es\/iesmediterraneo\/wp-json\/wp\/v2\/types\/page"}],"author":[{"embeddable":true,"href":"https:\/\/blogsaverroes.juntadeandalucia.es\/iesmediterraneo\/wp-json\/wp\/v2\/users\/5102"}],"replies":[{"embeddable":true,"href":"https:\/\/blogsaverroes.juntadeandalucia.es\/iesmediterraneo\/wp-json\/wp\/v2\/comments?post=86"}],"version-history":[{"count":21,"href":"https:\/\/blogsaverroes.juntadeandalucia.es\/iesmediterraneo\/wp-json\/wp\/v2\/pages\/86\/revisions"}],"predecessor-version":[{"id":2388,"href":"https:\/\/blogsaverroes.juntadeandalucia.es\/iesmediterraneo\/wp-json\/wp\/v2\/pages\/86\/revisions\/2388"}],"wp:attachment":[{"href":"https:\/\/blogsaverroes.juntadeandalucia.es\/iesmediterraneo\/wp-json\/wp\/v2\/media?parent=86"}],"curies":[{"name":"wp","href":"https:\/\/api.w.org\/{rel}","templated":true}]}}