{"id":94,"date":"2017-06-07T17:44:13","date_gmt":"2017-06-07T17:44:13","guid":{"rendered":"https:\/\/blogsaverroes.juntadeandalucia.es\/iesmediterraneo\/?page_id=94"},"modified":"2023-05-10T08:44:29","modified_gmt":"2023-05-10T08:44:29","slug":"centro","status":"publish","type":"page","link":"https:\/\/blogsaverroes.juntadeandalucia.es\/iesmediterraneo\/centro\/","title":{"rendered":"CENTRO"},"content":{"rendered":"<h1><span style=\"color: #008080\">I.E.S. MEDITERR\u00c1NEO<\/span><\/h1>\n<hr>\n<table style=\"border-collapse: collapse;width: 40.9128%\">\n<tbody>\n<tr>\n<td style=\"width: 17.4455%;text-align: center;vertical-align: middle\"><a href=\"https:\/\/blogsaverroes.juntadeandalucia.es\/iesmediterraneo\/files\/2020\/09\/direccion.png\"><img loading=\"lazy\" decoding=\"async\" class=\"wp-image-1729 size-full alignleft\" src=\"https:\/\/blogsaverroes.juntadeandalucia.es\/iesmediterraneo\/files\/2020\/09\/direccion.png\" alt=\"\" width=\"512\" height=\"512\" srcset=\"https:\/\/blogsaverroes.juntadeandalucia.es\/iesmediterraneo\/files\/2020\/09\/direccion.png 512w, https:\/\/blogsaverroes.juntadeandalucia.es\/iesmediterraneo\/files\/2020\/09\/direccion-300x300.png 300w, https:\/\/blogsaverroes.juntadeandalucia.es\/iesmediterraneo\/files\/2020\/09\/direccion-150x150.png 150w, https:\/\/blogsaverroes.juntadeandalucia.es\/iesmediterraneo\/files\/2020\/09\/direccion-100x100.png 100w, https:\/\/blogsaverroes.juntadeandalucia.es\/iesmediterraneo\/files\/2020\/09\/direccion-24x24.png 24w, https:\/\/blogsaverroes.juntadeandalucia.es\/iesmediterraneo\/files\/2020\/09\/direccion-36x36.png 36w, https:\/\/blogsaverroes.juntadeandalucia.es\/iesmediterraneo\/files\/2020\/09\/direccion-48x48.png 48w\" sizes=\"(max-width: 512px) 100vw, 512px\" \/><\/a><\/td>\n<td style=\"width: 58.9961%;text-align: left;vertical-align: middle\">\n<h1><span style=\"color: #008000\">Direcci\u00f3n<\/span><\/h1>\n<\/td>\n<\/tr>\n<\/tbody>\n<\/table>\n<h4><span style=\"font-size: 18pt\">Avenida Motril s\/n \u00b7 18680 <em>Salobre\u00f1a (Granada)<\/em><\/span><\/h4>\n<table style=\"border-collapse: collapse;width: 53.8031%\">\n<tbody>\n<tr>\n<td style=\"width: 9.08727%;text-align: center;vertical-align: middle\"><a href=\"https:\/\/blogsaverroes.juntadeandalucia.es\/iesmediterraneo\/files\/2020\/09\/icono-telefono.png\"><img loading=\"lazy\" decoding=\"async\" class=\"aligncenter size-full wp-image-1720\" src=\"https:\/\/blogsaverroes.juntadeandalucia.es\/iesmediterraneo\/files\/2020\/09\/icono-telefono.png\" alt=\"\" width=\"512\" height=\"512\" srcset=\"https:\/\/blogsaverroes.juntadeandalucia.es\/iesmediterraneo\/files\/2020\/09\/icono-telefono.png 512w, https:\/\/blogsaverroes.juntadeandalucia.es\/iesmediterraneo\/files\/2020\/09\/icono-telefono-300x300.png 300w, https:\/\/blogsaverroes.juntadeandalucia.es\/iesmediterraneo\/files\/2020\/09\/icono-telefono-150x150.png 150w, https:\/\/blogsaverroes.juntadeandalucia.es\/iesmediterraneo\/files\/2020\/09\/icono-telefono-100x100.png 100w, https:\/\/blogsaverroes.juntadeandalucia.es\/iesmediterraneo\/files\/2020\/09\/icono-telefono-24x24.png 24w, https:\/\/blogsaverroes.juntadeandalucia.es\/iesmediterraneo\/files\/2020\/09\/icono-telefono-36x36.png 36w, https:\/\/blogsaverroes.juntadeandalucia.es\/iesmediterraneo\/files\/2020\/09\/icono-telefono-48x48.png 48w\" sizes=\"(max-width: 512px) 100vw, 512px\" \/><\/a><\/td>\n<td style=\"width: 65.534%;text-align: left;vertical-align: middle\">\n<h1><span style=\"color: #008000\">Tel\u00e9fonos del centro<\/span><\/h1>\n<\/td>\n<\/tr>\n<\/tbody>\n<\/table>\n<div>\n<ul>\n<li>&nbsp; &nbsp;<strong>Conserjer\u00eda<\/strong> &nbsp;600-141-017<\/li>\n<li>&nbsp; &nbsp;<strong>Direcci\u00f3n &nbsp;<\/strong>&nbsp; &nbsp; 600-141-019<\/li>\n<li><strong>&nbsp; &nbsp;J. Estudios<\/strong>&nbsp; &nbsp; 600-141-018<\/li>\n<li><strong>&nbsp; &nbsp;Secretar\u00eda<\/strong>&nbsp; &nbsp; &nbsp;600-141-020<\/li>\n<li><strong>&nbsp; &nbsp;Hosteler\u00eda &nbsp; &nbsp;&nbsp;<\/strong>600-141-021<\/li>\n<li>&nbsp; <strong>&nbsp;FAX &nbsp; &nbsp;<\/strong>&nbsp; &nbsp; &nbsp; &nbsp; &nbsp; &nbsp; &nbsp; 958-64.99.82&nbsp;<\/li>\n<\/ul>\n<table style=\"border-collapse: collapse;width: 48.7865%\">\n<tbody>\n<tr>\n<td style=\"width: 9.88795%;text-align: center;vertical-align: middle\"><a href=\"https:\/\/blogsaverroes.juntadeandalucia.es\/iesmediterraneo\/files\/2020\/09\/icono-mail.png\"><img loading=\"lazy\" decoding=\"async\" class=\"aligncenter wp-image-1721\" src=\"https:\/\/blogsaverroes.juntadeandalucia.es\/iesmediterraneo\/files\/2020\/09\/icono-mail-1024x926.png\" alt=\"\" width=\"512\" height=\"463\" srcset=\"https:\/\/blogsaverroes.juntadeandalucia.es\/iesmediterraneo\/files\/2020\/09\/icono-mail-1024x926.png 1024w, https:\/\/blogsaverroes.juntadeandalucia.es\/iesmediterraneo\/files\/2020\/09\/icono-mail-300x271.png 300w, https:\/\/blogsaverroes.juntadeandalucia.es\/iesmediterraneo\/files\/2020\/09\/icono-mail-768x694.png 768w, https:\/\/blogsaverroes.juntadeandalucia.es\/iesmediterraneo\/files\/2020\/09\/icono-mail-24x22.png 24w, https:\/\/blogsaverroes.juntadeandalucia.es\/iesmediterraneo\/files\/2020\/09\/icono-mail-36x33.png 36w, https:\/\/blogsaverroes.juntadeandalucia.es\/iesmediterraneo\/files\/2020\/09\/icono-mail-48x43.png 48w, https:\/\/blogsaverroes.juntadeandalucia.es\/iesmediterraneo\/files\/2020\/09\/icono-mail.png 1416w\" sizes=\"(max-width: 512px) 100vw, 512px\" \/><\/a><\/td>\n<td style=\"width: 61.7149%;text-align: left;vertical-align: middle\">\n<h2><span style=\"color: #008000;font-size: 24pt\">Correos del centro<\/span><\/h2>\n<\/td>\n<\/tr>\n<\/tbody>\n<\/table>\n<ul>\n<li><strong>Centro<\/strong>: 18009961.edu@juntadeandalucia.es<\/li>\n<li><strong>Direcci\u00f3n<\/strong>: direccion@iesmediterraneo.org<\/li>\n<li><strong>Jefatura de Estudios<\/strong>: jefa.estudios@iesmediterraneo.org<\/li>\n<\/ul>\n<p>&nbsp;<\/p>\n<table style=\"border-collapse: collapse;width: 51.4813%\">\n<tbody>\n<tr>\n<td style=\"width: 20.7617%;text-align: center;vertical-align: middle\"><a href=\"https:\/\/blogsaverroes.juntadeandalucia.es\/iesmediterraneo\/files\/2020\/09\/social_net.png\"><img loading=\"lazy\" decoding=\"async\" class=\"alignleft wp-image-1725\" src=\"https:\/\/blogsaverroes.juntadeandalucia.es\/iesmediterraneo\/files\/2020\/09\/social_net.png\" alt=\"\" width=\"200\" height=\"132\" srcset=\"https:\/\/blogsaverroes.juntadeandalucia.es\/iesmediterraneo\/files\/2020\/09\/social_net.png 512w, https:\/\/blogsaverroes.juntadeandalucia.es\/iesmediterraneo\/files\/2020\/09\/social_net-300x198.png 300w, https:\/\/blogsaverroes.juntadeandalucia.es\/iesmediterraneo\/files\/2020\/09\/social_net-24x16.png 24w, https:\/\/blogsaverroes.juntadeandalucia.es\/iesmediterraneo\/files\/2020\/09\/social_net-36x24.png 36w, https:\/\/blogsaverroes.juntadeandalucia.es\/iesmediterraneo\/files\/2020\/09\/social_net-48x32.png 48w\" sizes=\"(max-width: 200px) 100vw, 200px\" \/><\/a><\/td>\n<td style=\"width: 75.9455%\">\n<h2><span style=\"color: #008000;font-size: 24pt\">Redes sociales<\/span><\/h2>\n<\/td>\n<\/tr>\n<\/tbody>\n<\/table>\n<table style=\"border-collapse: collapse;width: 80.5795%\">\n<tbody>\n<tr>\n<td style=\"width: 13.8776%;text-align: left;vertical-align: middle\"><a href=\"https:\/\/blogsaverroes.juntadeandalucia.es\/iesmediterraneo\/files\/2020\/09\/twitter_icon.png\"><img loading=\"lazy\" decoding=\"async\" class=\"aligncenter wp-image-1723 size-thumbnail\" src=\"https:\/\/blogsaverroes.juntadeandalucia.es\/iesmediterraneo\/files\/2020\/09\/twitter_icon-150x150.png\" alt=\"\" width=\"150\" height=\"150\" srcset=\"https:\/\/blogsaverroes.juntadeandalucia.es\/iesmediterraneo\/files\/2020\/09\/twitter_icon-150x150.png 150w, https:\/\/blogsaverroes.juntadeandalucia.es\/iesmediterraneo\/files\/2020\/09\/twitter_icon-300x300.png 300w, https:\/\/blogsaverroes.juntadeandalucia.es\/iesmediterraneo\/files\/2020\/09\/twitter_icon-100x100.png 100w, https:\/\/blogsaverroes.juntadeandalucia.es\/iesmediterraneo\/files\/2020\/09\/twitter_icon-24x24.png 24w, https:\/\/blogsaverroes.juntadeandalucia.es\/iesmediterraneo\/files\/2020\/09\/twitter_icon-36x36.png 36w, https:\/\/blogsaverroes.juntadeandalucia.es\/iesmediterraneo\/files\/2020\/09\/twitter_icon-48x48.png 48w, https:\/\/blogsaverroes.juntadeandalucia.es\/iesmediterraneo\/files\/2020\/09\/twitter_icon.png 512w\" sizes=\"(max-width: 150px) 100vw, 150px\" \/><\/a><\/td>\n<td style=\"width: 110.494%;text-align: left;vertical-align: middle\"><span style=\"font-size: 18pt\">@IES_Med<\/span><\/td>\n<\/tr>\n<tr>\n<td style=\"width: 13.8776%;text-align: left;vertical-align: middle\"><a href=\"https:\/\/blogsaverroes.juntadeandalucia.es\/iesmediterraneo\/files\/2020\/09\/instagram.png\"><img loading=\"lazy\" decoding=\"async\" class=\"aligncenter wp-image-1726 size-thumbnail\" src=\"https:\/\/blogsaverroes.juntadeandalucia.es\/iesmediterraneo\/files\/2020\/09\/instagram-150x150.png\" alt=\"\" width=\"150\" height=\"150\" srcset=\"https:\/\/blogsaverroes.juntadeandalucia.es\/iesmediterraneo\/files\/2020\/09\/instagram-150x150.png 150w, https:\/\/blogsaverroes.juntadeandalucia.es\/iesmediterraneo\/files\/2020\/09\/instagram-300x300.png 300w, https:\/\/blogsaverroes.juntadeandalucia.es\/iesmediterraneo\/files\/2020\/09\/instagram-100x100.png 100w, https:\/\/blogsaverroes.juntadeandalucia.es\/iesmediterraneo\/files\/2020\/09\/instagram-24x24.png 24w, https:\/\/blogsaverroes.juntadeandalucia.es\/iesmediterraneo\/files\/2020\/09\/instagram-36x36.png 36w, https:\/\/blogsaverroes.juntadeandalucia.es\/iesmediterraneo\/files\/2020\/09\/instagram-48x48.png 48w, https:\/\/blogsaverroes.juntadeandalucia.es\/iesmediterraneo\/files\/2020\/09\/instagram.png 512w\" sizes=\"(max-width: 150px) 100vw, 150px\" \/><\/a><\/td>\n<td style=\"width: 110.494%;text-align: left;vertical-align: middle\"><span style=\"font-size: 18pt\">ies_mediterraneo<\/span><\/td>\n<\/tr>\n<tr>\n<td style=\"width: 13.8776%;text-align: left;vertical-align: middle\"><a href=\"https:\/\/blogsaverroes.juntadeandalucia.es\/iesmediterraneo\/files\/2020\/09\/bloger.png\"><img loading=\"lazy\" decoding=\"async\" class=\"aligncenter wp-image-1727 size-thumbnail\" src=\"https:\/\/blogsaverroes.juntadeandalucia.es\/iesmediterraneo\/files\/2020\/09\/bloger-150x150.png\" alt=\"\" width=\"150\" height=\"150\" srcset=\"https:\/\/blogsaverroes.juntadeandalucia.es\/iesmediterraneo\/files\/2020\/09\/bloger-150x150.png 150w, https:\/\/blogsaverroes.juntadeandalucia.es\/iesmediterraneo\/files\/2020\/09\/bloger-300x300.png 300w, https:\/\/blogsaverroes.juntadeandalucia.es\/iesmediterraneo\/files\/2020\/09\/bloger-100x100.png 100w, https:\/\/blogsaverroes.juntadeandalucia.es\/iesmediterraneo\/files\/2020\/09\/bloger-24x24.png 24w, https:\/\/blogsaverroes.juntadeandalucia.es\/iesmediterraneo\/files\/2020\/09\/bloger-36x36.png 36w, https:\/\/blogsaverroes.juntadeandalucia.es\/iesmediterraneo\/files\/2020\/09\/bloger-48x48.png 48w, https:\/\/blogsaverroes.juntadeandalucia.es\/iesmediterraneo\/files\/2020\/09\/bloger.png 512w\" sizes=\"(max-width: 150px) 100vw, 150px\" \/><\/a><\/td>\n<td style=\"width: 110.494%;text-align: left;vertical-align: middle\"><span style=\"font-size: 18pt\">http:\/\/iesmediterraneosalobre.blogspot.com\/<\/span><\/td>\n<\/tr>\n<\/tbody>\n<\/table>\n<p><a href=\"https:\/\/blogsaverroes.juntadeandalucia.es\/iesmediterraneo\/files\/2023\/05\/fondos_europeo.png\"><img loading=\"lazy\" decoding=\"async\" class=\"alignleft size-full wp-image-2331\" src=\"https:\/\/blogsaverroes.juntadeandalucia.es\/iesmediterraneo\/files\/2023\/05\/fondos_europeo.png\" alt=\"\" width=\"632\" height=\"890\" srcset=\"https:\/\/blogsaverroes.juntadeandalucia.es\/iesmediterraneo\/files\/2023\/05\/fondos_europeo.png 632w, https:\/\/blogsaverroes.juntadeandalucia.es\/iesmediterraneo\/files\/2023\/05\/fondos_europeo-213x300.png 213w\" sizes=\"(max-width: 632px) 100vw, 632px\" \/><\/a><\/p>\n<\/div>\n<hr>\n","protected":false},"excerpt":{"rendered":"<p>I.E.S. MEDITERR\u00c1NEO Direcci\u00f3n Avenida Motril s\/n \u00b7 18680 Salobre\u00f1a (Granada) Tel\u00e9fonos del centro &nbsp; &nbsp;Conserjer\u00eda &nbsp;600-141-017 &nbsp; &nbsp;Direcci\u00f3n &nbsp;&nbsp; &nbsp; 600-141-019 &nbsp; &nbsp;J. Estudios&nbsp; &nbsp; 600-141-018 &nbsp; &nbsp;Secretar\u00eda&nbsp; &nbsp; &nbsp;600-141-020 &nbsp; &nbsp;Hosteler\u00eda &nbsp; &nbsp;&nbsp;600-141-021&#46;&#46;&#46;<\/p>\n","protected":false},"author":5102,"featured_media":0,"parent":0,"menu_order":0,"comment_status":"closed","ping_status":"closed","template":"page-template-full.php","meta":{"ngg_post_thumbnail":0,"footnotes":""},"aioseo_notices":[],"_links":{"self":[{"href":"https:\/\/blogsaverroes.juntadeandalucia.es\/iesmediterraneo\/wp-json\/wp\/v2\/pages\/94"}],"collection":[{"href":"https:\/\/blogsaverroes.juntadeandalucia.es\/iesmediterraneo\/wp-json\/wp\/v2\/pages"}],"about":[{"href":"https:\/\/blogsaverroes.juntadeandalucia.es\/iesmediterraneo\/wp-json\/wp\/v2\/types\/page"}],"author":[{"embeddable":true,"href":"https:\/\/blogsaverroes.juntadeandalucia.es\/iesmediterraneo\/wp-json\/wp\/v2\/users\/5102"}],"replies":[{"embeddable":true,"href":"https:\/\/blogsaverroes.juntadeandalucia.es\/iesmediterraneo\/wp-json\/wp\/v2\/comments?post=94"}],"version-history":[{"count":17,"href":"https:\/\/blogsaverroes.juntadeandalucia.es\/iesmediterraneo\/wp-json\/wp\/v2\/pages\/94\/revisions"}],"predecessor-version":[{"id":2332,"href":"https:\/\/blogsaverroes.juntadeandalucia.es\/iesmediterraneo\/wp-json\/wp\/v2\/pages\/94\/revisions\/2332"}],"wp:attachment":[{"href":"https:\/\/blogsaverroes.juntadeandalucia.es\/iesmediterraneo\/wp-json\/wp\/v2\/media?parent=94"}],"curies":[{"name":"wp","href":"https:\/\/api.w.org\/{rel}","templated":true}]}}