{"id":980,"date":"2019-09-07T16:44:15","date_gmt":"2019-09-07T16:44:15","guid":{"rendered":"https:\/\/blogsaverroes.juntadeandalucia.es\/iesmediterraneo\/?page_id=980"},"modified":"2020-10-21T18:59:48","modified_gmt":"2020-10-21T18:59:48","slug":"g-suite","status":"publish","type":"page","link":"https:\/\/blogsaverroes.juntadeandalucia.es\/iesmediterraneo\/familias\/g-suite\/","title":{"rendered":"G Suite"},"content":{"rendered":"<h1 style=\"text-align: center\"><span style=\"color: #008080\"><strong><span style=\"font-size: 36pt\">G Suite para centros educativos<\/span><\/strong><\/span><\/h1>\n<p><a href=\"https:\/\/blogsaverroes.juntadeandalucia.es\/iesmediterraneo\/files\/2019\/09\/G-Suite-de-Google.png\"><img loading=\"lazy\" decoding=\"async\" class=\"size-full wp-image-981 aligncenter\" src=\"https:\/\/blogsaverroes.juntadeandalucia.es\/iesmediterraneo\/files\/2019\/09\/G-Suite-de-Google.png\" alt=\"\" width=\"602\" height=\"378\" srcset=\"https:\/\/blogsaverroes.juntadeandalucia.es\/iesmediterraneo\/files\/2019\/09\/G-Suite-de-Google.png 602w, https:\/\/blogsaverroes.juntadeandalucia.es\/iesmediterraneo\/files\/2019\/09\/G-Suite-de-Google-300x188.png 300w, https:\/\/blogsaverroes.juntadeandalucia.es\/iesmediterraneo\/files\/2019\/09\/G-Suite-de-Google-24x15.png 24w, https:\/\/blogsaverroes.juntadeandalucia.es\/iesmediterraneo\/files\/2019\/09\/G-Suite-de-Google-36x23.png 36w, https:\/\/blogsaverroes.juntadeandalucia.es\/iesmediterraneo\/files\/2019\/09\/G-Suite-de-Google-48x30.png 48w\" sizes=\"(max-width: 602px) 100vw, 602px\" \/><\/a><\/p>\n<p>El IES Mediterr\u00e1neo ha llegado a un acuerdo con Google para la utilizaci\u00f3n de la plataforma <strong>G Suite para Centros Educativos<\/strong>.&nbsp;<strong>G&nbsp;Suite para Centros Educativos&nbsp;<\/strong>es un conjunto de herramientas gratuitas de comunicaci\u00f3n y productividad de Google (Gmail, Calendar, Documentos, Blogger, Site etc.) El objetivo de este acuerdo es que nuestros alumnos\/as puedan disponer de los servicios educativos que ofrece Google as\u00ed como de una cuenta de correo gestionada desde el centro para poder tener acceso a herramientas TIC alojadas en otras plataformas y servicios siempre con una \u00fanica finalidad educativa.&nbsp;<\/p>\n<p>Para poder hacer uso de los servicios principales de G Suite es necesario que los alumnos\/as dispongan de una cuenta de acceso, previa aceptaci\u00f3n de la <strong><em>Pol\u00edtica de Uso de Cuentas G Suite del IES Mediterr\u00e1neo&nbsp;<\/em><\/strong>y de la <strong><em>Aceptaci\u00f3n y Autorizaci\u00f3n de Uso de Cuentas G Suite del IES Mediterr\u00e1neo<\/em><\/strong>.<\/p>\n<p><strong><span style=\"color: #ff0000\">Es importante leer los siguientes documentos<\/span><\/strong><\/p>\n<ul style=\"list-style-type: disc\">\n<li><a href=\"https:\/\/blogsaverroes.juntadeandalucia.es\/iesmediterraneo\/files\/2020\/10\/IES-MEDITERR\u00c1NEO-gsuite-2.pdf\"><em><strong>Pol\u00edtica de uso de cuentas de Gsuite del IES Mediterr\u00e1neo<\/strong><\/em><\/a><\/li>\n<li><em><strong><a href=\"https:\/\/gsuite.google.com\/terms\/education_privacy.html\" target=\"_blank\" rel=\"noopener noreferrer\">Aviso de privacidad de G Suite para centros educativos<\/a><\/strong><\/em><\/li>\n<li><a href=\"https:\/\/blogsaverroes.juntadeandalucia.es\/iesmediterraneo\/files\/2019\/09\/consentimiento_Gsuite.pdf\"><strong><em>Aceptaci\u00f3n y Autorizaci\u00f3n de Uso de Cuentas G Suite del IES Mediterr\u00e1neo<\/em><\/strong><\/a><\/li>\n<li><a href=\"https:\/\/blogsaverroes.juntadeandalucia.es\/iesmediterraneo\/preguntas-sobre-g-suite\/\" target=\"_blank\" rel=\"noopener noreferrer\"><em><strong>Preguntas relativas al uso del servicio de G Suite<\/strong><\/em><\/a><\/li>\n<\/ul>\n<p><span style=\"font-size: 24pt;color: #008080\"><strong>Aviso para padres y tutores legales<\/strong><\/span><\/p>\n<p>Con sus cuentas de G&nbsp;Suite para Centros Educativos, los alumnos pueden acceder a los siguientes \u201cservicios principales\u201d que ofrece Google y utilizarlos (se describen en&nbsp;<a href=\"https:\/\/gsuite.google.com\/terms\/user_features.html\">https:\/\/gsuite.google.com\/terms\/user_features.html<\/a>):<\/p>\n<ul style=\"list-style-type: disc\">\n<li>Gmail (incluido Inbox by Gmail)<\/li>\n<li>Calendar<\/li>\n<li>Contactos<\/li>\n<li>Drive<\/li>\n<li>Documentos<\/li>\n<li>Formularios<\/li>\n<li>Grupos<\/li>\n<li>Keep<\/li>\n<li>Hojas de c\u00e1lculo<\/li>\n<li>Sitios web<\/li>\n<li>Hangouts<\/li>\n<\/ul>\n<p>Google proporciona informaci\u00f3n sobre los datos que recoge, as\u00ed como la forma en que utiliza y divulga estos datos de las cuentas de G&nbsp;Suite para Centros Educativos en su Aviso de Privacidad de G&nbsp;Suite para Centros Educativos, que podr\u00e1s leer online en&nbsp;<a href=\"https:\/\/gsuite.google.com\/terms\/education_privacy.html\">https:\/\/gsuite.google.com\/terms\/education_privacy.html<\/a>.<\/p>\n","protected":false},"excerpt":{"rendered":"<p>G Suite para centros educativos El IES Mediterr\u00e1neo ha llegado a un acuerdo con Google para la utilizaci\u00f3n de la plataforma G Suite para Centros Educativos.&nbsp;G&nbsp;Suite para Centros Educativos&nbsp;es un conjunto de herramientas gratuitas&#46;&#46;&#46;<\/p>\n","protected":false},"author":5102,"featured_media":0,"parent":142,"menu_order":0,"comment_status":"closed","ping_status":"closed","template":"page-template-full.php","meta":{"ngg_post_thumbnail":0,"footnotes":""},"aioseo_notices":[],"_links":{"self":[{"href":"https:\/\/blogsaverroes.juntadeandalucia.es\/iesmediterraneo\/wp-json\/wp\/v2\/pages\/980"}],"collection":[{"href":"https:\/\/blogsaverroes.juntadeandalucia.es\/iesmediterraneo\/wp-json\/wp\/v2\/pages"}],"about":[{"href":"https:\/\/blogsaverroes.juntadeandalucia.es\/iesmediterraneo\/wp-json\/wp\/v2\/types\/page"}],"author":[{"embeddable":true,"href":"https:\/\/blogsaverroes.juntadeandalucia.es\/iesmediterraneo\/wp-json\/wp\/v2\/users\/5102"}],"replies":[{"embeddable":true,"href":"https:\/\/blogsaverroes.juntadeandalucia.es\/iesmediterraneo\/wp-json\/wp\/v2\/comments?post=980"}],"version-history":[{"count":9,"href":"https:\/\/blogsaverroes.juntadeandalucia.es\/iesmediterraneo\/wp-json\/wp\/v2\/pages\/980\/revisions"}],"predecessor-version":[{"id":1834,"href":"https:\/\/blogsaverroes.juntadeandalucia.es\/iesmediterraneo\/wp-json\/wp\/v2\/pages\/980\/revisions\/1834"}],"up":[{"embeddable":true,"href":"https:\/\/blogsaverroes.juntadeandalucia.es\/iesmediterraneo\/wp-json\/wp\/v2\/pages\/142"}],"wp:attachment":[{"href":"https:\/\/blogsaverroes.juntadeandalucia.es\/iesmediterraneo\/wp-json\/wp\/v2\/media?parent=980"}],"curies":[{"name":"wp","href":"https:\/\/api.w.org\/{rel}","templated":true}]}}