{"id":1301,"date":"2021-01-30T23:36:04","date_gmt":"2021-01-30T22:36:04","guid":{"rendered":"https:\/\/blogsaverroes.juntadeandalucia.es\/iesmencialopezdeharo\/?page_id=1301"},"modified":"2021-08-20T23:42:25","modified_gmt":"2021-08-20T22:42:25","slug":"plan-de-igualdad","status":"publish","type":"page","link":"https:\/\/blogsaverroes.juntadeandalucia.es\/iesmencialopezdeharo\/plan-de-igualdad\/","title":{"rendered":"Plan de Igualdad"},"content":{"rendered":"<p>[et_pb_section fb_built=&#8221;1&#8243; _builder_version=&#8221;4.5.0&#8243; _module_preset=&#8221;default&#8221;][et_pb_row _builder_version=&#8221;4.5.0&#8243; _module_preset=&#8221;default&#8221;][et_pb_column type=&#8221;4_4&#8243; _builder_version=&#8221;4.5.0&#8243; _module_preset=&#8221;default&#8221;][et_pb_image src=&#8221;https:\/\/blogsaverroes.juntadeandalucia.es\/iesmencialopezdeharo\/files\/2021\/08\/II-PLan-de-Igualdad.jpg&#8221; title_text=&#8221;II PLan de Igualdad&#8221; align=&#8221;center&#8221; _builder_version=&#8221;4.5.0&#8243; _module_preset=&#8221;default&#8221; custom_margin=&#8221;-60px||40px||false|false&#8221;][\/et_pb_image][et_pb_text _builder_version=&#8221;4.5.0&#8243; _module_preset=&#8221;default&#8221; hover_enabled=&#8221;0&#8243;]<\/p>\n<p style=\"text-align: center\"><strong><span style=\"font-size: 24pt;color: #0000ff\">II Plan Estrat\u00e9gico de Igualdad de G\u00e9nero en Educaci\u00f3n 2016-2021<\/span><\/strong><\/p>\n<p style=\"text-align: left\"><span style=\"font-size: 12pt\">El II Plan Estrat\u00e9gico de Igualdad de G\u00e9nero en Educaci\u00f3n propone actuaciones a favor de los derechos de las mujeres y adem\u00e1s, incorpora actuaciones que incidan en la cultura real que sustenta la desigualdad, con actuaciones a favor de los hombres y de las mujeres en aquellas desigualdades espec\u00edficas que produce la tradicional socializaci\u00f3n diferenciada.<\/span><\/p>\n<p><span style=\"font-size: 12pt\">De esta forma tanto las chicas como los chicos refuerzan los aspectos que, en cada caso, les son favorables y recuperan los que se les hab\u00eda prohibido, posibilitando su pleno desarrollo como personas.<\/span><\/p>\n<p><span style=\"font-size: 12pt\">El II Plan contribuye a fomentar, desde esta doble mirada a favor de las mujeres y a favor de los hombres, planteamientos cooperativos de \u201cyo gano, t\u00fa ganas\u201d, que configuran los pilares b\u00e1sicos de una sociedad igualitaria y justa.<\/span><\/p>\n<p><span style=\"font-size: 12pt\">Se sustenta en una estructura de avance sobre la ya existente desde el Decreto 19\/2007, de 23 de enero, por el que se adoptan medidas para la promoci\u00f3n de la cultura de paz y la mejora de la convivencia en los centros docentes sostenidos con fondos p\u00fablicos, asign\u00e1ndoles nuevas funciones en materia de coeducaci\u00f3n, igualdad y prevenci\u00f3n de la violencia de g\u00e9nero.<\/span><\/p>\n<p><span style=\"font-size: 12pt\">Los <strong>objetivos<\/strong> que persigue el II Plan de Igualdad en nuestro centro son los siguientes:&nbsp; &nbsp; &nbsp; &nbsp; &nbsp; &nbsp; &nbsp; &nbsp; &nbsp; &nbsp; &nbsp; &nbsp; &nbsp; &nbsp; &nbsp; &nbsp; &nbsp; &nbsp; &nbsp; &nbsp; &nbsp; &nbsp; &nbsp; &nbsp; &nbsp; &nbsp; &nbsp; &nbsp; &nbsp; &nbsp; &nbsp; &nbsp; &nbsp; &nbsp; &nbsp; &nbsp; &nbsp; &nbsp; &nbsp; &nbsp; &nbsp; &nbsp; &nbsp; &nbsp; &nbsp; &nbsp; &nbsp; &nbsp; &nbsp; &nbsp; &nbsp; &nbsp; &nbsp; &nbsp; &nbsp; &nbsp; &nbsp; &nbsp; &nbsp; &nbsp; &nbsp; &nbsp; &nbsp; &nbsp; &nbsp; &nbsp; &nbsp; &nbsp; <span style=\"color: #ffffff\">aa&nbsp;<\/span> &nbsp; &nbsp;<\/span><\/p>\n<ol>\n<li><span style=\"font-size: 12pt\">Sensibilizar e implicar a toda la comunidad educativa, cumpliendo con la finalidad de inclusi\u00f3n que persigue el Plan de Igualdad.<\/span><\/li>\n<li><span style=\"font-size: 12pt\">Hacer presentes los valores coeducativos en todos los cursos.<\/span><\/li>\n<li><span style=\"font-size: 12pt\">Intentar lograr igualdad y respeto por los derechos individuales y colectivos de las personas y grupos con independencia de su sexo, religi\u00f3n y sexualidad.<\/span><\/li>\n<li><span style=\"font-size: 12pt\">Identificar y denunciar comportamientos y actitudes violentas hacia las mujeres, de una forma cr\u00edtica.<\/span><\/li>\n<li><span style=\"font-size: 12pt\">Desarrollar un plan de acci\u00f3n tutorial con perspectiva de g\u00e9nero y valorar el enriquecimiento que suponen las relaciones igualitarias entre hombres y mujeres.<\/span><\/li>\n<li><span style=\"font-size: 12pt\">Sensibilizar al alumnado ante los primeros s\u00edntomas de violencia en el seno de la pareja adolescente para poder prevenir situaciones de violencia de g\u00e9nero.<\/span><\/li>\n<li><span style=\"font-size: 12pt\">Concienciar sobre la importancia de la formaci\u00f3n acad\u00e9mica desde la perspectiva de g\u00e9nero, para lograr un desarrollo personal y social pleno.<\/span><\/li>\n<li><span style=\"font-size: 12pt\">Ser conscientes de que los docentes somos sujetos que participamos en la transformaci\u00f3n social, luchando por la igualdad de sexos.<\/span><\/li>\n<\/ol>\n<p>[\/et_pb_text][\/et_pb_column][\/et_pb_row][\/et_pb_section]<\/p>\n","protected":false},"excerpt":{"rendered":"<p>II Plan Estrat\u00e9gico de Igualdad de G\u00e9nero en Educaci\u00f3n 2016-2021 El II Plan Estrat\u00e9gico de Igualdad de G\u00e9nero en Educaci\u00f3n propone actuaciones a favor de los derechos de las mujeres y adem\u00e1s, incorpora actuaciones que incidan en la cultura real que sustenta la desigualdad, con actuaciones a favor de los hombres y de las mujeres [&hellip;]<\/p>\n","protected":false},"author":11996,"featured_media":0,"parent":0,"menu_order":0,"comment_status":"closed","ping_status":"closed","template":"","meta":{"_et_pb_use_builder":"on","_et_pb_old_content":"","_et_gb_content_width":"","ngg_post_thumbnail":0,"footnotes":""},"aioseo_notices":[],"_links":{"self":[{"href":"https:\/\/blogsaverroes.juntadeandalucia.es\/iesmencialopezdeharo\/wp-json\/wp\/v2\/pages\/1301"}],"collection":[{"href":"https:\/\/blogsaverroes.juntadeandalucia.es\/iesmencialopezdeharo\/wp-json\/wp\/v2\/pages"}],"about":[{"href":"https:\/\/blogsaverroes.juntadeandalucia.es\/iesmencialopezdeharo\/wp-json\/wp\/v2\/types\/page"}],"author":[{"embeddable":true,"href":"https:\/\/blogsaverroes.juntadeandalucia.es\/iesmencialopezdeharo\/wp-json\/wp\/v2\/users\/11996"}],"replies":[{"embeddable":true,"href":"https:\/\/blogsaverroes.juntadeandalucia.es\/iesmencialopezdeharo\/wp-json\/wp\/v2\/comments?post=1301"}],"version-history":[{"count":14,"href":"https:\/\/blogsaverroes.juntadeandalucia.es\/iesmencialopezdeharo\/wp-json\/wp\/v2\/pages\/1301\/revisions"}],"predecessor-version":[{"id":2427,"href":"https:\/\/blogsaverroes.juntadeandalucia.es\/iesmencialopezdeharo\/wp-json\/wp\/v2\/pages\/1301\/revisions\/2427"}],"wp:attachment":[{"href":"https:\/\/blogsaverroes.juntadeandalucia.es\/iesmencialopezdeharo\/wp-json\/wp\/v2\/media?parent=1301"}],"curies":[{"name":"wp","href":"https:\/\/api.w.org\/{rel}","templated":true}]}}