{"id":1305,"date":"2021-01-30T23:36:05","date_gmt":"2021-01-30T22:36:05","guid":{"rendered":"https:\/\/blogsaverroes.juntadeandalucia.es\/iesmencialopezdeharo\/?page_id=1305"},"modified":"2021-08-20T21:58:32","modified_gmt":"2021-08-20T20:58:32","slug":"plan-director","status":"publish","type":"page","link":"https:\/\/blogsaverroes.juntadeandalucia.es\/iesmencialopezdeharo\/plan-director\/","title":{"rendered":"Plan Director"},"content":{"rendered":"<p>[et_pb_section fb_built=&#8221;1&#8243; _builder_version=&#8221;4.5.0&#8243; _module_preset=&#8221;default&#8221;][et_pb_row _builder_version=&#8221;4.5.0&#8243; _module_preset=&#8221;default&#8221;][et_pb_column type=&#8221;4_4&#8243; _builder_version=&#8221;4.5.0&#8243; _module_preset=&#8221;default&#8221;][et_pb_image src=&#8221;https:\/\/blogsaverroes.juntadeandalucia.es\/iesmencialopezdeharo\/files\/2021\/08\/Plan-Director-Centros-Educativos-1-1024&#215;887.jpg&#8221; title_text=&#8221;Presentaci\u00f3n de PowerPoint&#8221; align=&#8221;center&#8221; _builder_version=&#8221;4.5.0&#8243; _module_preset=&#8221;default&#8221; custom_margin=&#8221;-60px||||false|false&#8221; hover_enabled=&#8221;0&#8243;][\/et_pb_image][et_pb_text _builder_version=&#8221;4.5.0&#8243; _module_preset=&#8221;default&#8221;]<\/p>\n<p><span style=\"font-size: 12pt\">El <strong>Plan Director para la Convivencia y Mejora de la Seguridad en los Centros Educativos y sus entornos<\/strong> se crea en el contexto del Consejo Nacional de Seguridad Ciudadana y los acuerdos suscritos entre los Ministerios de Educaci\u00f3n, Cultura y Deporte, Interior y Sanidad, Servicios Sociales e Igualdad, con el objetivo de responder de manera coordinada y eficaz a las cuestiones relacionadas con la seguridad de ni\u00f1os y j\u00f3venes en la escuela y su entorno, favoreciendo la cooperaci\u00f3n policial con las autoridades educativas en sus actuaciones para mejorar la convivencia y la seguridad en el \u00e1mbito escolar.<\/span><\/p>\n<p><span style=\"font-size: 12pt\">Para ello se pone a disposici\u00f3n de los responsables de la comunidad educativa, equipos directivos, orientadores escolares, personal docente y AMPAS, los conocimientos t\u00e9cnicos y la colaboraci\u00f3n de expertos policiales para la prevenci\u00f3n, detecci\u00f3n y soluci\u00f3n de los eventuales episodios de violencia, acoso u otros actos delictivos que puedan producirse en este entorno y que afecten a cualquiera de los agentes que intervienen en el proceso educativo: alumnado, profesorado y familias.<\/span><\/p>\n<p><strong><span style=\"font-size: 12pt\">El Plan Director ofrece en cada Centro:<\/span><\/strong><\/p>\n<ol>\n<li><span style=\"font-size: 12pt\"><strong>Reuniones de la comunidad educativa con expertos policiales<\/strong> para tratar los problemas de seguridad que m\u00e1s preocupan y buscar soluciones.<\/span><\/li>\n<li><span style=\"font-size: 12pt\"><strong>Charlas impartidas por miembros de los Cuerpos de Seguridad<\/strong> a los grupos de alumnos sobre las siguientes materias: Acoso escolar, Drogas y Alcohol, Bandas Juveniles, Riesgos de Internet y Violencia de G\u00e9nero.<\/span><\/li>\n<li><span style=\"font-size: 12pt\"><strong>Acceso permanente a un experto policial<\/strong> al que poder consultar cualquier problema relacionado con la seguridad o la convivencia en el Centro escolar.<\/span><\/li>\n<li><span style=\"font-size: 12pt\"><strong>Vigilancia y presencia policial<\/strong> en las inmediaciones de los centros escolares, a fin de mejorar la vigilancia y seguridad de los entornos escolares.<\/span><\/li>\n<\/ol>\n<p><span style=\"font-size: 8pt\">&nbsp;&nbsp;<\/span><\/p>\n<p><img loading=\"lazy\" decoding=\"async\" class=\"wp-image-2365 aligncenter size-large\" src=\"https:\/\/blogsaverroes.juntadeandalucia.es\/iesmencialopezdeharo\/files\/2021\/08\/Plan-Director-Centros-Educativos-2-1024x768.jpg\" alt=\"\" width=\"1024\" height=\"768\" srcset=\"https:\/\/blogsaverroes.juntadeandalucia.es\/iesmencialopezdeharo\/files\/2021\/08\/Plan-Director-Centros-Educativos-2-980x735.jpg 980w, https:\/\/blogsaverroes.juntadeandalucia.es\/iesmencialopezdeharo\/files\/2021\/08\/Plan-Director-Centros-Educativos-2-480x360.jpg 480w\" sizes=\"(min-width: 0px) and (max-width: 480px) 480px, (min-width: 481px) and (max-width: 980px) 980px, (min-width: 981px) 1024px, 100vw\" \/><\/p>\n<p><span style=\"font-size: 12pt\">En nuestro Instituto es la <strong>Guardia Civil<\/strong> qui\u00e9n se encarga de llevar a cabo el Plan Director. <\/span><\/p>\n<p><span style=\"font-size: 12pt\">Adem\u00e1s, tambi\u00e9n contamos con la colaboraci\u00f3n de la <strong>Polic\u00eda Local<\/strong> para desarrollar estos temas y otros no menos importantes como la Educaci\u00f3n Vial.<\/span><\/p>\n<p> <div id=\"attachment_2374\" style=\"width: 1034px\" class=\"wp-caption aligncenter\"><img loading=\"lazy\" decoding=\"async\" aria-describedby=\"caption-attachment-2374\" class=\"wp-image-2374 size-large aligncenter\" src=\"https:\/\/blogsaverroes.juntadeandalucia.es\/iesmencialopezdeharo\/files\/2021\/08\/HPIM3344-1024x768.jpg\" alt=\"\" width=\"1024\" height=\"768\" srcset=\"https:\/\/blogsaverroes.juntadeandalucia.es\/iesmencialopezdeharo\/files\/2021\/08\/HPIM3344-980x735.jpg 980w, https:\/\/blogsaverroes.juntadeandalucia.es\/iesmencialopezdeharo\/files\/2021\/08\/HPIM3344-480x360.jpg 480w\" sizes=\"(min-width: 0px) and (max-width: 480px) 480px, (min-width: 481px) and (max-width: 980px) 980px, (min-width: 981px) 1024px, 100vw\" \/><p id=\"caption-attachment-2374\" class=\"wp-caption-text\">Charla de la Guardia Civil sobre violencia de g\u00e9nero (Mayo 2016)<\/p><\/div><div id=\"attachment_2375\" style=\"width: 1034px\" class=\"wp-caption aligncenter\"><img loading=\"lazy\" decoding=\"async\" aria-describedby=\"caption-attachment-2375\" class=\"wp-image-2375 size-large aligncenter\" src=\"https:\/\/blogsaverroes.juntadeandalucia.es\/iesmencialopezdeharo\/files\/2021\/08\/HPIM3298-1024x768.jpg\" alt=\"\" width=\"1024\" height=\"768\" srcset=\"https:\/\/blogsaverroes.juntadeandalucia.es\/iesmencialopezdeharo\/files\/2021\/08\/HPIM3298-980x735.jpg 980w, https:\/\/blogsaverroes.juntadeandalucia.es\/iesmencialopezdeharo\/files\/2021\/08\/HPIM3298-480x360.jpg 480w\" sizes=\"(min-width: 0px) and (max-width: 480px) 480px, (min-width: 481px) and (max-width: 980px) 980px, (min-width: 981px) 1024px, 100vw\" \/><p id=\"caption-attachment-2375\" class=\"wp-caption-text\">Charla de la Polic\u00eda Local sobre educaci\u00f3n vial (Mayo 2016)<\/p><\/div> <div id=\"attachment_2373\" style=\"width: 1034px\" class=\"wp-caption aligncenter\"><img loading=\"lazy\" decoding=\"async\" aria-describedby=\"caption-attachment-2373\" class=\"wp-image-2373 size-large\" src=\"https:\/\/blogsaverroes.juntadeandalucia.es\/iesmencialopezdeharo\/files\/2021\/08\/Semana-Seguridad-Vial-14-05-2018-1024x768.jpg\" alt=\"\" width=\"1024\" height=\"768\" srcset=\"https:\/\/blogsaverroes.juntadeandalucia.es\/iesmencialopezdeharo\/files\/2021\/08\/Semana-Seguridad-Vial-14-05-2018-980x735.jpg 980w, https:\/\/blogsaverroes.juntadeandalucia.es\/iesmencialopezdeharo\/files\/2021\/08\/Semana-Seguridad-Vial-14-05-2018-480x360.jpg 480w\" sizes=\"(min-width: 0px) and (max-width: 480px) 480px, (min-width: 481px) and (max-width: 980px) 980px, (min-width: 981px) 1024px, 100vw\" \/><p id=\"caption-attachment-2373\" class=\"wp-caption-text\">Presentaci\u00f3n de la Semana de Seguridad Vial en el Ayuntamiento (14\/05\/2018)<\/p><\/div><\/p>\n<p><span style=\"font-size: 12pt\">Y si eres alumno\/a, recuerda:<\/span><\/p>\n<p><img loading=\"lazy\" decoding=\"async\" class=\"wp-image-2366 aligncenter size-large\" src=\"https:\/\/blogsaverroes.juntadeandalucia.es\/iesmencialopezdeharo\/files\/2021\/08\/Plan-Director-Centros-Educativos-3-1024x768.jpg\" alt=\"\" width=\"1024\" height=\"768\" srcset=\"https:\/\/blogsaverroes.juntadeandalucia.es\/iesmencialopezdeharo\/files\/2021\/08\/Plan-Director-Centros-Educativos-3-980x735.jpg 980w, https:\/\/blogsaverroes.juntadeandalucia.es\/iesmencialopezdeharo\/files\/2021\/08\/Plan-Director-Centros-Educativos-3-480x360.jpg 480w\" sizes=\"(min-width: 0px) and (max-width: 480px) 480px, (min-width: 481px) and (max-width: 980px) 980px, (min-width: 981px) 1024px, 100vw\" \/><\/p>\n<p>[\/et_pb_text][\/et_pb_column][\/et_pb_row][\/et_pb_section]<\/p>\n","protected":false},"excerpt":{"rendered":"<p>El Plan Director para la Convivencia y Mejora de la Seguridad en los Centros Educativos y sus entornos se crea en el contexto del Consejo Nacional de Seguridad Ciudadana y los acuerdos suscritos entre los Ministerios de Educaci\u00f3n, Cultura y Deporte, Interior y Sanidad, Servicios Sociales e Igualdad, con el objetivo de responder de manera [&hellip;]<\/p>\n","protected":false},"author":11996,"featured_media":0,"parent":0,"menu_order":0,"comment_status":"closed","ping_status":"closed","template":"","meta":{"_et_pb_use_builder":"on","_et_pb_old_content":"","_et_gb_content_width":"","ngg_post_thumbnail":0,"footnotes":""},"aioseo_notices":[],"_links":{"self":[{"href":"https:\/\/blogsaverroes.juntadeandalucia.es\/iesmencialopezdeharo\/wp-json\/wp\/v2\/pages\/1305"}],"collection":[{"href":"https:\/\/blogsaverroes.juntadeandalucia.es\/iesmencialopezdeharo\/wp-json\/wp\/v2\/pages"}],"about":[{"href":"https:\/\/blogsaverroes.juntadeandalucia.es\/iesmencialopezdeharo\/wp-json\/wp\/v2\/types\/page"}],"author":[{"embeddable":true,"href":"https:\/\/blogsaverroes.juntadeandalucia.es\/iesmencialopezdeharo\/wp-json\/wp\/v2\/users\/11996"}],"replies":[{"embeddable":true,"href":"https:\/\/blogsaverroes.juntadeandalucia.es\/iesmencialopezdeharo\/wp-json\/wp\/v2\/comments?post=1305"}],"version-history":[{"count":16,"href":"https:\/\/blogsaverroes.juntadeandalucia.es\/iesmencialopezdeharo\/wp-json\/wp\/v2\/pages\/1305\/revisions"}],"predecessor-version":[{"id":2390,"href":"https:\/\/blogsaverroes.juntadeandalucia.es\/iesmencialopezdeharo\/wp-json\/wp\/v2\/pages\/1305\/revisions\/2390"}],"wp:attachment":[{"href":"https:\/\/blogsaverroes.juntadeandalucia.es\/iesmencialopezdeharo\/wp-json\/wp\/v2\/media?parent=1305"}],"curies":[{"name":"wp","href":"https:\/\/api.w.org\/{rel}","templated":true}]}}