{"id":1360,"date":"2021-01-31T00:46:57","date_gmt":"2021-01-30T23:46:57","guid":{"rendered":"https:\/\/blogsaverroes.juntadeandalucia.es\/iesmencialopezdeharo\/?page_id=1360"},"modified":"2021-02-21T13:23:55","modified_gmt":"2021-02-21T12:23:55","slug":"departamento-de-actividades-c-y-e","status":"publish","type":"page","link":"https:\/\/blogsaverroes.juntadeandalucia.es\/iesmencialopezdeharo\/departamento-de-actividades-c-y-e\/","title":{"rendered":"Departamento de Actividades C. y E."},"content":{"rendered":"<p>[et_pb_section fb_built=&#8221;1&#8243; _builder_version=&#8221;4.5.0&#8243; _module_preset=&#8221;default&#8221;][et_pb_row _builder_version=&#8221;4.5.0&#8243; _module_preset=&#8221;default&#8221;][et_pb_column type=&#8221;4_4&#8243; _builder_version=&#8221;4.5.0&#8243; _module_preset=&#8221;default&#8221;][et_pb_image _builder_version=&#8221;4.5.0&#8243; _module_preset=&#8221;default&#8221; title_text=&#8221;My beautiful picture&#8221; src=&#8221;https:\/\/blogsaverroes.juntadeandalucia.es\/iesmencialopezdeharo\/files\/2021\/01\/HPIM0084-2-scaled.jpg&#8221; height=&#8221;350px&#8221; hover_enabled=&#8221;0&#8243; custom_margin=&#8221;-80px||50px||false|false&#8221;][\/et_pb_image][et_pb_text _builder_version=&#8221;4.5.0&#8243; _module_preset=&#8221;default&#8221;]<\/p>\n<p><span style=\"color: #0000ff\"><strong><span style=\"font-size: 24pt\">Departamento de actividades complementarias y extraescolares<\/span><\/strong><\/span><\/p>\n<p>&nbsp;<\/p>\n<p><span style=\"font-size: 14pt\">El departamento de actividades complementarias y extraescolares promueve, coordina y organiza la realizaci\u00f3n de estas actividades en colaboraci\u00f3n con los departamentos <\/span><span style=\"font-size: 14pt\">de coordinaci\u00f3n did\u00e1ctica.<\/span><\/p>\n<p><span style=\"font-size: 14pt\">La jefatura del departamento de actividades complementarias y extraescolares desempe\u00f1a sus funciones en colaboraci\u00f3n con las jefaturas de los departamentos de coordinaci\u00f3n did\u00e1ctica, con la junta de delegados y delegadas del alumnado, con las asociaciones del alumnado y de sus padres y madres y con quien ostenta la representaci\u00f3n del Ayuntamiento en el Consejo Escolar.<\/span><\/p>\n<p>[\/et_pb_text][\/et_pb_column][\/et_pb_row][\/et_pb_section]<\/p>\n","protected":false},"excerpt":{"rendered":"<p>Departamento de actividades complementarias y extraescolares &nbsp; El departamento de actividades complementarias y extraescolares promueve, coordina y organiza la realizaci\u00f3n de estas actividades en colaboraci\u00f3n con los departamentos de coordinaci\u00f3n did\u00e1ctica. La jefatura del departamento de actividades complementarias y extraescolares desempe\u00f1a sus funciones en colaboraci\u00f3n con las jefaturas de los departamentos de coordinaci\u00f3n did\u00e1ctica, con [&hellip;]<\/p>\n","protected":false},"author":11996,"featured_media":0,"parent":0,"menu_order":0,"comment_status":"closed","ping_status":"closed","template":"","meta":{"_et_pb_use_builder":"on","_et_pb_old_content":"","_et_gb_content_width":"","ngg_post_thumbnail":0,"footnotes":""},"aioseo_notices":[],"_links":{"self":[{"href":"https:\/\/blogsaverroes.juntadeandalucia.es\/iesmencialopezdeharo\/wp-json\/wp\/v2\/pages\/1360"}],"collection":[{"href":"https:\/\/blogsaverroes.juntadeandalucia.es\/iesmencialopezdeharo\/wp-json\/wp\/v2\/pages"}],"about":[{"href":"https:\/\/blogsaverroes.juntadeandalucia.es\/iesmencialopezdeharo\/wp-json\/wp\/v2\/types\/page"}],"author":[{"embeddable":true,"href":"https:\/\/blogsaverroes.juntadeandalucia.es\/iesmencialopezdeharo\/wp-json\/wp\/v2\/users\/11996"}],"replies":[{"embeddable":true,"href":"https:\/\/blogsaverroes.juntadeandalucia.es\/iesmencialopezdeharo\/wp-json\/wp\/v2\/comments?post=1360"}],"version-history":[{"count":11,"href":"https:\/\/blogsaverroes.juntadeandalucia.es\/iesmencialopezdeharo\/wp-json\/wp\/v2\/pages\/1360\/revisions"}],"predecessor-version":[{"id":1792,"href":"https:\/\/blogsaverroes.juntadeandalucia.es\/iesmencialopezdeharo\/wp-json\/wp\/v2\/pages\/1360\/revisions\/1792"}],"wp:attachment":[{"href":"https:\/\/blogsaverroes.juntadeandalucia.es\/iesmencialopezdeharo\/wp-json\/wp\/v2\/media?parent=1360"}],"curies":[{"name":"wp","href":"https:\/\/api.w.org\/{rel}","templated":true}]}}