{"id":35,"date":"2015-03-13T08:21:43","date_gmt":"2015-03-13T08:21:43","guid":{"rendered":"http:\/\/blogsaverroes.juntadeandalucia.es\/pre\/ceip\/?page_id=35"},"modified":"2019-10-18T08:33:00","modified_gmt":"2019-10-18T08:33:00","slug":"el-centro-2","status":"publish","type":"page","link":"https:\/\/blogsaverroes.juntadeandalucia.es\/iesmgr\/el-centro-2\/","title":{"rendered":"Datos del centro"},"content":{"rendered":"<p>[googlemaps https:\/\/www.google.com\/maps\/embed?pb=!1m18!1m12!1m3!1d3170.1542197128!2d-2.150465685123793!3d37.38618497983212!2m3!1f0!2f0!3f0!3m2!1i1024!2i768!4f13.1!3m3!1m2!1s0xd6549de46fafec9%3A0x1486bf7790d7e8b1!2sI.E.S.%20Mart%C3%ADn%20Garc%C3%ADa%20Ramos!5e0!3m2!1ses!2ses!4v1571347708642!5m2!1ses!2ses&amp;w=600&amp;h=450]<\/p>\n<p><a href=\"https:\/\/blogsaverroes.juntadeandalucia.es\/iesmgr\/files\/2019\/10\/Fachada-IES-MGR-1.jpg\"><img fetchpriority=\"high\" decoding=\"async\" class=\"alignnone wp-image-2496\" src=\"https:\/\/blogsaverroes.juntadeandalucia.es\/iesmgr\/files\/2019\/10\/Fachada-IES-MGR-1-300x154.jpg\" alt=\"\" width=\"599\" height=\"308\" srcset=\"https:\/\/blogsaverroes.juntadeandalucia.es\/iesmgr\/files\/2019\/10\/Fachada-IES-MGR-1-300x154.jpg 300w, https:\/\/blogsaverroes.juntadeandalucia.es\/iesmgr\/files\/2019\/10\/Fachada-IES-MGR-1-24x12.jpg 24w, https:\/\/blogsaverroes.juntadeandalucia.es\/iesmgr\/files\/2019\/10\/Fachada-IES-MGR-1-36x18.jpg 36w, https:\/\/blogsaverroes.juntadeandalucia.es\/iesmgr\/files\/2019\/10\/Fachada-IES-MGR-1-48x25.jpg 48w, https:\/\/blogsaverroes.juntadeandalucia.es\/iesmgr\/files\/2019\/10\/Fachada-IES-MGR-1.jpg 639w\" sizes=\"(max-width: 599px) 100vw, 599px\" \/><\/a><\/p>\n<h4>Datos de contacto<\/h4>\n<p>I.E.S. MART\u00cdN GARC\u00cdA RAMOS<\/p>\n<p><strong>Direcci\u00f3n:<\/strong> Ctra. de la Estaci\u00f3n, 8, 04800 Albox, Almer\u00eda<br \/>\n<strong>Tel\u00e9fono: 671 569 693&nbsp; FAX: 950 639 949<\/strong><br \/>\n<strong>Email:<\/strong>&nbsp;<\/p>\n<p><strong>C\u00f3digo: 04005284<\/strong><\/p>\n<h4><strong>Horarios<\/strong><\/h4>\n<p>Reflejar el horario de apertura del centro: aula matinal, actividades lectivas, Plan de Acompa\u00f1amiento, talleres extraescolares organizados desde el AMPA, etc.<\/p>\n<h4><strong>Oferta educativa<\/strong><\/h4>\n<p>Una breve descripci\u00f3n de las ense\u00f1anzas ofrecidas en el centro, con posibilidad de <a title=\"Educaci\u00f3n infantil\" href=\"http:\/\/blogsaverroes.juntadeandalucia.es\/temafrontieries\/educacion-infantil\/\">enlazar <\/a>a otras secciones informativas de la web.<\/p>\n<h4>Instalaciones<\/h4>\n<p><p>no se han encontrado im\u00e1genes<\/p><\/p>\n<p>&nbsp;<\/p>\n","protected":false},"excerpt":{"rendered":"<p>[googlemaps https:\/\/www.google.com\/maps\/embed?pb=!1m18!1m12!1m3!1d3170.1542197128!2d-2.150465685123793!3d37.38618497983212!2m3!1f0!2f0!3f0!3m2!1i1024!2i768!4f13.1!3m3!1m2!1s0xd6549de46fafec9%3A0x1486bf7790d7e8b1!2sI.E.S.%20Mart%C3%ADn%20Garc%C3%ADa%20Ramos!5e0!3m2!1ses!2ses!4v1571347708642!5m2!1ses!2ses&amp;w=600&amp;h=450] Datos de contacto I.E.S. MART\u00cdN GARC\u00cdA RAMOS Direcci\u00f3n: Ctra. de la Estaci\u00f3n, 8, 04800 Albox, Almer\u00eda Tel\u00e9fono: 671 569 693&nbsp; FAX: 950 639 949 Email:&nbsp; C\u00f3digo: 04005284 Horarios Reflejar el horario de apertura del centro: aula matinal, actividades lectivas, Plan de Acompa\u00f1amiento, talleres extraescolares organizados desde el AMPA, etc. Oferta educativa Una breve [&hellip;]<\/p>\n","protected":false},"author":1,"featured_media":2496,"parent":0,"menu_order":0,"comment_status":"closed","ping_status":"open","template":"","meta":{"ngg_post_thumbnail":0,"footnotes":"","_mc_calendar":[]},"aioseo_notices":[],"_links":{"self":[{"href":"https:\/\/blogsaverroes.juntadeandalucia.es\/iesmgr\/wp-json\/wp\/v2\/pages\/35"}],"collection":[{"href":"https:\/\/blogsaverroes.juntadeandalucia.es\/iesmgr\/wp-json\/wp\/v2\/pages"}],"about":[{"href":"https:\/\/blogsaverroes.juntadeandalucia.es\/iesmgr\/wp-json\/wp\/v2\/types\/page"}],"author":[{"embeddable":true,"href":"https:\/\/blogsaverroes.juntadeandalucia.es\/iesmgr\/wp-json\/wp\/v2\/users\/1"}],"replies":[{"embeddable":true,"href":"https:\/\/blogsaverroes.juntadeandalucia.es\/iesmgr\/wp-json\/wp\/v2\/comments?post=35"}],"version-history":[{"count":23,"href":"https:\/\/blogsaverroes.juntadeandalucia.es\/iesmgr\/wp-json\/wp\/v2\/pages\/35\/revisions"}],"predecessor-version":[{"id":2497,"href":"https:\/\/blogsaverroes.juntadeandalucia.es\/iesmgr\/wp-json\/wp\/v2\/pages\/35\/revisions\/2497"}],"wp:featuredmedia":[{"embeddable":true,"href":"https:\/\/blogsaverroes.juntadeandalucia.es\/iesmgr\/wp-json\/wp\/v2\/media\/2496"}],"wp:attachment":[{"href":"https:\/\/blogsaverroes.juntadeandalucia.es\/iesmgr\/wp-json\/wp\/v2\/media?parent=35"}],"curies":[{"name":"wp","href":"https:\/\/api.w.org\/{rel}","templated":true}]}}