{"id":164,"date":"2015-03-17T07:52:28","date_gmt":"2015-03-17T07:52:28","guid":{"rendered":"http:\/\/blogsaverroes.juntadeandalucia.es\/pre\/ceip\/?page_id=164"},"modified":"2021-11-02T11:05:03","modified_gmt":"2021-11-02T11:05:03","slug":"ingles-2","status":"publish","type":"page","link":"https:\/\/blogsaverroes.juntadeandalucia.es\/iesmiguelcrespo\/ingles-2\/","title":{"rendered":"Ingl\u00e9s"},"content":{"rendered":"<p><img loading=\"lazy\" decoding=\"async\" class=\"aligncenter size-medium wp-image-2116\" src=\"http:\/\/blogsaverroes.juntadeandalucia.es\/temapinboardies\/files\/2015\/03\/ingles-300x80.png\" alt=\"ingles\" width=\"300\" height=\"80\" srcset=\"https:\/\/blogsaverroes.juntadeandalucia.es\/iesmiguelcrespo\/files\/2015\/03\/ingles-300x80.png 300w, https:\/\/blogsaverroes.juntadeandalucia.es\/iesmiguelcrespo\/files\/2015\/03\/ingles.png 640w\" sizes=\"(max-width: 300px) 100vw, 300px\" \/><\/p>\n<p><b>DEPARTAMENTO DE INGL\u00c9S 2021-22&nbsp;<\/b><\/p>\n<p><span style=\"font-weight: 400\">El departamento del IES Miguel Crespo est\u00e1 compuesto por las siguientes componentes:&nbsp;<\/span><\/p>\n<p><span style=\"font-weight: 400\">D\u00f1a. Silvia S\u00e1nchez Pedrajas que imparte ingl\u00e9s en 4\u00ba ESO A, B y C refuerzo de materias&nbsp; troncales en 4\u00ba ESO y FPB2. Es tutora de 4\u00ba C&nbsp;<\/span><\/p>\n<p><span style=\"font-weight: 400\">D\u00f1a. Rita Ortiz A\u00f1\u00f3n que imparte ingl\u00e9s en 2\u00ba ESO A y B Y 3\u00ba ESO A, B y C.&nbsp; D\u00f1a. Amelia Le\u00f3n Sol\u00eds que imparte ingl\u00e9s en 1\u00ba ESO A Y B y es jefa de departamento,&nbsp; coordinadora biling\u00fce.&nbsp;<\/span><\/p>\n<p><span style=\"font-weight: 400\">El departamento de ingl\u00e9s pertenece al \u00e1rea socio-ling\u00fc\u00edstica, cuyo coordinador es D. Fernando&nbsp; Molero Campos, el cual traslada cualquier tipo de informaci\u00f3n, requerimiento o inter\u00e9s de esta&nbsp; asignatura al ETCP. Las reuniones se realizar\u00e1n el martes de 9:30 a 10:30.&nbsp;<\/span><\/p>\n<p><span style=\"font-weight: 400\">Las reuniones del departamento durante el curso escolar 2021\/22 tendr\u00e1n lugar los&nbsp; mi\u00e9rcoles de 10:30 a 11:30 horas. En \u00e9stas se tomar\u00e1n las decisiones oportunas con respecto al&nbsp; funcionamiento y desarrollo curricular de la materia as\u00ed como de otros aspectos importantes&nbsp; relacionados con el alumnado y el proceso de ense\u00f1anza-aprendizaje.&nbsp;&nbsp;<\/span><\/p>\n<p><span style=\"font-weight: 400\">La materia de Libre disposici\u00f3n \u00abExpresi\u00f3n y Comunicaci\u00f3n Oral\u00bb es impartida por D. Pablo&nbsp; Guerrero Cano (1\u00ba A) y D. Juan Luis Ram\u00edrez Zurita (1\u00ba B) que estar\u00e1n coordinados con la jefa&nbsp; de departamento de ingl\u00e9s para llevar a cabo la programaci\u00f3n elaborada para esta materia. La&nbsp; materia de ingl\u00e9s en el m\u00f3dulo de FPB1 es impartida por D. Ignacio Peralta Contreras y estar\u00e1&nbsp; coordinado con la jefa de departamento.<\/span><\/p>\n","protected":false},"excerpt":{"rendered":"<p>DEPARTAMENTO DE INGL\u00c9S 2021-22&nbsp; El departamento del IES Miguel Crespo est\u00e1 compuesto por las siguientes componentes:&nbsp; D\u00f1a. Silvia S\u00e1nchez Pedrajas que imparte ingl\u00e9s en 4\u00ba ESO A, B y C refuerzo de materias&nbsp; troncales en 4\u00ba ESO y FPB2. Es tutora de 4\u00ba C&nbsp; D\u00f1a. Rita Ortiz A\u00f1\u00f3n que imparte ingl\u00e9s en 2\u00ba ESO A [&hellip;]<\/p>\n","protected":false},"author":1,"featured_media":0,"parent":0,"menu_order":0,"comment_status":"closed","ping_status":"open","template":"","meta":{"ngg_post_thumbnail":0,"footnotes":"","_mc_calendar":[]},"aioseo_notices":[],"_links":{"self":[{"href":"https:\/\/blogsaverroes.juntadeandalucia.es\/iesmiguelcrespo\/wp-json\/wp\/v2\/pages\/164"}],"collection":[{"href":"https:\/\/blogsaverroes.juntadeandalucia.es\/iesmiguelcrespo\/wp-json\/wp\/v2\/pages"}],"about":[{"href":"https:\/\/blogsaverroes.juntadeandalucia.es\/iesmiguelcrespo\/wp-json\/wp\/v2\/types\/page"}],"author":[{"embeddable":true,"href":"https:\/\/blogsaverroes.juntadeandalucia.es\/iesmiguelcrespo\/wp-json\/wp\/v2\/users\/1"}],"replies":[{"embeddable":true,"href":"https:\/\/blogsaverroes.juntadeandalucia.es\/iesmiguelcrespo\/wp-json\/wp\/v2\/comments?post=164"}],"version-history":[{"count":4,"href":"https:\/\/blogsaverroes.juntadeandalucia.es\/iesmiguelcrespo\/wp-json\/wp\/v2\/pages\/164\/revisions"}],"predecessor-version":[{"id":3250,"href":"https:\/\/blogsaverroes.juntadeandalucia.es\/iesmiguelcrespo\/wp-json\/wp\/v2\/pages\/164\/revisions\/3250"}],"wp:attachment":[{"href":"https:\/\/blogsaverroes.juntadeandalucia.es\/iesmiguelcrespo\/wp-json\/wp\/v2\/media?parent=164"}],"curies":[{"name":"wp","href":"https:\/\/api.w.org\/{rel}","templated":true}]}}