{"id":3110,"date":"2020-11-27T11:37:33","date_gmt":"2020-11-27T11:37:33","guid":{"rendered":"https:\/\/blogsaverroes.juntadeandalucia.es\/iesmiguelcrespo\/?page_id=3110"},"modified":"2024-01-30T11:16:05","modified_gmt":"2024-01-30T11:16:05","slug":"programa-tde","status":"publish","type":"page","link":"https:\/\/blogsaverroes.juntadeandalucia.es\/iesmiguelcrespo\/programa-tde\/","title":{"rendered":"Programa #TDE"},"content":{"rendered":"<h1 style=\"text-align: center\"><a href=\"https:\/\/blogsaverroes.juntadeandalucia.es\/iesmiguelcrespo\/files\/2020\/11\/logo_TDE.png\"><img loading=\"lazy\" decoding=\"async\" class=\"alignnone wp-image-3111 size-thumbnail aligncenter\" src=\"https:\/\/blogsaverroes.juntadeandalucia.es\/iesmiguelcrespo\/files\/2020\/11\/logo_TDE-150x150.png\" alt=\"\" width=\"150\" height=\"150\" srcset=\"https:\/\/blogsaverroes.juntadeandalucia.es\/iesmiguelcrespo\/files\/2020\/11\/logo_TDE-150x150.png 150w, https:\/\/blogsaverroes.juntadeandalucia.es\/iesmiguelcrespo\/files\/2020\/11\/logo_TDE-300x300.png 300w, https:\/\/blogsaverroes.juntadeandalucia.es\/iesmiguelcrespo\/files\/2020\/11\/logo_TDE-100x100.png 100w, https:\/\/blogsaverroes.juntadeandalucia.es\/iesmiguelcrespo\/files\/2020\/11\/logo_TDE-24x24.png 24w, https:\/\/blogsaverroes.juntadeandalucia.es\/iesmiguelcrespo\/files\/2020\/11\/logo_TDE-36x36.png 36w, https:\/\/blogsaverroes.juntadeandalucia.es\/iesmiguelcrespo\/files\/2020\/11\/logo_TDE-48x48.png 48w, https:\/\/blogsaverroes.juntadeandalucia.es\/iesmiguelcrespo\/files\/2020\/11\/logo_TDE-50x50.png 50w, https:\/\/blogsaverroes.juntadeandalucia.es\/iesmiguelcrespo\/files\/2020\/11\/logo_TDE.png 462w\" sizes=\"(max-width: 150px) 100vw, 150px\" \/><\/a><span style=\"text-decoration: underline\"><strong>Programa de Transformaci\u00f3n Digital Educativa<\/strong><\/span><\/h1>\n<h3><a href=\"https:\/\/portals.ced.junta-andalucia.es\/educacion\/portals\/web\/transformacion-digital-educativa\" target=\"_blank\" rel=\"noopener noreferrer\">Web de Transformaci\u00f3n Digital Educativa de la Consejer\u00eda de Educaci\u00f3n<\/a><\/h3>\n<p>Visita esta p\u00e1gina para obtener informaci\u00f3n oficial y completa sobre el programa.<\/p>\n<h3><a href=\"https:\/\/blogsaverroes.juntadeandalucia.es\/tde\/\" target=\"_blank\" rel=\"noopener noreferrer\">Blog #TDE<\/a><\/h3>\n<p>Blog para el profesorado, con informaci\u00f3n sobre el programa y posibilidad de participaci\u00f3n en el mismo.<\/p>\n<h3><a href=\"https:\/\/planactuaciondigital2324.my.canva.site\/\" target=\"_blank\" rel=\"noopener noreferrer\">Plan de actuaci\u00f3n digital 2023\/2024<\/a><\/h3>\n","protected":false},"excerpt":{"rendered":"<p>Programa de Transformaci\u00f3n Digital Educativa Web de Transformaci\u00f3n Digital Educativa de la Consejer\u00eda de Educaci\u00f3n Visita esta p\u00e1gina para obtener informaci\u00f3n oficial y completa sobre el programa. Blog #TDE Blog para el profesorado, con informaci\u00f3n sobre el programa y posibilidad de participaci\u00f3n en el mismo. Plan de actuaci\u00f3n digital 2023\/2024<\/p>\n","protected":false},"author":6549,"featured_media":0,"parent":0,"menu_order":0,"comment_status":"closed","ping_status":"closed","template":"","meta":{"ngg_post_thumbnail":0,"footnotes":"","_mc_calendar":[]},"aioseo_notices":[],"_links":{"self":[{"href":"https:\/\/blogsaverroes.juntadeandalucia.es\/iesmiguelcrespo\/wp-json\/wp\/v2\/pages\/3110"}],"collection":[{"href":"https:\/\/blogsaverroes.juntadeandalucia.es\/iesmiguelcrespo\/wp-json\/wp\/v2\/pages"}],"about":[{"href":"https:\/\/blogsaverroes.juntadeandalucia.es\/iesmiguelcrespo\/wp-json\/wp\/v2\/types\/page"}],"author":[{"embeddable":true,"href":"https:\/\/blogsaverroes.juntadeandalucia.es\/iesmiguelcrespo\/wp-json\/wp\/v2\/users\/6549"}],"replies":[{"embeddable":true,"href":"https:\/\/blogsaverroes.juntadeandalucia.es\/iesmiguelcrespo\/wp-json\/wp\/v2\/comments?post=3110"}],"version-history":[{"count":18,"href":"https:\/\/blogsaverroes.juntadeandalucia.es\/iesmiguelcrespo\/wp-json\/wp\/v2\/pages\/3110\/revisions"}],"predecessor-version":[{"id":3282,"href":"https:\/\/blogsaverroes.juntadeandalucia.es\/iesmiguelcrespo\/wp-json\/wp\/v2\/pages\/3110\/revisions\/3282"}],"wp:attachment":[{"href":"https:\/\/blogsaverroes.juntadeandalucia.es\/iesmiguelcrespo\/wp-json\/wp\/v2\/media?parent=3110"}],"curies":[{"name":"wp","href":"https:\/\/api.w.org\/{rel}","templated":true}]}}