{"id":77,"date":"2015-03-16T06:54:56","date_gmt":"2015-03-16T06:54:56","guid":{"rendered":"http:\/\/blogsaverroes.juntadeandalucia.es\/pre\/ceip\/?page_id=77"},"modified":"2025-06-11T09:04:35","modified_gmt":"2025-06-11T09:04:35","slug":"secretaria","status":"publish","type":"page","link":"https:\/\/blogsaverroes.juntadeandalucia.es\/iesmiguelcrespo\/secretaria\/","title":{"rendered":"Secretar\u00eda"},"content":{"rendered":"<p>La <strong>Secretar\u00eda<\/strong> desarrolla muchas funciones importantes en la vida de un centro, especialmente en la relaci\u00f3n que mantiene con las familias en los diferentes tr\u00e1mites administrativos a lo largo de la escolarizaci\u00f3n: admisi\u00f3n, matr\u00edcula, comedor escolar, becas, etc.<\/p>\n<p>Es por esto que la Web, como puerta de entrada y canal de informaci\u00f3n a la comunidad educativa, deber\u00eda informar sobre el horario de la secretar\u00eda, tr\u00e1mites a realizar, plazos, documentaci\u00f3n, etc., con el objetivo de conseguir una mayor <strong>transparencia, agilidad y eficiencia<\/strong><\/p>\n<p style=\"text-align: center\"><strong>RELACI\u00d3N DE DOCUMENTOS PARA DESCARGAR<\/strong><\/p>\n<p><a href=\"https:\/\/blogsaverroes.juntadeandalucia.es\/iesmiguelcrespo\/files\/2025\/02\/MODELO-DE-JUSTIFICANTE-HUELGA.pdf\">Justificante de Huelga<\/a><\/p>\n<p style=\"text-align: center\"><strong>CONVALIDACI\u00d3N DE LA ASIGNATURA DE M\u00daSICA Y\/O DE LA OPTATIVA DE LA COMUNIDAD AUT\u00d3NOMA<\/strong><\/p>\n<ul>\n<li>Convalidaci\u00f3n de la asignatura de M\u00fasica (de 1\u00ba, 2\u00ba o 4\u00ba):\n<ul>\n<li><a href=\"https:\/\/blogsaverroes.juntadeandalucia.es\/iesmiguelcrespo\/files\/2025\/06\/Anexo-VI-Convalidacion-Musica.pdf\">Anexo VI<\/a><\/li>\n<\/ul>\n<\/li>\n<li>Dispensa a las clases de M\u00fasica\n<ul>\n<li><a href=\"https:\/\/blogsaverroes.juntadeandalucia.es\/iesmiguelcrespo\/files\/2025\/06\/Anexo-VIII-Dispensa-a-las-clases-de-Musica.pdf\">Anexo VIII<\/a><\/li>\n<\/ul>\n<\/li>\n<li>Convalidaci\u00f3n de la asignatura optativa (hasta el 15 de septiembre)\n<ul>\n<li><a href=\"https:\/\/blogsaverroes.juntadeandalucia.es\/iesmiguelcrespo\/files\/2025\/06\/Anexo-IX-Convalidacion-optativa.pdf\">Anexo IX<\/a><\/li>\n<\/ul>\n<\/li>\n<li>Certificado de estudios del \u00faltimo curso realizado en las Ense\u00f1anzas Profesionales de M\u00fasica.<\/li>\n<li>Certificado de que se encuentra matriculado\/a en dichas ense\u00f1anzas (antes del 15 de octubre)<\/li>\n<\/ul>\n","protected":false},"excerpt":{"rendered":"<p>La Secretar\u00eda desarrolla muchas funciones importantes en la vida de un centro, especialmente en la relaci\u00f3n que mantiene con las familias en los diferentes tr\u00e1mites administrativos a lo largo de la escolarizaci\u00f3n: admisi\u00f3n, matr\u00edcula, comedor escolar, becas, etc. Es por esto que la Web, como puerta de entrada y canal de informaci\u00f3n a la comunidad [&hellip;]<\/p>\n","protected":false},"author":1,"featured_media":0,"parent":0,"menu_order":0,"comment_status":"closed","ping_status":"open","template":"","meta":{"ngg_post_thumbnail":0,"footnotes":"","_mc_calendar":[]},"aioseo_notices":[],"_links":{"self":[{"href":"https:\/\/blogsaverroes.juntadeandalucia.es\/iesmiguelcrespo\/wp-json\/wp\/v2\/pages\/77"}],"collection":[{"href":"https:\/\/blogsaverroes.juntadeandalucia.es\/iesmiguelcrespo\/wp-json\/wp\/v2\/pages"}],"about":[{"href":"https:\/\/blogsaverroes.juntadeandalucia.es\/iesmiguelcrespo\/wp-json\/wp\/v2\/types\/page"}],"author":[{"embeddable":true,"href":"https:\/\/blogsaverroes.juntadeandalucia.es\/iesmiguelcrespo\/wp-json\/wp\/v2\/users\/1"}],"replies":[{"embeddable":true,"href":"https:\/\/blogsaverroes.juntadeandalucia.es\/iesmiguelcrespo\/wp-json\/wp\/v2\/comments?post=77"}],"version-history":[{"count":12,"href":"https:\/\/blogsaverroes.juntadeandalucia.es\/iesmiguelcrespo\/wp-json\/wp\/v2\/pages\/77\/revisions"}],"predecessor-version":[{"id":3621,"href":"https:\/\/blogsaverroes.juntadeandalucia.es\/iesmiguelcrespo\/wp-json\/wp\/v2\/pages\/77\/revisions\/3621"}],"wp:attachment":[{"href":"https:\/\/blogsaverroes.juntadeandalucia.es\/iesmiguelcrespo\/wp-json\/wp\/v2\/media?parent=77"}],"curies":[{"name":"wp","href":"https:\/\/api.w.org\/{rel}","templated":true}]}}