{"id":869,"date":"2015-03-16T07:03:52","date_gmt":"2015-03-16T07:03:52","guid":{"rendered":"http:\/\/blogsaverroes.juntadeandalucia.es\/pre\/ceip\/?page_id=84"},"modified":"2020-05-11T06:23:54","modified_gmt":"2020-05-11T06:23:54","slug":"calendario-escolar","status":"publish","type":"page","link":"https:\/\/blogsaverroes.juntadeandalucia.es\/iesmiguelcrespo\/calendario-escolar\/","title":{"rendered":"Calendario escolar"},"content":{"rendered":"<p style=\"text-align: left\"><strong>Calendario escolar 2019-2020.<\/strong><\/p>\n<h4 style=\"text-align: center\"><strong>D\u00edas lectivos y festivos de la localidad.<\/strong><\/h4>\n<p>&nbsp;<\/p>\n<p style=\"text-align: center\"><a href=\"https:\/\/blogsaverroes.juntadeandalucia.es\/iesmiguelcrespo\/files\/2015\/06\/C\u00f3rdoba-Calendario-Escolar-2019-2020.jpg\"><img loading=\"lazy\" decoding=\"async\" class=\"alignnone wp-image-2403 size-large\" src=\"https:\/\/blogsaverroes.juntadeandalucia.es\/iesmiguelcrespo\/files\/2015\/06\/C\u00f3rdoba-Calendario-Escolar-2019-2020-788x1024.jpg\" alt=\"\" width=\"660\" height=\"858\" srcset=\"https:\/\/blogsaverroes.juntadeandalucia.es\/iesmiguelcrespo\/files\/2015\/06\/C\u00f3rdoba-Calendario-Escolar-2019-2020-788x1024.jpg 788w, https:\/\/blogsaverroes.juntadeandalucia.es\/iesmiguelcrespo\/files\/2015\/06\/C\u00f3rdoba-Calendario-Escolar-2019-2020-231x300.jpg 231w, https:\/\/blogsaverroes.juntadeandalucia.es\/iesmiguelcrespo\/files\/2015\/06\/C\u00f3rdoba-Calendario-Escolar-2019-2020-768x999.jpg 768w, https:\/\/blogsaverroes.juntadeandalucia.es\/iesmiguelcrespo\/files\/2015\/06\/C\u00f3rdoba-Calendario-Escolar-2019-2020-700x910.jpg 700w, https:\/\/blogsaverroes.juntadeandalucia.es\/iesmiguelcrespo\/files\/2015\/06\/C\u00f3rdoba-Calendario-Escolar-2019-2020-18x24.jpg 18w, https:\/\/blogsaverroes.juntadeandalucia.es\/iesmiguelcrespo\/files\/2015\/06\/C\u00f3rdoba-Calendario-Escolar-2019-2020-28x36.jpg 28w, https:\/\/blogsaverroes.juntadeandalucia.es\/iesmiguelcrespo\/files\/2015\/06\/C\u00f3rdoba-Calendario-Escolar-2019-2020-37x48.jpg 37w, https:\/\/blogsaverroes.juntadeandalucia.es\/iesmiguelcrespo\/files\/2015\/06\/C\u00f3rdoba-Calendario-Escolar-2019-2020.jpg 1231w\" sizes=\"(max-width: 660px) 100vw, 660px\" \/><\/a><\/p>\n<p>Los festivos locales en Fern\u00e1n N\u00fa\u00f1ez son: 20 y 21 de febrero (Jueves Lardero) y 13 de abril (Lunes de Pascua)<\/p>\n","protected":false},"excerpt":{"rendered":"<p>Calendario escolar 2019-2020. D\u00edas lectivos y festivos de la localidad. &nbsp; Los festivos locales en Fern\u00e1n N\u00fa\u00f1ez son: 20 y 21 de febrero (Jueves Lardero) y 13 de abril (Lunes de Pascua)<\/p>\n","protected":false},"author":1,"featured_media":0,"parent":0,"menu_order":0,"comment_status":"closed","ping_status":"open","template":"page-template-full.php","meta":{"ngg_post_thumbnail":0,"footnotes":"","_mc_calendar":[]},"aioseo_notices":[],"_links":{"self":[{"href":"https:\/\/blogsaverroes.juntadeandalucia.es\/iesmiguelcrespo\/wp-json\/wp\/v2\/pages\/869"}],"collection":[{"href":"https:\/\/blogsaverroes.juntadeandalucia.es\/iesmiguelcrespo\/wp-json\/wp\/v2\/pages"}],"about":[{"href":"https:\/\/blogsaverroes.juntadeandalucia.es\/iesmiguelcrespo\/wp-json\/wp\/v2\/types\/page"}],"author":[{"embeddable":true,"href":"https:\/\/blogsaverroes.juntadeandalucia.es\/iesmiguelcrespo\/wp-json\/wp\/v2\/users\/1"}],"replies":[{"embeddable":true,"href":"https:\/\/blogsaverroes.juntadeandalucia.es\/iesmiguelcrespo\/wp-json\/wp\/v2\/comments?post=869"}],"version-history":[{"count":9,"href":"https:\/\/blogsaverroes.juntadeandalucia.es\/iesmiguelcrespo\/wp-json\/wp\/v2\/pages\/869\/revisions"}],"predecessor-version":[{"id":2408,"href":"https:\/\/blogsaverroes.juntadeandalucia.es\/iesmiguelcrespo\/wp-json\/wp\/v2\/pages\/869\/revisions\/2408"}],"wp:attachment":[{"href":"https:\/\/blogsaverroes.juntadeandalucia.es\/iesmiguelcrespo\/wp-json\/wp\/v2\/media?parent=869"}],"curies":[{"name":"wp","href":"https:\/\/api.w.org\/{rel}","templated":true}]}}