{"id":10724,"date":"2016-12-04T13:48:19","date_gmt":"2016-12-04T11:48:19","guid":{"rendered":"http:\/\/blogsaverroes.juntadeandalucia.es\/iesmiguelservet\/?page_id=10724"},"modified":"2023-10-26T19:57:19","modified_gmt":"2023-10-26T17:57:19","slug":"servet-radio-sevilla","status":"publish","type":"page","link":"https:\/\/blogsaverroes.juntadeandalucia.es\/iesmiguelservet\/servet-radio-sevilla\/","title":{"rendered":"Servet Radio Sevilla"},"content":{"rendered":"<p>El 21 de octubre de 2014, comenzamos con una entrevista a nuestro reci\u00e9n nombrado director, Don Jos\u00e9 Joaqu\u00edn Calzada Canalejo, este proyecto de&nbsp;\u00abradio de instituto\u00bb a trav\u00e9s de publicaciones de podcasts en un servidor llamado Spreaker. Desde all\u00ed hemos transmitido numerosas entrevistas que, creemos, son un fiel reflejo de lo que queremos ser. Un lugar en el que aparezca \u00abla banda sonora de nuestra vida escolar\u00bb.<\/p>\n<p>Servet Radio Sevilla es nuestra radio, \u00abLa Radio del Servet\u00bb. Desde este sitio web, ahora, seguimos ofreciendo los programas, entrevistas y reportajes que el alumnado del centro elabora para tomarle el pulso al d\u00eda a d\u00eda de la vida escolar de nuestro centro. Para una mejor organizaci\u00f3n y localizaci\u00f3n de los programas emitidos haremos una distribuci\u00f3n de programas por curso escolar y en orden cronol\u00f3gico en el que aparecer\u00e1n primero las entradas m\u00e1s recientes y un acceso diferenciado a las emisiones publicadas anteriormente en Spreaker (cursos 2014\/15 y 2015\/16).<\/p>\n<ul>\n<li><a href=\"http:\/\/blogsaverroes.juntadeandalucia.es\/iesmiguelservet\/srs-spreaker\/\">SRS en Spreaker (cursos 2014\/15 y 2015\/16)<\/a><\/li>\n<li><a href=\"http:\/\/blogsaverroes.juntadeandalucia.es\/iesmiguelservet\/s-r-s-201617\/\">SRS curso 2016\/17<\/a><\/li>\n<li><a href=\"https:\/\/blogsaverroes.juntadeandalucia.es\/iesmiguelservet\/programas-srs-curso-201718\/\">SRS curso 2017\/18<\/a><\/li>\n<li><a href=\"https:\/\/blogsaverroes.juntadeandalucia.es\/iesmiguelservet\/programas-srs-curso-201819\/\">SRS curso 2018\/19<\/a><\/li>\n<li><a href=\"https:\/\/blogsaverroes.juntadeandalucia.es\/iesmiguelservet\/programas-srs-2019-20\/\" target=\"_blank\" rel=\"noopener noreferrer\">SRS curso 2019\/20<\/a><\/li>\n<li>SRS curso 2020\/21&#8211;&gt; Restringido por Protocolo COVID-19 (No se realiz\u00f3 programaci\u00f3n)<\/li>\n<li><a href=\"https:\/\/blogsaverroes.juntadeandalucia.es\/iesmiguelservet\/programas-srs-curso-2021-22\/\" target=\"_blank\" rel=\"noopener noreferrer\">SRS curso 2021\/22<\/a><\/li>\n<li><a href=\"https:\/\/blogsaverroes.juntadeandalucia.es\/iesmiguelservet\/programas-srs-curso-2022-23\/\">SRS curso 2022\/23<\/a><\/li>\n<li><a href=\"https:\/\/blogsaverroes.juntadeandalucia.es\/iesmiguelservet\/programas-srs-curso-2023-24\/\" target=\"_blank\" rel=\"noopener noreferrer\">SRS curso 2023\/24<\/a><\/li>\n<\/ul>\n","protected":false},"excerpt":{"rendered":"<p>El 21 de octubre de 2014, comenzamos con una entrevista a nuestro reci\u00e9n nombrado director, Don Jos\u00e9 Joaqu\u00edn Calzada Canalejo, este proyecto de&nbsp;\u00abradio de instituto\u00bb a trav\u00e9s de publicaciones de podcasts en un servidor&#46;&#46;&#46;<\/p>\n","protected":false},"author":3727,"featured_media":10775,"parent":0,"menu_order":0,"comment_status":"open","ping_status":"open","template":"","meta":{"ngg_post_thumbnail":0,"footnotes":"","_mc_calendar":[]},"aioseo_notices":[],"_links":{"self":[{"href":"https:\/\/blogsaverroes.juntadeandalucia.es\/iesmiguelservet\/wp-json\/wp\/v2\/pages\/10724"}],"collection":[{"href":"https:\/\/blogsaverroes.juntadeandalucia.es\/iesmiguelservet\/wp-json\/wp\/v2\/pages"}],"about":[{"href":"https:\/\/blogsaverroes.juntadeandalucia.es\/iesmiguelservet\/wp-json\/wp\/v2\/types\/page"}],"author":[{"embeddable":true,"href":"https:\/\/blogsaverroes.juntadeandalucia.es\/iesmiguelservet\/wp-json\/wp\/v2\/users\/3727"}],"replies":[{"embeddable":true,"href":"https:\/\/blogsaverroes.juntadeandalucia.es\/iesmiguelservet\/wp-json\/wp\/v2\/comments?post=10724"}],"version-history":[{"count":14,"href":"https:\/\/blogsaverroes.juntadeandalucia.es\/iesmiguelservet\/wp-json\/wp\/v2\/pages\/10724\/revisions"}],"predecessor-version":[{"id":49478,"href":"https:\/\/blogsaverroes.juntadeandalucia.es\/iesmiguelservet\/wp-json\/wp\/v2\/pages\/10724\/revisions\/49478"}],"wp:featuredmedia":[{"embeddable":true,"href":"https:\/\/blogsaverroes.juntadeandalucia.es\/iesmiguelservet\/wp-json\/wp\/v2\/media\/10775"}],"wp:attachment":[{"href":"https:\/\/blogsaverroes.juntadeandalucia.es\/iesmiguelservet\/wp-json\/wp\/v2\/media?parent=10724"}],"curies":[{"name":"wp","href":"https:\/\/api.w.org\/{rel}","templated":true}]}}