{"id":33180,"date":"2019-10-23T21:04:36","date_gmt":"2019-10-23T19:04:36","guid":{"rendered":"https:\/\/blogsaverroes.juntadeandalucia.es\/iesmiguelservet\/?page_id=33180"},"modified":"2026-01-29T15:35:47","modified_gmt":"2026-01-29T13:35:47","slug":"viajes-de-1oeso","status":"publish","type":"page","link":"https:\/\/blogsaverroes.juntadeandalucia.es\/iesmiguelservet\/viajes-de-1oeso\/","title":{"rendered":"Viajes de 1\u00ba ESO"},"content":{"rendered":"<p>Informaci\u00f3n sobre&nbsp; &nbsp;los&nbsp; viajes y salidas del centro propuestos para realizar durante el presente curso escolar para el alumnado de 1\u00ba ESO:<\/p>\n<ul>\n<li>Campamento de inmersi\u00f3n ling\u00fc\u00edstica (C\u00e1diz)<\/li>\n<li>Visita a Gibraltar<\/li>\n<li>Senderismo por la Sierra Norte<\/li>\n<\/ul>\n","protected":false},"excerpt":{"rendered":"<p>Informaci\u00f3n sobre&nbsp; &nbsp;los&nbsp; viajes y salidas del centro propuestos para realizar durante el presente curso escolar para el alumnado de 1\u00ba ESO: Campamento de inmersi\u00f3n ling\u00fc\u00edstica (C\u00e1diz) Visita a Gibraltar Senderismo por la Sierra&#46;&#46;&#46;<\/p>\n","protected":false},"author":3727,"featured_media":0,"parent":0,"menu_order":0,"comment_status":"closed","ping_status":"closed","template":"","meta":{"ngg_post_thumbnail":0,"footnotes":"","_mc_calendar":[]},"aioseo_notices":[],"_links":{"self":[{"href":"https:\/\/blogsaverroes.juntadeandalucia.es\/iesmiguelservet\/wp-json\/wp\/v2\/pages\/33180"}],"collection":[{"href":"https:\/\/blogsaverroes.juntadeandalucia.es\/iesmiguelservet\/wp-json\/wp\/v2\/pages"}],"about":[{"href":"https:\/\/blogsaverroes.juntadeandalucia.es\/iesmiguelservet\/wp-json\/wp\/v2\/types\/page"}],"author":[{"embeddable":true,"href":"https:\/\/blogsaverroes.juntadeandalucia.es\/iesmiguelservet\/wp-json\/wp\/v2\/users\/3727"}],"replies":[{"embeddable":true,"href":"https:\/\/blogsaverroes.juntadeandalucia.es\/iesmiguelservet\/wp-json\/wp\/v2\/comments?post=33180"}],"version-history":[{"count":8,"href":"https:\/\/blogsaverroes.juntadeandalucia.es\/iesmiguelservet\/wp-json\/wp\/v2\/pages\/33180\/revisions"}],"predecessor-version":[{"id":52058,"href":"https:\/\/blogsaverroes.juntadeandalucia.es\/iesmiguelservet\/wp-json\/wp\/v2\/pages\/33180\/revisions\/52058"}],"wp:attachment":[{"href":"https:\/\/blogsaverroes.juntadeandalucia.es\/iesmiguelservet\/wp-json\/wp\/v2\/media?parent=33180"}],"curies":[{"name":"wp","href":"https:\/\/api.w.org\/{rel}","templated":true}]}}