{"id":35,"date":"2015-03-13T08:21:43","date_gmt":"2015-03-13T08:21:43","guid":{"rendered":"http:\/\/blogsaverroes.juntadeandalucia.es\/pre\/ceip\/?page_id=35"},"modified":"2023-03-08T17:50:13","modified_gmt":"2023-03-08T15:50:13","slug":"el-centro-2","status":"publish","type":"page","link":"https:\/\/blogsaverroes.juntadeandalucia.es\/iesmiguelservet\/el-centro-2\/","title":{"rendered":"Datos del centro"},"content":{"rendered":"<p><span style=\"text-align: justify\">El IES Miguel Servet es un centro p\u00fablico de educaci\u00f3n secundar\u00eda obligatoria (E.S.O.) y post-obligatoria (Bachilleratos y Ciclos Formativos). Fue inaugurado por la Sra. Consejera el 19 de noviembre de 2000, comenzando exclusivamente con grupos de Ense\u00f1anza Secundaria Obligatoria. Fue ampliado en 2007 para dar cabida al alumnado de Bachillerato y del Ciclo Formativo de Atenci\u00f3n Sociosanirtaria de nuestra zona de influencia.<\/span><\/p>\n<div id=\"post-body-7733922411230607582\" class=\"post-body entry-content\">\n<div class=\"separator\" style=\"clear: both;text-align: left\"><a style=\"margin-left: 1em;margin-right: 1em\" href=\"http:\/\/2.bp.blogspot.com\/-OZ4yslYm-k8\/U3SDLhiR67I\/AAAAAAAAAeY\/f_9iYnhzJYA\/s1600\/indicador_horariodelcentro.jpg\"><img loading=\"lazy\" decoding=\"async\" src=\"http:\/\/2.bp.blogspot.com\/-OZ4yslYm-k8\/U3SDLhiR67I\/AAAAAAAAAeY\/f_9iYnhzJYA\/s1600\/indicador_horariodelcentro.jpg\" alt=\"\" width=\"320\" height=\"16\" border=\"0\"\/><\/a><\/div>\n<p>El centro imparte sus clases en horario ininterrumpido de ma\u00f1ana entre las 8&#8217;15 y las 14&#8217;45 con un Recreo de media hora de 11&#8217;15 a 11&#8217;45. Para la atenci\u00f3n tutorial a padres y madres se ha asignado en horario de tarde los m\u00f3dulos horarios de 17&#8217;00 a 19&#8217;00 los mi\u00e9rcoles.<br \/>\nLa distribuci\u00f3n de los m\u00f3dulos horarios es la siguiente:<\/p>\n<table style=\"width: 75%px\" border=\"0\" cellpadding=\"0\">\n<tbody>\n<tr>\n<td colspan=\"7\">&nbsp;<\/td>\n<\/tr>\n<tr>\n<td style=\"border: 1px solid #800000\" align=\"center\"><span style=\"color: #353712\"> 1\u00aa hora: <\/span><\/td>\n<td style=\"border: 1px solid #800000\" align=\"center\"><span style=\"color: #353712\"> 2\u00aa hora: <\/span><\/td>\n<td style=\"border: 1px solid #800000\" align=\"center\"><span style=\"color: #353712\"> 3\u00aa hora<\/span><\/td>\n<td style=\"border: 1px solid #800000\" align=\"center\" bgcolor=\"#D9DA25\"><span style=\"color: #353712\">Recreo<\/span><\/td>\n<td style=\"border: 1px solid #800000\" align=\"center\"><span style=\"color: #353712\"> 4\u00aa hora<\/span><\/td>\n<td style=\"border: 1px solid #800000\" align=\"center\"><span style=\"color: #353712\"> 5\u00aa hora<\/span><\/td>\n<td style=\"border: 1px solid #800000\" align=\"center\"><span style=\"color: #353712\"> 6\u00aa hora<\/span><\/td>\n<\/tr>\n<tr>\n<td style=\"border: 1px solid #800000\" align=\"center\"><span style=\"color: #353712\"> 8&#8217;15-9&#8217;15<\/span><\/td>\n<td style=\"border: 1px solid #800000\" align=\"center\"><span style=\"color: #353712\"> 9&#8217;15-10&#8217;15<\/span><\/td>\n<td style=\"border: 1px solid #800000\" align=\"center\"><span style=\"color: #353712\"> 10&#8217;15-11&#8217;15<\/span><\/td>\n<td style=\"border: 1px solid #800000\" align=\"center\" bgcolor=\"#D9DA25\"><span style=\"color: #353712\">11&#8217;15-11&#8217;45<\/span><\/td>\n<td style=\"border: 1px solid #800000\" align=\"center\"><span style=\"color: #353712\"> 11&#8217;45-12&#8217;45<\/span><\/td>\n<td style=\"border: 1px solid #800000\" align=\"center\"><span style=\"color: #353712\"> 12&#8217;45-13&#8217;45<\/span><\/td>\n<td style=\"border: 1px solid #800000\" align=\"center\"><span style=\"color: #353712\"> 13&#8217;45-14&#8217;45<\/span><\/td>\n<\/tr>\n<\/tbody>\n<\/table>\n<p><span style=\"color: #353712\">&nbsp;<\/span><\/p>\n<div style=\"clear: both\">&nbsp;<\/div>\n<\/div>\n","protected":false},"excerpt":{"rendered":"<p>El IES Miguel Servet es un centro p\u00fablico de educaci\u00f3n secundar\u00eda obligatoria (E.S.O.) y post-obligatoria (Bachilleratos y Ciclos Formativos). Fue inaugurado por la Sra. Consejera el 19 de noviembre de 2000, comenzando exclusivamente con&#46;&#46;&#46;<\/p>\n","protected":false},"author":1,"featured_media":0,"parent":0,"menu_order":0,"comment_status":"open","ping_status":"open","template":"","meta":{"ngg_post_thumbnail":0,"footnotes":"","_mc_calendar":[]},"aioseo_notices":[],"_links":{"self":[{"href":"https:\/\/blogsaverroes.juntadeandalucia.es\/iesmiguelservet\/wp-json\/wp\/v2\/pages\/35"}],"collection":[{"href":"https:\/\/blogsaverroes.juntadeandalucia.es\/iesmiguelservet\/wp-json\/wp\/v2\/pages"}],"about":[{"href":"https:\/\/blogsaverroes.juntadeandalucia.es\/iesmiguelservet\/wp-json\/wp\/v2\/types\/page"}],"author":[{"embeddable":true,"href":"https:\/\/blogsaverroes.juntadeandalucia.es\/iesmiguelservet\/wp-json\/wp\/v2\/users\/1"}],"replies":[{"embeddable":true,"href":"https:\/\/blogsaverroes.juntadeandalucia.es\/iesmiguelservet\/wp-json\/wp\/v2\/comments?post=35"}],"version-history":[{"count":26,"href":"https:\/\/blogsaverroes.juntadeandalucia.es\/iesmiguelservet\/wp-json\/wp\/v2\/pages\/35\/revisions"}],"predecessor-version":[{"id":48924,"href":"https:\/\/blogsaverroes.juntadeandalucia.es\/iesmiguelservet\/wp-json\/wp\/v2\/pages\/35\/revisions\/48924"}],"wp:attachment":[{"href":"https:\/\/blogsaverroes.juntadeandalucia.es\/iesmiguelservet\/wp-json\/wp\/v2\/media?parent=35"}],"curies":[{"name":"wp","href":"https:\/\/api.w.org\/{rel}","templated":true}]}}