{"id":3844,"date":"2016-05-27T11:57:07","date_gmt":"2016-05-27T10:57:07","guid":{"rendered":"http:\/\/blogsaverroes.juntadeandalucia.es\/iesmiguelservet\/?page_id=3844"},"modified":"2016-12-09T14:34:36","modified_gmt":"2016-12-09T12:34:36","slug":"blogs-del-instituto","status":"publish","type":"page","link":"https:\/\/blogsaverroes.juntadeandalucia.es\/iesmiguelservet\/blogs-del-instituto\/","title":{"rendered":"Blogs del instituto"},"content":{"rendered":"<p>Aqu\u00ed tendr\u00e1 disponible los blogs, en su estado original, tal como son mantenidos por los departamentos y por los distintos planes del instituto. Aunque recomendamos navegar a trav\u00e9s de los men\u00fas de este sitio web.<\/p>\n<ul>\n<li><strong>Departamentos<\/strong>\n<ul>\n<li><strong>\u00c1rea Social Art\u00edstica<\/strong>\n<ul>\n<li><a href=\"https:\/\/dl.dropboxusercontent.com\/u\/19447990\/informaticamiguelservet\/index.html\" target=\"_blank\">Inform\u00e1tica<\/a><\/li>\n<li><a href=\"http:\/\/servetgh.blogspot.com\" target=\"_blank\">Geograf\u00eda e Historia<\/a><\/li>\n<li><a href=\"http:\/\/servetdibujo.blogspot.com\" target=\"_blank\">Dibujo<\/a><\/li>\n<li><a href=\"http:\/\/servetmusica.blogspot.com\" target=\"_blank\">M\u00fasica<\/a><\/li>\n<li><a href=\"http:\/\/servetreligion.blogspot.com\" target=\"_blank\">Religi\u00f3n<\/a><\/li>\n<li><a href=\"http:\/\/servetef.blogspot.com\" target=\"_blank\">Educaci\u00f3n F\u00edsica<\/a><\/li>\n<\/ul>\n<\/li>\n<li><strong>\u00c1rea Ling\u00fc\u00edstica<\/strong>\n<ul>\n<li><a href=\"http:\/\/servetlengua.blogspot.com.es\/\" target=\"_blank\">Lengua y Literatura<\/a><\/li>\n<li><a href=\"http:\/\/servetingles.blogspot.com.es\" target=\"_blank\">Ingl\u00e9s<\/a><\/li>\n<li><a href=\"http:\/\/servetfrances.blogspot.com.es\" target=\"_blank\">Franc\u00e9s<\/a><\/li>\n<li><a href=\"http:\/\/servetclasicas.blogspot.com.es\/\" target=\"_blank\">Cultura Cl\u00e1sica<\/a><\/li>\n<li><a href=\"http:\/\/servetfilosofia.blogspot.com.es\/\" target=\"_blank\">Filosof\u00eda<\/a><\/li>\n<\/ul>\n<\/li>\n<li><strong>\u00c1rea Cient.-Tecnol\u00f3gica<\/strong>\n<ul>\n<li><a href=\"http:\/\/servetmatematicas.blogspot.com.es\/\" target=\"_blank\">Matem\u00e1ticas<\/a><\/li>\n<li><a href=\"http:\/\/servettecnologia.blogspot.com\" target=\"_blank\">Tecnolog\u00eda<\/a><\/li>\n<li><a href=\"http:\/\/servetbg.blogspot.com\" target=\"_blank\">Biolog\u00eda y Geolog\u00eda<\/a><\/li>\n<li><a href=\"http:\/\/servetfq.blogspot.com\" target=\"_blank\">F\u00edsica y Qu\u00edmica<\/a><\/li>\n<li><a href=\"#\" target=\"_blank\">Econom\u00eda<\/a><\/li>\n<\/ul>\n<\/li>\n<li><a href=\"http:\/\/servetorientacion.blogspot.com.es\" target=\"_blank\">Orientaci\u00f3n<\/a><\/li>\n<li><a href=\"http:\/\/aulaeduespecificaservet.blogspot.com.es\/\" target=\"_blank\">Aula espec\u00edfica<\/a><\/li>\n<li><a href=\"http:\/\/pb.iesmiguelservet.org\" target=\"_blank\">Extraescolares<\/a><\/li>\n<li><a href=\"http:\/\/servetsociosanitaria.blogspot.com\/\" target=\"_blank\">CFGM A.P.S.Dependencia<\/a><\/li>\n<\/ul>\n<\/li>\n<li><strong>Planes<\/strong>\n<ul>\n<li><a href=\"http:\/\/papservet.blogspot.com\/\" target=\"_blank\">Plan Autoprotecci\u00f3n<\/a><\/li>\n<li><a href=\"http:\/\/servetbilingual.wikispaces.com\/\" target=\"_blank\">Biling\u00fcismo<\/a><\/li>\n<li><a href=\"http:\/\/blogsaverroes.juntadeandalucia.es\/iesmiguelservet\/coordinacion-tic\/\">TIC<\/a><\/li>\n<li><a href=\"http:\/\/ecoescuelaiesmiguelservet.blogspot.com.es\/\" target=\"_blank\">Ecoescuelas<\/a><\/li>\n<li><a href=\"http:\/\/kiotoeducaservet.blogspot.com\/\" target=\"_blank\">Kioto Educa (Educacion Ambiental)<\/a><\/li>\n<li><a href=\"http:\/\/recapaciclas.blogspot.com\/\" target=\"_blank\">Recapacicla<\/a><\/li>\n<li><a href=\"http:\/\/plandeigualdadservet.blogspot.com\/\" target=\"_blank\">Plan de Igualdad<\/a><\/li>\n<\/ul>\n<\/li>\n<\/ul>\n","protected":false},"excerpt":{"rendered":"<p>Aqu\u00ed tendr\u00e1 disponible los blogs, en su estado original, tal como son mantenidos por los departamentos y por los distintos planes del instituto. Aunque recomendamos navegar a trav\u00e9s de los men\u00fas de este sitio&#46;&#46;&#46;<\/p>\n","protected":false},"author":3557,"featured_media":0,"parent":0,"menu_order":0,"comment_status":"open","ping_status":"open","template":"","meta":{"ngg_post_thumbnail":0,"footnotes":"","_mc_calendar":[]},"aioseo_notices":[],"_links":{"self":[{"href":"https:\/\/blogsaverroes.juntadeandalucia.es\/iesmiguelservet\/wp-json\/wp\/v2\/pages\/3844"}],"collection":[{"href":"https:\/\/blogsaverroes.juntadeandalucia.es\/iesmiguelservet\/wp-json\/wp\/v2\/pages"}],"about":[{"href":"https:\/\/blogsaverroes.juntadeandalucia.es\/iesmiguelservet\/wp-json\/wp\/v2\/types\/page"}],"author":[{"embeddable":true,"href":"https:\/\/blogsaverroes.juntadeandalucia.es\/iesmiguelservet\/wp-json\/wp\/v2\/users\/3557"}],"replies":[{"embeddable":true,"href":"https:\/\/blogsaverroes.juntadeandalucia.es\/iesmiguelservet\/wp-json\/wp\/v2\/comments?post=3844"}],"version-history":[{"count":7,"href":"https:\/\/blogsaverroes.juntadeandalucia.es\/iesmiguelservet\/wp-json\/wp\/v2\/pages\/3844\/revisions"}],"predecessor-version":[{"id":11107,"href":"https:\/\/blogsaverroes.juntadeandalucia.es\/iesmiguelservet\/wp-json\/wp\/v2\/pages\/3844\/revisions\/11107"}],"wp:attachment":[{"href":"https:\/\/blogsaverroes.juntadeandalucia.es\/iesmiguelservet\/wp-json\/wp\/v2\/media?parent=3844"}],"curies":[{"name":"wp","href":"https:\/\/api.w.org\/{rel}","templated":true}]}}