{"id":42,"date":"2015-03-13T08:40:47","date_gmt":"2015-03-13T08:40:47","guid":{"rendered":"http:\/\/blogsaverroes.juntadeandalucia.es\/pre\/ceip\/?page_id=42"},"modified":"2024-07-25T12:16:47","modified_gmt":"2024-07-25T10:16:47","slug":"equipo-directivo","status":"publish","type":"page","link":"https:\/\/blogsaverroes.juntadeandalucia.es\/iesmiguelservet\/equipo-directivo\/","title":{"rendered":"Equipo directivo"},"content":{"rendered":"<p><strong>Director:&nbsp;<\/strong> D. Eduardo A. Fern\u00e1ndez Fern\u00e1ndez.<br \/>\n<strong>Vicedirector: <\/strong>D\u00f1a. Mara de Tovar Miranda<br \/>\n<strong>Jefe de Estudios:<\/strong> D. Luis P. Aranda Colubi.<br \/>\n<strong>Secretario:<\/strong> D. Fernando Galisteo Dom\u00ednguez.<br \/>\n<strong>Jefa de Estudios Adjunta:<\/strong> D\u00f1a. M\u00aa Eulalia Fuentes Esquinas.<br \/>\n<strong>Jefa de Estudios Adjunta:<\/strong> D\u00f1a. Asun Herce M\u00e1rquez.<\/p>\n","protected":false},"excerpt":{"rendered":"<p>Director:&nbsp; D. Eduardo A. Fern\u00e1ndez Fern\u00e1ndez. Vicedirector: D\u00f1a. Mara de Tovar Miranda Jefe de Estudios: D. Luis P. Aranda Colubi. Secretario: D. Fernando Galisteo Dom\u00ednguez. Jefa de Estudios Adjunta: D\u00f1a. M\u00aa Eulalia Fuentes Esquinas.&#46;&#46;&#46;<\/p>\n","protected":false},"author":1,"featured_media":0,"parent":0,"menu_order":0,"comment_status":"open","ping_status":"open","template":"","meta":{"ngg_post_thumbnail":0,"footnotes":"","_mc_calendar":[]},"aioseo_notices":[],"_links":{"self":[{"href":"https:\/\/blogsaverroes.juntadeandalucia.es\/iesmiguelservet\/wp-json\/wp\/v2\/pages\/42"}],"collection":[{"href":"https:\/\/blogsaverroes.juntadeandalucia.es\/iesmiguelservet\/wp-json\/wp\/v2\/pages"}],"about":[{"href":"https:\/\/blogsaverroes.juntadeandalucia.es\/iesmiguelservet\/wp-json\/wp\/v2\/types\/page"}],"author":[{"embeddable":true,"href":"https:\/\/blogsaverroes.juntadeandalucia.es\/iesmiguelservet\/wp-json\/wp\/v2\/users\/1"}],"replies":[{"embeddable":true,"href":"https:\/\/blogsaverroes.juntadeandalucia.es\/iesmiguelservet\/wp-json\/wp\/v2\/comments?post=42"}],"version-history":[{"count":14,"href":"https:\/\/blogsaverroes.juntadeandalucia.es\/iesmiguelservet\/wp-json\/wp\/v2\/pages\/42\/revisions"}],"predecessor-version":[{"id":50579,"href":"https:\/\/blogsaverroes.juntadeandalucia.es\/iesmiguelservet\/wp-json\/wp\/v2\/pages\/42\/revisions\/50579"}],"wp:attachment":[{"href":"https:\/\/blogsaverroes.juntadeandalucia.es\/iesmiguelservet\/wp-json\/wp\/v2\/media?parent=42"}],"curies":[{"name":"wp","href":"https:\/\/api.w.org\/{rel}","templated":true}]}}