{"id":44422,"date":"2021-02-24T13:01:27","date_gmt":"2021-02-24T11:01:27","guid":{"rendered":"https:\/\/blogsaverroes.juntadeandalucia.es\/iesmiguelservet\/?page_id=44422"},"modified":"2021-02-24T21:36:07","modified_gmt":"2021-02-24T19:36:07","slug":"forma-joven","status":"publish","type":"page","link":"https:\/\/blogsaverroes.juntadeandalucia.es\/iesmiguelservet\/planes-y-proyectos\/forma-joven\/","title":{"rendered":"FORMA JOVEN"},"content":{"rendered":"<p><img loading=\"lazy\" decoding=\"async\" class=\"aligncenter\" src=\"https:\/\/blogsaverroes.juntadeandalucia.es\/iesmiguelservet\/files\/2021\/02\/logo-forma-joven.png\" alt=\"\" width=\"502\" height=\"157\"\/><\/p>\n<p><img loading=\"lazy\" decoding=\"async\" class=\"aligncenter\" src=\"https:\/\/blogsaverroes.juntadeandalucia.es\/iesmiguelservet\/files\/2021\/02\/forma-joven.png\" alt=\"\" width=\"846\" height=\"260\"\/><\/p>\n<p>Para el desarrollo de las actividades del Programa Joven en este enlace pod\u00e9is encontrar diferentes recursos: Educaci\u00f3n Emocional, Estilos de vida saludables, Sexualidad y Relaciones Igualitarias, Uso positivo de las TIC y Prevenci\u00f3n de Consumo de Sustancias Adictivas.:<\/p>\n<h2 style=\"text-align: center\"><span style=\"color: #008000\"><a style=\"color: #008000\" href=\"https:\/\/drive.google.com\/drive\/folders\/16C-lnXQks1VRok5VwPSlzBFsZ191zcAH?usp=sharing\" target=\"_blank\" rel=\"noopener noreferrer\">MATERIALES FORMA JOVEN<\/a><\/span><\/h2>\n","protected":false},"excerpt":{"rendered":"<p>Para el desarrollo de las actividades del Programa Joven en este enlace pod\u00e9is encontrar diferentes recursos: Educaci\u00f3n Emocional, Estilos de vida saludables, Sexualidad y Relaciones Igualitarias, Uso positivo de las TIC y Prevenci\u00f3n de&#46;&#46;&#46;<\/p>\n","protected":false},"author":3727,"featured_media":44423,"parent":44,"menu_order":0,"comment_status":"closed","ping_status":"closed","template":"","meta":{"ngg_post_thumbnail":0,"footnotes":"","_mc_calendar":[]},"aioseo_notices":[],"_links":{"self":[{"href":"https:\/\/blogsaverroes.juntadeandalucia.es\/iesmiguelservet\/wp-json\/wp\/v2\/pages\/44422"}],"collection":[{"href":"https:\/\/blogsaverroes.juntadeandalucia.es\/iesmiguelservet\/wp-json\/wp\/v2\/pages"}],"about":[{"href":"https:\/\/blogsaverroes.juntadeandalucia.es\/iesmiguelservet\/wp-json\/wp\/v2\/types\/page"}],"author":[{"embeddable":true,"href":"https:\/\/blogsaverroes.juntadeandalucia.es\/iesmiguelservet\/wp-json\/wp\/v2\/users\/3727"}],"replies":[{"embeddable":true,"href":"https:\/\/blogsaverroes.juntadeandalucia.es\/iesmiguelservet\/wp-json\/wp\/v2\/comments?post=44422"}],"version-history":[{"count":8,"href":"https:\/\/blogsaverroes.juntadeandalucia.es\/iesmiguelservet\/wp-json\/wp\/v2\/pages\/44422\/revisions"}],"predecessor-version":[{"id":44435,"href":"https:\/\/blogsaverroes.juntadeandalucia.es\/iesmiguelservet\/wp-json\/wp\/v2\/pages\/44422\/revisions\/44435"}],"up":[{"embeddable":true,"href":"https:\/\/blogsaverroes.juntadeandalucia.es\/iesmiguelservet\/wp-json\/wp\/v2\/pages\/44"}],"wp:featuredmedia":[{"embeddable":true,"href":"https:\/\/blogsaverroes.juntadeandalucia.es\/iesmiguelservet\/wp-json\/wp\/v2\/media\/44423"}],"wp:attachment":[{"href":"https:\/\/blogsaverroes.juntadeandalucia.es\/iesmiguelservet\/wp-json\/wp\/v2\/media?parent=44422"}],"curies":[{"name":"wp","href":"https:\/\/api.w.org\/{rel}","templated":true}]}}