{"id":47219,"date":"2022-03-11T12:01:00","date_gmt":"2022-03-11T10:01:00","guid":{"rendered":"https:\/\/blogsaverroes.juntadeandalucia.es\/iesmiguelservet\/?page_id=47219"},"modified":"2025-06-15T22:25:56","modified_gmt":"2025-06-15T20:25:56","slug":"itinerarios-1o-eso","status":"publish","type":"page","link":"https:\/\/blogsaverroes.juntadeandalucia.es\/iesmiguelservet\/itinerarios-1o-eso\/","title":{"rendered":"Itinerarios 1\u00ba ESO"},"content":{"rendered":"<h1 style=\"text-align: center\"><span style=\"color: #008000\">Estructura y distribuci\u00f3n de materias cursadas en cada nivel educativo<\/span><\/h1>\n<table style=\"border-collapse: collapse;width: 100%;height: 328px\">\n<tbody>\n<tr style=\"height: 75px\">\n<td style=\"width: 100%;background-color: #f4f72a;height: 75px;border-color: #0d3591;text-align: center\">\n<h2>1\u00ba ESO<\/h2>\n<\/td>\n<\/tr>\n<tr style=\"height: 24px\">\n<td style=\"width: 100%;height: 24px;background-color: #0eedaa;text-align: center\"><strong>MATERIAS COMUNES OBLIGATORIAS<\/strong><\/td>\n<\/tr>\n<tr style=\"height: 152px\">\n<td style=\"width: 100%;height: 75px;background-color: #ffffff\">\n<ul>\n<li style=\"text-align: left\">Lengua Cast. y Literatura (4h)<\/li>\n<li style=\"text-align: left\">Geograf\u00eda &amp; Historia (3h)<\/li>\n<li style=\"text-align: left\">Biolog\u00eda &amp; Geolog\u00eda<strong>*<\/strong> (3h) <span style=\"color: #999999\"><em>&#8211;&gt; <strong>*<\/strong>Esta materia pertenece al Programa de Pluriling\u00fcismo (Ingl\u00e9s).<\/em><\/span><\/li>\n<li style=\"text-align: left\">Matem\u00e1ticas (4h)<\/li>\n<li style=\"text-align: left\">Primera Lengua Extranjera: Ingl\u00e9s (4h)<\/li>\n<li style=\"text-align: left\">Educaci\u00f3n Pl\u00e1stica, Visual y Audiovisual (1h)<\/li>\n<li style=\"text-align: left\">M\u00fasica* (2h) <em><span style=\"color: #999999\">&#8211;&gt; <strong>*<\/strong>Esta materia pertenece al Programa de Pluriling\u00fcismo (Ingl\u00e9s).<\/span><\/em><\/li>\n<li style=\"text-align: left\">Educaci\u00f3n F\u00edsica* (3h) <em><span style=\"color: #999999\">&#8211;&gt; <strong>*<\/strong>Esta materia pertenece al Programa de Pluriling\u00fcismo (Ingl\u00e9s).<\/span><\/em><\/li>\n<li style=\"text-align: left\">Segunda Lengua Extranjera: Franc\u00e9s (2h)<\/li>\n<\/ul>\n<\/td>\n<\/tr>\n<tr style=\"height: 24px\">\n<td style=\"width: 100%;height: 24px;background-color: #726cf0;text-align: center\"><span style=\"color: #ffffff\"><strong>MATERIAS OPTATIVAS PROPIAS DE LA COMUNIDAD (Se cursa una entre las siguientes)<\/strong><\/span><\/td>\n<\/tr>\n<tr style=\"height: 104px\">\n<td style=\"width: 100%;height: 104px;background-color: #ffffff\">\n<ul>\n<li style=\"text-align: left\">Oratoria y Debate (2h)<\/li>\n<li style=\"text-align: left\">Computaci\u00f3n y Rob\u00f3tica (2h)<\/li>\n<li style=\"text-align: left\">Cultura Cl\u00e1sica (2h)<\/li>\n<li style=\"text-align: left\">PITA (2h) Proyecto Interdisciplinar de Tecnolog\u00eda Aplicada<\/li>\n<\/ul>\n<\/td>\n<\/tr>\n<tr style=\"height: 26px\">\n<td style=\"width: 100%;height: 26px;background-color: #ffffff\"><strong>Elegir una <\/strong>(1h)<strong>:<\/strong> Rel. Cat\u00f3lica \/ Rel. Evang\u00e9lica<sup>&nbsp; &nbsp;<\/sup>\/ Rel. Isl\u00e1mica <sup>&nbsp;<\/sup>\/&nbsp; Rel. Jud\u00eda<sup>&nbsp; <\/sup>\/ Atenci\u00f3n Educativa<\/td>\n<\/tr>\n<\/tbody>\n<\/table>\n","protected":false},"excerpt":{"rendered":"<p>Estructura y distribuci\u00f3n de materias cursadas en cada nivel educativo 1\u00ba ESO MATERIAS COMUNES OBLIGATORIAS Lengua Cast. y Literatura (4h) Geograf\u00eda &amp; Historia (3h) Biolog\u00eda &amp; Geolog\u00eda* (3h) &#8211;&gt; *Esta materia pertenece al Programa&#46;&#46;&#46;<\/p>\n","protected":false},"author":3727,"featured_media":0,"parent":0,"menu_order":0,"comment_status":"closed","ping_status":"closed","template":"","meta":{"ngg_post_thumbnail":0,"footnotes":"","_mc_calendar":[]},"aioseo_notices":[],"_links":{"self":[{"href":"https:\/\/blogsaverroes.juntadeandalucia.es\/iesmiguelservet\/wp-json\/wp\/v2\/pages\/47219"}],"collection":[{"href":"https:\/\/blogsaverroes.juntadeandalucia.es\/iesmiguelservet\/wp-json\/wp\/v2\/pages"}],"about":[{"href":"https:\/\/blogsaverroes.juntadeandalucia.es\/iesmiguelservet\/wp-json\/wp\/v2\/types\/page"}],"author":[{"embeddable":true,"href":"https:\/\/blogsaverroes.juntadeandalucia.es\/iesmiguelservet\/wp-json\/wp\/v2\/users\/3727"}],"replies":[{"embeddable":true,"href":"https:\/\/blogsaverroes.juntadeandalucia.es\/iesmiguelservet\/wp-json\/wp\/v2\/comments?post=47219"}],"version-history":[{"count":21,"href":"https:\/\/blogsaverroes.juntadeandalucia.es\/iesmiguelservet\/wp-json\/wp\/v2\/pages\/47219\/revisions"}],"predecessor-version":[{"id":51645,"href":"https:\/\/blogsaverroes.juntadeandalucia.es\/iesmiguelservet\/wp-json\/wp\/v2\/pages\/47219\/revisions\/51645"}],"wp:attachment":[{"href":"https:\/\/blogsaverroes.juntadeandalucia.es\/iesmiguelservet\/wp-json\/wp\/v2\/media?parent=47219"}],"curies":[{"name":"wp","href":"https:\/\/api.w.org\/{rel}","templated":true}]}}