{"id":47227,"date":"2022-03-11T12:35:21","date_gmt":"2022-03-11T10:35:21","guid":{"rendered":"https:\/\/blogsaverroes.juntadeandalucia.es\/iesmiguelservet\/?page_id=47227"},"modified":"2025-06-20T17:19:18","modified_gmt":"2025-06-20T15:19:18","slug":"itinerarios-2o-eso","status":"publish","type":"page","link":"https:\/\/blogsaverroes.juntadeandalucia.es\/iesmiguelservet\/itinerarios-2o-eso\/","title":{"rendered":"Itinerarios 2\u00ba ESO"},"content":{"rendered":"<h3 style=\"text-align: center\"><span style=\"color: #008000\">Estructura y distribuci\u00f3n de materias cursadas en cada nivel educativo<\/span><\/h3>\n<table style=\"border-collapse: collapse;width: 100%;height: 246px\">\n<tbody>\n<tr style=\"height: 75px\">\n<td style=\"width: 100%;background-color: #aae846;height: 75px;border-color: #0d3591;text-align: center\">\n<h2>2\u00baESO<\/h2>\n<\/td>\n<\/tr>\n<tr style=\"height: 24px\">\n<td style=\"width: 100%;height: 24px;background-color: #0eedaa;text-align: center\"><strong>MATERIAS COMUNES OBLIGATORIAS<\/strong><\/td>\n<\/tr>\n<tr style=\"height: 152px\">\n<td style=\"width: 100%;height: 68px;background-color: #ffffff\">\n<ul>\n<li style=\"text-align: left\">Lengua Cast. y Literatura (4h)<\/li>\n<li style=\"text-align: left\">Geograf\u00eda &amp; Historia* (3h) <span style=\"color: #999999\"><em>&#8211;&gt; <strong>*<\/strong>Esta materia pertenece al Programa de Pluriling\u00fcismo (Ingl\u00e9s).<\/em><\/span><\/li>\n<li style=\"text-align: left\">F\u00edsica y Qu\u00edmica (3h)&nbsp;<\/li>\n<li style=\"text-align: left\">Matem\u00e1ticas * (4h)&nbsp;<em><span style=\"color: #999999\"> &#8211;&gt; <strong>*<\/strong>Esta materia pertenece al Programa de Pluriling\u00fcismo (Ingl\u00e9s).<\/span><\/em><\/li>\n<li style=\"text-align: left\">Ingl\u00e9s (4h)<\/li>\n<li style=\"text-align: left\">Educaci\u00f3n F\u00edsica<strong>*<\/strong> (2h)<em><span style=\"color: #999999\"> &#8211;&gt; <strong>*<\/strong>Esta materia pertenece al Programa de Pluriling\u00fcismo (Ingl\u00e9s).<\/span><\/em><\/li>\n<li style=\"text-align: left\">M\u00fasica (2h) <span style=\"color: #999999\"><em>&#8211;&gt;&nbsp;<strong>*<\/strong>Esta materia pertenece al Programa de Pluriling\u00fcismo (Ingl\u00e9s).<\/em><\/span><\/li>\n<li style=\"text-align: left\">Tecnolog\u00eda y Digitalizaci\u00f3n (3h)<\/li>\n<li style=\"text-align: left\">Educaci\u00f3n en Valores C\u00edvicos y \u00c9ticos (1h)<\/li>\n<\/ul>\n<\/td>\n<\/tr>\n<tr style=\"height: 26px\">\n<td style=\"width: 100%;height: 26px;background-color: #ffffff\"><strong>Elegir una <\/strong>(1h)<strong>:<\/strong> Rel. Cat\u00f3lica \/ Rel. Evang\u00e9lica<sup>&nbsp; &nbsp;<\/sup>\/ Rel. Isl\u00e1mica <sup>&nbsp;<\/sup>\/&nbsp; Rel. Jud\u00eda<sup>&nbsp; <\/sup>\/ Atenci\u00f3n Educativa<\/td>\n<\/tr>\n<tr style=\"height: 56px\">\n<td style=\"width: 100%;height: 43px;background-color: #f2a36b\" width=\"662\">\n<p style=\"text-align: center\"><b>OPTATIVAS PROPIAS DE LA COMUNIDAD ANDALUZA<\/b><\/p>\n<\/td>\n<\/tr>\n<tr style=\"height: 240px\">\n<td style=\"width: 100%;height: 10px;background-color: #ffffff\">\n<p style=\"text-align: center\"><strong>Se cursa una materia entre:<\/strong><\/p>\n<ul>\n<li><a href=\"https:\/\/youtu.be\/ENH-8voKhUQ\" target=\"_blank\" rel=\"noopener\">Proyecto Educaci\u00f3n Pl\u00e1stica, y Audiovisual<\/a> PEPA (2h)<\/li>\n<li><span style=\"color: #0000ff\"><a style=\"color: #0000ff\" href=\"https:\/\/youtu.be\/fgcZg4qG_hY\" target=\"_blank\" rel=\"noopener\">Franc\u00e9s 2\u00ba Idioma (2h)<\/a><\/span><\/li>\n<li>Oratoria y Debate (2h)<\/li>\n<li><a href=\"https:\/\/blogsaverroes.juntadeandalucia.es\/iesmiguelservet\/files\/2025\/06\/CyR-2o-ESO.pdf\" target=\"_blank\" rel=\"noopener\">Computaci\u00f3n y Rob\u00f3tica (2h)<\/a><\/li>\n<li>Cultura Cl\u00e1sica (2h)<\/li>\n<\/ul>\n<\/td>\n<\/tr>\n<\/tbody>\n<\/table>\n","protected":false},"excerpt":{"rendered":"<p>Estructura y distribuci\u00f3n de materias cursadas en cada nivel educativo 2\u00baESO MATERIAS COMUNES OBLIGATORIAS Lengua Cast. y Literatura (4h) Geograf\u00eda &amp; Historia* (3h) &#8211;&gt; *Esta materia pertenece al Programa de Pluriling\u00fcismo (Ingl\u00e9s). F\u00edsica y&#46;&#46;&#46;<\/p>\n","protected":false},"author":3727,"featured_media":0,"parent":0,"menu_order":0,"comment_status":"closed","ping_status":"closed","template":"","meta":{"ngg_post_thumbnail":0,"footnotes":"","_mc_calendar":[]},"aioseo_notices":[],"_links":{"self":[{"href":"https:\/\/blogsaverroes.juntadeandalucia.es\/iesmiguelservet\/wp-json\/wp\/v2\/pages\/47227"}],"collection":[{"href":"https:\/\/blogsaverroes.juntadeandalucia.es\/iesmiguelservet\/wp-json\/wp\/v2\/pages"}],"about":[{"href":"https:\/\/blogsaverroes.juntadeandalucia.es\/iesmiguelservet\/wp-json\/wp\/v2\/types\/page"}],"author":[{"embeddable":true,"href":"https:\/\/blogsaverroes.juntadeandalucia.es\/iesmiguelservet\/wp-json\/wp\/v2\/users\/3727"}],"replies":[{"embeddable":true,"href":"https:\/\/blogsaverroes.juntadeandalucia.es\/iesmiguelservet\/wp-json\/wp\/v2\/comments?post=47227"}],"version-history":[{"count":17,"href":"https:\/\/blogsaverroes.juntadeandalucia.es\/iesmiguelservet\/wp-json\/wp\/v2\/pages\/47227\/revisions"}],"predecessor-version":[{"id":51746,"href":"https:\/\/blogsaverroes.juntadeandalucia.es\/iesmiguelservet\/wp-json\/wp\/v2\/pages\/47227\/revisions\/51746"}],"wp:attachment":[{"href":"https:\/\/blogsaverroes.juntadeandalucia.es\/iesmiguelservet\/wp-json\/wp\/v2\/media?parent=47227"}],"curies":[{"name":"wp","href":"https:\/\/api.w.org\/{rel}","templated":true}]}}