{"id":47231,"date":"2022-03-11T12:37:26","date_gmt":"2022-03-11T10:37:26","guid":{"rendered":"https:\/\/blogsaverroes.juntadeandalucia.es\/iesmiguelservet\/?page_id=47231"},"modified":"2025-06-26T18:46:24","modified_gmt":"2025-06-26T16:46:24","slug":"itinerarios-4o-eso","status":"publish","type":"page","link":"https:\/\/blogsaverroes.juntadeandalucia.es\/iesmiguelservet\/itinerarios-4o-eso\/","title":{"rendered":"Itinerarios 4\u00ba ESO"},"content":{"rendered":"<h1 style=\"text-align: center\"><span style=\"color: #008000\">Estructura y distribuci\u00f3n de materias cursadas en cada nivel educativo<\/span><\/h1>\n<table style=\"height: 841px;width: 100%;border-collapse: collapse;border-color: #0b2eb0;border-style: solid\">\n<tbody>\n<tr style=\"height: 75px\">\n<td style=\"width: 100%;background-color: #80820e;height: 75px;border-color: #0d3591;text-align: center\" colspan=\"4\">\n<h2><span style=\"color: #ffffff\">4\u00ba ESO&nbsp;<\/span><\/h2>\n<\/td>\n<\/tr>\n<tr style=\"height: 24px\">\n<td style=\"width: 100%;height: 24px;background-color: #0eedaa;text-align: center\" colspan=\"4\"><strong>MATERIAS COMUNES OBLIGATORIAS<\/strong><strong><br \/>\n<\/strong><\/td>\n<\/tr>\n<tr style=\"height: 152px\">\n<td style=\"width: 100%;height: 152px;background-color: #ffffff\" colspan=\"4\">\n<ul>\n<li style=\"text-align: left\"><span style=\"color: #000000\">Lengua Cast. y Literatura (4h)<\/span><\/li>\n<li style=\"text-align: left\"><span style=\"color: #000000\">Geograf\u00eda &amp; Historia* (3h)&nbsp; <\/span><em><span style=\"color: #999999\">&#8211;&gt;<strong>*<\/strong>Esta materia pertenece al Programa de Pluriling\u00fcismo (Ingl\u00e9s).<\/span><\/em><\/li>\n<li style=\"text-align: left\"><span style=\"color: #000000\">Ingl\u00e9s (4h.)<\/span><\/li>\n<li style=\"text-align: left\"><span style=\"color: #000000\">Educaci\u00f3n F\u00edsica<strong>*<\/strong> (2h)<em><span style=\"color: #999999\"> &#8211;&gt; <strong>*<\/strong>Esta materia pertenece al Programa de Pluriling\u00fcismo (Ingl\u00e9s).<\/span><\/em><\/span><\/li>\n<\/ul>\n<\/td>\n<\/tr>\n<tr style=\"height: 24px\">\n<td style=\"width: 100%;background-color: #726cf0;text-align: center;height: 24px\" colspan=\"4\"><span style=\"color: #ffffff\"><strong>MATERIAS OPTATIVAS (elegir UNA de las cuatro opciones o itinerarios siguientes).<\/strong><\/span><span style=\"color: #ffffff\"><strong><br \/>\n<\/strong><\/span><\/td>\n<\/tr>\n<tr style=\"height: 345px\">\n<td style=\"width: 24.8996%;height: 345px;border-style: solid;border-color: #163e8c\" width=\"165\">\n<p style=\"text-align: center\"><strong><u>Opci\u00f3n 1.<\/u><\/strong><\/p>\n<ol>\n<li style=\"text-align: left\"><strong>Matem\u00e1ticas B (4h)<\/strong><\/li>\n<li style=\"text-align: left\"><strong><span style=\"color: #008000\">Biolog\u00eda y Geolog\u00eda (3h)<\/span><\/strong><\/li>\n<li style=\"text-align: left\"><strong><span style=\"color: #008000\">F\u00edsica y Qu\u00edmica (3h)<\/span><\/strong><\/li>\n<li style=\"text-align: left\"><strong>Una<\/strong> cuarta <strong>materia a elegir entre<\/strong> (3h):<\/li>\n<\/ol>\n<ul>\n<li style=\"text-align: left\"><a href=\"https:\/\/sites.google.com\/iesmiguelservet.com\/alejandrotena-tic2023\/inicio?authuser=0\" target=\"_blank\" rel=\"noopener noreferrer\"><em><span style=\"color: #0000ff\">Digitalizaci\u00f3n<\/span><\/em><\/a><\/li>\n<li style=\"text-align: left\"><span style=\"color: #0000ff\"><a style=\"color: #0000ff\" href=\"https:\/\/my.visme.co\/view\/w49k1nxo-expresion-artistica-4-eso\" target=\"_blank\" rel=\"noopener\"><em>Expresi\u00f3n Art\u00edstica<\/em><\/a><\/span><\/li>\n<li style=\"text-align: left\"><span style=\"color: #0000ff\"><a style=\"color: #0000ff\" href=\"https:\/\/youtu.be\/fgcZg4qG_hY\" target=\"_blank\" rel=\"noopener\"><em>Franc\u00e9s<\/em><\/a><\/span><\/li>\n<li style=\"text-align: left\"><em>M\u00fasica<\/em><\/li>\n<li style=\"text-align: left\"><em>Tecnolog\u00eda<\/em><\/li>\n<\/ul>\n<\/td>\n<td style=\"width: 25.0502%;background-color: #ffffff;height: 345px;border-style: solid;border-color: #0c4799\"><strong><u>Opci\u00f3n 2.<\/u><\/strong><\/p>\n<ol>\n<li style=\"text-align: left\"><strong>Matem\u00e1ticas B (4h)<\/strong><\/li>\n<li style=\"text-align: left\"><strong><span style=\"color: #800000\">Lat\u00edn (3h)<\/span><\/strong><\/li>\n<li style=\"text-align: left\"><strong><span style=\"color: #800000\">Econom\u00eda y Emprendimiento<\/span> <span style=\"color: #800000\">(3h)<\/span><\/strong><\/li>\n<li style=\"text-align: left\"><strong>Una<\/strong> cuarta <strong>materia a elegir entre<\/strong> (3h):<\/li>\n<\/ol>\n<ul>\n<li style=\"text-align: left\"><a href=\"https:\/\/sites.google.com\/iesmiguelservet.com\/alejandrotena-tic2023\/inicio?authuser=0\" target=\"_blank\" rel=\"noopener noreferrer\"><em>Digitalizaci\u00f3n<\/em><\/a><\/li>\n<li style=\"text-align: left\"><a href=\"https:\/\/my.visme.co\/view\/w49k1nxo-expresion-artistica-4-eso\" target=\"_blank\" rel=\"noopener noreferrer\"><em>Expresi\u00f3n Art\u00edstica<\/em><\/a><\/li>\n<li style=\"text-align: left\"><span style=\"color: #0000ff\"><a style=\"color: #0000ff\" href=\"https:\/\/youtu.be\/fgcZg4qG_hY\" target=\"_blank\" rel=\"noopener\"><em>Franc\u00e9s<\/em><\/a><\/span><\/li>\n<li style=\"text-align: left\"><em>M\u00fasica<\/em><\/li>\n<li style=\"text-align: left\"><em>Tecnolog\u00eda<\/em><\/li>\n<\/ul>\n<\/td>\n<td style=\"width: 25.0502%;background-color: #ffffff;height: 345px;border-style: solid;border-color: #0e3b6b\"><strong><u>Opci\u00f3n 3.<\/u><\/strong><\/p>\n<ol>\n<li style=\"text-align: left\"><strong>Matem\u00e1ticas B (4h)<\/strong><\/li>\n<li style=\"text-align: left\"><strong><span style=\"color: #0000ff\">Biolog\u00eda y Geolog\u00eda (3h)<\/span><\/strong><\/li>\n<li style=\"text-align: left\"><strong><span style=\"color: #0000ff\">Econom\u00eda y Emprendimiento (3h)<\/span><\/strong><\/li>\n<li style=\"text-align: left\"><strong>Una<\/strong> cuarta <strong>materia a elegir entre<\/strong> (3h):<\/li>\n<\/ol>\n<ul>\n<li style=\"text-align: left\"><span style=\"color: #0000ff\"><a style=\"color: #0000ff\" href=\"https:\/\/sites.google.com\/iesmiguelservet.com\/alejandrotena-tic2023\/inicio?authuser=0\" target=\"_blank\" rel=\"noopener noreferrer\"><em>Digitalizaci\u00f3n<\/em><\/a><\/span><\/li>\n<li style=\"text-align: left\"><span style=\"color: #0000ff\"><a style=\"color: #0000ff\" href=\"https:\/\/my.visme.co\/view\/w49k1nxo-expresion-artistica-4-eso\" target=\"_blank\" rel=\"noopener noreferrer\"><em>Expresi\u00f3n Art\u00edstica<\/em><\/a><\/span><\/li>\n<li style=\"text-align: left\"><span style=\"color: #0000ff\"><a style=\"color: #0000ff\" href=\"https:\/\/youtu.be\/fgcZg4qG_hY\" target=\"_blank\" rel=\"noopener\"><em>Franc\u00e9s<\/em><\/a><\/span><\/li>\n<li style=\"text-align: left\"><em>M\u00fasica<\/em><\/li>\n<li style=\"text-align: left\"><em>Tecnolog\u00eda<\/em><\/li>\n<li style=\"text-align: left\"><em>Lat\u00edn<\/em><\/li>\n<\/ul>\n<\/td>\n<td style=\"width: 25%;background-color: #ffffff;height: 345px;border-style: solid;border-color: #0d4073\"><strong><u>Opci\u00f3n 4.<\/u><\/strong><\/p>\n<ol>\n<li style=\"text-align: left\"><span style=\"color: #993300\"><strong>Matem\u00e1ticas A (4h)<\/strong><\/span><\/li>\n<li style=\"text-align: left\"><strong><span style=\"color: #993300\">Formaci\u00f3n y Orientaci\u00f3n Personal y Profesional (3h)<\/span><\/strong><\/li>\n<li style=\"text-align: left\"><strong><span style=\"color: #993300\">Tecnolog\u00eda (3h)<\/span><\/strong><\/li>\n<li style=\"text-align: left\"><strong>Una<\/strong> cuarta <strong>materia a elegir entre<\/strong> (3h):<\/li>\n<\/ol>\n<ul>\n<li style=\"text-align: left\"><span style=\"color: #0000ff\"><a style=\"color: #0000ff\" href=\"https:\/\/sites.google.com\/iesmiguelservet.com\/alejandrotena-tic2023\/inicio?authuser=0\" target=\"_blank\" rel=\"noopener noreferrer\"><em>Digitalizaci\u00f3n<\/em><\/a><\/span><\/li>\n<li style=\"text-align: left\"><span style=\"color: #0000ff\"><a style=\"color: #0000ff\" href=\"https:\/\/my.visme.co\/view\/w49k1nxo-expresion-artistica-4-eso\" target=\"_blank\" rel=\"noopener noreferrer\"><em>Expresi\u00f3n Art\u00edstica<\/em><\/a><\/span><\/li>\n<li style=\"text-align: left\"><span style=\"color: #0000ff\"><a style=\"color: #0000ff\" href=\"https:\/\/youtu.be\/fgcZg4qG_hY\" target=\"_blank\" rel=\"noopener\"><em>Franc\u00e9s<\/em><\/a><\/span><\/li>\n<li style=\"text-align: left\"><em>M\u00fasica<\/em><\/li>\n<\/ul>\n<\/td>\n<\/tr>\n<tr style=\"height: 120px\">\n<td style=\"width: 24.8996%;background-color: #ffffff;height: 95px;border-style: solid;border-color: #163e8c\">\n<p style=\"text-align: justify\">Recomendable para el alumnado que quiera cursar el <strong><span style=\"color: #008000\">Bachillerato de Ciencias y Tecnolog\u00eda<\/span><\/strong> una vez finalizada la ESO. (o ciclos relacionados)<\/p>\n<\/td>\n<td style=\"width: 25.0502%;background-color: #ffffff;height: 95px;text-align: justify;border-style: solid;border-color: #0c4799\"><span style=\"color: #000000\">Recomendable para el alumnado que vaya a cursar el <strong><span style=\"color: #800000\">Bachillerato de Humanidades y Ciencias Sociales<\/span><\/strong><\/span><\/td>\n<td style=\"width: 25.0502%;background-color: #ffffff;height: 95px;text-align: justify;border-style: solid;border-color: #0e3b6b\"><span style=\"color: #000000\">Recomendable para el alumnado que vaya a cursar el <strong><span style=\"color: #0000ff\">Bachillerato General<\/span><\/strong><\/span><\/td>\n<td style=\"width: 25%;background-color: #ffffff;height: 95px;text-align: justify;border-style: solid;border-color: #0d4073\"><span style=\"color: #000000\">Recomendable para el alumnado que vaya a cursar un <strong><span style=\"color: #993300\">Ciclo Formativo de Grado Medio<\/span><\/strong><\/span><\/td>\n<\/tr>\n<tr>\n<td style=\"width: 24.8996%;background-color: #ffffff;border-style: solid;border-color: #163e8c\" colspan=\"4\">\n<p class=\"p1\" style=\"text-align: center\">no contamos con <span class=\"s1\">Bachillerato Art\u00edstico <\/span>en el IES Miguel Servet, para estos estudios posteriores se recomienda optar en tercer lugar por:<\/p>\n<p class=\"p2\" style=\"text-align: center\">* <a href=\"https:\/\/my.visme.co\/view\/w49k1nxo-expresion-artistica-4-eso\" target=\"_blank\" rel=\"noopener\"><span class=\"s2\">Expresi\u00f3n Art\u00edstica <\/span><\/a>(v\u00eda de Artes Pl\u00e1sticas, Imagen y Dise\u00f1o) <span class=\"s2\">o <\/span>* <span class=\"s2\">M\u00fasica <\/span>(v\u00eda de M\u00fasica y Artes Esc\u00e9nicas)<\/p>\n<\/td>\n<\/tr>\n<tr style=\"height: 24px\">\n<td style=\"width: 24.8996%;height: 24px;background-color: #726cf0;text-align: center\" colspan=\"4\"><span style=\"color: #ffff99\"><strong>OPTATIVAS PROPIAS DE LA COMUNIDAD ANDALUZA. Se cursa solo UNA entre las siguientes:&nbsp; (2 horas).<\/strong><strong>&nbsp;<\/strong><\/span><\/td>\n<\/tr>\n<tr style=\"height: 104px\">\n<td style=\"width: 24.8996%;height: 33px;background-color: #ffffff\" colspan=\"4\">\n<ol>\n<li style=\"text-align: left\"><a href=\"https:\/\/my.visme.co\/view\/0168zm63-dibujo-tecnico-4-eso\" target=\"_blank\" rel=\"noopener noreferrer\">Dibujo T\u00e9cnico.<\/a><\/li>\n<li style=\"text-align: left\">Ampliaci\u00f3n de Cultura Cl\u00e1sica<\/li>\n<li style=\"text-align: left\">Aprendizaje Social y Emocional<\/li>\n<li style=\"text-align: left\">Artes Esc\u00e9nicas y Danza<\/li>\n<li style=\"text-align: left\"><a href=\"https:\/\/blogsaverroes.juntadeandalucia.es\/iesmiguelservet\/files\/2025\/06\/Cultura-Cientifica.pdf\" target=\"_blank\" rel=\"noopener\">Cultura Cientifica<\/a><\/li>\n<li style=\"text-align: left\">Filosof\u00eda.<\/li>\n<li style=\"text-align: left\">Proyecto Interdisciplinar: <a href=\"https:\/\/blogsaverroes.juntadeandalucia.es\/iesmiguelservet\/files\/2025\/05\/oratoria-y-debate.pdf.pdf\" target=\"_blank\" rel=\"noopener\">Oratoria y debate.<\/a><\/li>\n<li>Proyecto Interdisciplinar: <a href=\"https:\/\/youtube.com\/shorts\/WnJFxrChtx4?feature=share\" target=\"_blank\" rel=\"noopener\">T\u00e9cnicas de Laboratorio.<\/a><\/li>\n<\/ol>\n<\/td>\n<\/tr>\n<tr style=\"height: 26px\">\n<td style=\"width: 24.8996%;height: 26px;background-color: #ffffff\" colspan=\"4\">TUTOR\u00cdA (1h.)<\/td>\n<\/tr>\n<tr style=\"height: 56px\">\n<td style=\"width: 24.8996%;height: 43px;background-color: #f2a36b\" colspan=\"4\" width=\"662\">\n<p style=\"text-align: center\"><span style=\"color: #000000\"><strong>Elegir una <\/strong>(1h.)<strong>:<\/strong> Rel. Cat\u00f3lica \/ Rel. Evang\u00e9lica<sup>&nbsp; &nbsp;<\/sup>\/ Rel. Isl\u00e1mica <sup>&nbsp;<\/sup>\/&nbsp; Rel. Jud\u00eda<sup>&nbsp; <\/sup>\/ Atenci\u00f3n Educativa<\/span><\/p>\n<\/td>\n<\/tr>\n<\/tbody>\n<\/table>\n<table style=\"border-collapse: collapse;width: 100%\">\n<tbody>\n<tr>\n<td style=\"width: 99.9999%;text-align: center\" colspan=\"3\"><strong>&nbsp;<\/strong><\/td>\n<\/tr>\n<tr>\n<td style=\"background-color: #d4e34f;text-align: center;width: 99.9999%\" colspan=\"3\"><strong>PROGRAMA DE DIVERSIFICACI\u00d3N CURRICULAR SEGUNDO CURSO(4\u00baeso)<\/strong><\/td>\n<\/tr>\n<tr>\n<td style=\"width: 33.3333%\">\u00c1mbito Cient\u00edfico-Tecnol\u00f3gico<\/td>\n<td style=\"width: 53.3132%;text-align: center\">BG+FQ+Mat<\/td>\n<td style=\"width: 13.3534%;text-align: center\">8 horas<\/td>\n<\/tr>\n<tr>\n<td style=\"width: 33.3333%\">\u00c1mbito Ling\u00fc\u00edstico y Social<\/td>\n<td style=\"width: 53.3132%;text-align: center\">GH + LEN + ING<\/td>\n<td style=\"width: 13.3534%;text-align: center\">9 horas<\/td>\n<\/tr>\n<tr>\n<td style=\"width: 33.3333%\">Materia com\u00fan<\/td>\n<td style=\"width: 53.3132%;text-align: center\">Educaci\u00f3n F\u00edsica<\/td>\n<td style=\"width: 13.3534%;text-align: center\">2 horas<\/td>\n<\/tr>\n<tr>\n<td style=\"width: 33.3333%\"><strong><span style=\"color: #993300\">Itinerario 4<\/span><\/strong><\/td>\n<td style=\"width: 53.3132%\">\n<p style=\"text-align: center\"><strong><span style=\"color: #993300\">Formaci\u00f3n y Orientaci\u00f3n Personal y Profesional (3h) + <\/span><\/strong><strong><span style=\"color: #993300\">Tecnolog\u00eda (3h)<\/span><\/strong><\/p>\n<\/td>\n<td style=\"width: 13.3534%;text-align: center\">6 horas<\/td>\n<\/tr>\n<tr>\n<td style=\"width: 33.3333%;background-color: #726cf0\"><span style=\"color: #ffff99\"><strong>OPTATIVAS PROPIAS DE LA COMUNIDAD ANDALUZA (Se cursa UNA entre las siguientes)<\/strong><\/span><\/td>\n<td style=\"width: 53.3132%\">\n<ol>\n<li style=\"text-align: left\"><a href=\"https:\/\/my.visme.co\/view\/0168zm63-dibujo-tecnico-4-eso\" target=\"_blank\" rel=\"noopener noreferrer\">Dibujo T\u00e9cnico.<\/a><\/li>\n<li style=\"text-align: left\">Ampliaci\u00f3n de Cultura Cl\u00e1sica<\/li>\n<li style=\"text-align: left\">Aprendizaje Social y Emocional<\/li>\n<li style=\"text-align: left\">Artes Esc\u00e9nicas y Danza<\/li>\n<li style=\"text-align: left\"><a href=\"https:\/\/blogsaverroes.juntadeandalucia.es\/iesmiguelservet\/files\/2025\/06\/Cultura-Cientifica.pdf\" target=\"_blank\" rel=\"noopener\">Cultura Cientifica<\/a><\/li>\n<li style=\"text-align: left\">Filosof\u00eda.<\/li>\n<li style=\"text-align: left\">Proyecto Interdisciplinar: <a href=\"https:\/\/blogsaverroes.juntadeandalucia.es\/iesmiguelservet\/files\/2025\/05\/oratoria-y-debate.pdf.pdf\" target=\"_blank\" rel=\"noopener\">Oratoria y debate.<\/a><\/li>\n<li>Proyecto Interdisciplinar: <a href=\"https:\/\/youtube.com\/shorts\/WnJFxrChtx4?feature=share\" target=\"_blank\" rel=\"noopener\">T\u00e9cnicas de Laboratorio.<\/a><\/li>\n<\/ol>\n<\/td>\n<td style=\"width: 13.3534%;text-align: center\">2 horas<\/td>\n<\/tr>\n<tr>\n<td style=\"width: 99.9999%\" colspan=\"3\"><span style=\"color: #000000\"><strong>Elegir una <\/strong>(1h.)<strong>:<\/strong> Rel. Cat\u00f3lica \/ Rel. Evang\u00e9lica<sup>&nbsp; &nbsp;<\/sup>\/ Rel. Isl\u00e1mica <sup>&nbsp;<\/sup>\/&nbsp; Rel. Jud\u00eda<sup>&nbsp; <\/sup>\/ Atenci\u00f3n Educativa<\/span><\/td>\n<\/tr>\n<tr>\n<td style=\"width: 99.9999%\" colspan=\"3\">TUTOR\u00cdA (2h.)<\/td>\n<\/tr>\n<tr>\n<td style=\"width: 33.3333%\">&nbsp;<\/td>\n<td style=\"width: 53.3132%\">&nbsp;<\/td>\n<td style=\"width: 13.3534%\">&nbsp;<\/td>\n<\/tr>\n<\/tbody>\n<\/table>\n<p>&nbsp;<\/p>\n","protected":false},"excerpt":{"rendered":"<p>Estructura y distribuci\u00f3n de materias cursadas en cada nivel educativo 4\u00ba ESO&nbsp; MATERIAS COMUNES OBLIGATORIAS Lengua Cast. y Literatura (4h) Geograf\u00eda &amp; Historia* (3h)&nbsp; &#8211;&gt;*Esta materia pertenece al Programa de Pluriling\u00fcismo (Ingl\u00e9s). Ingl\u00e9s (4h.)&#46;&#46;&#46;<\/p>\n","protected":false},"author":3727,"featured_media":0,"parent":0,"menu_order":0,"comment_status":"closed","ping_status":"closed","template":"","meta":{"ngg_post_thumbnail":0,"footnotes":"","_mc_calendar":[]},"aioseo_notices":[],"_links":{"self":[{"href":"https:\/\/blogsaverroes.juntadeandalucia.es\/iesmiguelservet\/wp-json\/wp\/v2\/pages\/47231"}],"collection":[{"href":"https:\/\/blogsaverroes.juntadeandalucia.es\/iesmiguelservet\/wp-json\/wp\/v2\/pages"}],"about":[{"href":"https:\/\/blogsaverroes.juntadeandalucia.es\/iesmiguelservet\/wp-json\/wp\/v2\/types\/page"}],"author":[{"embeddable":true,"href":"https:\/\/blogsaverroes.juntadeandalucia.es\/iesmiguelservet\/wp-json\/wp\/v2\/users\/3727"}],"replies":[{"embeddable":true,"href":"https:\/\/blogsaverroes.juntadeandalucia.es\/iesmiguelservet\/wp-json\/wp\/v2\/comments?post=47231"}],"version-history":[{"count":55,"href":"https:\/\/blogsaverroes.juntadeandalucia.es\/iesmiguelservet\/wp-json\/wp\/v2\/pages\/47231\/revisions"}],"predecessor-version":[{"id":51804,"href":"https:\/\/blogsaverroes.juntadeandalucia.es\/iesmiguelservet\/wp-json\/wp\/v2\/pages\/47231\/revisions\/51804"}],"wp:attachment":[{"href":"https:\/\/blogsaverroes.juntadeandalucia.es\/iesmiguelservet\/wp-json\/wp\/v2\/media?parent=47231"}],"curies":[{"name":"wp","href":"https:\/\/api.w.org\/{rel}","templated":true}]}}