{"id":47235,"date":"2022-03-11T12:39:37","date_gmt":"2022-03-11T10:39:37","guid":{"rendered":"https:\/\/blogsaverroes.juntadeandalucia.es\/iesmiguelservet\/?page_id=47235"},"modified":"2025-06-24T10:06:21","modified_gmt":"2025-06-24T08:06:21","slug":"itinerarios-1o-bachillerato-humanidades-y-ccss","status":"publish","type":"page","link":"https:\/\/blogsaverroes.juntadeandalucia.es\/iesmiguelservet\/itinerarios-1o-bachillerato-humanidades-y-ccss\/","title":{"rendered":"Itinerarios 1\u00ba Bachillerato Humanidades y CCSS"},"content":{"rendered":"<h2 style=\"text-align: center\"><span style=\"color: #008000\">Estructura y distribuci\u00f3n de materias cursadas en cada nivel educativo<\/span><\/h2>\n<table style=\"border-collapse: collapse;width: 100%;height: 853px\">\n<tbody>\n<tr style=\"height: 75px\">\n<td style=\"width: 100%;background-color: #f4f72a;height: 75px;border-color: #0d3591;text-align: center\">\n<h2>1\u00ba Bachillerato MODALIDAD DE HUMANIDADES Y CIENCIAS SOCIALES<\/h2>\n<\/td>\n<\/tr>\n<tr style=\"height: 24px\">\n<td style=\"width: 100%;height: 24px;background-color: #0eedaa;text-align: center\"><span style=\"color: #ffffff\"><strong>MATERIAS COMUNES<\/strong><\/span><\/td>\n<\/tr>\n<tr style=\"height: 152px\">\n<td style=\"width: 100%;height: 152px;background-color: #ffffff\">\n<ul>\n<li style=\"text-align: left\"><span style=\"color: #000000\">Lengua Cast. y Literatura I (3h)<\/span><\/li>\n<li style=\"text-align: left\"><span style=\"color: #000000\">Educaci\u00f3n F\u00edsica (2h)<\/span><\/li>\n<li style=\"text-align: left\"><span style=\"color: #000000\">Filosof\u00eda (3h)<\/span><\/li>\n<li style=\"text-align: left\"><span style=\"color: #000000\">Ingl\u00e9s I (3h)<\/span><\/li>\n<\/ul>\n<\/td>\n<\/tr>\n<tr style=\"height: 24px\">\n<td style=\"width: 100%;height: 24px;background-color: #726cf0;text-align: center\"><span style=\"color: #ffffff\"><strong>MATERIAS ESPEC\u00cdFICA DE MODALIDAD<\/strong><\/span><\/td>\n<\/tr>\n<tr style=\"height: 104px\">\n<td style=\"width: 100%;height: 104px;background-color: #ffffff\">\n<ul>\n<li style=\"text-align: left\"><span style=\"color: #000000\"><strong>Materia Espec\u00edfica de Modalidad, itinerario:<\/strong>&nbsp;<\/span>\n<ul>\n<li><span style=\"color: #000000\"><strong>Humanidades:<\/strong> <a href=\"https:\/\/blogsaverroes.juntadeandalucia.es\/iesmiguelservet\/files\/2025\/06\/Clasicas.mp4\" target=\"_blank\" rel=\"noopener\">Lat\u00edn I<\/a> (4h)<\/span><\/li>\n<li><span style=\"color: #000000\"><strong>Ciencias Sociales:<\/strong> Matem\u00e1ticas Aplicadas a las CCSS I (4h)<\/span><\/li>\n<\/ul>\n<\/li>\n<\/ul>\n<p style=\"text-align: left\"><span style=\"color: #000000\">Se cursan 2 materias m\u00e1s a elegir entre:<\/span><\/p>\n<ul>\n<li style=\"text-align: left\"><span style=\"color: #000000\">Historia del Mundo Contempor\u00e1neo (4h)<\/span><\/li>\n<li style=\"text-align: left\"><span style=\"color: #0000ff\"><a style=\"color: #0000ff\" href=\"https:\/\/blogsaverroes.juntadeandalucia.es\/iesmiguelservet\/files\/2025\/05\/Literatura-universal.pdf.pdf\" target=\"_blank\" rel=\"noopener\">Literatura Universal (4h)<\/a><\/span><\/li>\n<li style=\"text-align: left\"><span style=\"color: #333333\"><a href=\"https:\/\/blogsaverroes.juntadeandalucia.es\/iesmiguelservet\/files\/2025\/06\/Clasicas.mp4\" target=\"_blank\" rel=\"noopener\">Griego I<\/a> (4h)<\/span><\/li>\n<li style=\"text-align: left\"><span style=\"color: #000000\">Econom\u00eda (4h)<\/span><\/li>\n<li style=\"text-align: left\"><span style=\"color: #000000\"><a href=\"https:\/\/blogsaverroes.juntadeandalucia.es\/iesmiguelservet\/files\/2025\/06\/Clasicas.mp4\" target=\"_blank\" rel=\"noopener\"><span style=\"color: #0000ff\">Lat\u00edn I<\/span>&nbsp;<\/a>(4h) <span style=\"color: #999999\"><em>si no se eligi\u00f3 antes<\/em><\/span><\/span><\/li>\n<li style=\"text-align: left\"><span style=\"color: #000000\">Matem\u00e1ticas Aplicadas a las Ciencias Sociales I (4h)<span style=\"color: #999999\"> <em>si no se eligi\u00f3 antes<\/em><\/span><\/span><\/li>\n<\/ul>\n<\/td>\n<\/tr>\n<tr style=\"height: 56px\">\n<td style=\"width: 100%;background-color: #570a0a;height: 56px\">\n<p style=\"text-align: center\"><span style=\"color: #ffffff\">MATERIAS OPTATIVAS PROPIAS DE LA COMUNIDAD ANDALUZA<\/span><\/p>\n<\/td>\n<\/tr>\n<tr style=\"height: 368px\">\n<td style=\"width: 100%;background-color: #ffffff;height: 368px\">\n<p style=\"text-align: left\"><span style=\"color: #000000\"><strong>Se cursa <\/strong><\/span><\/p>\n<p style=\"text-align: left\"><span style=\"color: #000000\"><strong>a) Una materia troncal no elegida (4h)<\/strong><\/span><\/p>\n<p style=\"text-align: left\"><span style=\"color: #000000\"><strong>b) O dos materias optativas:<\/strong><\/span><\/p>\n<ul>\n<li style=\"text-align: left\"><span style=\"color: #0000ff\"><a style=\"color: #0000ff\" href=\"https:\/\/blogsaverroes.juntadeandalucia.es\/iesmiguelservet\/files\/2025\/05\/Informacion-familias-AAPL.pdf\" target=\"_blank\" rel=\"noopener\">Anatom\u00eda Aplicada (2h)<\/a><\/span><\/li>\n<li style=\"text-align: left\"><a href=\"https:\/\/blogsaverroes.juntadeandalucia.es\/iesmiguelservet\/files\/2022\/06\/ANTROPOLOG%C3%8DA-Y-SOCIOLOG%C3%8DA.pdf\" target=\"_blank\" rel=\"noopener noreferrer\">Antropolog\u00eda y Sociolog\u00eda (2h)&#8211;&gt;Presentaci\u00f3n<\/a>\n<ul>\n<li><a href=\"https:\/\/blogsaverroes.juntadeandalucia.es\/iesmiguelservet\/files\/2023\/04\/ANTROPOLOG\u00cdA-Y-SOCIOLOG\u00cdA.pdf\">ANTROPOLOG\u00cdA Y SOCIOLOG\u00cdA<\/a> (Descripci\u00f3n de la materia)<\/li>\n<\/ul>\n<\/li>\n<li style=\"text-align: left\"><a href=\"https:\/\/blogsaverroes.juntadeandalucia.es\/iesmiguelservet\/files\/2025\/06\/CDPC.pdf\" target=\"_blank\" rel=\"noopener\">Creaci\u00f3n Digital y Pensamiento Computacional<\/a> (2h)<\/li>\n<li style=\"text-align: left\">Cultura Emprendedora y Empresarial (2h)<\/li>\n<li style=\"text-align: left\">Educaci\u00f3n para la Convivencia Democr\u00e1tica (2h)<\/li>\n<li style=\"text-align: left\"><a href=\"https:\/\/youtu.be\/IRIzYZYz3Yk\" target=\"_blank\" rel=\"noopener\">Patrimonio Cultural y Art\u00edstico de Andaluc\u00eda (2h)<\/a><\/li>\n<li style=\"text-align: left\"><span style=\"color: #0000ff\"><a style=\"color: #0000ff\" href=\"https:\/\/youtu.be\/fgcZg4qG_hY\" target=\"_blank\" rel=\"noopener\">Segunda Lengua Extranjera: Franc\u00e9s (2h)<\/a><\/span><\/li>\n<li style=\"text-align: left\"><span style=\"color: #000000\"><a href=\"https:\/\/www.canva.com\/design\/DAFlUj5-vAE\/b5JBq_Gfv3hF-12HDuJIGQ\/edit?utm_content=DAFlUj5-vAE&amp;utm_campaign=designshare&amp;utm_medium=link2&amp;utm_source=sharebutton\" target=\"_blank\" rel=\"noopener\">Tecnolog\u00eda de la Informaci\u00f3n y la Comunicaci\u00f3n I.<\/a> (2h)<\/span><\/li>\n<\/ul>\n<\/td>\n<\/tr>\n<tr style=\"height: 24px\">\n<td style=\"width: 100%;background-color: #f2f268;text-align: center;height: 24px\"><strong><span style=\"color: #000000\">Elegir una (1h.):<\/span><\/strong><span style=\"color: #000000\"> Rel. Cat\u00f3lica \/ Rel. Evang\u00e9lica<\/span><span style=\"color: #000000\">\/ Rel. Isl\u00e1mica \/&nbsp; Rel. Jud\u00eda\/ Proyecto Transversal de Educaci\u00f3n en Valores.<\/span><\/td>\n<\/tr>\n<tr style=\"height: 26px\">\n<td style=\"width: 100%;height: 26px;background-color: #ffffff\">&nbsp;<\/td>\n<\/tr>\n<\/tbody>\n<\/table>\n","protected":false},"excerpt":{"rendered":"<p>Estructura y distribuci\u00f3n de materias cursadas en cada nivel educativo 1\u00ba Bachillerato MODALIDAD DE HUMANIDADES Y CIENCIAS SOCIALES MATERIAS COMUNES Lengua Cast. y Literatura I (3h) Educaci\u00f3n F\u00edsica (2h) Filosof\u00eda (3h) Ingl\u00e9s I (3h)&#46;&#46;&#46;<\/p>\n","protected":false},"author":3727,"featured_media":0,"parent":0,"menu_order":0,"comment_status":"closed","ping_status":"closed","template":"","meta":{"ngg_post_thumbnail":0,"footnotes":"","_mc_calendar":[]},"aioseo_notices":[],"_links":{"self":[{"href":"https:\/\/blogsaverroes.juntadeandalucia.es\/iesmiguelservet\/wp-json\/wp\/v2\/pages\/47235"}],"collection":[{"href":"https:\/\/blogsaverroes.juntadeandalucia.es\/iesmiguelservet\/wp-json\/wp\/v2\/pages"}],"about":[{"href":"https:\/\/blogsaverroes.juntadeandalucia.es\/iesmiguelservet\/wp-json\/wp\/v2\/types\/page"}],"author":[{"embeddable":true,"href":"https:\/\/blogsaverroes.juntadeandalucia.es\/iesmiguelservet\/wp-json\/wp\/v2\/users\/3727"}],"replies":[{"embeddable":true,"href":"https:\/\/blogsaverroes.juntadeandalucia.es\/iesmiguelservet\/wp-json\/wp\/v2\/comments?post=47235"}],"version-history":[{"count":36,"href":"https:\/\/blogsaverroes.juntadeandalucia.es\/iesmiguelservet\/wp-json\/wp\/v2\/pages\/47235\/revisions"}],"predecessor-version":[{"id":51752,"href":"https:\/\/blogsaverroes.juntadeandalucia.es\/iesmiguelservet\/wp-json\/wp\/v2\/pages\/47235\/revisions\/51752"}],"wp:attachment":[{"href":"https:\/\/blogsaverroes.juntadeandalucia.es\/iesmiguelservet\/wp-json\/wp\/v2\/media?parent=47235"}],"curies":[{"name":"wp","href":"https:\/\/api.w.org\/{rel}","templated":true}]}}