{"id":47241,"date":"2022-03-11T14:03:04","date_gmt":"2022-03-11T12:03:04","guid":{"rendered":"https:\/\/blogsaverroes.juntadeandalucia.es\/iesmiguelservet\/?page_id=47241"},"modified":"2025-06-24T22:52:07","modified_gmt":"2025-06-24T20:52:07","slug":"modulos-del-cf-gm-atencion-a-personas-en-situacion-de-dependencia","status":"publish","type":"page","link":"https:\/\/blogsaverroes.juntadeandalucia.es\/iesmiguelservet\/modulos-del-cf-gm-atencion-a-personas-en-situacion-de-dependencia\/","title":{"rendered":"M\u00f3dulos del CF GM Atenci\u00f3n a Personas en Situaci\u00f3n de Dependencia"},"content":{"rendered":"<table style=\"border-collapse: collapse;width: 100%;height: 864px\">\n<tbody>\n<tr style=\"height: 75px\">\n<td style=\"width: 100%;background-color: #f4f72a;height: 75px;border-color: #0d3591;text-align: center\">\n<h3 id=\"duracion\" class=\"duracion\">Duraci\u00f3n del estudio: 2000 horas.<\/h3>\n<\/td>\n<\/tr>\n<tr style=\"height: 24px\">\n<td style=\"width: 100%;height: 24px;background-color: #0eedaa;text-align: center\">\n<h3><strong>Requisitos de acceso<\/strong><\/h3>\n<\/td>\n<\/tr>\n<tr style=\"height: 152px\">\n<td style=\"width: 100%;height: 152px;background-color: #ffffff\">\n<div class=\"cte\">\n<p class=\"ta-justify\" style=\"text-align: left\">Puedes acceder a un ciclo de<strong> grado medio<\/strong> cuando re\u00fanas alguno de los siguientes requisitos:<\/p>\n<p class=\"ta-justify\" style=\"text-align: left\">Acceso<strong> directo<\/strong>:<\/p>\n<ul style=\"text-align: left\">\n<li class=\"ta-justify\">Estar en posesi\u00f3n del <strong>t\u00edtulo de Graduado en Educaci\u00f3n Secundaria Obligatoria<\/strong> o de un nivel acad\u00e9mico superior.<\/li>\n<li class=\"ta-justify\">Estar en posesi\u00f3n de un T\u00edtulo Profesional B\u00e1sico (Formaci\u00f3n Profesional B\u00e1sica).<\/li>\n<li class=\"ta-justify\">Estar en posesi\u00f3n de un t\u00edtulo de T\u00e9cnico o de T\u00e9cnico Auxiliar o equivalente a efectos acad\u00e9micos.<\/li>\n<li class=\"ta-justify\">Haber superado el segundo curso del Bachillerato Unificado y Polivalente (BUP, planes educativos anteriores a la Ley Org\u00e1nica 2\/2006, de 3 de mayo)<\/li>\n<li class=\"ta-justify\">Haber superado la prueba de acceso a la Universidad para mayores de 25 a\u00f1os.<\/li>\n<\/ul>\n<p class=\"ta-justify\" style=\"text-align: left\">Acceso mediante<strong> prueba<\/strong> (para quienes no tengan alguno de los requisitos anteriores)<\/p>\n<ul>\n<li class=\"ta-justify\" style=\"text-align: left\">Haber superado la prueba de acceso a ciclos formativos de grado medio (se requerir\u00e1 tener, al menos, diecisiete a\u00f1os, cumplidos en el a\u00f1o de realizaci\u00f3n de la prueba).<\/li>\n<\/ul>\n<\/div>\n<ul>\n<li style=\"list-style-type: none\">&nbsp;<\/li>\n<\/ul>\n<\/td>\n<\/tr>\n<tr style=\"height: 24px\">\n<td style=\"width: 100%;height: 24px;background-color: #726cf0;text-align: center\">\n<h3><span style=\"color: #ffffff\"><strong>\u00bfQu\u00e9 voy a aprender y hacer?<\/strong><\/span><\/h3>\n<\/td>\n<\/tr>\n<tr style=\"height: 104px\">\n<td style=\"width: 100%;height: 104px;background-color: #ffffff\">\n<div class=\"cte\">\n<ul>\n<li class=\"ta-justify\" style=\"text-align: left\">Realizar las tareas de higiene personal y vestido de las personas en situaci\u00f3n de dependencia, aportando la ayuda precisa, favoreciendo al m\u00e1ximo su autonom\u00eda en las actividades de la vida diaria y manteniendo hacia ellos una actitud de respeto y profesionalidad.<\/li>\n<li class=\"ta-justify\" style=\"text-align: left\">Organizar la intervenci\u00f3n relativa a la alimentaci\u00f3n supervisando los men\u00fas, preparando los alimentos y administr\u00e1ndolos cuando sea necesario.<\/li>\n<li class=\"ta-justify\" style=\"text-align: left\">Realizar las actividades de mantenimiento y limpieza del domicilio garantizando las condiciones de habitabilidad, higiene y orden, con criterios de calidad, seguridad y cuidado del medio ambiente y, en su caso, tramitando la documentaci\u00f3n pertinente.<\/li>\n<li class=\"ta-justify\" style=\"text-align: left\">Realizar las intervenciones relacionadas con el estado f\u00edsico de las personas en situaci\u00f3n de dependencia siguiendo las pautas establecidas y mostrando en todo momento respeto por su intimidad.<\/li>\n<li class=\"ta-justify\" style=\"text-align: left\">Realizar los traslados, movilizaciones y apoyo a la deambulaci\u00f3n de las personas en situaci\u00f3n de dependencia empleando los protocolos y las ayudas t\u00e9cnicas necesarias y adoptando medidas de prevenci\u00f3n y seguridad.<\/li>\n<li class=\"ta-justify\" style=\"text-align: left\">Dar respuesta a situaciones de emergencia y riesgo para la salud en el desarrollo de su actividad profesional aplicando t\u00e9cnicas de primeros auxilios.<\/li>\n<li class=\"ta-justify\" style=\"text-align: left\">Implementar intervenciones de apoyo psicosocial empleando ayudas t\u00e9cnicas, apoyos de comunicaci\u00f3n y tecnolog\u00edas de la informaci\u00f3n y la comunicaci\u00f3n.<\/li>\n<li class=\"ta-justify\" style=\"text-align: left\">Aplicar t\u00e9cnicas y estrategias para el mantenimiento y desarrollo de las habilidades de autonom\u00eda personal y social de las personas en situaci\u00f3n de dependencia empleando ayudas t\u00e9cnicas y de comunicaci\u00f3n.<\/li>\n<li class=\"ta-justify\" style=\"text-align: left\">Realizar tareas de acompa\u00f1amiento y asistencia personal respetando las directrices del Plan Individual de Vida Independiente y las decisiones de la persona usuaria.<\/li>\n<\/ul>\n<\/div>\n<\/td>\n<\/tr>\n<tr style=\"height: 56px\">\n<td style=\"width: 100%;height: 43px;background-color: #f2a36b\" width=\"662\">\n<h3 style=\"text-align: center\"><span style=\"color: #ffff00\"><strong>Plan de formaci\u00f3n<\/strong><\/span><\/h3>\n<\/td>\n<\/tr>\n<tr style=\"height: 240px\">\n<td style=\"width: 100%;height: 240px;background-color: #ffffff;text-align: left\">\n<div class=\"cte\">\n<p><strong><span style=\"color: #008000\">PRIMER CURSO:<\/span><\/strong><\/p>\n<ul>\n<li>Apoyo Domiciliario &#8211; 7 horas.<\/li>\n<li>Atenci\u00f3n Sanitaria &#8211; 6 horas.<\/li>\n<li>Atenci\u00f3n y Apoyo Psicosocial &#8211; 6 horas.<\/li>\n<li>Caracter\u00edsticas y necesidades de las personas en situaci\u00f3n de dependencia &#8211; 4 horas.<\/li>\n<li>Digitalizaci\u00f3n Aplicada a los Sectores Productivos GM &#8211; 1 horas.<\/li>\n<li>Primeros Auxilios &#8211; 2 horas.<\/li>\n<li>Sostenibilidad Aplicada al Sistema Productivo &#8211; 1 horas.<\/li>\n<li>Itinerario Personal para la Empleabilidad I &#8211; 3 horas.<\/li>\n<\/ul>\n<\/div>\n<\/td>\n<\/tr>\n<tr>\n<td style=\"width: 100%;background-color: #f7f4e6;text-align: left\">\n<div class=\"cte\">\n<p><strong><span style=\"color: #008000\">SEGUNDO CURSO:<\/span><\/strong><\/p>\n<ul>\n<li>Apoyo a la comunicaci\u00f3n 3 horas.<\/li>\n<li>Atenci\u00f3n higi\u00e9nica 4 horas.<\/li>\n<li>Destrezas sociales 6 horas.<\/li>\n<li>Organizaci\u00f3n de la atenci\u00f3n a las personas en situaci\u00f3n de dependencia 4 horas.<\/li>\n<li>Teleasistencia 3 horas.<\/li>\n<li>Optativa Intervenci\u00f3n Higi\u00e9nico-sanitaria General a Personas en Situaci\u00f3n de Dependencia 3 horas.<\/li>\n<li>Proyecto Intermodular 2 horas.<\/li>\n<li>Ingl\u00e9s Profesional 2 horas.<\/li>\n<li>Itinerario Personal para la Empleabilidad II &#8211; 3 horas.<\/li>\n<\/ul>\n<\/div>\n<\/td>\n<\/tr>\n<tr style=\"height: 56px\">\n<td style=\"width: 100%;height: 56px;background-color: #858282\">\n<h3 style=\"text-align: center\"><span style=\"color: #ffff00\"><strong>Al finalizar mis estudios, \u00bfQu\u00e9 puedo hacer?<\/strong><\/span><\/h3>\n<\/td>\n<\/tr>\n<tr style=\"height: 120px\">\n<td style=\"width: 100%;height: 120px;background-color: #ffffff\">\n<div class=\"cte\">\n<p class=\"ta-justify\" style=\"text-align: left\"><strong>Trabajar como :<\/strong><\/p>\n<ul style=\"text-align: left\">\n<li class=\"ta-justify\">Cuidador \/ cuidadora de personas en situaci\u00f3n de dependencia en diferentes instituciones y \/ o domicilios.<\/li>\n<li class=\"ta-justify\">Gobernante \/ gobernanta y subgobernante \/ subgobernanta de personas en situaci\u00f3n de dependencia en instituciones.<\/li>\n<li class=\"ta-justify\">Auxiliar responsable de planta de residencias de mayores y personas con discapacidad.<\/li>\n<li class=\"ta-justify\">Auxiliar de ayuda a domicilio.<\/li>\n<li class=\"ta-justify\">Asistente de atenci\u00f3n domiciliaria.<\/li>\n<li class=\"ta-justify\">Trabajador \/ trabajadora familiar.<\/li>\n<li class=\"ta-justify\">Auxiliar de educaci\u00f3n especial.<\/li>\n<li class=\"ta-justify\">Asistente personal.<\/li>\n<li class=\"ta-justify\">Teleoperador \/ teleoperadora de teleasistencia.<\/li>\n<\/ul>\n<p class=\"ta-justify\" style=\"text-align: left\"><strong>Seguir estudiando:<\/strong><\/p>\n<ul>\n<li class=\"ta-justify\" style=\"text-align: left\">Cursos de especializaci\u00f3n profesional<\/li>\n<li class=\"ta-justify\" style=\"text-align: left\">Otro ciclo de Formaci\u00f3n Profesional con la posibilidad de establecer convalidaciones de m\u00f3dulos profesionales de acuerdo a la normativa vigente.<\/li>\n<li class=\"ta-justify\" style=\"text-align: left\">El Bachillerato en cualquiera de sus modalidades<\/li>\n<\/ul>\n<\/div>\n<\/td>\n<\/tr>\n<tr>\n<td style=\"width: 100%;background-color: #12b31d\">\n<div class=\"cte\">\n<h3 id=\"salidas\" class=\"salidas\" style=\"text-align: center\"><span style=\"color: #ffffff\">\u00bfCu\u00e1les son las salidas profesionales?<\/span><\/h3>\n<\/div>\n<\/td>\n<\/tr>\n<tr>\n<td style=\"width: 100%;background-color: #ffffff\">\n<div class=\"cte\">\n<p class=\"ta-justify\" style=\"text-align: left\"><strong>Este profesional ejerce su actividad en el sector de servicios a las personas: asistenciales, psicosociales y de apoyo a la gesti\u00f3n dom\u00e9stica.<\/strong><\/p>\n<\/div>\n<\/td>\n<\/tr>\n<\/tbody>\n<\/table>\n","protected":false},"excerpt":{"rendered":"<p>Duraci\u00f3n del estudio: 2000 horas. Requisitos de acceso Puedes acceder a un ciclo de grado medio cuando re\u00fanas alguno de los siguientes requisitos: Acceso directo: Estar en posesi\u00f3n del t\u00edtulo de Graduado en Educaci\u00f3n&#46;&#46;&#46;<\/p>\n","protected":false},"author":3727,"featured_media":51776,"parent":0,"menu_order":0,"comment_status":"closed","ping_status":"closed","template":"","meta":{"ngg_post_thumbnail":0,"footnotes":"","_mc_calendar":[]},"aioseo_notices":[],"_links":{"self":[{"href":"https:\/\/blogsaverroes.juntadeandalucia.es\/iesmiguelservet\/wp-json\/wp\/v2\/pages\/47241"}],"collection":[{"href":"https:\/\/blogsaverroes.juntadeandalucia.es\/iesmiguelservet\/wp-json\/wp\/v2\/pages"}],"about":[{"href":"https:\/\/blogsaverroes.juntadeandalucia.es\/iesmiguelservet\/wp-json\/wp\/v2\/types\/page"}],"author":[{"embeddable":true,"href":"https:\/\/blogsaverroes.juntadeandalucia.es\/iesmiguelservet\/wp-json\/wp\/v2\/users\/3727"}],"replies":[{"embeddable":true,"href":"https:\/\/blogsaverroes.juntadeandalucia.es\/iesmiguelservet\/wp-json\/wp\/v2\/comments?post=47241"}],"version-history":[{"count":14,"href":"https:\/\/blogsaverroes.juntadeandalucia.es\/iesmiguelservet\/wp-json\/wp\/v2\/pages\/47241\/revisions"}],"predecessor-version":[{"id":51780,"href":"https:\/\/blogsaverroes.juntadeandalucia.es\/iesmiguelservet\/wp-json\/wp\/v2\/pages\/47241\/revisions\/51780"}],"wp:featuredmedia":[{"embeddable":true,"href":"https:\/\/blogsaverroes.juntadeandalucia.es\/iesmiguelservet\/wp-json\/wp\/v2\/media\/51776"}],"wp:attachment":[{"href":"https:\/\/blogsaverroes.juntadeandalucia.es\/iesmiguelservet\/wp-json\/wp\/v2\/media?parent=47241"}],"curies":[{"name":"wp","href":"https:\/\/api.w.org\/{rel}","templated":true}]}}