{"id":47371,"date":"2022-04-04T12:43:48","date_gmt":"2022-04-04T10:43:48","guid":{"rendered":"https:\/\/blogsaverroes.juntadeandalucia.es\/iesmiguelservet\/?page_id=47371"},"modified":"2022-04-04T12:43:48","modified_gmt":"2022-04-04T10:43:48","slug":"red-social-de-lectura-para-el-servet","status":"publish","type":"page","link":"https:\/\/blogsaverroes.juntadeandalucia.es\/iesmiguelservet\/red-social-de-lectura-para-el-servet\/","title":{"rendered":"Red Social de Lectura para el Servet"},"content":{"rendered":"<p><em>Acorde a los nuevos tiempos, nuestra biblioteca quiere trascender los muros f\u00edsicos saltando al ciberespacio, permitiendo acercarse a la comunidad educativa a espacios lectores donde la lectura, as\u00ed como el intercambio de pensamientos y la construcci\u00f3n de ideas cr\u00edticas, el uso de plataformas virtuales y entornos web sociales, pueden ser una buena oportunidad para atraer lectores y fomentar las lecturas compartidas.<\/em><\/p>\n<p><em>Una de estas plataformas virtuales es <\/em><em>Library thing (http:\/\/www.librarything.es)<\/em><em>, una red social que permite crear un cat\u00e1logo con los libros que se quiera, a\u00f1adiendo etiquetas, rese\u00f1as, valoraciones, etc. As\u00ed pues, al igual que un club de lectura \u201ctradicional\u201d re\u00fane y conjuga los intereses y pasiones de una serie de personas en torno a un libro, vemos que la lectura, la red social y las aplicaciones y programas destinados a tal efecto, pueden servirnos para crear espacios virtuales donde el alumnado y la comunidad educativa se encuentre para compartir dicha lectura<\/em>.<\/p>\n<p><em>Es por ello que os invitamos a participar en este proyecto que nos acercar\u00e1 de manera m\u00e1s participativa al mundo de la literatura y que interactu\u00e9is gracias a esta red social especializada en la lectura .<\/em><\/p>\n<p>Para acceder a nuestra red social pinchad en el siguiente enlace: <a href=\"https:\/\/www.librarything.es\/catalog\/iesmiguelservet\" target=\"_blank\" rel=\"noopener noreferrer\">Library Thing IES Miguel Servet<\/a><\/p>\n","protected":false},"excerpt":{"rendered":"<p>Acorde a los nuevos tiempos, nuestra biblioteca quiere trascender los muros f\u00edsicos saltando al ciberespacio, permitiendo acercarse a la comunidad educativa a espacios lectores donde la lectura, as\u00ed como el intercambio de pensamientos y&#46;&#46;&#46;<\/p>\n","protected":false},"author":3727,"featured_media":47372,"parent":0,"menu_order":0,"comment_status":"closed","ping_status":"closed","template":"","meta":{"ngg_post_thumbnail":0,"footnotes":"","_mc_calendar":[]},"aioseo_notices":[],"_links":{"self":[{"href":"https:\/\/blogsaverroes.juntadeandalucia.es\/iesmiguelservet\/wp-json\/wp\/v2\/pages\/47371"}],"collection":[{"href":"https:\/\/blogsaverroes.juntadeandalucia.es\/iesmiguelservet\/wp-json\/wp\/v2\/pages"}],"about":[{"href":"https:\/\/blogsaverroes.juntadeandalucia.es\/iesmiguelservet\/wp-json\/wp\/v2\/types\/page"}],"author":[{"embeddable":true,"href":"https:\/\/blogsaverroes.juntadeandalucia.es\/iesmiguelservet\/wp-json\/wp\/v2\/users\/3727"}],"replies":[{"embeddable":true,"href":"https:\/\/blogsaverroes.juntadeandalucia.es\/iesmiguelservet\/wp-json\/wp\/v2\/comments?post=47371"}],"version-history":[{"count":1,"href":"https:\/\/blogsaverroes.juntadeandalucia.es\/iesmiguelservet\/wp-json\/wp\/v2\/pages\/47371\/revisions"}],"predecessor-version":[{"id":47373,"href":"https:\/\/blogsaverroes.juntadeandalucia.es\/iesmiguelservet\/wp-json\/wp\/v2\/pages\/47371\/revisions\/47373"}],"wp:featuredmedia":[{"embeddable":true,"href":"https:\/\/blogsaverroes.juntadeandalucia.es\/iesmiguelservet\/wp-json\/wp\/v2\/media\/47372"}],"wp:attachment":[{"href":"https:\/\/blogsaverroes.juntadeandalucia.es\/iesmiguelservet\/wp-json\/wp\/v2\/media?parent=47371"}],"curies":[{"name":"wp","href":"https:\/\/api.w.org\/{rel}","templated":true}]}}