{"id":47649,"date":"2022-05-17T09:13:50","date_gmt":"2022-05-17T07:13:50","guid":{"rendered":"https:\/\/blogsaverroes.juntadeandalucia.es\/iesmiguelservet\/?page_id=47649"},"modified":"2025-06-24T10:39:14","modified_gmt":"2025-06-24T08:39:14","slug":"orientaciones-sobre-optatividad","status":"publish","type":"page","link":"https:\/\/blogsaverroes.juntadeandalucia.es\/iesmiguelservet\/orientaciones-sobre-optatividad\/","title":{"rendered":"Orientaciones sobre Optatividad"},"content":{"rendered":"<p>En esta secci\u00f3n, ponemos a vuestra disposici\u00f3n la descripci\u00f3n general de las optativas que se ofertan en nuestro centro con algunas explicaciones que permitan al alumnado y sus familias elegir con criterio las materias que mas se ajusten a sus necesidades e intereses:<\/p>\n<p>DEPARTAMENTOS:<\/p>\n<ul>\n<li>Dibujo:\n<ul>\n<li><span style=\"color: #0000ff\"><a style=\"color: #0000ff\" href=\"https:\/\/youtu.be\/ENH-8voKhUQ?si=K5ezAL4QlEMzyEIS\" target=\"_blank\" rel=\"noopener\">Proyecto de Educaci\u00f3n Pl\u00e1stica y Audiovisual PEPA 2\u00ba ESO (2horas)<\/a><\/span><\/li>\n<li><span style=\"color: #0000ff\"><a style=\"color: #0000ff\" href=\"https:\/\/blogsaverroes.juntadeandalucia.es\/iesmiguelservet\/files\/2022\/06\/Presentaci\u00f3n-Taller-Cer\u00e1mica-3\u00baESO.pdf\" target=\"_blank\" rel=\"noopener noreferrer\">Taller de Cer\u00e1mica 3\u00ba ESO (2 horas)<\/a><\/span><\/li>\n<li><span style=\"color: #0000ff\"><a style=\"color: #0000ff\" href=\"https:\/\/my.visme.co\/view\/w49k1nxo-expresion-artistica-4-eso\" target=\"_blank\" rel=\"noopener noreferrer\">Expresi\u00f3n Art\u00edstica 4\u00ba ESO (3 horas)<\/a><\/span><\/li>\n<li><span style=\"color: #0000ff\"><a style=\"color: #0000ff\" href=\"https:\/\/my.visme.co\/view\/0168zm63-dibujo-tecnico-4-eso\" target=\"_blank\" rel=\"noopener\">Dibujo T\u00e9cnico 4\u00ba ESO (2 horas)<\/a><\/span><\/li>\n<\/ul>\n<\/li>\n<li>Educaci\u00f3n F\u00edsica:\n<ul>\n<li>Actividad F\u00edsica, Salud y Calidad de Vida . 2\u00ba Bachillerato 2022-23 (2horas)<\/li>\n<\/ul>\n<\/li>\n<li>Filosof\u00eda:\n<ul>\n<li style=\"list-style-type: none\">\n<ul>\n<li><span style=\"color: #0000ff\"><a style=\"color: #0000ff\" href=\"https:\/\/blogsaverroes.juntadeandalucia.es\/iesmiguelservet\/files\/2022\/06\/ANTROPOLOG\u00cdA-Y-SOCIOLOG\u00cdA.pdf\" target=\"_blank\" rel=\"noopener noreferrer\">ANTROPOLOG\u00cdA Y SOCIOLOG\u00cdA<\/a>. <a style=\"color: #0000ff\" href=\"https:\/\/blogsaverroes.juntadeandalucia.es\/iesmiguelservet\/files\/2022\/06\/ANTROPOLOG\u00cdA-Y-SOCIOLOG\u00cdA.pdf\" target=\"_blank\" rel=\"noopener noreferrer\">1\u00baBachillerato (2h)<\/a><\/span><\/li>\n<li><span style=\"color: #0000ff\"><a style=\"color: #0000ff\" href=\"https:\/\/blogsaverroes.juntadeandalucia.es\/iesmiguelservet\/files\/2025\/06\/PSICOLOGIA-2o-Bachillerato25.pdf\" target=\"_blank\" rel=\"noopener\">Psicolog\u00eda 2\u00baBachillerato (2horas)<\/a><\/span><\/li>\n<\/ul>\n<\/li>\n<\/ul>\n<\/li>\n<li>F\u00edsica y Qu\u00edmica:\n<ul>\n<li><a href=\"https:\/\/youtube.com\/shorts\/WnJFxrChtx4?feature=share\" target=\"_blank\" rel=\"noopener\">Proyecto Interdisciplinar T\u00e9cnicas de Laboratorio.<\/a><\/li>\n<\/ul>\n<\/li>\n<li>Geograf\u00eda e Historia:\n<ul>\n<li><a href=\"https:\/\/youtu.be\/IRIzYZYz3Yk\" target=\"_blank\" rel=\"noopener\">Patrimonio Cultural y Art\u00edstico de Andaluc\u00eda 1\u00baBachillerato (2 horas)<\/a><\/li>\n<\/ul>\n<\/li>\n<li>Lengua y Literatura:\n<ul>\n<li><span style=\"color: #0000ff\"><a style=\"color: #0000ff\" href=\"https:\/\/blogsaverroes.juntadeandalucia.es\/iesmiguelservet\/files\/2025\/05\/oratoria-y-debate.pdf.pdf\" target=\"_blank\" rel=\"noopener\">Oratoria y Debate 4\u00baESO<\/a><\/span><\/li>\n<li><span style=\"color: #0000ff\"><a style=\"color: #0000ff\" href=\"https:\/\/blogsaverroes.juntadeandalucia.es\/iesmiguelservet\/files\/2025\/05\/Literatura-universal.pdf.pdf\" target=\"_blank\" rel=\"noopener\">Literatura Universal 1\u00ba Bachillerato Humanidades y CCSS<\/a><\/span><\/li>\n<\/ul>\n<\/li>\n<li>Matem\u00e1ticas:\n<ul>\n<li style=\"text-align: left\"><a href=\"https:\/\/blogsaverroes.juntadeandalucia.es\/iesmiguelservet\/files\/2022\/06\/Optativa-de-estads%C3%ADtica-Alumnado.pdf\" target=\"_blank\" rel=\"noopener noreferrer\">Estad\u00edstica (2\u00ba Bachillerato)<\/a><\/li>\n<\/ul>\n<\/li>\n<li>Tecnolog\u00eda:\n<ul>\n<li><span style=\"color: #0000ff\"><a style=\"color: #0000ff\" href=\"https:\/\/blogsaverroes.juntadeandalucia.es\/iesmiguelservet\/files\/2022\/05\/Presentaci%C3%B3n-Tecnologia-Industrial-1%C2%BABach.pdf\" target=\"_blank\" rel=\"noopener noreferrer\">Tecnolog\u00eda Industrial 1\u00baBachillerato Ciencias<\/a><\/span><\/li>\n<\/ul>\n<\/li>\n<li>Franc\u00e9s\n<ul>\n<li><span style=\"color: #0000ff\"><a style=\"color: #0000ff\" href=\"https:\/\/youtu.be\/fgcZg4qG_hY\" target=\"_blank\" rel=\"noopener\">Optativa de 2\u00ba de eso a 2\u00ba de bachillerato.<\/a><\/span><\/li>\n<\/ul>\n<\/li>\n<li>M\u00fasica\n<ul>\n<li><a href=\"https:\/\/youtu.be\/5vT2X7Ow840\" target=\"_blank\" rel=\"noopener\"><span style=\"color: #0000ff\">Cultura del Flamenco (3\u00ba de ESO)<\/span><\/a><\/li>\n<\/ul>\n<\/li>\n<\/ul>\n","protected":false},"excerpt":{"rendered":"<p>En esta secci\u00f3n, ponemos a vuestra disposici\u00f3n la descripci\u00f3n general de las optativas que se ofertan en nuestro centro con algunas explicaciones que permitan al alumnado y sus familias elegir con criterio las materias&#46;&#46;&#46;<\/p>\n","protected":false},"author":3727,"featured_media":0,"parent":0,"menu_order":0,"comment_status":"closed","ping_status":"closed","template":"","meta":{"ngg_post_thumbnail":0,"footnotes":"","_mc_calendar":[]},"aioseo_notices":[],"_links":{"self":[{"href":"https:\/\/blogsaverroes.juntadeandalucia.es\/iesmiguelservet\/wp-json\/wp\/v2\/pages\/47649"}],"collection":[{"href":"https:\/\/blogsaverroes.juntadeandalucia.es\/iesmiguelservet\/wp-json\/wp\/v2\/pages"}],"about":[{"href":"https:\/\/blogsaverroes.juntadeandalucia.es\/iesmiguelservet\/wp-json\/wp\/v2\/types\/page"}],"author":[{"embeddable":true,"href":"https:\/\/blogsaverroes.juntadeandalucia.es\/iesmiguelservet\/wp-json\/wp\/v2\/users\/3727"}],"replies":[{"embeddable":true,"href":"https:\/\/blogsaverroes.juntadeandalucia.es\/iesmiguelservet\/wp-json\/wp\/v2\/comments?post=47649"}],"version-history":[{"count":25,"href":"https:\/\/blogsaverroes.juntadeandalucia.es\/iesmiguelservet\/wp-json\/wp\/v2\/pages\/47649\/revisions"}],"predecessor-version":[{"id":51753,"href":"https:\/\/blogsaverroes.juntadeandalucia.es\/iesmiguelservet\/wp-json\/wp\/v2\/pages\/47649\/revisions\/51753"}],"wp:attachment":[{"href":"https:\/\/blogsaverroes.juntadeandalucia.es\/iesmiguelservet\/wp-json\/wp\/v2\/media?parent=47649"}],"curies":[{"name":"wp","href":"https:\/\/api.w.org\/{rel}","templated":true}]}}