{"id":51606,"date":"2025-05-28T21:23:12","date_gmt":"2025-05-28T19:23:12","guid":{"rendered":"https:\/\/blogsaverroes.juntadeandalucia.es\/iesmiguelservet\/?page_id=51606"},"modified":"2025-06-15T14:02:48","modified_gmt":"2025-06-15T12:02:48","slug":"2o-bachillerato-general","status":"publish","type":"page","link":"https:\/\/blogsaverroes.juntadeandalucia.es\/iesmiguelservet\/2o-bachillerato-general\/","title":{"rendered":"2\u00ba Bachillerato General"},"content":{"rendered":"<h2 style=\"text-align: center\"><span style=\"color: #008000\">Estructura y distribuci\u00f3n de materias cursadas en este nivel educativo<\/span><\/h2>\n<table style=\"border-collapse: collapse;width: 100%;height: 593px\">\n<tbody>\n<tr style=\"height: 75px\">\n<td style=\"width: 100%;background-color: #f4f72a;height: 75px;border-color: #0d3591;text-align: center\">\n<h2>2\u00ba Bachillerato: MODALIDAD GENERAL<\/h2>\n<\/td>\n<\/tr>\n<tr style=\"height: 24px\">\n<td style=\"width: 100%;height: 24px;background-color: #04b37e;text-align: center\"><span style=\"color: #ffffff\"><strong>MATERIAS COMUNES<\/strong><\/span><\/td>\n<\/tr>\n<tr style=\"height: 152px\">\n<td style=\"width: 100%;height: 136px;background-color: #ffffff\">\n<ul>\n<li style=\"text-align: left\"><span style=\"color: #000000\">Historia de Espa\u00f1a (4h)<\/span><\/li>\n<li style=\"text-align: left\"><span style=\"color: #000000\">Historia de la Filosof\u00eda (3h)<\/span><\/li>\n<li style=\"text-align: left\"><span style=\"color: #000000\">Lengua Cast. y Literatura II (3h)<\/span><\/li>\n<li style=\"text-align: left\"><span style=\"color: #000000\">Ingl\u00e9s II (3h)<\/span><\/li>\n<\/ul>\n<\/td>\n<\/tr>\n<tr style=\"height: 24px\">\n<td style=\"width: 100%;height: 24px;background-color: #726cf0;text-align: center\"><span style=\"color: #ffffff\"><strong>MATERIAS TRONCALES DE OPCI\u00d3N<\/strong><\/span><\/td>\n<\/tr>\n<tr style=\"height: 24px\">\n<td style=\"width: 100%;background-color: #d6d4fa;text-align: left;height: 24px\">\n<ul>\n<li><span style=\"color: #333399\"><strong>Una obligatoria: <\/strong>Ciencias Generales<\/span><\/li>\n<\/ul>\n<\/td>\n<\/tr>\n<tr style=\"height: 104px\">\n<td style=\"width: 100%;height: 74px;background-color: #ffffff\"><strong><span style=\"color: #000000\">Elegir 2:<\/span><\/strong><\/p>\n<ul>\n<li style=\"text-align: left\"><span style=\"color: #000000\">Movimientos Culturales y Art\u00edsticos (4h)<\/span><\/li>\n<li style=\"text-align: left\"><span style=\"color: #000000\">Materias de otras modalidades de segundo curso de oferta en el centro (4h)<\/span><\/li>\n<\/ul>\n<\/td>\n<\/tr>\n<tr style=\"height: 24px\">\n<td style=\"width: 100%;background-color: #f2f268;text-align: center;height: 24px\"><strong>MATERIAS OPTATIVAS PROPIAS DE LA COMUNIDAD ANDALUZA&nbsp;<\/strong><strong><br \/>\n<\/strong><\/td>\n<\/tr>\n<tr style=\"height: 248px\">\n<td style=\"width: 100%;background-color: #ffffff;height: 186px\">\n<p style=\"text-align: left\"><span style=\"color: #000000\"><strong>E<span style=\"color: #333333\">legir 2 de 2 horas o una de 4 horas:<\/span><\/strong><\/span><\/p>\n<ul style=\"text-align: left\">\n<li style=\"text-align: left\"><span style=\"color: #333333\">Materia de cualquier modalidad de segundo curso no cursada que se oferte en el centro (4h.)<\/span><\/li>\n<\/ul>\n<p style=\"text-align: left\">&nbsp;<\/p>\n<ul>\n<li style=\"text-align: left\"><span style=\"color: #333333\">Actividad F\u00edsica, Salud y Sociedad (2h)<\/span><\/li>\n<li style=\"text-align: left\"><span style=\"color: #333333\">Ciencias de la Tierra y del Medio Ambiente (2h)<\/span><\/li>\n<li style=\"text-align: left\"><span style=\"color: #333333\">Educaci\u00f3n para la Convivencia Democr\u00e1tica II (2h)<\/span><\/li>\n<li style=\"text-align: left\"><span style=\"color: #333333\">Electrotecnia (2h)<\/span><\/li>\n<li style=\"text-align: left\"><span style=\"color: #333333\">Fundamentos de Administraci\u00f3n y Gesti\u00f3n (2h)<\/span><\/li>\n<li style=\"text-align: left\"><span style=\"color: #333333\">Mitolog\u00eda Cl\u00e1sica (2h)<\/span><\/li>\n<li style=\"text-align: left\"><span style=\"color: #333333\">Programaci\u00f3n y Computaci\u00f3n (2h)<\/span><\/li>\n<li style=\"text-align: left\"><span style=\"color: #0000ff\"><a style=\"color: #0000ff\" href=\"https:\/\/blogsaverroes.juntadeandalucia.es\/iesmiguelservet\/files\/2025\/06\/PSICOLOGIA-2o-Bachillerato25.pdf\" target=\"_blank\" rel=\"noopener\">Psicolog\u00eda (2h)<\/a><\/span><\/li>\n<li style=\"text-align: left\"><span style=\"color: #0000ff\"><a style=\"color: #0000ff\" href=\"https:\/\/youtu.be\/fgcZg4qG_hY\" target=\"_blank\" rel=\"noopener\">Segunda Lengua Extranjera: Franc\u00e9s (2h)<\/a><\/span><\/li>\n<li style=\"text-align: left\"><span style=\"color: #000000\">Tecnolog\u00eda de la Informaci\u00f3n y la Comunicaci\u00f3n (2h)<\/span><\/li>\n<li style=\"text-align: left\"><span style=\"color: #000000\">MDP Biolog\u00eda Aplicada (2h)<\/span><\/li>\n<li style=\"text-align: left\"><span style=\"color: #000000\">MDP Ampliaci\u00f3n de Lengua (2h)<\/span><\/li>\n<li style=\"text-align: left\"><span style=\"color: #0000ff\"><a style=\"color: #0000ff\" href=\"https:\/\/youtu.be\/Q_g-hSskwVs\" target=\"_blank\" rel=\"noopener\">MDP Sones del Mundo (2h)<\/a><\/span><\/li>\n<\/ul>\n<\/td>\n<\/tr>\n<tr style=\"height: 26px\">\n<td style=\"width: 100%;height: 26px;background-color: #ffdede\">\n<ul>\n<li style=\"text-align: left\"><span style=\"color: #000000\"><strong>Elegir una <\/strong>(1h)<strong>:<\/strong> Rel. Cat\u00f3lica \/ Rel. Evang\u00e9lica<sup>&nbsp; &nbsp;<\/sup>\/ Rel. Isl\u00e1mica <sup>&nbsp;<\/sup>\/&nbsp; Rel. Jud\u00eda<sup>&nbsp; <\/sup>\/ Proyecto Transversal de Educaci\u00f3n en Valores.<\/span><\/li>\n<\/ul>\n<\/td>\n<\/tr>\n<\/tbody>\n<\/table>\n","protected":false},"excerpt":{"rendered":"<p>Estructura y distribuci\u00f3n de materias cursadas en este nivel educativo 2\u00ba Bachillerato: MODALIDAD GENERAL MATERIAS COMUNES Historia de Espa\u00f1a (4h) Historia de la Filosof\u00eda (3h) Lengua Cast. y Literatura II (3h) Ingl\u00e9s II (3h)&#46;&#46;&#46;<\/p>\n","protected":false},"author":3727,"featured_media":0,"parent":0,"menu_order":0,"comment_status":"closed","ping_status":"closed","template":"","meta":{"ngg_post_thumbnail":0,"footnotes":"","_mc_calendar":[]},"aioseo_notices":[],"_links":{"self":[{"href":"https:\/\/blogsaverroes.juntadeandalucia.es\/iesmiguelservet\/wp-json\/wp\/v2\/pages\/51606"}],"collection":[{"href":"https:\/\/blogsaverroes.juntadeandalucia.es\/iesmiguelservet\/wp-json\/wp\/v2\/pages"}],"about":[{"href":"https:\/\/blogsaverroes.juntadeandalucia.es\/iesmiguelservet\/wp-json\/wp\/v2\/types\/page"}],"author":[{"embeddable":true,"href":"https:\/\/blogsaverroes.juntadeandalucia.es\/iesmiguelservet\/wp-json\/wp\/v2\/users\/3727"}],"replies":[{"embeddable":true,"href":"https:\/\/blogsaverroes.juntadeandalucia.es\/iesmiguelservet\/wp-json\/wp\/v2\/comments?post=51606"}],"version-history":[{"count":10,"href":"https:\/\/blogsaverroes.juntadeandalucia.es\/iesmiguelservet\/wp-json\/wp\/v2\/pages\/51606\/revisions"}],"predecessor-version":[{"id":51722,"href":"https:\/\/blogsaverroes.juntadeandalucia.es\/iesmiguelservet\/wp-json\/wp\/v2\/pages\/51606\/revisions\/51722"}],"wp:attachment":[{"href":"https:\/\/blogsaverroes.juntadeandalucia.es\/iesmiguelservet\/wp-json\/wp\/v2\/media?parent=51606"}],"curies":[{"name":"wp","href":"https:\/\/api.w.org\/{rel}","templated":true}]}}