{"id":49,"date":"2015-03-13T08:47:05","date_gmt":"2015-03-13T08:47:05","guid":{"rendered":"http:\/\/blogsaverroes.juntadeandalucia.es\/pre\/ceip\/?page_id=49"},"modified":"2025-01-09T13:04:59","modified_gmt":"2025-01-09T12:04:59","slug":"proyecto-educativo","status":"publish","type":"page","link":"https:\/\/blogsaverroes.juntadeandalucia.es\/iesmiradordelgenil\/proyecto-educativo\/","title":{"rendered":"Organizaci\u00f3n y Funcionamiento"},"content":{"rendered":"<p>El I.E.S Mirador del Genil se inaugur\u00f3 en el curso 2002\/03. Desde entonces nuestra preocupaci\u00f3n permanente ha sido mejorar los diversos aspectos que engloban la educaci\u00f3n con miras a ofrecer una ense\u00f1anza basada en los principios de calidad y equidad.<\/p>\n<p>Ambos principios se cimentan en diversos pilares. Por un lado, la atenci\u00f3n a la diversidad; asimismo, el desarrollo de estrategias para promover la excelencia acad\u00e9mica y evitar el fracaso escolar y el abandono prematuro del sistema; finalmente, el fomento del clima de convivencia y de las buenas relaciones humanas entendidos como apoyos primordiales que sustentan el \u00e9xito acad\u00e9mico.<\/p>\n<p>La&nbsp;<strong>oferta educativa<\/strong> incluye los cuatro curso de <strong>Educaci\u00f3n Secundaria Obligatoria<\/strong> (incluidos los programas de <strong>Mejora del Aprendizaje y del Rendimiento<\/strong> en 2\u00ba de ESO y <strong>Diversificaci\u00f3n Curricular<\/strong> en 3\u00ba de ESO). Adem\u00e1s, contamos con un <strong>aula espec\u00edfica<\/strong>.<\/p>\n<p>A continuaci\u00f3n se encuentran los distintos documentos de nuestro Plan de Centro: el proyecto educativo, el reglamento de organizaci\u00f3n y funcionamiento (ROF) y el proyecto de gesti\u00f3n.<\/p>\n<p>&nbsp;<\/p>\n<p style=\"text-align: center\"><a href=\"https:\/\/drive.google.com\/drive\/folders\/10djgYEmh8l1-rPP05s_YZ4M-Di9oZpGa?usp=sharing\">PLAN DE CENTRO<\/a><\/p>\n<p>&nbsp;<\/p>\n<ol>\n<li><span style=\"font-weight: 400\"> INTRODUCCI\u00d3N<\/span><\/li>\n<li><span style=\"font-weight: 400\"> PROYECTO EDUCATIVO<\/span><\/li>\n<\/ol>\n<p>2.1. OBJETIVOS PARA MEJORAR EL RENDIMIENTO ESCOLAR Y LA CONTINUIDAD DELALUMNADO EN EL SISTEMA EDUCATIVO.<\/p>\n<p>2.2. L\u00cdNEAS GENERALES DE ACTUACI\u00d3N PEDAG\u00d3GICA<\/p>\n<p>2.3. COORDINACI\u00d3N Y CONCRECI\u00d3N DE LOS CONTENIDOS CURRICULARES Y EL&nbsp;TRATAMIENTO TRANSVERSAL EDUCACI\u00d3N EN VALORES E INTEGRANDO LA IGUALDAD DE G\u00c9NERO<\/p>\n<p>2.4. CRITERIOS PEDAG\u00d3GICOS PARA LA DETERMINACI\u00d3N DE LOS \u00d3RGANOS DECOORDINACI\u00d3N DOCENTE DEL CENTRO Y DEL HORARIO DE DEDICACI\u00d3N DE LASPERSONAS RESPONSABLES.<\/p>\n<p>2.5. PROCEDIMIENTOS Y CRITERIOS DE EVALUACI\u00d3N, PROMOCI\u00d3N DEL ALUMNADO YTITULACI\u00d3N DEL ALUMNADO.<\/p>\n<p>2.6. PLAN DE ATENCI\u00d3N A LA DIVERSIDAD.<\/p>\n<p>2.7. ORGANIZACI\u00d3N DE ACTIVIDADES RECUPERACI\u00d3N PARA EL ALUMNADO CON MATERIASPENDIENTES DE EVALUACI\u00d3N POSITIVA.<\/p>\n<p>2.8. PLAN DE ORIENTACI\u00d3N Y ACCI\u00d3N TUTORIAL.<\/p>\n<p>2.9. PROCEDIMIENTO PARA SUSCRIBIR COMPROMISOS EDUCATIVOS Y DE CONVIVENCIA&nbsp;CON LAS FAMILIAS.<\/p>\n<p>2.10. PLAN DE CONVIVENCIA<\/p>\n<p>2.11. PLAN DE FORMACI\u00d3N DEL PROFESORADO.<\/p>\n<p>2.12. CRITERIOS PARA ORGANIZAR Y DISTRIBUIR EL TIEMPO ESCOLAR<\/p>\n<p>2.13. PROCEDIMIENTOS DE EVALUACI\u00d3N INTERNA.<\/p>\n<p>2.14. CRITERIOS PARA ESTABLECER LOS AGRUPAMIENTOS DEL ALUMNADO Y LA&nbsp;ASIGNACI\u00d3N DE LAS TUTOR\u00cdAS.<\/p>\n<p>2.15. CRITERIOS PARA DETERMINAR LA OFERTA DE MATERIAS OPTATIVAS Y, ENSU CASO, EL PROYECTO INTEGRADO.<\/p>\n<p><span style=\"font-weight: 400\">2.16. CRITERIOS GENERALES PARA LA ELABORACI\u00d3N DE LAS PROGRAMACIONESDID\u00c1CTICAS DE LAS ENSE\u00d1ANZAS.<\/span><\/p>\n<p>2.17. LOS PLANES ESTRAT\u00c9GICOS QUE, EN SU CASO, SE DESARROLLEN EN EL INSTITUTO<\/p>\n<p>2.17.1 PROYECTO LING\u00dc\u00cdSTICO DE CENTRO<\/p>\n<p>2.17.2 PROYECTO BILING\u00dcE<\/p>\n<p>2.17.3 PROYECTO TIC<\/p>\n<p>2.17.4 PROA<\/p>\n<p>2.17.5 Proyecto Erasmus<\/p>\n<p>2.17.6 PLAN DE IGUALDAD<\/p>\n<p><span style=\"font-weight: 400\">3.REGLAMENTO DE ORGANIZACI\u00d3N Y FUNCIONAMIENTO<\/span><\/p>\n<p><span style=\"font-weight: 400\">3.1. CAUCES DE PARTICIPACI\u00d3N DE LOS DISTINTOS SECTORES DE LA COMUNIDAD&nbsp;EDUCATIVA EN TODOS LOS ASPECTOS RECOGIDOS EN EL P.C.<\/span><\/p>\n<p>3.2. CRITERIOS Y PROCEDIMIENTOS QUE GARANTICEN EL RIGOR Y LA&nbsp;TRANSPARENCIA EN LA TOMA DE DECISIONES POR LOS DISTINTOS \u00d3RGANOS DE&nbsp;GOBIERNO Y DE COORDINACI\u00d3N DOCENTE<\/p>\n<p>3.3. ORGANIZACI\u00d3N DE LOS ESPACIOS, INSTALACIONES Y RECURSOS MATERIALES&nbsp;DEL CENTRO, CON ESPECIAL REFERENCIA AL USO DE LA BIBLIOTECA ESCOLAR.<\/p>\n<p>3.4. ORGANIZACI\u00d3N DE LA VIGILANCIA EN SU CASO, DE LOS TIEMPOS DE RECREO Y&nbsp;DE LOS PERIODOS DE ENTRADA Y SALIDA DE CLASE.<\/p>\n<p>3.5. FORMA DE COLABORACI\u00d3N DE LOS TUTORES Y TUTORAS EN LA GESTI\u00d3N DEL&nbsp;PROGRAMA DE GRATUIDAD DE LIBROS DE TEXTO.<\/p>\n<p>3.6. EQUIPO DE EVALUACI\u00d3N. PROCEDIMIENTO PARA LA DESIGNACI\u00d3N DE LOSMIEMBROS DEL EQUIPO DE EVALUACI\u00d3N<\/p>\n<p>3.7. PLAN DE AUTOPROTECCI\u00d3N. COMPETENCIAS Y FUNCIONES RELATIVAS A LA&nbsp;PREVENCI\u00d3N DE RIESGOS LABORALES.<\/p>\n<p>3.8. NORMAS SOBRE LA UTILIZACI\u00d3N EN EL INSTITUTO DE TEL\u00c9FONOS M\u00d3VILES&nbsp;Y OTROS APARATOS ELECTR\u00d3NICOS. PROCEDIMIENTO PARA GARANTIZAR EL&nbsp;ACCESO SEGURO A INTERNET DEL ALUMNADO<\/p>\n<p>&nbsp;<\/p>\n<ol start=\"4\">\n<li><span style=\"font-weight: 400\"> PROYECTO DE GESTI\u00d3N<\/span><\/li>\n<\/ol>\n<p>4.1. CRITERIOS PARA LA ELABORACI\u00d3N DEL PRESUPUESTO ANUAL DEL INSTITUTO Y PARALA DISTRIBUCI\u00d3N DE LOS INGRESOS ENTRE LAS DISTINTAS PARTIDAS DE GASTO.<\/p>\n<p>4.2. CRITERIOS PARA LA GESTI\u00d3N DE LAS SUSTITUCIONES DE LAS AUSENCIAS DEL&nbsp;PROFESORADO.<\/p>\n<p>4.3. MEDIDAS PARA LA CONSERVACI\u00d3N Y RENOVACI\u00d3N DE LAS INSTALACIONES Y DELEQUIPAMIENTO ESCOLAR.<\/p>\n<p>4.4. CRITERIOS PARA LA OBTENCI\u00d3N DE INGRESOS DERIVADOS DE LA PRESTACI\u00d3N DESERVICIOS DISTINTOS DE LOS GRAVADOS POR TASAS, AS\u00cd COMO OTROS FONDOSPROCEDENTES DE ENTES P\u00daBLICOS, PRIVADOS O PARTICULARES.<\/p>\n<p>4.5. PROCEDIMIENTOS PARA LA ELABORACI\u00d3N DEL INVENTARIO ANUAL GENERAL DELCENTRO.<\/p>\n<p>4.6. CRITERIOS PARA UNA GESTI\u00d3N SOSTENIBLE DE LOS RECURSOS DEL INSTITUTO Y DE LOS RESIDUOS QUE GENERE<\/p>\n<p>&nbsp;<\/p>\n<p style=\"text-align: center\"><a href=\"https:\/\/drive.google.com\/drive\/folders\/10djgYEmh8l1-rPP05s_YZ4M-Di9oZpGa?usp=sharing\">PLAN DE CENTRO<\/a><\/p>\n<p>&nbsp;<\/p>\n","protected":false},"excerpt":{"rendered":"<p>El I.E.S Mirador del Genil se inaugur\u00f3 en el curso 2002\/03. Desde entonces nuestra preocupaci\u00f3n permanente ha sido mejorar los diversos aspectos que engloban la educaci\u00f3n con miras a ofrecer una ense\u00f1anza basada en&#46;&#46;&#46;<\/p>\n","protected":false},"author":1,"featured_media":1662,"parent":0,"menu_order":0,"comment_status":"closed","ping_status":"open","template":"page-cs.php","meta":{"ngg_post_thumbnail":0,"footnotes":"","_mc_calendar":[]},"aioseo_notices":[],"_links":{"self":[{"href":"https:\/\/blogsaverroes.juntadeandalucia.es\/iesmiradordelgenil\/wp-json\/wp\/v2\/pages\/49"}],"collection":[{"href":"https:\/\/blogsaverroes.juntadeandalucia.es\/iesmiradordelgenil\/wp-json\/wp\/v2\/pages"}],"about":[{"href":"https:\/\/blogsaverroes.juntadeandalucia.es\/iesmiradordelgenil\/wp-json\/wp\/v2\/types\/page"}],"author":[{"embeddable":true,"href":"https:\/\/blogsaverroes.juntadeandalucia.es\/iesmiradordelgenil\/wp-json\/wp\/v2\/users\/1"}],"replies":[{"embeddable":true,"href":"https:\/\/blogsaverroes.juntadeandalucia.es\/iesmiradordelgenil\/wp-json\/wp\/v2\/comments?post=49"}],"version-history":[{"count":20,"href":"https:\/\/blogsaverroes.juntadeandalucia.es\/iesmiradordelgenil\/wp-json\/wp\/v2\/pages\/49\/revisions"}],"predecessor-version":[{"id":3806,"href":"https:\/\/blogsaverroes.juntadeandalucia.es\/iesmiradordelgenil\/wp-json\/wp\/v2\/pages\/49\/revisions\/3806"}],"wp:featuredmedia":[{"embeddable":true,"href":"https:\/\/blogsaverroes.juntadeandalucia.es\/iesmiradordelgenil\/wp-json\/wp\/v2\/media\/1662"}],"wp:attachment":[{"href":"https:\/\/blogsaverroes.juntadeandalucia.es\/iesmiradordelgenil\/wp-json\/wp\/v2\/media?parent=49"}],"curies":[{"name":"wp","href":"https:\/\/api.w.org\/{rel}","templated":true}]}}