{"id":1088,"date":"2022-03-28T12:27:13","date_gmt":"2022-03-28T11:27:13","guid":{"rendered":"https:\/\/blogsaverroes.juntadeandalucia.es\/iesmiravent\/?page_id=1088"},"modified":"2026-03-09T12:21:17","modified_gmt":"2026-03-09T11:21:17","slug":"plan-de-centro","status":"publish","type":"page","link":"https:\/\/blogsaverroes.juntadeandalucia.es\/iesmiravent\/plan-de-centro\/","title":{"rendered":"Plan de Centro"},"content":{"rendered":"<p>[et_pb_section fb_built=&#8221;1&#8243; admin_label=&#8221;section&#8221; _builder_version=&#8221;4.16&#8243; global_colors_info=&#8221;{}&#8221;][et_pb_row admin_label=&#8221;row&#8221; _builder_version=&#8221;4.16&#8243; background_size=&#8221;initial&#8221; background_position=&#8221;top_left&#8221; background_repeat=&#8221;repeat&#8221; global_colors_info=&#8221;{}&#8221;][et_pb_column type=&#8221;4_4&#8243; _builder_version=&#8221;4.16&#8243; custom_padding=&#8221;|||&#8221; global_colors_info=&#8221;{}&#8221; custom_padding__hover=&#8221;|||&#8221;][et_pb_text _builder_version=&#8221;4.16&#8243; _module_preset=&#8221;default&#8221; text_font=&#8221;|700|||||||&#8221; text_font_size=&#8221;31px&#8221; background_color=&#8221;RGBA(255,255,255,0)&#8221; global_colors_info=&#8221;{}&#8221;]<\/p>\n<h1>Plan de Centro<\/h1>\n<h2>Todo lo que necesitas conocer<\/h2>\n<p>[\/et_pb_text][et_pb_slider _builder_version=&#8221;4.16&#8243; _module_preset=&#8221;default&#8221; min_height=&#8221;219px&#8221; custom_padding=&#8221;||171px|||&#8221; global_colors_info=&#8221;{}&#8221;][et_pb_slide heading=&#8221;Proyecto Educativo&#8221; _builder_version=&#8221;4.16&#8243; _module_preset=&#8221;default&#8221; background_color=&#8221;#edb059&#8243; background_enable_color=&#8221;on&#8221; background_image=&#8221;https:\/\/blogsaverroes.juntadeandalucia.es\/iesmiravent\/files\/2023\/04\/proyecto-educativo-de-centro.jpg&#8221; background_enable_image=&#8221;on&#8221; background_size=&#8221;initial&#8221; link_option_url=&#8221;https:\/\/drive.google.com\/file\/d\/1SWvd7powsXN0QXD-kfOB3Lg0jVdowCMS\/view&#8221; link_option_url_new_window=&#8221;on&#8221; global_colors_info=&#8221;{}&#8221; sticky_transition=&#8221;on&#8221;][\/et_pb_slide][et_pb_slide heading=&#8221;Plan de convivencia&#8221; _builder_version=&#8221;4.16&#8243; _module_preset=&#8221;default&#8221; background_color=&#8221;#edb059&#8243; background_enable_color=&#8221;on&#8221; background_image=&#8221;https:\/\/blogsaverroes.juntadeandalucia.es\/iesmiravent\/files\/2023\/04\/proyecto-educativo-de-centro.jpg&#8221; background_enable_image=&#8221;on&#8221; background_size=&#8221;initial&#8221; link_option_url=&#8221;https:\/\/drive.google.com\/file\/d\/1dmpiM4rxYVO8_pc5FWGdXPDdeHP8wzH-\/view?usp=drive_link&#8221; link_option_url_new_window=&#8221;on&#8221; global_colors_info=&#8221;{}&#8221; sticky_transition=&#8221;on&#8221;][\/et_pb_slide][et_pb_slide heading=&#8221;Reglamento de Organizaci\u00f3n y Funcionamiento&#8221; _builder_version=&#8221;4.16&#8243; _module_preset=&#8221;default&#8221; background_color=&#8221;#6096c1&#8243; background_enable_color=&#8221;on&#8221; background_image=&#8221;https:\/\/blogsaverroes.juntadeandalucia.es\/iesmiravent\/files\/2023\/04\/rof.jpg&#8221; background_enable_image=&#8221;on&#8221; background_size=&#8221;initial&#8221; link_option_url=&#8221;https:\/\/drive.google.com\/file\/d\/1sXA58EiaQfBIEuZybs7pOIVD61VMEal7\/view&#8221; link_option_url_new_window=&#8221;on&#8221; global_colors_info=&#8221;{}&#8221; sticky_transition=&#8221;on&#8221;][\/et_pb_slide][et_pb_slide heading=&#8221;Plan de Gesti\u00f3n Econ\u00f3mica&#8221; _builder_version=&#8221;4.16&#8243; _module_preset=&#8221;default&#8221; background_color=&#8221;#edb059&#8243; background_enable_color=&#8221;on&#8221; background_image=&#8221;https:\/\/blogsaverroes.juntadeandalucia.es\/iesmiravent\/files\/2023\/04\/gestion-economica.jpg&#8221; background_enable_image=&#8221;on&#8221; background_size=&#8221;initial&#8221; link_option_url=&#8221;https:\/\/drive.google.com\/file\/d\/1fd_NiAkYsGnWLIRm5h2xmtgLUKn113kV\/view&#8221; link_option_url_new_window=&#8221;on&#8221; global_colors_info=&#8221;{}&#8221; sticky_transition=&#8221;on&#8221;][\/et_pb_slide][et_pb_slide heading=&#8221;Plan Anual de Orientaci\u00f3n y Acci\u00f3n tutorial&#8221; _builder_version=&#8221;4.16&#8243; _module_preset=&#8221;default&#8221; background_color=&#8221;#6698c1&#8243; background_enable_color=&#8221;on&#8221; background_image=&#8221;https:\/\/blogsaverroes.juntadeandalucia.es\/iesmiravent\/files\/2023\/04\/poat.jpg&#8221; background_enable_image=&#8221;on&#8221; background_size=&#8221;initial&#8221; link_option_url=&#8221;https:\/\/drive.google.com\/file\/d\/1NUzmY91OuIeAaA118z8liooV9oTf7GGi\/view&#8221; link_option_url_new_window=&#8221;on&#8221; global_colors_info=&#8221;{}&#8221; sticky_transition=&#8221;on&#8221;][\/et_pb_slide][et_pb_slide heading=&#8221;Plan de Mejora&#8221; _builder_version=&#8221;4.16&#8243; _module_preset=&#8221;default&#8221; background_color=&#8221;#6698c1&#8243; background_enable_color=&#8221;on&#8221; background_image=&#8221;https:\/\/blogsaverroes.juntadeandalucia.es\/iesmiravent\/files\/2023\/04\/plan-mejora.jpg&#8221; background_enable_image=&#8221;on&#8221; background_size=&#8221;initial&#8221; link_option_url=&#8221;https:\/\/drive.google.com\/file\/d\/1ybel-ZVLdqET3V843jTKt5jncDtr3KMA\/view&#8221; link_option_url_new_window=&#8221;on&#8221; global_colors_info=&#8221;{}&#8221; sticky_transition=&#8221;on&#8221;][\/et_pb_slide][et_pb_slide heading=&#8221;Plan de Formaci\u00f3n&#8221; _builder_version=&#8221;4.16&#8243; _module_preset=&#8221;default&#8221; background_color=&#8221;#6698c1&#8243; background_enable_color=&#8221;on&#8221; background_image=&#8221;https:\/\/blogsaverroes.juntadeandalucia.es\/iesmiravent\/files\/2023\/04\/plan-formacion.jpg&#8221; background_enable_image=&#8221;on&#8221; background_size=&#8221;initial&#8221; link_option_url=&#8221;https:\/\/drive.google.com\/file\/d\/1H8IX5R9fIRtdHfz0U7YW-pzQPQWEN9ho\/view&#8221; link_option_url_new_window=&#8221;on&#8221; global_colors_info=&#8221;{}&#8221; sticky_transition=&#8221;on&#8221;][\/et_pb_slide][et_pb_slide heading=&#8221;Plan de Actuaci\u00f3n Digital&#8221; _builder_version=&#8221;4.16&#8243; _module_preset=&#8221;default&#8221; background_color=&#8221;#6698c1&#8243; background_enable_color=&#8221;on&#8221; background_image=&#8221;https:\/\/blogsaverroes.juntadeandalucia.es\/iesmiravent\/files\/2023\/04\/pad.jpg&#8221; background_enable_image=&#8221;on&#8221; background_size=&#8221;initial&#8221; link_option_url=&#8221;https:\/\/drive.google.com\/file\/d\/1RpmZZ2CJIA3ujmOkjtmF18-fCTUOlSg3\/view?usp=drive_link&#8221; link_option_url_new_window=&#8221;on&#8221; global_colors_info=&#8221;{}&#8221; sticky_transition=&#8221;on&#8221;][\/et_pb_slide][et_pb_slide heading=&#8221;Plan de Igualdad&#8221; _builder_version=&#8221;4.16&#8243; _module_preset=&#8221;default&#8221; background_color=&#8221;#edb059&#8243; background_enable_color=&#8221;on&#8221; background_image=&#8221;https:\/\/blogsaverroes.juntadeandalucia.es\/iesmiravent\/files\/2023\/04\/igualdad.jpg&#8221; background_enable_image=&#8221;on&#8221; background_size=&#8221;initial&#8221; link_option_url=&#8221;https:\/\/drive.google.com\/file\/d\/17mPqiOroW08GhPJK1KfinTWmBAxYONId\/view&#8221; link_option_url_new_window=&#8221;on&#8221; global_colors_info=&#8221;{}&#8221; sticky_transition=&#8221;on&#8221;][\/et_pb_slide][\/et_pb_slider][\/et_pb_column][\/et_pb_row][et_pb_row column_structure=&#8221;1_3,1_3,1_3&#8243; _builder_version=&#8221;4.16&#8243; _module_preset=&#8221;default&#8221; global_colors_info=&#8221;{}&#8221;][et_pb_column type=&#8221;1_3&#8243; _builder_version=&#8221;4.16&#8243; _module_preset=&#8221;default&#8221; global_colors_info=&#8221;{}&#8221;][et_pb_text admin_label=&#8221;Proyecto educativo&#8221; _builder_version=&#8221;4.24.2&#8243; _module_preset=&#8221;default&#8221; text_text_color=&#8221;#FFFFFF&#8221; text_font_size=&#8221;22px&#8221; background_color=&#8221;#edb059&#8243; text_orientation=&#8221;center&#8221; min_height=&#8221;93px&#8221; custom_padding=&#8221;22px|10px|22px|10px|true|true&#8221; link_option_url=&#8221;https:\/\/drive.google.com\/file\/d\/12t4gx2AT22Dt5lZ7N1QXBNXd_RBA3s8m\/view?usp=sharing&#8221; link_option_url_new_window=&#8221;on&#8221; border_radii=&#8221;on|6px|6px|6px|6px&#8221; box_shadow_style=&#8221;preset3&#8243; box_shadow_horizontal=&#8221;-8px&#8221; box_shadow_blur=&#8221;14px&#8221; global_colors_info=&#8221;{}&#8221;]<\/p>\n<p>Proyecto educativo<\/p>\n<p>[\/et_pb_text][et_pb_text admin_label=&#8221;ROF&#8221; _builder_version=&#8221;4.24.2&#8243; _module_preset=&#8221;default&#8221; text_text_color=&#8221;#FFFFFF&#8221; text_font_size=&#8221;22px&#8221; background_color=&#8221;#edb059&#8243; text_orientation=&#8221;center&#8221; min_height=&#8221;93px&#8221; custom_padding=&#8221;22px|10px|22px|10px|true|true&#8221; link_option_url=&#8221;https:\/\/drive.google.com\/file\/d\/1c6h5Pwp5MEuzhH-WEa4z2g6a6mTVcAEg\/view?usp=sharing&#8221; link_option_url_new_window=&#8221;on&#8221; border_radii=&#8221;on|6px|6px|6px|6px&#8221; box_shadow_style=&#8221;preset3&#8243; box_shadow_horizontal=&#8221;-8px&#8221; box_shadow_blur=&#8221;14px&#8221; global_colors_info=&#8221;{}&#8221;]<\/p>\n<p>Reglamento de Ordenaci\u00f3n y Funcionamiento<\/p>\n<p>[\/et_pb_text][et_pb_text admin_label=&#8221;Proyecto gesti\u00f3n&#8221; _builder_version=&#8221;4.24.2&#8243; _module_preset=&#8221;default&#8221; text_text_color=&#8221;#FFFFFF&#8221; text_font_size=&#8221;22px&#8221; background_color=&#8221;#edb059&#8243; text_orientation=&#8221;center&#8221; min_height=&#8221;93px&#8221; custom_padding=&#8221;31px||31px||true|false&#8221; link_option_url=&#8221;https:\/\/drive.google.com\/file\/d\/1KAZbJdagi6dOxsNLvbFkaclGgV2PM_dn\/view?usp=sharing&#8221; link_option_url_new_window=&#8221;on&#8221; border_radii=&#8221;on|6px|6px|6px|6px&#8221; box_shadow_style=&#8221;preset3&#8243; box_shadow_horizontal=&#8221;-8px&#8221; box_shadow_blur=&#8221;14px&#8221; global_colors_info=&#8221;{}&#8221;]<\/p>\n<p>Proyecto de Gesti\u00f3n Econ\u00f3mica<\/p>\n<p>[\/et_pb_text][\/et_pb_column][et_pb_column type=&#8221;1_3&#8243; _builder_version=&#8221;4.16&#8243; _module_preset=&#8221;default&#8221; global_colors_info=&#8221;{}&#8221;][et_pb_text admin_label=&#8221;Plan de convivencia&#8221; _builder_version=&#8221;4.24.2&#8243; _module_preset=&#8221;default&#8221; text_text_color=&#8221;#FFFFFF&#8221; text_font_size=&#8221;22px&#8221; background_color=&#8221;#edb059&#8243; text_orientation=&#8221;center&#8221; min_height=&#8221;93px&#8221; custom_padding=&#8221;22px|10px|22px|10px|true|true&#8221; link_option_url=&#8221;https:\/\/drive.google.com\/file\/d\/1_klILHRt3_BYBLzu36x2-aHpLDwVx6Pf\/view?usp=sharing&#8221; link_option_url_new_window=&#8221;on&#8221; border_radii=&#8221;on|6px|6px|6px|6px&#8221; box_shadow_style=&#8221;preset3&#8243; box_shadow_horizontal=&#8221;-8px&#8221; box_shadow_blur=&#8221;14px&#8221; global_colors_info=&#8221;{}&#8221;]<\/p>\n<p>Plan de convivencia<\/p>\n<p>[\/et_pb_text][et_pb_text admin_label=&#8221;Plan de formaci\u00f3n&#8221; _builder_version=&#8221;4.24.2&#8243; _module_preset=&#8221;default&#8221; text_text_color=&#8221;#FFFFFF&#8221; text_font_size=&#8221;22px&#8221; background_color=&#8221;#edb059&#8243; text_orientation=&#8221;center&#8221; min_height=&#8221;93px&#8221; custom_padding=&#8221;31px||31px||true|false&#8221; link_option_url=&#8221;https:\/\/drive.google.com\/file\/d\/1aEIjdOUScvVLpgue0lbJe2QdKQRA0Y2y\/view?usp=sharing&#8221; link_option_url_new_window=&#8221;on&#8221; border_radii=&#8221;on|6px|6px|6px|6px&#8221; box_shadow_style=&#8221;preset3&#8243; box_shadow_horizontal=&#8221;-8px&#8221; box_shadow_blur=&#8221;14px&#8221; global_colors_info=&#8221;{}&#8221;]<\/p>\n<p>Plan de Formaci\u00f3n<\/p>\n<p>[\/et_pb_text][et_pb_text admin_label=&#8221;Plan de actuaci\u00f3n digital&#8221; _builder_version=&#8221;4.16&#8243; _module_preset=&#8221;default&#8221; text_text_color=&#8221;#FFFFFF&#8221; text_font_size=&#8221;22px&#8221; background_color=&#8221;#edb059&#8243; text_orientation=&#8221;center&#8221; min_height=&#8221;93px&#8221; custom_padding=&#8221;31px||31px||true|false&#8221; link_option_url=&#8221;https:\/\/drive.google.com\/file\/d\/1RpmZZ2CJIA3ujmOkjtmF18-fCTUOlSg3\/view?usp=drive_link&#8221; link_option_url_new_window=&#8221;on&#8221; border_radii=&#8221;on|6px|6px|6px|6px&#8221; box_shadow_style=&#8221;preset3&#8243; box_shadow_horizontal=&#8221;-8px&#8221; box_shadow_blur=&#8221;14px&#8221; global_colors_info=&#8221;{}&#8221;]<\/p>\n<p>Plan de Actuaci\u00f3n Digital<\/p>\n<p>[\/et_pb_text][\/et_pb_column][et_pb_column type=&#8221;1_3&#8243; _builder_version=&#8221;4.16&#8243; _module_preset=&#8221;default&#8221; global_colors_info=&#8221;{}&#8221;][et_pb_text admin_label=&#8221;POAT&#8221; _builder_version=&#8221;4.24.2&#8243; _module_preset=&#8221;default&#8221; text_text_color=&#8221;#FFFFFF&#8221; text_font_size=&#8221;22px&#8221; background_color=&#8221;#edb059&#8243; text_orientation=&#8221;center&#8221; min_height=&#8221;93px&#8221; custom_padding=&#8221;22px|10px|22px|10px|false|true&#8221; link_option_url=&#8221;https:\/\/drive.google.com\/file\/d\/15l2z89vBcP5OtylG3whKX_ZLUjX9Agsr\/view?usp=sharing&#8221; link_option_url_new_window=&#8221;on&#8221; hover_enabled=&#8221;0&#8243; border_radii=&#8221;on|6px|6px|6px|6px&#8221; box_shadow_style=&#8221;preset3&#8243; box_shadow_horizontal=&#8221;-8px&#8221; box_shadow_blur=&#8221;14px&#8221; global_colors_info=&#8221;{}&#8221; sticky_enabled=&#8221;0&#8243;]<\/p>\n<p>Plan Anual de Orientaci\u00f3n y Acci\u00f3n tutorial<\/p>\n<p>[\/et_pb_text][et_pb_text admin_label=&#8221;plan de mejora&#8221; _builder_version=&#8221;4.24.2&#8243; _module_preset=&#8221;default&#8221; text_text_color=&#8221;#FFFFFF&#8221; text_font_size=&#8221;22px&#8221; background_color=&#8221;#edb059&#8243; text_orientation=&#8221;center&#8221; min_height=&#8221;93px&#8221; custom_padding=&#8221;31px||31px||true|false&#8221; link_option_url=&#8221;https:\/\/drive.google.com\/file\/d\/1twWTT-waOQFiR6piDrWgxfWBy2S0ocj8\/view?usp=sharing&#8221; link_option_url_new_window=&#8221;on&#8221; border_radii=&#8221;on|6px|6px|6px|6px&#8221; box_shadow_style=&#8221;preset3&#8243; box_shadow_horizontal=&#8221;-8px&#8221; box_shadow_blur=&#8221;14px&#8221; global_colors_info=&#8221;{}&#8221;]<\/p>\n<p>Plan de Mejora<\/p>\n<p>[\/et_pb_text][et_pb_text admin_label=&#8221;Plan Igualdad&#8221; _builder_version=&#8221;4.16&#8243; _module_preset=&#8221;default&#8221; text_text_color=&#8221;#FFFFFF&#8221; text_font_size=&#8221;22px&#8221; background_color=&#8221;#edb059&#8243; text_orientation=&#8221;center&#8221; min_height=&#8221;93px&#8221; custom_padding=&#8221;31px|10px|31px|10px|true|true&#8221; link_option_url=&#8221;https:\/\/drive.google.com\/file\/d\/17mPqiOroW08GhPJK1KfinTWmBAxYONId\/view&#8221; link_option_url_new_window=&#8221;on&#8221; border_radii=&#8221;on|6px|6px|6px|6px&#8221; box_shadow_style=&#8221;preset3&#8243; box_shadow_horizontal=&#8221;-8px&#8221; box_shadow_blur=&#8221;14px&#8221; global_colors_info=&#8221;{}&#8221;]<\/p>\n<p>Plan de Igualdad<\/p>\n<p>[\/et_pb_text][\/et_pb_column][\/et_pb_row][\/et_pb_section]<\/p>\n","protected":false},"excerpt":{"rendered":"<p>Plan de Centro Todo lo que necesitas conocerProyecto educativoReglamento de Ordenaci\u00f3n y FuncionamientoProyecto de Gesti\u00f3n Econ\u00f3micaPlan de convivenciaPlan de Formaci\u00f3nPlan de Actuaci\u00f3n DigitalPlan Anual de Orientaci\u00f3n y Acci\u00f3n tutorialPlan de MejoraPlan de Igualdad<\/p>\n","protected":false},"author":14862,"featured_media":0,"parent":0,"menu_order":0,"comment_status":"closed","ping_status":"closed","template":"","meta":{"_et_pb_use_builder":"on","_et_pb_old_content":"","_et_gb_content_width":"","ngg_post_thumbnail":0,"footnotes":""},"aioseo_notices":[],"_links":{"self":[{"href":"https:\/\/blogsaverroes.juntadeandalucia.es\/iesmiravent\/wp-json\/wp\/v2\/pages\/1088"}],"collection":[{"href":"https:\/\/blogsaverroes.juntadeandalucia.es\/iesmiravent\/wp-json\/wp\/v2\/pages"}],"about":[{"href":"https:\/\/blogsaverroes.juntadeandalucia.es\/iesmiravent\/wp-json\/wp\/v2\/types\/page"}],"author":[{"embeddable":true,"href":"https:\/\/blogsaverroes.juntadeandalucia.es\/iesmiravent\/wp-json\/wp\/v2\/users\/14862"}],"replies":[{"embeddable":true,"href":"https:\/\/blogsaverroes.juntadeandalucia.es\/iesmiravent\/wp-json\/wp\/v2\/comments?post=1088"}],"version-history":[{"count":52,"href":"https:\/\/blogsaverroes.juntadeandalucia.es\/iesmiravent\/wp-json\/wp\/v2\/pages\/1088\/revisions"}],"predecessor-version":[{"id":2117,"href":"https:\/\/blogsaverroes.juntadeandalucia.es\/iesmiravent\/wp-json\/wp\/v2\/pages\/1088\/revisions\/2117"}],"wp:attachment":[{"href":"https:\/\/blogsaverroes.juntadeandalucia.es\/iesmiravent\/wp-json\/wp\/v2\/media?parent=1088"}],"curies":[{"name":"wp","href":"https:\/\/api.w.org\/{rel}","templated":true}]}}