{"id":1375,"date":"2022-04-04T12:28:32","date_gmt":"2022-04-04T11:28:32","guid":{"rendered":"https:\/\/blogsaverroes.juntadeandalucia.es\/iesmiravent\/?page_id=1375"},"modified":"2023-04-11T11:42:55","modified_gmt":"2023-04-11T10:42:55","slug":"becas","status":"publish","type":"page","link":"https:\/\/blogsaverroes.juntadeandalucia.es\/iesmiravent\/becas\/","title":{"rendered":"Becas"},"content":{"rendered":"<p>[et_pb_section fb_built=&#8221;1&#8243; _builder_version=&#8221;4.14.5&#8243; _module_preset=&#8221;default&#8221; global_colors_info=&#8221;{}&#8221;][et_pb_row _builder_version=&#8221;4.14.5&#8243; _module_preset=&#8221;default&#8221; global_colors_info=&#8221;{}&#8221;][et_pb_column type=&#8221;4_4&#8243; _builder_version=&#8221;4.14.5&#8243; _module_preset=&#8221;default&#8221; global_colors_info=&#8221;{}&#8221;][et_pb_text _builder_version=&#8221;4.14.5&#8243; _module_preset=&#8221;default&#8221; hover_enabled=&#8221;0&#8243; global_colors_info=&#8221;{}&#8221; sticky_enabled=&#8221;0&#8243;]<\/p>\n<h1>Informaci\u00f3n sobre becas<\/h1>\n<h1><img loading=\"lazy\" decoding=\"async\" class=\"alignnone wp-image-1833\" style=\"color: #666666;font-size: 14px\" src=\"https:\/\/blogsaverroes.juntadeandalucia.es\/iesmiravent\/files\/2023\/04\/becas.png.png\" alt=\"\" width=\"100\" height=\"100\" srcset=\"https:\/\/blogsaverroes.juntadeandalucia.es\/iesmiravent\/files\/2023\/04\/becas.png.png 192w, https:\/\/blogsaverroes.juntadeandalucia.es\/iesmiravent\/files\/2023\/04\/becas.png-150x150.png 150w\" sizes=\"(max-width: 100px) 100vw, 100px\" \/><\/h1>\n<p class=\"titulo\">\u00bfCu\u00e1ndo puedo pedir mi beca para el curso 2023\/24?<\/p>\n<p class=\"titulo\">El plazo comienza el 27 de marzo y&nbsp;acaba el 17 de mayo de 2023.<\/p>\n<p class=\"titulo\">Puedes proceder a rellenar tu solicitud en el <a href=\"https:\/\/www.becaseducacion.gob.es\/becas-y-ayudas.html\" target=\"_blank\" rel=\"noopener noreferrer\">Portal de Becas y Ayudas del Ministerio de educaci\u00f3n<\/a>.<\/p>\n<p><a href=\"https:\/\/www.educacionyfp.gob.es\/servicios-al-ciudadano\/catalogo\/general\/05\/050130\/ficha\/050130-2023.html\" target=\"_blank\" rel=\"noopener noreferrer\">M\u00e1s informaci\u00f3n sobre becas.<\/a><\/p>\n<p>[\/et_pb_text][\/et_pb_column][\/et_pb_row][\/et_pb_section]<\/p>\n","protected":false},"excerpt":{"rendered":"<p>Informaci\u00f3n sobre becas \u00bfCu\u00e1ndo puedo pedir mi beca para el curso 2023\/24? El plazo comienza el 27 de marzo y&nbsp;acaba el 17 de mayo de 2023. Puedes proceder a rellenar tu solicitud en el Portal de Becas y Ayudas del Ministerio de educaci\u00f3n. M\u00e1s informaci\u00f3n sobre becas.<\/p>\n","protected":false},"author":14862,"featured_media":0,"parent":0,"menu_order":0,"comment_status":"closed","ping_status":"closed","template":"","meta":{"_et_pb_use_builder":"on","_et_pb_old_content":"","_et_gb_content_width":"","ngg_post_thumbnail":0,"footnotes":""},"aioseo_notices":[],"_links":{"self":[{"href":"https:\/\/blogsaverroes.juntadeandalucia.es\/iesmiravent\/wp-json\/wp\/v2\/pages\/1375"}],"collection":[{"href":"https:\/\/blogsaverroes.juntadeandalucia.es\/iesmiravent\/wp-json\/wp\/v2\/pages"}],"about":[{"href":"https:\/\/blogsaverroes.juntadeandalucia.es\/iesmiravent\/wp-json\/wp\/v2\/types\/page"}],"author":[{"embeddable":true,"href":"https:\/\/blogsaverroes.juntadeandalucia.es\/iesmiravent\/wp-json\/wp\/v2\/users\/14862"}],"replies":[{"embeddable":true,"href":"https:\/\/blogsaverroes.juntadeandalucia.es\/iesmiravent\/wp-json\/wp\/v2\/comments?post=1375"}],"version-history":[{"count":8,"href":"https:\/\/blogsaverroes.juntadeandalucia.es\/iesmiravent\/wp-json\/wp\/v2\/pages\/1375\/revisions"}],"predecessor-version":[{"id":1837,"href":"https:\/\/blogsaverroes.juntadeandalucia.es\/iesmiravent\/wp-json\/wp\/v2\/pages\/1375\/revisions\/1837"}],"wp:attachment":[{"href":"https:\/\/blogsaverroes.juntadeandalucia.es\/iesmiravent\/wp-json\/wp\/v2\/media?parent=1375"}],"curies":[{"name":"wp","href":"https:\/\/api.w.org\/{rel}","templated":true}]}}