{"id":1391,"date":"2022-04-05T09:42:00","date_gmt":"2022-04-05T08:42:00","guid":{"rendered":"https:\/\/blogsaverroes.juntadeandalucia.es\/iesmiravent\/?page_id=1391"},"modified":"2023-04-11T11:25:06","modified_gmt":"2023-04-11T10:25:06","slug":"matriculacion","status":"publish","type":"page","link":"https:\/\/blogsaverroes.juntadeandalucia.es\/iesmiravent\/matriculacion\/","title":{"rendered":"Matriculaci\u00f3n"},"content":{"rendered":"<p>[et_pb_section fb_built=&#8221;1&#8243; _builder_version=&#8221;4.14.5&#8243; _module_preset=&#8221;default&#8221; global_colors_info=&#8221;{}&#8221;][et_pb_row _builder_version=&#8221;4.14.5&#8243; _module_preset=&#8221;default&#8221; global_colors_info=&#8221;{}&#8221;][et_pb_column type=&#8221;4_4&#8243; _builder_version=&#8221;4.14.5&#8243; _module_preset=&#8221;default&#8221; global_colors_info=&#8221;{}&#8221;][et_pb_text admin_label=&#8221;t\u00edtulo&#8221; _builder_version=&#8221;4.14.5&#8243; _module_preset=&#8221;default&#8221; global_colors_info=&#8221;{}&#8221;]<\/p>\n<h1>Informaci\u00f3n acerca de la matriculaci\u00f3n<\/h1>\n<p>[\/et_pb_text][et_pb_toggle title=&#8221;Educaci\u00f3n Secundaria Obligatoria y Bachillerato&#8221; open=&#8221;on&#8221; admin_label=&#8221;Conmutador ESO&#8221; _builder_version=&#8221;4.14.5&#8243; _module_preset=&#8221;default&#8221; title_level=&#8221;h3&#8243; global_colors_info=&#8221;{}&#8221;]La Consejer\u00eda de Desarrollo Educativo y Formaci\u00f3n Profesional convoca el procedimiento de admisi\u00f3n del alumnado en los centros docentes p\u00fablicos y privados concertados para cursar las ense\u00f1anzas de 2\u00ba Ciclo de Educaci\u00f3n Infantil, Educaci\u00f3n Primaria, Educaci\u00f3n Especial, Educaci\u00f3n Secundaria Obligatoria y Bachillerato para el curso escolar 2023\/24.<\/p>\n<p><strong>Entre los d\u00edas 1 y 31 de marzo<\/strong>, ambos inclusive, permanecer\u00e1 abierto en Andaluc\u00eda el plazo para la presentaci\u00f3n de solicitudes de admisi\u00f3n correspondientes al curso escolar 2023\/24.&nbsp; Se inicia de este modo el proceso de escolarizaci\u00f3n en el que participan todos los ni\u00f1os y ni\u00f1as que se incorporan por primera vez al sistema educativo, tanto en centros p\u00fablicos como privados concertados, <strong>as\u00ed como el alumnado que cambie de centro escolar<\/strong>.<\/p>\n<p>Para atender consultas sobre todo el proceso de escolarizaci\u00f3n, la Consejer\u00eda ha habilitado un tel\u00e9fono gratuito de informaci\u00f3n (<a href=\"tel:+34900848000\">900 848 000<\/a>), en horario ininterrumpido de 8:00 a 19:00 horas.<\/p>\n<p><a href=\"https:\/\/www.juntadeandalucia.es\/educacion\/portales\/web\/escolarizacion\/infantil-a-bachillerato\" target=\"_blank\" rel=\"noopener noreferrer\">M\u00e1s informaci\u00f3n<\/a><\/p>\n<p><a href=\"https:\/\/www.juntadeandalucia.es\/educacion\/portales\/web\/escolarizacion\/infantil-a-bachillerato\/calendario\" target=\"_blank\" rel=\"noopener noreferrer\">Calendario<\/a><\/p>\n<p><a href=\"https:\/\/www.juntadeandalucia.es\/educacion\/portales\/web\/escolarizacion\/infantil-a-bachillerato\/impresos\" target=\"_blank\" rel=\"noopener noreferrer\">Impresos<\/a>[\/et_pb_toggle][et_pb_toggle title=&#8221;Ense\u00f1anza Personas Adultas&#8221; open=&#8221;on&#8221; admin_label=&#8221;Conmutador ESPA&#8221; _builder_version=&#8221;4.14.5&#8243; _module_preset=&#8221;default&#8221; hover_enabled=&#8221;0&#8243; global_colors_info=&#8221;{}&#8221; title_level=&#8221;h3&#8243; sticky_enabled=&#8221;0&#8243;]<\/p>\n<p>La Educaci\u00f3n de personas adultas en Andaluc\u00eda, impulsada por la&nbsp;<a href=\"http:\/\/www.juntadeandalucia.es\/educacion\" target=\"_blank\" rel=\"noopener noreferrer\">Consejer\u00eda de Desarrollo Educativo y Formaci\u00f3n Profesional<\/a>, est\u00e1 orientada a proporcionar a las personas mayores de 18 a\u00f1os, en el marco de aprender a lo largo de toda la vida, la posibilidad de&nbsp;<strong>actualizar, completar o ampliar su formaci\u00f3n acad\u00e9mica, desarrollar sus capacidades, enriquecer sus conocimientos y mejorar sus competencias t\u00e9cnicas para su desarrollo personal y profesional<\/strong>.<\/p>\n<p><a href=\"https:\/\/www.juntadeandalucia.es\/educacion\/portales\/web\/escolarizacion\/personas-adultas\/planes-educativos\">Planes educativos. +Informaci\u00f3n.<\/a><\/p>\n<p>&nbsp;<\/p>\n<p>[\/et_pb_toggle][et_pb_toggle title=&#8221;Formaci\u00f3n Profesional B\u00e1sica&#8221; open=&#8221;on&#8221; admin_label=&#8221;Conmutador FPB&#8221; _builder_version=&#8221;4.14.5&#8243; _module_preset=&#8221;default&#8221; hover_enabled=&#8221;0&#8243; global_colors_info=&#8221;{}&#8221; title_level=&#8221;h3&#8243; sticky_enabled=&#8221;0&#8243;]<\/p>\n<p>Estos estudios&nbsp;<strong>te preparan para iniciarte en el aprendizaje de un oficio<\/strong>&nbsp;y para realizar actividades profesionales. Al superarlo, obtendr\u00e1s un T\u00edtulo Profesional B\u00e1sico y conseguir\u00e1s competencias profesionales correspondientes a una cualificaci\u00f3n de nivel uno del Cat\u00e1logo Nacional de Cualificaciones Profesionales.<\/p>\n<p>El T\u00edtulo de T\u00e9cnico B\u00e1sico te permitir\u00e1 el acceso a ciclos de grado medio y si superas las pruebas de evaluaci\u00f3n final de la ESO, obtendr\u00e1s tambi\u00e9n el t\u00edtulo de Graduado en Educaci\u00f3n Secundaria Obligatoria. En el \u00e1mbito laboral tiene los mismos efectos que el t\u00edtulo de Educaci\u00f3n Secundaria Obligatoria para el acceso a empleos p\u00fablicos y privados.<\/p>\n<p>Aqu\u00ed se oferta el &#8220;<a href=\"https:\/\/www.todofp.es\/que-estudiar\/loe\/industrias-alimentarias\/industrias-alimentarias.html\" target=\"_blank\" rel=\"noopener noreferrer\">T\u00edtulo Profesional B\u00e1sico en Industrias Alimentarias<\/a>&#8220;.<\/p>\n<p>Enlaces de inter\u00e9s:<\/p>\n<p><a href=\"https:\/\/portales.ced.junta-andalucia.es\/educacion\/portales\/web\/escolarizacion\/w\/requisitos-de-acceso-para-los-programas-especificos-de-formacion-profesional-basica?redirect=%2Feducacion%2Fportales%2Fweb%2Fescolarizacion%2Ffp%2Foferta-programas-especificos-fp-basica\" target=\"_blank\" rel=\"noopener noreferrer\">Requisitos de acceso.<\/a><\/p>\n<p><a href=\"https:\/\/portales.ced.junta-andalucia.es\/educacion\/portales\/documents\/100629\/247577\/Calendario%20de%20Escolarizaci%C3%B3n%20de%20la%20oferta%20completa%20presencial%20de%20ciclos%20formativos%20de%20grado%20b%C3%A1sico\/8e2bbe9c-de64-ed1c-ce1c-e358092440ba?version=1.0\" target=\"_blank\" rel=\"noopener noreferrer\">Calendario (Curso 22-23).<\/a><\/p>\n<p>[\/et_pb_toggle][et_pb_toggle title=&#8221;Formaci\u00f3n Profesional&#8221; open=&#8221;on&#8221; admin_label=&#8221;Conmutador FP&#8221; _builder_version=&#8221;4.14.5&#8243; _module_preset=&#8221;default&#8221; hover_enabled=&#8221;0&#8243; global_colors_info=&#8221;{}&#8221; title_level=&#8221;h3&#8243; sticky_enabled=&#8221;0&#8243;]Se ofrece oferta formativa en ciclos formativos de grado medio y grado superior. Los ciclos formativos de grado medio son:<\/p>\n<ul>\n<li><a href=\"https:\/\/www.todofp.es\/que-estudiar\/logse\/sanidad\/cuidados-auxiliares-enfermeria.html\" target=\"_blank\" rel=\"noopener noreferrer\">T\u00e9cnico en Cuidados Auxiliares de Enfermer\u00eda.<\/a><\/li>\n<li><a href=\"https:\/\/www.todofp.es\/que-estudiar\/loe\/fabricacion-mecanica\/soldadura-caldereria.html\" target=\"_blank\" rel=\"noopener noreferrer\">T\u00e9cnico en Soldadura y Calderer\u00eda.<\/a><\/li>\n<li><a href=\"https:\/\/www.todofp.es\/que-estudiar\/loe\/informatica-comunicaciones\/sistemas-microniformaticos-redes.html\" target=\"_blank\" rel=\"noopener noreferrer\">T\u00e9cnico en Sistemas Microinform\u00e1ticos y Redes.<\/a><\/li>\n<\/ul>\n<p>Adem\u00e1s, el se oferta el ciclo formativo de grado superior:<\/p>\n<ul>\n<li><a href=\"https:\/\/www.todofp.es\/que-estudiar\/loe\/informatica-comunicaciones\/des-aplicaciones-multiplataforma.html\" target=\"_blank\" rel=\"noopener noreferrer\">T\u00e9cnico Superior en Desarrollo de Aplicaciones Multiplataforma.<\/a><\/li>\n<\/ul>\n<p>M\u00e1s informaci\u00f3n sobre la matriculaci\u00f3n en cualquiera de los ciclos formativos mencionados anteriormente. (Informaci\u00f3n sobre el curso 22\/23):<\/p>\n<ul>\n<li><a href=\"https:\/\/portales.ced.junta-andalucia.es\/educacion\/portales\/documents\/100629\/247577\/Calendario%20de%20Escolarizaci%C3%B3n%20de%20la%20oferta%20completa%20presencial%20de%20ciclos%20formativos%20de%20grado%20medio%20y%20superior\/8321fbe2-30fe-8d7e-aa42-a50fe06b4c8f?version=1.0\" target=\"_blank\" rel=\"noopener noreferrer\">Calendario para primeros cursos de ciclos formativos.<\/a><\/li>\n<li><a href=\"https:\/\/portales.ced.junta-andalucia.es\/educacion\/portales\/documents\/100629\/247577\/Calendario%20de%20escolarizaci%C3%B3n%20de%20la%20oferta%20completa%20presencial%20de%202%C2%BA%20de%20ciclos%20formativos%20de%20grado%20medio%20y%20superior\/542a3100-0c30-e33a-87e2-7a238fe7b174?version=1.0\" target=\"_blank\" rel=\"noopener noreferrer\">Calendario para segundos cursos de ciclos formativos.<\/a><\/li>\n<li><a href=\"https:\/\/www.juntadeandalucia.es\/educacion\/secretariavirtual\/?redirect=\/educacion\/portales\/web\/escolarizacion\/fp\" target=\"_blank\" rel=\"noopener noreferrer\">Secretar\u00eda Virtual.<\/a><\/li>\n<\/ul>\n<p>&nbsp;<\/p>\n<p>&nbsp;[\/et_pb_toggle][\/et_pb_column][\/et_pb_row][\/et_pb_section]<\/p>\n","protected":false},"excerpt":{"rendered":"<p>Informaci\u00f3n acerca de la matriculaci\u00f3nLa Consejer\u00eda de Desarrollo Educativo y Formaci\u00f3n Profesional convoca el procedimiento de admisi\u00f3n del alumnado en los centros docentes p\u00fablicos y privados concertados para cursar las ense\u00f1anzas de 2\u00ba Ciclo de Educaci\u00f3n Infantil, Educaci\u00f3n Primaria, Educaci\u00f3n Especial, Educaci\u00f3n Secundaria Obligatoria y Bachillerato para el curso escolar 2023\/24. Entre los d\u00edas 1 [&hellip;]<\/p>\n","protected":false},"author":14862,"featured_media":0,"parent":0,"menu_order":0,"comment_status":"closed","ping_status":"closed","template":"","meta":{"_et_pb_use_builder":"on","_et_pb_old_content":"","_et_gb_content_width":"","ngg_post_thumbnail":0,"footnotes":""},"aioseo_notices":[],"_links":{"self":[{"href":"https:\/\/blogsaverroes.juntadeandalucia.es\/iesmiravent\/wp-json\/wp\/v2\/pages\/1391"}],"collection":[{"href":"https:\/\/blogsaverroes.juntadeandalucia.es\/iesmiravent\/wp-json\/wp\/v2\/pages"}],"about":[{"href":"https:\/\/blogsaverroes.juntadeandalucia.es\/iesmiravent\/wp-json\/wp\/v2\/types\/page"}],"author":[{"embeddable":true,"href":"https:\/\/blogsaverroes.juntadeandalucia.es\/iesmiravent\/wp-json\/wp\/v2\/users\/14862"}],"replies":[{"embeddable":true,"href":"https:\/\/blogsaverroes.juntadeandalucia.es\/iesmiravent\/wp-json\/wp\/v2\/comments?post=1391"}],"version-history":[{"count":16,"href":"https:\/\/blogsaverroes.juntadeandalucia.es\/iesmiravent\/wp-json\/wp\/v2\/pages\/1391\/revisions"}],"predecessor-version":[{"id":1822,"href":"https:\/\/blogsaverroes.juntadeandalucia.es\/iesmiravent\/wp-json\/wp\/v2\/pages\/1391\/revisions\/1822"}],"wp:attachment":[{"href":"https:\/\/blogsaverroes.juntadeandalucia.es\/iesmiravent\/wp-json\/wp\/v2\/media?parent=1391"}],"curies":[{"name":"wp","href":"https:\/\/api.w.org\/{rel}","templated":true}]}}