{"id":1453,"date":"2022-04-05T12:18:24","date_gmt":"2022-04-05T11:18:24","guid":{"rendered":"https:\/\/blogsaverroes.juntadeandalucia.es\/iesmiravent\/?page_id=1453"},"modified":"2022-04-08T07:41:33","modified_gmt":"2022-04-08T06:41:33","slug":"familia-informatica","status":"publish","type":"page","link":"https:\/\/blogsaverroes.juntadeandalucia.es\/iesmiravent\/familia-informatica\/","title":{"rendered":"CFGM Sistemas Microinform\u00e1ticos y Redes"},"content":{"rendered":"<p>[et_pb_section fb_built=&#8221;1&#8243; _builder_version=&#8221;4.14.5&#8243; _module_preset=&#8221;default&#8221; custom_padding=&#8221;21px||0px|||&#8221; global_colors_info=&#8221;{}&#8221;][et_pb_row _builder_version=&#8221;4.14.5&#8243; _module_preset=&#8221;default&#8221; global_colors_info=&#8221;{}&#8221;][et_pb_column type=&#8221;4_4&#8243; _builder_version=&#8221;4.14.5&#8243; _module_preset=&#8221;default&#8221; global_colors_info=&#8221;{}&#8221;][et_pb_text admin_label=&#8221;Texto CFGM&#8221; _builder_version=&#8221;4.14.5&#8243; _module_preset=&#8221;default&#8221; min_height=&#8221;58px&#8221; custom_margin=&#8221;-14px|||||&#8221; custom_padding=&#8221;||0px|||&#8221; global_colors_info=&#8221;{}&#8221;]<\/p>\n<h1>Ciclo Formativo de Grado Medio de Sistemas Microinform\u00e1ticos y Redes<\/h1>\n<p>&nbsp;<\/p>\n<p>[\/et_pb_text][\/et_pb_column][\/et_pb_row][\/et_pb_section][et_pb_section fb_built=&#8221;1&#8243; disabled_on=&#8221;on|on|off&#8221; admin_label=&#8221;Secci\u00f3n solo ordenador&#8221; _builder_version=&#8221;4.14.5&#8243; _module_preset=&#8221;default&#8221; background_color=&#8221;gcid-fdaa954b-eb7a-42a8-9e0c-16eeac75b665&#8243; custom_margin=&#8221;-16px|||||&#8221; custom_padding=&#8221;1px|||||&#8221; global_colors_info=&#8221;{%22gcid-fdaa954b-eb7a-42a8-9e0c-16eeac75b665%22:%91%22background_color%22%93}&#8221;][et_pb_row column_structure=&#8221;2_3,1_3&#8243; make_equal=&#8221;on&#8221; _builder_version=&#8221;4.14.5&#8243; _module_preset=&#8221;default&#8221; background_color=&#8221;#FFFFFF&#8221; width=&#8221;100%&#8221; max_width=&#8221;1388px&#8221; custom_margin=&#8221;|200px||147px||&#8221; custom_padding=&#8221;27px||0px|||&#8221; global_colors_info=&#8221;{}&#8221;][et_pb_column type=&#8221;2_3&#8243; _builder_version=&#8221;4.14.5&#8243; _module_preset=&#8221;default&#8221; global_colors_info=&#8221;{}&#8221;][et_pb_text _builder_version=&#8221;4.14.5&#8243; _module_preset=&#8221;default&#8221; text_font_size=&#8221;18px&#8221; text_letter_spacing=&#8221;1px&#8221; text_line_height=&#8221;1.9em&#8221; background_color=&#8221;#FFFFFF&#8221; width=&#8221;100%&#8221; custom_margin=&#8221;1px|4px||45px|false|false&#8221; custom_padding=&#8221;24px|0px|24px|22px|true|false&#8221; border_radii=&#8221;on|5px|5px|5px|5px&#8221; global_colors_info=&#8221;{}&#8221;]<\/p>\n<p>El CFGM de Sistemas Microinform\u00e1ticos y Redes\u00a0 (SMR) forma parte de la familia de Inform\u00e1tica y Comunicaciones. Cuando termines, puedes desarrollar tu actividad laboral en empresas del sector servicios que se dediquen a la comercializaci\u00f3n, montaje y reparaci\u00f3n de equipos, redes y servicios microinform\u00e1ticos en general, como parte del soporte inform\u00e1tico de la organizaci\u00f3n o en entidades de cualquier tama\u00f1o y sector productivo que utilizan sistemas microinform\u00e1ticos y redes de datos para su gesti\u00f3n.<\/p>\n<p>[\/et_pb_text][\/et_pb_column][et_pb_column type=&#8221;1_3&#8243; _builder_version=&#8221;4.14.5&#8243; _module_preset=&#8221;default&#8221; global_colors_info=&#8221;{}&#8221;][et_pb_image src=&#8221;https:\/\/blogsaverroes.juntadeandalucia.es\/iesmiravent\/files\/2022\/04\/logo-informatica-y-comunicaciones.png&#8221; title_text=&#8221;logo informatica y comunicaciones&#8221; align=&#8221;center&#8221; _builder_version=&#8221;4.14.5&#8243; _module_preset=&#8221;default&#8221; background_color=&#8221;#004e86&#8243; width=&#8221;71.9%&#8221; min_height=&#8221;252px&#8221; custom_margin=&#8221;|58px|12px|51px|false|false&#8221; custom_padding=&#8221;12px|0px|12px|4px|false|false&#8221; border_radii=&#8221;on|10px|10px|10px|10px&#8221; global_colors_info=&#8221;{}&#8221;][\/et_pb_image][\/et_pb_column][\/et_pb_row][et_pb_row make_equal=&#8221;on&#8221; _builder_version=&#8221;4.14.5&#8243; _module_preset=&#8221;default&#8221; background_color=&#8221;#FFFFFF&#8221; width=&#8221;100%&#8221; max_width=&#8221;1388px&#8221; custom_margin=&#8221;|200px|-6px|147px||&#8221; custom_padding=&#8221;17px||29px|||&#8221; global_colors_info=&#8221;{}&#8221;][et_pb_column type=&#8221;4_4&#8243; _builder_version=&#8221;4.14.5&#8243; _module_preset=&#8221;default&#8221; global_colors_info=&#8221;{}&#8221;][et_pb_text _builder_version=&#8221;4.14.5&#8243; _module_preset=&#8221;default&#8221; text_font_size=&#8221;18px&#8221; text_letter_spacing=&#8221;1px&#8221; text_line_height=&#8221;1.1em&#8221; ul_line_height=&#8221;1.7em&#8221; custom_padding=&#8221;|39px||39px||true&#8221; global_colors_info=&#8221;{}&#8221;]<\/p>\n<h3>\u00bb \u00bfC\u00f3mo acceder?<\/h3>\n<p>Puedes acceder a un ciclo de grado medio cuando re\u00fanas <strong>alguno<\/strong> de los siguientes <strong>requisitos<\/strong>:<\/p>\n<p>Acceso <strong>directo<\/strong>:<\/p>\n<ul>\n<li>Estar en posesi\u00f3n del t\u00edtulo de Graduado en Educaci\u00f3n Secundaria Obligatoria o de un nivel acad\u00e9mico superior.<\/li>\n<li>Estar en posesi\u00f3n de un T\u00edtulo Profesional B\u00e1sico (Formaci\u00f3n Profesional B\u00e1sica).<\/li>\n<li>Estar en posesi\u00f3n de un t\u00edtulo de T\u00e9cnico o de T\u00e9cnico Auxiliar o equivalente a efectos acad\u00e9micos.<\/li>\n<li>Haber superado el segundo curso del Bachillerato Unificado y Polivalente (BUP).<\/li>\n<li>Haber superado la prueba de acceso a la Universidad para mayores de 25 a\u00f1os.<\/li>\n<\/ul>\n<p>&nbsp;<\/p>\n<p>Acceso mediante <strong>prueba<\/strong> (para quienes no tengan alguno de los requisitos anteriores):<\/p>\n<p>&nbsp;<\/p>\n<ul>\n<li>Haber superado la prueba de acceso a ciclos formativos de grado medio (se requerir\u00e1 tener, al menos, diecisiete a\u00f1os, cumplidos en el a\u00f1o de realizaci\u00f3n de la prueba).<\/li>\n<\/ul>\n<p>[\/et_pb_text][\/et_pb_column][\/et_pb_row][et_pb_row column_structure=&#8221;1_2,1_2&#8243; make_equal=&#8221;on&#8221; _builder_version=&#8221;4.14.5&#8243; _module_preset=&#8221;default&#8221; background_color=&#8221;#FFFFFF&#8221; width=&#8221;100%&#8221; max_width=&#8221;1388px&#8221; custom_margin=&#8221;|200px|-6px|147px||&#8221; custom_padding=&#8221;17px||29px|||&#8221; global_colors_info=&#8221;{}&#8221;][et_pb_column type=&#8221;1_2&#8243; _builder_version=&#8221;4.14.5&#8243; _module_preset=&#8221;default&#8221; global_colors_info=&#8221;{}&#8221;][et_pb_text _builder_version=&#8221;4.14.5&#8243; _module_preset=&#8221;default&#8221; text_font_size=&#8221;18px&#8221; text_letter_spacing=&#8221;1px&#8221; text_line_height=&#8221;1.1em&#8221; ul_line_height=&#8221;1.7em&#8221; custom_padding=&#8221;|39px||39px||true&#8221; global_colors_info=&#8221;{}&#8221;]<\/p>\n<h3>\u00bb \u00bfQu\u00e9 voy a estudiar?<\/h3>\n<ul>\n<li class=\"ta-justify\">Montaje y mantenimiento de equipo.<\/li>\n<li class=\"ta-justify\">Sistemas operativos monopuesto.<\/li>\n<li class=\"ta-justify\">Aplicaciones ofim\u00e1ticas.<\/li>\n<li class=\"ta-justify\">Sistemas operativos en red.<\/li>\n<li class=\"ta-justify\">Redes locales.<\/li>\n<li class=\"ta-justify\">Seguridad inform\u00e1tica.<\/li>\n<li class=\"ta-justify\">Servicios en red.<\/li>\n<li class=\"ta-justify\">Aplicaciones web.<\/li>\n<li class=\"ta-justify\">Formaci\u00f3n y orientaci\u00f3n laboral.<\/li>\n<li class=\"ta-justify\">Empresa e iniciativa empresarial.<\/li>\n<li class=\"ta-justify\">Formaci\u00f3n en centros de trabajo<\/li>\n<\/ul>\n<p>[\/et_pb_text][\/et_pb_column][et_pb_column type=&#8221;1_2&#8243; _builder_version=&#8221;4.14.5&#8243; _module_preset=&#8221;default&#8221; global_colors_info=&#8221;{}&#8221;][et_pb_slider _builder_version=&#8221;4.14.5&#8243; _module_preset=&#8221;default&#8221; background_color=&#8221;RGBA(255,255,255,0)&#8221; min_height=&#8221;220px&#8221; height=&#8221;368px&#8221; custom_padding=&#8221;0px|0px|63px|0px|false|false&#8221; global_colors_info=&#8221;{}&#8221;][et_pb_slide image=&#8221;https:\/\/blogsaverroes.juntadeandalucia.es\/iesmiravent\/files\/2020\/01\/maquina.jpg&#8221; _builder_version=&#8221;4.14.5&#8243; _module_preset=&#8221;default&#8221; custom_padding=&#8221;0px||||false|false&#8221; global_colors_info=&#8221;{}&#8221; sticky_transition=&#8221;on&#8221;][\/et_pb_slide][et_pb_slide image=&#8221;https:\/\/blogsaverroes.juntadeandalucia.es\/iesmiravent\/files\/2020\/01\/maquina.jpg&#8221; _builder_version=&#8221;4.14.5&#8243; _module_preset=&#8221;default&#8221; custom_padding=&#8221;0px||||false|false&#8221; global_colors_info=&#8221;{}&#8221; sticky_transition=&#8221;on&#8221;][\/et_pb_slide][\/et_pb_slider][\/et_pb_column][\/et_pb_row][\/et_pb_section][et_pb_section fb_built=&#8221;1&#8243; disabled_on=&#8221;off|off|on&#8221; admin_label=&#8221;Secci\u00f3n m\u00f3vil y tablet&#8221; _builder_version=&#8221;4.14.5&#8243; _module_preset=&#8221;default&#8221; global_colors_info=&#8221;{}&#8221;][et_pb_row _builder_version=&#8221;4.14.5&#8243; _module_preset=&#8221;default&#8221; global_colors_info=&#8221;{}&#8221;][et_pb_column type=&#8221;4_4&#8243; _builder_version=&#8221;4.14.5&#8243; _module_preset=&#8221;default&#8221; global_colors_info=&#8221;{}&#8221;][et_pb_text _builder_version=&#8221;4.14.5&#8243; _module_preset=&#8221;default&#8221; text_font_size=&#8221;18px&#8221; text_letter_spacing=&#8221;1px&#8221; text_line_height=&#8221;1.9em&#8221; background_color=&#8221;#FFFFFF&#8221; width=&#8221;100%&#8221; custom_margin=&#8221;1px|4px||45px|false|false&#8221; custom_padding=&#8221;24px|0px|24px|22px|true|false&#8221; border_radii=&#8221;on|5px|5px|5px|5px&#8221; global_colors_info=&#8221;{}&#8221;]<\/p>\n<p>El CFGM de Sistemas Microinform\u00e1ticos y Redes\u00a0 (SMR) forma parte de la familia de Inform\u00e1tica y Comunicaciones. Cuando termines, puedes desarrollar tu actividad laboral en empresas del sector servicios que se dediquen a la comercializaci\u00f3n, montaje y reparaci\u00f3n de equipos, redes y servicios microinform\u00e1ticos en general, como parte del soporte inform\u00e1tico de la organizaci\u00f3n o en entidades de cualquier tama\u00f1o y sector productivo que utilizan sistemas microinform\u00e1ticos y redes de datos para su gesti\u00f3n.<\/p>\n<p>[\/et_pb_text][et_pb_image src=&#8221;https:\/\/blogsaverroes.juntadeandalucia.es\/iesmiravent\/files\/2022\/04\/logo-informatica-y-comunicaciones.png&#8221; title_text=&#8221;logo informatica y comunicaciones&#8221; align=&#8221;center&#8221; _builder_version=&#8221;4.14.5&#8243; _module_preset=&#8221;default&#8221; background_color=&#8221;#004e86&#8243; width=&#8221;71.9%&#8221; min_height=&#8221;252px&#8221; custom_margin=&#8221;|58px|12px|51px|false|false&#8221; custom_padding=&#8221;12px|0px|12px|4px|false|false&#8221; border_radii=&#8221;on|10px|10px|10px|10px&#8221; global_colors_info=&#8221;{}&#8221;][\/et_pb_image][\/et_pb_column][\/et_pb_row][et_pb_row _builder_version=&#8221;4.14.5&#8243; _module_preset=&#8221;default&#8221; global_colors_info=&#8221;{}&#8221;][et_pb_column type=&#8221;4_4&#8243; _builder_version=&#8221;4.14.5&#8243; _module_preset=&#8221;default&#8221; global_colors_info=&#8221;{}&#8221;][et_pb_text _builder_version=&#8221;4.14.5&#8243; _module_preset=&#8221;default&#8221; text_font_size=&#8221;18px&#8221; text_letter_spacing=&#8221;1px&#8221; text_line_height=&#8221;1.1em&#8221; ul_line_height=&#8221;1.7em&#8221; custom_padding=&#8221;|39px||39px||true&#8221; hover_enabled=&#8221;0&#8243; global_colors_info=&#8221;{}&#8221; sticky_enabled=&#8221;0&#8243;]<\/p>\n<h3>\u00bb \u00bfC\u00f3mo acceder?<\/h3>\n<p>Puedes acceder a un ciclo de grado medio cuando re\u00fanas <strong>alguno<\/strong> de los siguientes <strong>requisitos<\/strong>:<\/p>\n<p>Acceso <strong>directo<\/strong>:<\/p>\n<ul>\n<li>Estar en posesi\u00f3n del t\u00edtulo de Graduado en Educaci\u00f3n Secundaria Obligatoria o de un nivel acad\u00e9mico superior.<\/li>\n<li>Estar en posesi\u00f3n de un T\u00edtulo Profesional B\u00e1sico (Formaci\u00f3n Profesional B\u00e1sica).<\/li>\n<li>Estar en posesi\u00f3n de un t\u00edtulo de T\u00e9cnico o de T\u00e9cnico Auxiliar o equivalente a efectos acad\u00e9micos.<\/li>\n<li>Haber superado el segundo curso del Bachillerato Unificado y Polivalente (BUP).<\/li>\n<li>Haber superado la prueba de acceso a la Universidad para mayores de 25 a\u00f1os.<\/li>\n<\/ul>\n<p>&nbsp;<\/p>\n<p>Acceso mediante <strong>prueba<\/strong> (para quienes no tengan alguno de los requisitos anteriores):<\/p>\n<p>&nbsp;<\/p>\n<ul>\n<li>Haber superado la prueba de acceso a ciclos formativos de grado medio (se requerir\u00e1 tener, al menos, diecisiete a\u00f1os, cumplidos en el a\u00f1o de realizaci\u00f3n de la prueba).<\/li>\n<\/ul>\n<p>[\/et_pb_text][\/et_pb_column][\/et_pb_row][et_pb_row make_equal=&#8221;on&#8221; _builder_version=&#8221;4.14.5&#8243; _module_preset=&#8221;default&#8221; background_color=&#8221;#FFFFFF&#8221; width=&#8221;100%&#8221; max_width=&#8221;1388px&#8221; custom_margin=&#8221;|200px|-6px|147px||&#8221; custom_padding=&#8221;17px||29px|||&#8221; global_colors_info=&#8221;{}&#8221;][et_pb_column type=&#8221;4_4&#8243; _builder_version=&#8221;4.14.5&#8243; _module_preset=&#8221;default&#8221; global_colors_info=&#8221;{}&#8221;][et_pb_text _builder_version=&#8221;4.14.5&#8243; _module_preset=&#8221;default&#8221; hover_enabled=&#8221;0&#8243; sticky_enabled=&#8221;0&#8243; text_font_size=&#8221;18px&#8221;]<\/p>\n<h3>\u00bb \u00bfQu\u00e9 voy a estudiar?<\/h3>\n<ul>\n<li class=\"ta-justify\">Montaje y mantenimiento de equipo.<\/li>\n<li class=\"ta-justify\">Sistemas operativos monopuesto.<\/li>\n<li class=\"ta-justify\">Aplicaciones ofim\u00e1ticas.<\/li>\n<li class=\"ta-justify\">Sistemas operativos en red.<\/li>\n<li class=\"ta-justify\">Redes locales.<\/li>\n<li class=\"ta-justify\">Seguridad inform\u00e1tica.<\/li>\n<li class=\"ta-justify\">Servicios en red.<\/li>\n<li class=\"ta-justify\">Aplicaciones web.<\/li>\n<li class=\"ta-justify\">Formaci\u00f3n y orientaci\u00f3n laboral.<\/li>\n<li class=\"ta-justify\">Empresa e iniciativa empresarial.<\/li>\n<li class=\"ta-justify\">Formaci\u00f3n en centros de trabajo<\/li>\n<\/ul>\n<p>[\/et_pb_text][et_pb_slider _builder_version=&#8221;4.14.5&#8243; _module_preset=&#8221;default&#8221; hover_enabled=&#8221;0&#8243; sticky_enabled=&#8221;0&#8243; global_colors_info=&#8221;{%22gcid-fdaa954b-eb7a-42a8-9e0c-16eeac75b665%22:%91%22background_color%22%93}&#8221; background_color=&#8221;gcid-fdaa954b-eb7a-42a8-9e0c-16eeac75b665&#8243;][et_pb_slide _builder_version=&#8221;4.14.5&#8243; _module_preset=&#8221;default&#8221; title_text=&#8221;maquina&#8221; image=&#8221;https:\/\/blogsaverroes.juntadeandalucia.es\/iesmiravent\/files\/2020\/01\/maquina.jpg&#8221; hover_enabled=&#8221;0&#8243; sticky_enabled=&#8221;0&#8243; background_color=&#8221;RGBA(255,255,255,0)&#8221; background_enable_color=&#8221;on&#8221;][\/et_pb_slide][et_pb_slide _builder_version=&#8221;4.14.5&#8243; _module_preset=&#8221;default&#8221; title_text=&#8221;maquina&#8221; image=&#8221;https:\/\/blogsaverroes.juntadeandalucia.es\/iesmiravent\/files\/2020\/01\/maquina.jpg&#8221; hover_enabled=&#8221;0&#8243; sticky_enabled=&#8221;0&#8243; background_color=&#8221;RGBA(255,255,255,0)&#8221; background_enable_color=&#8221;on&#8221;][\/et_pb_slide][\/et_pb_slider][\/et_pb_column][\/et_pb_row][\/et_pb_section]<\/p>\n","protected":false},"excerpt":{"rendered":"<p>Ciclo Formativo de Grado Medio de Sistemas Microinform\u00e1ticos y Redes &nbsp;El CFGM de Sistemas Microinform\u00e1ticos y Redes\u00a0 (SMR) forma parte de la familia de Inform\u00e1tica y Comunicaciones. Cuando termines, puedes desarrollar tu actividad laboral en empresas del sector servicios que se dediquen a la comercializaci\u00f3n, montaje y reparaci\u00f3n de equipos, redes y servicios microinform\u00e1ticos en [&hellip;]<\/p>\n","protected":false},"author":14862,"featured_media":0,"parent":0,"menu_order":0,"comment_status":"closed","ping_status":"closed","template":"","meta":{"_et_pb_use_builder":"on","_et_pb_old_content":"","_et_gb_content_width":"","ngg_post_thumbnail":0,"footnotes":""},"aioseo_notices":[],"_links":{"self":[{"href":"https:\/\/blogsaverroes.juntadeandalucia.es\/iesmiravent\/wp-json\/wp\/v2\/pages\/1453"}],"collection":[{"href":"https:\/\/blogsaverroes.juntadeandalucia.es\/iesmiravent\/wp-json\/wp\/v2\/pages"}],"about":[{"href":"https:\/\/blogsaverroes.juntadeandalucia.es\/iesmiravent\/wp-json\/wp\/v2\/types\/page"}],"author":[{"embeddable":true,"href":"https:\/\/blogsaverroes.juntadeandalucia.es\/iesmiravent\/wp-json\/wp\/v2\/users\/14862"}],"replies":[{"embeddable":true,"href":"https:\/\/blogsaverroes.juntadeandalucia.es\/iesmiravent\/wp-json\/wp\/v2\/comments?post=1453"}],"version-history":[{"count":30,"href":"https:\/\/blogsaverroes.juntadeandalucia.es\/iesmiravent\/wp-json\/wp\/v2\/pages\/1453\/revisions"}],"predecessor-version":[{"id":1542,"href":"https:\/\/blogsaverroes.juntadeandalucia.es\/iesmiravent\/wp-json\/wp\/v2\/pages\/1453\/revisions\/1542"}],"wp:attachment":[{"href":"https:\/\/blogsaverroes.juntadeandalucia.es\/iesmiravent\/wp-json\/wp\/v2\/media?parent=1453"}],"curies":[{"name":"wp","href":"https:\/\/api.w.org\/{rel}","templated":true}]}}