{"id":1467,"date":"2022-04-05T12:35:38","date_gmt":"2022-04-05T11:35:38","guid":{"rendered":"https:\/\/blogsaverroes.juntadeandalucia.es\/iesmiravent\/?page_id=1467"},"modified":"2023-11-29T10:51:06","modified_gmt":"2023-11-29T09:51:06","slug":"secretaria","status":"publish","type":"page","link":"https:\/\/blogsaverroes.juntadeandalucia.es\/iesmiravent\/secretaria\/","title":{"rendered":"Secretar\u00eda"},"content":{"rendered":"<p>[et_pb_section fb_built=&#8221;1&#8243; _builder_version=&#8221;4.14.5&#8243; _module_preset=&#8221;default&#8221; global_colors_info=&#8221;{}&#8221;][et_pb_row _builder_version=&#8221;4.14.5&#8243; _module_preset=&#8221;default&#8221; global_colors_info=&#8221;{}&#8221;][et_pb_column type=&#8221;4_4&#8243; _builder_version=&#8221;4.14.5&#8243; _module_preset=&#8221;default&#8221; global_colors_info=&#8221;{}&#8221;][et_pb_text _builder_version=&#8221;4.14.5&#8243; _module_preset=&#8221;default&#8221; text_font_size=&#8221;18px&#8221; hover_enabled=&#8221;0&#8243; global_colors_info=&#8221;{}&#8221; sticky_enabled=&#8221;0&#8243;]<\/p>\n<h1>Secretar\u00eda<\/h1>\n<p>El horario de atenci\u00f3n al usuario del I.E.S. Padre Jos\u00e9 Miravent es el siguiente:<\/p>\n<ul>\n<li>Lunes a viernes: de 9:00 a 13:00 horas.<\/li>\n<\/ul>\n<p>&nbsp;<\/p>\n<p>El personal de administraci\u00f3n est\u00e1 formado por:<\/p>\n<ul>\n<li>Patricia Santos Bueno.<\/li>\n<\/ul>\n<p>&nbsp;<\/p>\n<p>El tel\u00e9fono de contacto es 959349582.<\/p>\n<p>El correo electr\u00f3nico de contacto es: <a href=\"mailto:21002100.administracion@g.educaand.es\">21002100.administracion@g.educaand.es<\/a>.<\/p>\n<p>&nbsp;<\/p>\n<p>&nbsp;<\/p>\n<p>[\/et_pb_text][\/et_pb_column][\/et_pb_row][\/et_pb_section]<\/p>\n","protected":false},"excerpt":{"rendered":"<p>Secretar\u00eda El horario de atenci\u00f3n al usuario del I.E.S. Padre Jos\u00e9 Miravent es el siguiente: Lunes a viernes: de 9:00 a 13:00 horas. &nbsp; El personal de administraci\u00f3n est\u00e1 formado por: Patricia Santos Bueno. &nbsp; El tel\u00e9fono de contacto es 959349582. El correo electr\u00f3nico de contacto es: 21002100.administracion@g.educaand.es. &nbsp; &nbsp;<\/p>\n","protected":false},"author":14862,"featured_media":0,"parent":0,"menu_order":0,"comment_status":"closed","ping_status":"closed","template":"","meta":{"_et_pb_use_builder":"on","_et_pb_old_content":"","_et_gb_content_width":"","ngg_post_thumbnail":0,"footnotes":""},"aioseo_notices":[],"_links":{"self":[{"href":"https:\/\/blogsaverroes.juntadeandalucia.es\/iesmiravent\/wp-json\/wp\/v2\/pages\/1467"}],"collection":[{"href":"https:\/\/blogsaverroes.juntadeandalucia.es\/iesmiravent\/wp-json\/wp\/v2\/pages"}],"about":[{"href":"https:\/\/blogsaverroes.juntadeandalucia.es\/iesmiravent\/wp-json\/wp\/v2\/types\/page"}],"author":[{"embeddable":true,"href":"https:\/\/blogsaverroes.juntadeandalucia.es\/iesmiravent\/wp-json\/wp\/v2\/users\/14862"}],"replies":[{"embeddable":true,"href":"https:\/\/blogsaverroes.juntadeandalucia.es\/iesmiravent\/wp-json\/wp\/v2\/comments?post=1467"}],"version-history":[{"count":12,"href":"https:\/\/blogsaverroes.juntadeandalucia.es\/iesmiravent\/wp-json\/wp\/v2\/pages\/1467\/revisions"}],"predecessor-version":[{"id":2065,"href":"https:\/\/blogsaverroes.juntadeandalucia.es\/iesmiravent\/wp-json\/wp\/v2\/pages\/1467\/revisions\/2065"}],"wp:attachment":[{"href":"https:\/\/blogsaverroes.juntadeandalucia.es\/iesmiravent\/wp-json\/wp\/v2\/media?parent=1467"}],"curies":[{"name":"wp","href":"https:\/\/api.w.org\/{rel}","templated":true}]}}