{"id":1520,"date":"2022-04-06T11:34:08","date_gmt":"2022-04-06T10:34:08","guid":{"rendered":"https:\/\/blogsaverroes.juntadeandalucia.es\/iesmiravent\/?page_id=1520"},"modified":"2022-04-07T09:23:07","modified_gmt":"2022-04-07T08:23:07","slug":"orientacion-profesional-y-academica","status":"publish","type":"page","link":"https:\/\/blogsaverroes.juntadeandalucia.es\/iesmiravent\/orientacion-profesional-y-academica\/","title":{"rendered":"Orientaci\u00f3n Profesional y Acad\u00e9mica"},"content":{"rendered":"<p>[et_pb_section fb_built=&#8221;1&#8243; _builder_version=&#8221;4.14.5&#8243; _module_preset=&#8221;default&#8221; global_colors_info=&#8221;{}&#8221; custom_padding=&#8221;5px|||||&#8221;][et_pb_row _builder_version=&#8221;4.14.5&#8243; _module_preset=&#8221;default&#8221; global_colors_info=&#8221;{}&#8221;][et_pb_column type=&#8221;4_4&#8243; _builder_version=&#8221;4.14.5&#8243; _module_preset=&#8221;default&#8221; global_colors_info=&#8221;{}&#8221;][et_pb_text admin_label=&#8221;Texto Orientaci\u00f3n Profesional&#8221; _builder_version=&#8221;4.14.5&#8243; _module_preset=&#8221;default&#8221; text_font_size=&#8221;18px&#8221; global_colors_info=&#8221;{}&#8221;]<\/p>\n<h1>Orientaci\u00f3n profesional<\/h1>\n<p>&nbsp;<\/p>\n<p>Os dejamos algunos enlaces que os pueden interesar para la b\u00fasqueda de empleo:<\/p>\n<ul>\n<li><a href=\"http:\/\/andaluciaorienta.net\/\">Andaluc\u00eda Orienta<\/a><\/li>\n<li><a href=\"https:\/\/www.opobusca.com\/\">Opobusca<\/a>&nbsp;(buscador de oposiciones y empleo p\u00fablico)<\/li>\n<li><a href=\"https:\/\/juntadeandalucia.es\/temas\/trabajar\/formacion.html\">Formaci\u00f3n para el empleo<\/a><\/li>\n<li><a href=\"https:\/\/smoda.elpais.com\/trabajo\/siete-preguntas-que-debes-hacer-en-una-entrevista-de-trabajo-y-una-a-evitar-siempre\/?por=mosaico\">Entrevista de trabajo<\/a><\/li>\n<\/ul>\n<p>[\/et_pb_text][et_pb_text admin_label=&#8221;Texto Orientaci\u00f3n Acad\u00e9mica&#8221; _builder_version=&#8221;4.14.5&#8243; _module_preset=&#8221;default&#8221; text_font_size=&#8221;18px&#8221; global_colors_info=&#8221;{}&#8221;]<\/p>\n<h1>Orientaci\u00f3n acad\u00e9mica<\/h1>\n<p>&nbsp;<\/p>\n<ul>\n<li><a href=\"https:\/\/www.canva.com\/design\/DAEbKoHe5k0\/2SnX7kUv946GXiutGfeOsA\/view?utm_content=DAEbKoHe5k0&amp;utm_campaign=share_your_design&amp;utm_medium=link&amp;utm_source=shareyourdesignpanel\">Proyecci\u00f3n sobre Orientaci\u00f3n Acad\u00e9mica. Curso 21-22<\/a><\/li>\n<li><a href=\"https:\/\/www.juntadeandalucia.es\/educacion\/portals\/web\/formacion-profesional-andaluza\/quiero-formarme\/necesito-orientacion\">Me gustar\u00eda dedicarme a\u2026<\/a><\/li>\n<li><a href=\"http:\/\/portals.ced.junta-andalucia.es\/educacion\/portals\/web\/formacion-profesional-andaluza\/oferta-educativa\">Oferta de Ciclos formativos Andaluc\u00eda. Curso 19-20<\/a><\/li>\n<li><a href=\"https:\/\/juntadeandalucia.es\/organismos\/empleoformacionytrabajoautonomo\/sae\/areas\/mejora-empleabilidad\/fpe\/paginas\/escuela-hosteleria-islantilla.html\">Escuela de Hosteler\u00eda de Islantilla<\/a><\/li>\n<li><a href=\"http:\/\/www.eoi-ayamonte.com\/\">Escuela oficial de idiomas de Ayamonte<\/a><\/li>\n<li><a href=\"https:\/\/juntadeandalucia.es\/temas\/estudiar\/adultos\/aula-mayores.html\">Aula de la Experiencia. Universidad de Huelva<\/a><\/li>\n<li><a href=\"http:\/\/www.uhu.es\/sacu\/informacion\/?seccion=informacion-preuhu\">Acceso a la Universidad mayores de 25 y mayores de 40<\/a><\/li>\n<\/ul>\n<p>[\/et_pb_text][\/et_pb_column][\/et_pb_row][\/et_pb_section]<\/p>\n","protected":false},"excerpt":{"rendered":"<p>Orientaci\u00f3n profesional &nbsp; Os dejamos algunos enlaces que os pueden interesar para la b\u00fasqueda de empleo: Andaluc\u00eda Orienta Opobusca&nbsp;(buscador de oposiciones y empleo p\u00fablico) Formaci\u00f3n para el empleo Entrevista de trabajo Orientaci\u00f3n acad\u00e9mica &nbsp; Proyecci\u00f3n sobre Orientaci\u00f3n Acad\u00e9mica. Curso 21-22 Me gustar\u00eda dedicarme a\u2026 Oferta de Ciclos formativos Andaluc\u00eda. Curso 19-20 Escuela de Hosteler\u00eda de [&hellip;]<\/p>\n","protected":false},"author":14862,"featured_media":0,"parent":0,"menu_order":0,"comment_status":"closed","ping_status":"closed","template":"","meta":{"_et_pb_use_builder":"on","_et_pb_old_content":"","_et_gb_content_width":"","ngg_post_thumbnail":0,"footnotes":""},"aioseo_notices":[],"_links":{"self":[{"href":"https:\/\/blogsaverroes.juntadeandalucia.es\/iesmiravent\/wp-json\/wp\/v2\/pages\/1520"}],"collection":[{"href":"https:\/\/blogsaverroes.juntadeandalucia.es\/iesmiravent\/wp-json\/wp\/v2\/pages"}],"about":[{"href":"https:\/\/blogsaverroes.juntadeandalucia.es\/iesmiravent\/wp-json\/wp\/v2\/types\/page"}],"author":[{"embeddable":true,"href":"https:\/\/blogsaverroes.juntadeandalucia.es\/iesmiravent\/wp-json\/wp\/v2\/users\/14862"}],"replies":[{"embeddable":true,"href":"https:\/\/blogsaverroes.juntadeandalucia.es\/iesmiravent\/wp-json\/wp\/v2\/comments?post=1520"}],"version-history":[{"count":5,"href":"https:\/\/blogsaverroes.juntadeandalucia.es\/iesmiravent\/wp-json\/wp\/v2\/pages\/1520\/revisions"}],"predecessor-version":[{"id":1529,"href":"https:\/\/blogsaverroes.juntadeandalucia.es\/iesmiravent\/wp-json\/wp\/v2\/pages\/1520\/revisions\/1529"}],"wp:attachment":[{"href":"https:\/\/blogsaverroes.juntadeandalucia.es\/iesmiravent\/wp-json\/wp\/v2\/media?parent=1520"}],"curies":[{"name":"wp","href":"https:\/\/api.w.org\/{rel}","templated":true}]}}