{"id":2031,"date":"2023-10-31T12:22:40","date_gmt":"2023-10-31T11:22:40","guid":{"rendered":"https:\/\/blogsaverroes.juntadeandalucia.es\/iesmiravent\/?page_id=2031"},"modified":"2026-01-30T12:47:12","modified_gmt":"2026-01-30T11:47:12","slug":"departamentos","status":"publish","type":"page","link":"https:\/\/blogsaverroes.juntadeandalucia.es\/iesmiravent\/departamentos\/","title":{"rendered":"Departamentos"},"content":{"rendered":"<p>[et_pb_section fb_built=&#8221;1&#8243; admin_label=&#8221;section&#8221; _builder_version=&#8221;4.16&#8243; global_colors_info=&#8221;{}&#8221;][et_pb_row admin_label=&#8221;row&#8221; _builder_version=&#8221;4.16&#8243; background_size=&#8221;initial&#8221; background_position=&#8221;top_left&#8221; background_repeat=&#8221;repeat&#8221; global_colors_info=&#8221;{}&#8221;][et_pb_column type=&#8221;4_4&#8243; _builder_version=&#8221;4.16&#8243; custom_padding=&#8221;|||&#8221; global_colors_info=&#8221;{}&#8221; custom_padding__hover=&#8221;|||&#8221;][et_pb_text admin_label=&#8221;Texto&#8221; _builder_version=&#8221;4.16&#8243; _module_preset=&#8221;default&#8221; text_font=&#8221;|700|||||||&#8221; text_font_size=&#8221;31px&#8221; background_color=&#8221;RGBA(255,255,255,0)&#8221; global_colors_info=&#8221;{}&#8221;]<\/p>\n<h1>Departamentos<\/h1>\n<p>Acceso a todos los documentos importantes de cada uno de los departamentos did\u00e1cticos<br \/>\n[\/et_pb_text][\/et_pb_column][\/et_pb_row][et_pb_row column_structure=&#8221;1_3,1_3,1_3&#8243; _builder_version=&#8221;4.16&#8243; _module_preset=&#8221;default&#8221; global_colors_info=&#8221;{}&#8221;][et_pb_column type=&#8221;1_3&#8243; _builder_version=&#8221;4.16&#8243; _module_preset=&#8221;default&#8221; global_colors_info=&#8221;{}&#8221;][et_pb_text admin_label=&#8221;Biolog\u00eda y Geolog\u00eda&#8221; _builder_version=&#8221;4.24.2&#8243; _module_preset=&#8221;default&#8221; text_text_color=&#8221;#FFFFFF&#8221; text_font_size=&#8221;22px&#8221; background_color=&#8221;#edb059&#8243; text_orientation=&#8221;center&#8221; min_height=&#8221;93px&#8221; custom_padding=&#8221;22px|10px|22px|10px|true|true&#8221; link_option_url=&#8221;https:\/\/drive.google.com\/drive\/folders\/1BMQO84qrF1MfWePiMcCltlub-yqw3Dzk?usp=sharing&#8221; link_option_url_new_window=&#8221;on&#8221; border_radii=&#8221;on|6px|6px|6px|6px&#8221; box_shadow_style=&#8221;preset3&#8243; box_shadow_horizontal=&#8221;-8px&#8221; box_shadow_blur=&#8221;14px&#8221; global_colors_info=&#8221;{}&#8221;]<\/p>\n<p>Biolog\u00eda y Geolog\u00eda<\/p>\n<p>[\/et_pb_text][et_pb_text admin_label=&#8221;Dibujo&#8221; _builder_version=&#8221;4.24.2&#8243; _module_preset=&#8221;default&#8221; text_text_color=&#8221;#FFFFFF&#8221; text_font_size=&#8221;22px&#8221; background_color=&#8221;#edb059&#8243; text_orientation=&#8221;center&#8221; min_height=&#8221;93px&#8221; custom_padding=&#8221;22px|10px|22px|10px|false|true&#8221; link_option_url=&#8221;https:\/\/drive.google.com\/drive\/folders\/1ILuJhDu8h5CDKQGwwWOn-3wkFuCVNI1E?usp=sharing&#8221; link_option_url_new_window=&#8221;on&#8221; border_radii=&#8221;on|6px|6px|6px|6px&#8221; box_shadow_style=&#8221;preset3&#8243; box_shadow_horizontal=&#8221;-8px&#8221; box_shadow_blur=&#8221;14px&#8221; global_colors_info=&#8221;{}&#8221;]<\/p>\n<p>Dibujo<\/p>\n<p>[\/et_pb_text][et_pb_text admin_label=&#8221;Filosof\u00eda&#8221; _builder_version=&#8221;4.24.2&#8243; _module_preset=&#8221;default&#8221; text_text_color=&#8221;#FFFFFF&#8221; text_font_size=&#8221;22px&#8221; background_color=&#8221;#edb059&#8243; text_orientation=&#8221;center&#8221; min_height=&#8221;93px&#8221; custom_padding=&#8221;31px||31px||true|false&#8221; link_option_url=&#8221;https:\/\/drive.google.com\/drive\/folders\/18AiJGfmh_54OTg_HezRXgGBSlaxZWw9Q?usp=sharing&#8221; link_option_url_new_window=&#8221;on&#8221; border_radii=&#8221;on|6px|6px|6px|6px&#8221; box_shadow_style=&#8221;preset3&#8243; box_shadow_horizontal=&#8221;-8px&#8221; box_shadow_blur=&#8221;14px&#8221; global_colors_info=&#8221;{}&#8221;]<\/p>\n<p>Filosof\u00eda<\/p>\n<p>[\/et_pb_text][et_pb_text admin_label=&#8221;Geograf\u00eda e Historia&#8221; _builder_version=&#8221;4.24.2&#8243; _module_preset=&#8221;default&#8221; text_text_color=&#8221;#FFFFFF&#8221; text_font_size=&#8221;22px&#8221; background_color=&#8221;#edb059&#8243; text_orientation=&#8221;center&#8221; min_height=&#8221;93px&#8221; custom_padding=&#8221;31px|10px|31px|10px|true|true&#8221; link_option_url=&#8221;https:\/\/drive.google.com\/drive\/folders\/1DZiz11nvPTqD2MxokhnpGd0DNDDhgTQU?usp=sharing&#8221; link_option_url_new_window=&#8221;on&#8221; border_radii=&#8221;on|6px|6px|6px|6px&#8221; box_shadow_style=&#8221;preset3&#8243; box_shadow_horizontal=&#8221;-8px&#8221; box_shadow_blur=&#8221;14px&#8221; global_colors_info=&#8221;{}&#8221;]<\/p>\n<p>Geograf\u00eda e Historia<\/p>\n<p>[\/et_pb_text][et_pb_text admin_label=&#8221;Lengua&#8221; _builder_version=&#8221;4.24.2&#8243; _module_preset=&#8221;default&#8221; text_text_color=&#8221;#FFFFFF&#8221; text_font_size=&#8221;22px&#8221; background_color=&#8221;#edb059&#8243; text_orientation=&#8221;center&#8221; min_height=&#8221;93px&#8221; custom_padding=&#8221;31px|10px|31px|10px|true|true&#8221; link_option_url=&#8221;https:\/\/drive.google.com\/drive\/folders\/1XyvEDaK1rxmQ30ZAtTvGfdgLVpTYmtq6?usp=sharing&#8221; link_option_url_new_window=&#8221;on&#8221; border_radii=&#8221;on|6px|6px|6px|6px&#8221; box_shadow_style=&#8221;preset3&#8243; box_shadow_horizontal=&#8221;-8px&#8221; box_shadow_blur=&#8221;14px&#8221; global_colors_info=&#8221;{}&#8221;]<\/p>\n<p>Lengua<\/p>\n<p>[\/et_pb_text][et_pb_text admin_label=&#8221;M\u00fasica&#8221; _builder_version=&#8221;4.24.2&#8243; _module_preset=&#8221;default&#8221; text_text_color=&#8221;#FFFFFF&#8221; text_font_size=&#8221;22px&#8221; background_color=&#8221;#edb059&#8243; text_orientation=&#8221;center&#8221; min_height=&#8221;93px&#8221; custom_padding=&#8221;31px|10px|31px|10px|true|true&#8221; link_option_url=&#8221;https:\/\/drive.google.com\/drive\/folders\/1-9QNx0Y3NyEKUcErpWEAqn90ShxLcXuh?usp=sharing&#8221; link_option_url_new_window=&#8221;on&#8221; border_radii=&#8221;on|6px|6px|6px|6px&#8221; box_shadow_style=&#8221;preset3&#8243; box_shadow_horizontal=&#8221;-8px&#8221; box_shadow_blur=&#8221;14px&#8221; global_colors_info=&#8221;{}&#8221;]<\/p>\n<p>M\u00fasica<\/p>\n<p>[\/et_pb_text][et_pb_text admin_label=&#8221;Religi\u00f3n Cat\u00f3lica&#8221; _builder_version=&#8221;4.24.2&#8243; _module_preset=&#8221;default&#8221; text_text_color=&#8221;#FFFFFF&#8221; text_font_size=&#8221;22px&#8221; background_color=&#8221;#edb059&#8243; text_orientation=&#8221;center&#8221; min_height=&#8221;93px&#8221; custom_padding=&#8221;31px||31px||true|false&#8221; link_option_url=&#8221;https:\/\/drive.google.com\/drive\/folders\/1hKK3EZLV2fDJyLd-RQIo80Ms7zFE06wE?usp=sharing&#8221; link_option_url_new_window=&#8221;on&#8221; border_radii=&#8221;on|6px|6px|6px|6px&#8221; box_shadow_style=&#8221;preset3&#8243; box_shadow_horizontal=&#8221;-8px&#8221; box_shadow_blur=&#8221;14px&#8221; locked=&#8221;off&#8221; global_colors_info=&#8221;{}&#8221;]<\/p>\n<p>Religi\u00f3n Cat\u00f3lica<\/p>\n<p>[\/et_pb_text][\/et_pb_column][et_pb_column type=&#8221;1_3&#8243; _builder_version=&#8221;4.16&#8243; _module_preset=&#8221;default&#8221; global_colors_info=&#8221;{}&#8221;][et_pb_text admin_label=&#8221;CAE&#8221; _builder_version=&#8221;4.24.2&#8243; _module_preset=&#8221;default&#8221; text_text_color=&#8221;#FFFFFF&#8221; text_font_size=&#8221;22px&#8221; background_color=&#8221;#edb059&#8243; text_orientation=&#8221;center&#8221; min_height=&#8221;93px&#8221; custom_padding=&#8221;22px|10px|22px|10px|true|true&#8221; link_option_url=&#8221;https:\/\/drive.google.com\/drive\/folders\/1pPoyDx3xc1yZ96JLAOCfeg8tcxIxfPbM?usp=sharing&#8221; link_option_url_new_window=&#8221;on&#8221; border_radii=&#8221;on|6px|6px|6px|6px&#8221; box_shadow_style=&#8221;preset3&#8243; box_shadow_horizontal=&#8221;-8px&#8221; box_shadow_blur=&#8221;14px&#8221; global_colors_info=&#8221;{}&#8221;]<\/p>\n<p>CAE<\/p>\n<p>[\/et_pb_text][et_pb_text admin_label=&#8221;Econom\u00eda y FOL&#8221; _builder_version=&#8221;4.24.2&#8243; _module_preset=&#8221;default&#8221; text_text_color=&#8221;#FFFFFF&#8221; text_font_size=&#8221;22px&#8221; background_color=&#8221;#edb059&#8243; text_orientation=&#8221;center&#8221; min_height=&#8221;93px&#8221; custom_padding=&#8221;22px|10px|22px|10px|true|true&#8221; link_option_url=&#8221;https:\/\/drive.google.com\/drive\/folders\/1770sukyLgv6CGLUYq_Uq6naLGEw5xnpk?usp=sharing&#8221; link_option_url_new_window=&#8221;on&#8221; border_radii=&#8221;on|6px|6px|6px|6px&#8221; box_shadow_style=&#8221;preset3&#8243; box_shadow_horizontal=&#8221;-8px&#8221; box_shadow_blur=&#8221;14px&#8221; global_colors_info=&#8221;{}&#8221;]<\/p>\n<p>Econom\u00eda y FOL<\/p>\n<p>[\/et_pb_text][et_pb_text admin_label=&#8221;F\u00edsica y Qu\u00edmica&#8221; _builder_version=&#8221;4.24.2&#8243; _module_preset=&#8221;default&#8221; text_text_color=&#8221;#FFFFFF&#8221; text_font_size=&#8221;22px&#8221; background_color=&#8221;#edb059&#8243; text_orientation=&#8221;center&#8221; min_height=&#8221;93px&#8221; custom_padding=&#8221;31px||31px||true|false&#8221; link_option_url=&#8221;https:\/\/drive.google.com\/drive\/folders\/1CCpK_Jl1P73taexHZyjZY7hhb0LfDQUO?usp=sharing&#8221; link_option_url_new_window=&#8221;on&#8221; border_radii=&#8221;on|6px|6px|6px|6px&#8221; box_shadow_style=&#8221;preset3&#8243; box_shadow_horizontal=&#8221;-8px&#8221; box_shadow_blur=&#8221;14px&#8221; global_colors_info=&#8221;{}&#8221;]<\/p>\n<p>F\u00edsica y Qu\u00edmica<\/p>\n<p>[\/et_pb_text][et_pb_text admin_label=&#8221;Inform\u00e1tica&#8221; _builder_version=&#8221;4.24.2&#8243; _module_preset=&#8221;default&#8221; text_text_color=&#8221;#FFFFFF&#8221; text_font_size=&#8221;22px&#8221; background_color=&#8221;#edb059&#8243; text_orientation=&#8221;center&#8221; min_height=&#8221;93px&#8221; custom_padding=&#8221;31px||31px||true|false&#8221; link_option_url=&#8221;https:\/\/drive.google.com\/drive\/folders\/1iTS5kNnhLJlHgTBdKUsk4E9B4SciaQhs?usp=sharing&#8221; link_option_url_new_window=&#8221;on&#8221; border_radii=&#8221;on|6px|6px|6px|6px&#8221; box_shadow_style=&#8221;preset3&#8243; box_shadow_horizontal=&#8221;-8px&#8221; box_shadow_blur=&#8221;14px&#8221; global_colors_info=&#8221;{}&#8221;]<\/p>\n<p>Inform\u00e1tica<\/p>\n<p>[\/et_pb_text][et_pb_text admin_label=&#8221;Lenguas Cl\u00e1sicas&#8221; _builder_version=&#8221;4.24.2&#8243; _module_preset=&#8221;default&#8221; text_text_color=&#8221;#FFFFFF&#8221; text_font_size=&#8221;22px&#8221; background_color=&#8221;#edb059&#8243; text_orientation=&#8221;center&#8221; min_height=&#8221;93px&#8221; custom_padding=&#8221;31px||31px||true|false&#8221; link_option_url=&#8221;https:\/\/drive.google.com\/drive\/folders\/1Ssp25OL36XGQgN2ziQmA4HHPMvQqX-ZW?usp=sharing&#8221; link_option_url_new_window=&#8221;on&#8221; border_radii=&#8221;on|6px|6px|6px|6px&#8221; box_shadow_style=&#8221;preset3&#8243; box_shadow_horizontal=&#8221;-8px&#8221; box_shadow_blur=&#8221;14px&#8221; global_colors_info=&#8221;{}&#8221;]<\/p>\n<p>Lenguas Cl\u00e1sicas<\/p>\n<p>[\/et_pb_text][et_pb_text admin_label=&#8221;Orientaci\u00f3n&#8221; _builder_version=&#8221;4.24.2&#8243; _module_preset=&#8221;default&#8221; text_text_color=&#8221;#FFFFFF&#8221; text_font_size=&#8221;22px&#8221; background_color=&#8221;#edb059&#8243; text_orientation=&#8221;center&#8221; min_height=&#8221;93px&#8221; custom_padding=&#8221;31px||31px||true|false&#8221; link_option_url=&#8221;https:\/\/drive.google.com\/drive\/folders\/13t4Qi9XtNWNuE1m-8uGOKwRTXpmqQYlV?usp=sharing&#8221; link_option_url_new_window=&#8221;on&#8221; border_radii=&#8221;on|6px|6px|6px|6px&#8221; box_shadow_style=&#8221;preset3&#8243; box_shadow_horizontal=&#8221;-8px&#8221; box_shadow_blur=&#8221;14px&#8221; locked=&#8221;off&#8221; global_colors_info=&#8221;{}&#8221;]<\/p>\n<p>Orientaci\u00f3n<\/p>\n<p>[\/et_pb_text][et_pb_text admin_label=&#8221;Soldadura&#8221; _builder_version=&#8221;4.24.2&#8243; _module_preset=&#8221;default&#8221; text_text_color=&#8221;#FFFFFF&#8221; text_font_size=&#8221;22px&#8221; background_color=&#8221;#edb059&#8243; text_orientation=&#8221;center&#8221; min_height=&#8221;93px&#8221; custom_padding=&#8221;31px||31px||true|false&#8221; link_option_url=&#8221;https:\/\/drive.google.com\/drive\/folders\/1go5xFbcLIYrThYJtw5T96K7QovbqJypI?usp=sharing&#8221; link_option_url_new_window=&#8221;on&#8221; border_radii=&#8221;on|6px|6px|6px|6px&#8221; box_shadow_style=&#8221;preset3&#8243; box_shadow_horizontal=&#8221;-8px&#8221; box_shadow_blur=&#8221;14px&#8221; global_colors_info=&#8221;{}&#8221;]<\/p>\n<p>Soldadura<\/p>\n<p>[\/et_pb_text][\/et_pb_column][et_pb_column type=&#8221;1_3&#8243; _builder_version=&#8221;4.16&#8243; _module_preset=&#8221;default&#8221; global_colors_info=&#8221;{}&#8221;][et_pb_text admin_label=&#8221;Educaci\u00f3n F\u00edsica&#8221; _builder_version=&#8221;4.24.2&#8243; _module_preset=&#8221;default&#8221; text_text_color=&#8221;#FFFFFF&#8221; text_font_size=&#8221;22px&#8221; background_color=&#8221;#edb059&#8243; text_orientation=&#8221;center&#8221; min_height=&#8221;93px&#8221; custom_padding=&#8221;31px||31px||true|false&#8221; link_option_url=&#8221;https:\/\/drive.google.com\/drive\/folders\/1HJ2KotT0wJfIid4yZe4-s2QKZspP0qKu?usp=sharing&#8221; link_option_url_new_window=&#8221;on&#8221; border_radii=&#8221;on|6px|6px|6px|6px&#8221; box_shadow_style=&#8221;preset3&#8243; box_shadow_horizontal=&#8221;-8px&#8221; box_shadow_blur=&#8221;14px&#8221; global_colors_info=&#8221;{}&#8221;]<\/p>\n<p>Educaci\u00f3n F\u00edsica<\/p>\n<p>[\/et_pb_text][et_pb_text admin_label=&#8221;Franc\u00e9s&#8221; _builder_version=&#8221;4.24.2&#8243; _module_preset=&#8221;default&#8221; text_text_color=&#8221;#FFFFFF&#8221; text_font_size=&#8221;22px&#8221; background_color=&#8221;#edb059&#8243; text_orientation=&#8221;center&#8221; min_height=&#8221;93px&#8221; custom_padding=&#8221;31px||31px||true|false&#8221; link_option_url=&#8221;https:\/\/drive.google.com\/drive\/folders\/1X7wBuWuAxP8w_UDHL2ryNErk0zBK_maf?usp=sharing&#8221; link_option_url_new_window=&#8221;on&#8221; border_radii=&#8221;on|6px|6px|6px|6px&#8221; box_shadow_style=&#8221;preset3&#8243; box_shadow_horizontal=&#8221;-8px&#8221; box_shadow_blur=&#8221;14px&#8221; global_colors_info=&#8221;{}&#8221;]<\/p>\n<p>Franc\u00e9s<\/p>\n<p>[\/et_pb_text][et_pb_text admin_label=&#8221;FP Alimentaria&#8221; _builder_version=&#8221;4.24.2&#8243; _module_preset=&#8221;default&#8221; text_text_color=&#8221;#FFFFFF&#8221; text_font_size=&#8221;22px&#8221; background_color=&#8221;#edb059&#8243; text_orientation=&#8221;center&#8221; min_height=&#8221;93px&#8221; custom_padding=&#8221;22px|10px|22px|10px|false|true&#8221; link_option_url=&#8221;https:\/\/drive.google.com\/drive\/folders\/1aAbiXrNt_l_23ra7SYN-x3yyzQicQBze?usp=sharing&#8221; link_option_url_new_window=&#8221;on&#8221; hover_enabled=&#8221;0&#8243; border_radii=&#8221;on|6px|6px|6px|6px&#8221; box_shadow_style=&#8221;preset3&#8243; box_shadow_horizontal=&#8221;-8px&#8221; box_shadow_blur=&#8221;14px&#8221; global_colors_info=&#8221;{}&#8221; sticky_enabled=&#8221;0&#8243;]<\/p>\n<p>FP Alimentaria<\/p>\n<p>[\/et_pb_text][et_pb_text admin_label=&#8221;Ingl\u00e9s&#8221; _builder_version=&#8221;4.24.2&#8243; _module_preset=&#8221;default&#8221; text_text_color=&#8221;#FFFFFF&#8221; text_font_size=&#8221;22px&#8221; background_color=&#8221;#edb059&#8243; text_orientation=&#8221;center&#8221; min_height=&#8221;93px&#8221; custom_padding=&#8221;31px||31px||true|false&#8221; link_option_url=&#8221;https:\/\/drive.google.com\/drive\/folders\/1Yp6gKxDKp_n6Ivhz4C2jWYutHdFuqiV-?usp=sharing&#8221; link_option_url_new_window=&#8221;on&#8221; border_radii=&#8221;on|6px|6px|6px|6px&#8221; box_shadow_style=&#8221;preset3&#8243; box_shadow_horizontal=&#8221;-8px&#8221; box_shadow_blur=&#8221;14px&#8221; global_colors_info=&#8221;{}&#8221;]<\/p>\n<p>Ingl\u00e9s<\/p>\n<p>[\/et_pb_text][et_pb_text admin_label=&#8221;Matem\u00e1ticas&#8221; _builder_version=&#8221;4.24.2&#8243; _module_preset=&#8221;default&#8221; text_text_color=&#8221;#FFFFFF&#8221; text_font_size=&#8221;22px&#8221; background_color=&#8221;#edb059&#8243; text_orientation=&#8221;center&#8221; min_height=&#8221;93px&#8221; custom_padding=&#8221;31px||31px||true|false&#8221; link_option_url=&#8221;https:\/\/drive.google.com\/drive\/folders\/1KG6w2GQloK-CZ-h1vAgKl3CO2ZMdAc04?usp=sharing&#8221; link_option_url_new_window=&#8221;on&#8221; border_radii=&#8221;on|6px|6px|6px|6px&#8221; box_shadow_style=&#8221;preset3&#8243; box_shadow_horizontal=&#8221;-8px&#8221; box_shadow_blur=&#8221;14px&#8221; global_colors_info=&#8221;{}&#8221;]<\/p>\n<p>Matem\u00e1ticas<\/p>\n<p>[\/et_pb_text][et_pb_text admin_label=&#8221;Portugu\u00e9s&#8221; _builder_version=&#8221;4.24.2&#8243; _module_preset=&#8221;default&#8221; text_text_color=&#8221;#FFFFFF&#8221; text_font_size=&#8221;22px&#8221; background_color=&#8221;#edb059&#8243; text_orientation=&#8221;center&#8221; min_height=&#8221;93px&#8221; custom_padding=&#8221;31px||31px||true|false&#8221; link_option_url=&#8221;https:\/\/drive.google.com\/drive\/folders\/15ZT3RUH5BV2DHsVVffiojLwPu-7N8dis?usp=sharing&#8221; link_option_url_new_window=&#8221;on&#8221; hover_enabled=&#8221;0&#8243; border_radii=&#8221;on|6px|6px|6px|6px&#8221; box_shadow_style=&#8221;preset3&#8243; box_shadow_horizontal=&#8221;-8px&#8221; box_shadow_blur=&#8221;14px&#8221; global_colors_info=&#8221;{}&#8221; sticky_enabled=&#8221;0&#8243;]<\/p>\n<p>Portugu\u00e9s<\/p>\n<p>[\/et_pb_text][et_pb_text admin_label=&#8221;Tecnolog\u00eda&#8221; _builder_version=&#8221;4.24.2&#8243; _module_preset=&#8221;default&#8221; text_text_color=&#8221;#FFFFFF&#8221; text_font_size=&#8221;22px&#8221; background_color=&#8221;#edb059&#8243; text_orientation=&#8221;center&#8221; min_height=&#8221;93px&#8221; custom_padding=&#8221;31px||31px||true|false&#8221; link_option_url=&#8221;https:\/\/drive.google.com\/drive\/folders\/1UvVrZtlKoI4GrNKTrMu6yjDS7cWy45ob?usp=sharing&#8221; link_option_url_new_window=&#8221;on&#8221; border_radii=&#8221;on|6px|6px|6px|6px&#8221; box_shadow_style=&#8221;preset3&#8243; box_shadow_horizontal=&#8221;-8px&#8221; box_shadow_blur=&#8221;14px&#8221; global_colors_info=&#8221;{}&#8221;]<\/p>\n<p>Tecnolog\u00eda<\/p>\n<p>[\/et_pb_text][\/et_pb_column][\/et_pb_row][\/et_pb_section]<\/p>\n","protected":false},"excerpt":{"rendered":"<p>Departamentos Acceso a todos los documentos importantes de cada uno de los departamentos did\u00e1cticos Biolog\u00eda y Geolog\u00edaDibujoFilosof\u00edaGeograf\u00eda e HistoriaLenguaM\u00fasicaReligi\u00f3n Cat\u00f3licaCAEEconom\u00eda y FOLF\u00edsica y Qu\u00edmicaInform\u00e1ticaLenguas Cl\u00e1sicasOrientaci\u00f3nSoldaduraEducaci\u00f3n F\u00edsicaFranc\u00e9sFP AlimentariaIngl\u00e9sMatem\u00e1ticasPortugu\u00e9sTecnolog\u00eda<\/p>\n","protected":false},"author":18645,"featured_media":0,"parent":0,"menu_order":0,"comment_status":"closed","ping_status":"closed","template":"","meta":{"_et_pb_use_builder":"on","_et_pb_old_content":"","_et_gb_content_width":"","ngg_post_thumbnail":0,"footnotes":""},"aioseo_notices":[],"_links":{"self":[{"href":"https:\/\/blogsaverroes.juntadeandalucia.es\/iesmiravent\/wp-json\/wp\/v2\/pages\/2031"}],"collection":[{"href":"https:\/\/blogsaverroes.juntadeandalucia.es\/iesmiravent\/wp-json\/wp\/v2\/pages"}],"about":[{"href":"https:\/\/blogsaverroes.juntadeandalucia.es\/iesmiravent\/wp-json\/wp\/v2\/types\/page"}],"author":[{"embeddable":true,"href":"https:\/\/blogsaverroes.juntadeandalucia.es\/iesmiravent\/wp-json\/wp\/v2\/users\/18645"}],"replies":[{"embeddable":true,"href":"https:\/\/blogsaverroes.juntadeandalucia.es\/iesmiravent\/wp-json\/wp\/v2\/comments?post=2031"}],"version-history":[{"count":11,"href":"https:\/\/blogsaverroes.juntadeandalucia.es\/iesmiravent\/wp-json\/wp\/v2\/pages\/2031\/revisions"}],"predecessor-version":[{"id":2111,"href":"https:\/\/blogsaverroes.juntadeandalucia.es\/iesmiravent\/wp-json\/wp\/v2\/pages\/2031\/revisions\/2111"}],"wp:attachment":[{"href":"https:\/\/blogsaverroes.juntadeandalucia.es\/iesmiravent\/wp-json\/wp\/v2\/media?parent=2031"}],"curies":[{"name":"wp","href":"https:\/\/api.w.org\/{rel}","templated":true}]}}