{"id":2067,"date":"2023-11-29T10:58:01","date_gmt":"2023-11-29T09:58:01","guid":{"rendered":"https:\/\/blogsaverroes.juntadeandalucia.es\/iesmiravent\/?page_id=2067"},"modified":"2023-12-11T12:53:15","modified_gmt":"2023-12-11T11:53:15","slug":"atencion-presencial","status":"publish","type":"page","link":"https:\/\/blogsaverroes.juntadeandalucia.es\/iesmiravent\/atencion-presencial\/","title":{"rendered":"Atenci\u00f3n presencial"},"content":{"rendered":"<p>El horario de atenci\u00f3n a madres y padres por parte del profesorado del centro es el jueves de 16:00 a 17:00 horas. Se debe solicitar cita previa para estas reuniones.&nbsp;<\/p>\n<p>Se puede solicitar la cita v\u00eda Pasen, ya sea en el navegador web como en la aplicaci\u00f3n m\u00f3vil.<\/p>\n<p>Adem\u00e1s, se puede solicitar reuni\u00f3n con el equipo directivo para tratar temas de importancia y que no sean del \u00e1mbito de la tutor\u00eda. En el caso de que el tema sea de \u00e1mbito de tutor\u00eda o clases se debe tratar primero con el equipo educativo y con el tutor de la clase. Si el tema persiste, se puede elevar a direcci\u00f3n.&nbsp;<\/p>\n<p>Para solicitar una reuni\u00f3n con direcci\u00f3n se puede hacer uso del siguiente<a href=\"https:\/\/docs.google.com\/forms\/d\/e\/1FAIpQLSeqNhvaWm37wr6Z9PhAStwG_dXRJD5ASIWXg3nXjcd-fyBX-Q\/viewform\"> formulario de solicitud<\/a> o llamando al tel\u00e9fono del centro: 959349582.<\/p>\n","protected":false},"excerpt":{"rendered":"<p>El horario de atenci\u00f3n a madres y padres por parte del profesorado del centro es el jueves de 16:00 a 17:00 horas. Se debe solicitar cita previa para estas reuniones.&nbsp; Se puede solicitar la cita v\u00eda Pasen, ya sea en el navegador web como en la aplicaci\u00f3n m\u00f3vil. Adem\u00e1s, se puede solicitar reuni\u00f3n con el [&hellip;]<\/p>\n","protected":false},"author":14858,"featured_media":0,"parent":0,"menu_order":0,"comment_status":"closed","ping_status":"closed","template":"","meta":{"_et_pb_use_builder":"","_et_pb_old_content":"","_et_gb_content_width":"","ngg_post_thumbnail":0,"footnotes":""},"aioseo_notices":[],"_links":{"self":[{"href":"https:\/\/blogsaverroes.juntadeandalucia.es\/iesmiravent\/wp-json\/wp\/v2\/pages\/2067"}],"collection":[{"href":"https:\/\/blogsaverroes.juntadeandalucia.es\/iesmiravent\/wp-json\/wp\/v2\/pages"}],"about":[{"href":"https:\/\/blogsaverroes.juntadeandalucia.es\/iesmiravent\/wp-json\/wp\/v2\/types\/page"}],"author":[{"embeddable":true,"href":"https:\/\/blogsaverroes.juntadeandalucia.es\/iesmiravent\/wp-json\/wp\/v2\/users\/14858"}],"replies":[{"embeddable":true,"href":"https:\/\/blogsaverroes.juntadeandalucia.es\/iesmiravent\/wp-json\/wp\/v2\/comments?post=2067"}],"version-history":[{"count":4,"href":"https:\/\/blogsaverroes.juntadeandalucia.es\/iesmiravent\/wp-json\/wp\/v2\/pages\/2067\/revisions"}],"predecessor-version":[{"id":2075,"href":"https:\/\/blogsaverroes.juntadeandalucia.es\/iesmiravent\/wp-json\/wp\/v2\/pages\/2067\/revisions\/2075"}],"wp:attachment":[{"href":"https:\/\/blogsaverroes.juntadeandalucia.es\/iesmiravent\/wp-json\/wp\/v2\/media?parent=2067"}],"curies":[{"name":"wp","href":"https:\/\/api.w.org\/{rel}","templated":true}]}}