{"id":2495,"date":"2017-11-23T10:56:53","date_gmt":"2017-11-23T10:56:53","guid":{"rendered":"http:\/\/blogsaverroes.juntadeandalucia.es\/iesmm\/?page_id=2495"},"modified":"2017-11-30T10:52:29","modified_gmt":"2017-11-30T10:52:29","slug":"composicion-de-los-departamentos-didacticos","status":"publish","type":"page","link":"https:\/\/blogsaverroes.juntadeandalucia.es\/iesmm\/composicion-de-los-departamentos-didacticos\/","title":{"rendered":"Composici\u00f3n de los Departamentos Did\u00e1cticos"},"content":{"rendered":"<p><em><span style=\"color: #3366ff\"><strong><u>COMPOSICI\u00d3N DE DEPARTAMENTOS DID\u00c1CTICOS 2017-2018<\/u><\/strong><\/span><\/em><\/p>\n<p><span style=\"color: #33cccc\"><strong><u>Formaci\u00f3n y Orientaci\u00f3n Laboral P.E.S.<\/u><\/strong><\/span><\/p>\n<p>Audije Blas, Mar\u00eda Ar\u00e1nzazu<\/p>\n<p><span style=\"color: #33cccc\"><strong><u>F\u00edsica y Qu\u00edmica P.E.S.<\/u><\/strong><\/span><\/p>\n<p>Blanco Bella, Manuel<\/p>\n<p>Moreno Albalat, Mar\u00eda del Valle<\/p>\n<p>Puertas Garnacho, Mar\u00eda del Pilar<\/p>\n<p><span style=\"color: #33cccc\"><strong><u>Lengua Castellana y Literatura P.E.S.<\/u><\/strong><\/span><\/p>\n<p>Carrasco Moro, Mar\u00eda Dolores<\/p>\n<p>Corredera Gonz\u00e1lez, Mar\u00eda<\/p>\n<p>Luis Sim\u00f3n, Juan Jos\u00e9<\/p>\n<p>Mi\u00f1ano Mac\u00edas, V\u00edctor Manuel<\/p>\n<p>Mora L\u00f3pez, Carlos Tom\u00e1s<\/p>\n<p>Santo-Rosa Carballo, Mar\u00eda Isabel<\/p>\n<p>V\u00e1zquez L\u00f3pez, Pedro Jos\u00e9<\/p>\n<p><span style=\"color: #33cccc\"><strong><u>Matem\u00e1ticas P.E.S.<\/u><\/strong><\/span><\/p>\n<p>Bejarano Mart\u00ednez, Mar\u00eda Victoria.<\/p>\n<p>Buiza R\u00edos, Francisca<\/p>\n<p>Cortijo L\u00f3pez, Javier<\/p>\n<p>Doblado Ponce Le\u00f3n, Santiago.<\/p>\n<p>Merino \u00c1vila, Luis Jos\u00e9<\/p>\n<p>Mesa Guarnido, Eva Mar\u00eda<\/p>\n<p>Vega Guill\u00e9n, Jer\u00f3nimo<\/p>\n<p><span style=\"color: #33cccc\"><strong><u>Biolog\u00eda y Geolog\u00eda (Ingl\u00e9s) P.E.S.<\/u><\/strong><\/span><\/p>\n<p>Rodero Cepero, Mar\u00eda del Carmen<\/p>\n<p>Conde Sevillano, Mar\u00eda Jos\u00e9<\/p>\n<p><span style=\"color: #33cccc\"><strong><u>Geograf\u00eda e Historia P.E.S.<\/u><\/strong><\/span><\/p>\n<p>Contreras Gilbert, Francisco Javier<\/p>\n<p>Cote Rodr\u00edguez, Jos\u00e9 Luis<\/p>\n<p>Domenech Linero, Ram\u00f3n<\/p>\n<p>Garc\u00eda M\u00e1rquez, Natalia<\/p>\n<p>Navarro Hidalgo, Oscar<\/p>\n<p>Ruiz Dom\u00ednguez, Juan Antonio<\/p>\n<p><span style=\"color: #33cccc\"><strong><u>Ingl\u00e9s P.E.S.<\/u><\/strong><\/span><\/p>\n<p>Cuadrado Espi\u00f1a, Carolina<\/p>\n<p>Dastis Mart\u00edn, Inmaculada<\/p>\n<p>Fern\u00e1ndez Strangmann, Susana<\/p>\n<p>Pic\u00f3n Rodr\u00edguez, Raquel<\/p>\n<p>Rinc\u00f3n G\u00f3mez, Irene del Pilar<\/p>\n<p>Ruiz Rico, Antonio Jos\u00e9<\/p>\n<p><span style=\"color: #33cccc\"><strong><u>Cultura Cl\u00e1sica P.E.S.<\/u><\/strong><\/span><\/p>\n<p>Delgado G\u00f3mez, Mar\u00eda Carmen<\/p>\n<p><span style=\"color: #33cccc\"><strong><u>Pedagog\u00eda Terapeutica Eso<\/u><\/strong><\/span><\/p>\n<p>Fincias Prada, Mar\u00eda Cristina<\/p>\n<p><span style=\"color: #33cccc\"><strong><u>Apoyo para alumnos con d\u00e9ficit auditivo<\/u><\/strong><\/span><\/p>\n<p>Mendiola Fern\u00e1ndez, Amparo<\/p>\n<p><span style=\"color: #33cccc\"><strong><u>Est\u00e9tica P.T.F.P.<\/u><\/strong><\/span><\/p>\n<p>Garc\u00eda Ahumada, Mar\u00eda Dolores<\/p>\n<p>Mart\u00ednez Canto, Mar\u00eda Jos\u00e9<\/p>\n<p>Tenor Bayo, Mar\u00eda Remedios<\/p>\n<p><span style=\"color: #33cccc\"><strong><u>M\u00fasica (Ingl\u00e9s) P.E.S<\/u><\/strong><\/span><\/p>\n<p>G\u00f3mez Pacheco, Gloria Eugenia<\/p>\n<p>Fern\u00e1ndez Moreno, Cristina<\/p>\n<p><span style=\"color: #33cccc\"><strong><u>Franc\u00e9s P.E.S<\/u><\/strong><\/span><\/p>\n<p>Rouge, Chloe Alice<\/p>\n<p>Ruiz Fern\u00e1ndez, Mar\u00eda Rosario<\/p>\n<p><span style=\"color: #33cccc\"><strong><u>Tecnolog\u00eda P.E.S<\/u><\/strong><\/span><\/p>\n<p>P\u00e9rez Guerrero, Francisco de Borja<\/p>\n<p>Garc\u00eda Pinilla, Francisco Javier<\/p>\n<p><span style=\"color: #33cccc\"><strong><u>Asesor\u00eda y Proc. Imagen Personal P.E.S.<\/u><\/strong><\/span><\/p>\n<p>Jim\u00e9nez Gonz\u00e1lez, Leticia<\/p>\n<p>L\u00f3pez Mari\u00f1as, Mar\u00eda<\/p>\n<p>Molina Castellano, Mar\u00eda de los Reyes<\/p>\n<p>Reina D\u00edaz, Ana Carmen<\/p>\n<p><span style=\"color: #33cccc\"><strong><u>Educaci\u00f3n F\u00edsica (Ingl\u00e9s) P.E.S.<\/u><\/strong><\/span><\/p>\n<p>Barba Gamero, Sergio<\/p>\n<p>Lora Parra, Miguel \u00c1ngel<\/p>\n<p>Rodr\u00edguez Rodr\u00edguez, Jes\u00fas<\/p>\n<p>&nbsp;<\/p>\n<p><span style=\"color: #33cccc\"><strong><u>Orientaci\u00f3n Educativa P.E.S.<\/u><\/strong><\/span><\/p>\n<p>Lorca Valverde, Francisco<\/p>\n<p><span style=\"color: #33cccc\"><strong><u>Dibujo P.E.S.<\/u><\/strong><\/span><\/p>\n<p>Rodr\u00edguez Herrero, Mercedes<\/p>\n<p><span style=\"color: #33cccc\"><strong><u>Filosof\u00eda (Ingl\u00e9s) P.E.S.<\/u><\/strong><\/span><\/p>\n<p>S\u00e1nchez Matito, Manuel<\/p>\n<p>Hacha Mart\u00edn, Rosa Mar\u00eda<\/p>\n<p><span style=\"color: #33cccc\"><strong><u>Econom\u00eda<\/u><\/strong><\/span><\/p>\n<p>Rodr\u00edguez \u2013Vigil&nbsp; Reguera, Ana Mar\u00eda<\/p>\n","protected":false},"excerpt":{"rendered":"<p>COMPOSICI\u00d3N DE DEPARTAMENTOS DID\u00c1CTICOS 2017-2018 Formaci\u00f3n y Orientaci\u00f3n Laboral P.E.S. Audije Blas, Mar\u00eda Ar\u00e1nzazu F\u00edsica y Qu\u00edmica P.E.S. Blanco Bella, Manuel Moreno Albalat, Mar\u00eda del Valle Puertas Garnacho, Mar\u00eda del Pilar Lengua Castellana y&#46;&#46;&#46;<\/p>\n","protected":false},"author":2321,"featured_media":0,"parent":0,"menu_order":0,"comment_status":"closed","ping_status":"closed","template":"","meta":{"ngg_post_thumbnail":0,"footnotes":"","_mc_calendar":[]},"aioseo_notices":[],"_links":{"self":[{"href":"https:\/\/blogsaverroes.juntadeandalucia.es\/iesmm\/wp-json\/wp\/v2\/pages\/2495"}],"collection":[{"href":"https:\/\/blogsaverroes.juntadeandalucia.es\/iesmm\/wp-json\/wp\/v2\/pages"}],"about":[{"href":"https:\/\/blogsaverroes.juntadeandalucia.es\/iesmm\/wp-json\/wp\/v2\/types\/page"}],"author":[{"embeddable":true,"href":"https:\/\/blogsaverroes.juntadeandalucia.es\/iesmm\/wp-json\/wp\/v2\/users\/2321"}],"replies":[{"embeddable":true,"href":"https:\/\/blogsaverroes.juntadeandalucia.es\/iesmm\/wp-json\/wp\/v2\/comments?post=2495"}],"version-history":[{"count":7,"href":"https:\/\/blogsaverroes.juntadeandalucia.es\/iesmm\/wp-json\/wp\/v2\/pages\/2495\/revisions"}],"predecessor-version":[{"id":2504,"href":"https:\/\/blogsaverroes.juntadeandalucia.es\/iesmm\/wp-json\/wp\/v2\/pages\/2495\/revisions\/2504"}],"wp:attachment":[{"href":"https:\/\/blogsaverroes.juntadeandalucia.es\/iesmm\/wp-json\/wp\/v2\/media?parent=2495"}],"curies":[{"name":"wp","href":"https:\/\/api.w.org\/{rel}","templated":true}]}}