{"id":2617,"date":"2021-06-14T09:20:35","date_gmt":"2021-06-14T09:20:35","guid":{"rendered":"http:\/\/blogsaverroes.juntadeandalucia.es\/iesmm\/?page_id=2617"},"modified":"2025-04-28T10:25:46","modified_gmt":"2025-04-28T10:25:46","slug":"fp-imagen-personal","status":"publish","type":"page","link":"https:\/\/blogsaverroes.juntadeandalucia.es\/iesmm\/fp-imagen-personal\/","title":{"rendered":"FP Imagen Personal"},"content":{"rendered":"<p style=\"text-align: center\"><a href=\"https:\/\/blogsaverroes.juntadeandalucia.es\/iesmm\/files\/2021\/06\/TR\u00cdPTICO-CICLO-EST\u00c9TICA-IES-MA\u00d1ARA-50-ANIVERSARIO.pdf\" target=\"_blank\" rel=\"noopener noreferrer\">CICLOS FORMATIVOS DE LA FAMILIA PROFESIONAL IMAGEN PERSONAL IES MA\u00d1ARA<\/a><\/p>\n<p style=\"text-align: center\"><a href=\"https:\/\/blogsaverroes.juntadeandalucia.es\/iesmm\/files\/2025\/04\/PHOTO-2025-04-21-11-46-53.jpg\"><img loading=\"lazy\" decoding=\"async\" class=\"aligncenter wp-image-3672\" src=\"https:\/\/blogsaverroes.juntadeandalucia.es\/iesmm\/files\/2025\/04\/PHOTO-2025-04-21-11-46-53.jpg\" alt=\"\" width=\"761\" height=\"1076\" srcset=\"https:\/\/blogsaverroes.juntadeandalucia.es\/iesmm\/files\/2025\/04\/PHOTO-2025-04-21-11-46-53.jpg 1131w, https:\/\/blogsaverroes.juntadeandalucia.es\/iesmm\/files\/2025\/04\/PHOTO-2025-04-21-11-46-53-212x300.jpg 212w, https:\/\/blogsaverroes.juntadeandalucia.es\/iesmm\/files\/2025\/04\/PHOTO-2025-04-21-11-46-53-724x1024.jpg 724w, https:\/\/blogsaverroes.juntadeandalucia.es\/iesmm\/files\/2025\/04\/PHOTO-2025-04-21-11-46-53-768x1086.jpg 768w, https:\/\/blogsaverroes.juntadeandalucia.es\/iesmm\/files\/2025\/04\/PHOTO-2025-04-21-11-46-53-1086x1536.jpg 1086w\" sizes=\"(max-width: 761px) 100vw, 761px\" \/><\/a><\/p>\n<p style=\"text-align: center\"><strong>Pendiente de actualizaci\u00f3n con la nueva normativa de FP DUAL.<\/strong><\/p>\n<p><a href=\"https:\/\/blogsaverroes.juntadeandalucia.es\/iesmm\/files\/2022\/03\/FP1.jpg\"><img loading=\"lazy\" decoding=\"async\" class=\"aligncenter size-full wp-image-2833\" src=\"https:\/\/blogsaverroes.juntadeandalucia.es\/iesmm\/files\/2022\/03\/FP1.jpg\" alt=\"\" width=\"1286\" height=\"909\" srcset=\"https:\/\/blogsaverroes.juntadeandalucia.es\/iesmm\/files\/2022\/03\/FP1.jpg 1286w, https:\/\/blogsaverroes.juntadeandalucia.es\/iesmm\/files\/2022\/03\/FP1-300x212.jpg 300w, https:\/\/blogsaverroes.juntadeandalucia.es\/iesmm\/files\/2022\/03\/FP1-1024x724.jpg 1024w, https:\/\/blogsaverroes.juntadeandalucia.es\/iesmm\/files\/2022\/03\/FP1-768x543.jpg 768w\" sizes=\"(max-width: 1286px) 100vw, 1286px\" \/><\/a><a href=\"https:\/\/blogsaverroes.juntadeandalucia.es\/iesmm\/files\/2022\/03\/FP2.jpg\"><img loading=\"lazy\" decoding=\"async\" class=\"aligncenter size-full wp-image-2835\" src=\"https:\/\/blogsaverroes.juntadeandalucia.es\/iesmm\/files\/2022\/03\/FP2.jpg\" alt=\"\" width=\"1280\" height=\"909\" srcset=\"https:\/\/blogsaverroes.juntadeandalucia.es\/iesmm\/files\/2022\/03\/FP2.jpg 1280w, https:\/\/blogsaverroes.juntadeandalucia.es\/iesmm\/files\/2022\/03\/FP2-300x213.jpg 300w, https:\/\/blogsaverroes.juntadeandalucia.es\/iesmm\/files\/2022\/03\/FP2-1024x727.jpg 1024w, https:\/\/blogsaverroes.juntadeandalucia.es\/iesmm\/files\/2022\/03\/FP2-768x545.jpg 768w\" sizes=\"(max-width: 1280px) 100vw, 1280px\" \/><\/a><\/p>\n<p>M\u00c1S INFORMACI\u00d3N EN:<\/p>\n<p><a href=\"https:\/\/www.todofp.es\/que-estudiar.html\" target=\"_blank\" rel=\"noopener\">https:\/\/www.todofp.es\/que-estudiar.html<\/a><\/p>\n<p><a href=\"https:\/\/www.todofp.es\/que-estudiar\/familias-profesionales\/imagen-personal\/estetica-belleza.html\" target=\"_blank\" rel=\"noopener\">https:\/\/www.todofp.es\/que-estudiar\/familias-profesionales\/imagen-personal\/estetica-belleza.html<\/a><\/p>\n<p><a href=\"https:\/\/www.todofp.es\/que-estudiar\/familias-profesionales\/imagen-personal\/estetica-integral-bienestar.html\" target=\"_blank\" rel=\"noopener\">https:\/\/www.todofp.es\/que-estudiar\/familias-profesionales\/imagen-personal\/estetica-integral-bienestar.html<\/a><\/p>\n<p>V\u00cdDEO INFORMATIVO FP ANDALUZA: <a href=\"https:\/\/youtu.be\/wOYMmG1urKk\" target=\"_blank\" rel=\"noopener noreferrer\">https:\/\/youtu.be\/wOYMmG1urKk<\/a><\/p>\n<p>&nbsp;<\/p>\n<p>&nbsp;<\/p>\n","protected":false},"excerpt":{"rendered":"<p>CICLOS FORMATIVOS DE LA FAMILIA PROFESIONAL IMAGEN PERSONAL IES MA\u00d1ARA Pendiente de actualizaci\u00f3n con la nueva normativa de FP DUAL. M\u00c1S INFORMACI\u00d3N EN: https:\/\/www.todofp.es\/que-estudiar.html https:\/\/www.todofp.es\/que-estudiar\/familias-profesionales\/imagen-personal\/estetica-belleza.html https:\/\/www.todofp.es\/que-estudiar\/familias-profesionales\/imagen-personal\/estetica-integral-bienestar.html V\u00cdDEO INFORMATIVO FP ANDALUZA: https:\/\/youtu.be\/wOYMmG1urKk &nbsp; &nbsp;<\/p>\n","protected":false},"author":2321,"featured_media":0,"parent":0,"menu_order":0,"comment_status":"closed","ping_status":"closed","template":"","meta":{"ngg_post_thumbnail":0,"footnotes":"","_mc_calendar":[]},"aioseo_notices":[],"_links":{"self":[{"href":"https:\/\/blogsaverroes.juntadeandalucia.es\/iesmm\/wp-json\/wp\/v2\/pages\/2617"}],"collection":[{"href":"https:\/\/blogsaverroes.juntadeandalucia.es\/iesmm\/wp-json\/wp\/v2\/pages"}],"about":[{"href":"https:\/\/blogsaverroes.juntadeandalucia.es\/iesmm\/wp-json\/wp\/v2\/types\/page"}],"author":[{"embeddable":true,"href":"https:\/\/blogsaverroes.juntadeandalucia.es\/iesmm\/wp-json\/wp\/v2\/users\/2321"}],"replies":[{"embeddable":true,"href":"https:\/\/blogsaverroes.juntadeandalucia.es\/iesmm\/wp-json\/wp\/v2\/comments?post=2617"}],"version-history":[{"count":18,"href":"https:\/\/blogsaverroes.juntadeandalucia.es\/iesmm\/wp-json\/wp\/v2\/pages\/2617\/revisions"}],"predecessor-version":[{"id":3687,"href":"https:\/\/blogsaverroes.juntadeandalucia.es\/iesmm\/wp-json\/wp\/v2\/pages\/2617\/revisions\/3687"}],"wp:attachment":[{"href":"https:\/\/blogsaverroes.juntadeandalucia.es\/iesmm\/wp-json\/wp\/v2\/media?parent=2617"}],"curies":[{"name":"wp","href":"https:\/\/api.w.org\/{rel}","templated":true}]}}