{"id":2809,"date":"2022-03-22T15:26:14","date_gmt":"2022-03-22T15:26:14","guid":{"rendered":"http:\/\/blogsaverroes.juntadeandalucia.es\/iesmm\/?page_id=2809"},"modified":"2022-04-19T09:58:55","modified_gmt":"2022-04-19T09:58:55","slug":"programa-bilingue","status":"publish","type":"page","link":"https:\/\/blogsaverroes.juntadeandalucia.es\/iesmm\/programa-bilingue\/","title":{"rendered":"Programa Biling\u00fce"},"content":{"rendered":"<p><a id=\"LPlnk843055\" href=\"https:\/\/view.genial.ly\/62497bd86344d700112dd5d1\/learning-experience-didactic-unit-proyectobilingueiesmigueldemanara\" target=\"_blank\" rel=\"noopener noreferrer\" data-auth=\"NotApplicable\" data-linkindex=\"0\">https:\/\/view.genial.ly\/62497bd86344d700112dd5d1\/learning-experience-didactic-unit-proyectobilingueiesmigueldemanara<\/a><\/p>\n<div id=\"LPBorder_GTaHR0cHM6Ly92aWV3LmdlbmlhbC5seS82MjQ5N2JkODYzNDRkNzAwMTEyZGQ1ZDEvbGVhcm5pbmctZXhwZXJpZW5jZS1kaWRhY3RpYy11bml0LXByb3llY3RvYmlsaW5ndWVpZXNtaWd1ZWxkZW1hbmFyYQ..\" class=\"LPBorder711298\">\n<table id=\"LPContainer711298\" role=\"presentation\">\n<tbody>\n<tr valign=\"top\">\n<td>\n<div id=\"LPImageContainer711298\"><a id=\"LPImageAnchor711298\" href=\"https:\/\/view.genial.ly\/62497bd86344d700112dd5d1\/learning-experience-didactic-unit-proyectobilingueiesmigueldemanara\" target=\"_blank\" rel=\"noopener noreferrer\"><img loading=\"lazy\" decoding=\"async\" id=\"LPThumbnailImageId711298\" src=\"https:\/\/thumbnails.genial.ly\/62387082abb185001194377a\/screenshots\/bbbdb5db-7184-4983-915d-a3de5330b33f.jpg\" alt=\"\" width=\"240\" height=\"135\"><\/a><\/div>\n<\/td>\n<td>\n<div id=\"LPTitle711298\"><a id=\"LPUrlAnchor711298\" href=\"https:\/\/view.genial.ly\/62497bd86344d700112dd5d1\/learning-experience-didactic-unit-proyectobilingueiesmigueldemanara\" target=\"_blank\" rel=\"noopener noreferrer\">PROYECTOBILING\u00dcE_IESMIGUELDEMA\u00d1ARA by Raquel Picon on Genially<\/a><\/div>\n<div id=\"LPDescription711298\">Discover more about PROYECTOBILING\u00dcE_IESMIGUELDEMA\u00d1ARA \u270c\ufe0f &#8211; Didactic unit<\/div>\n<div id=\"LPMetadata711298\">view.genial.ly<\/div>\n<\/td>\n<\/tr>\n<\/tbody>\n<\/table>\n<\/div>\n","protected":false},"excerpt":{"rendered":"<p>https:\/\/view.genial.ly\/62497bd86344d700112dd5d1\/learning-experience-didactic-unit-proyectobilingueiesmigueldemanara PROYECTOBILING\u00dcE_IESMIGUELDEMA\u00d1ARA by Raquel Picon on Genially Discover more about PROYECTOBILING\u00dcE_IESMIGUELDEMA\u00d1ARA \u270c\ufe0f &#8211; Didactic unit view.genial.ly<\/p>\n","protected":false},"author":2321,"featured_media":0,"parent":0,"menu_order":0,"comment_status":"closed","ping_status":"closed","template":"","meta":{"ngg_post_thumbnail":0,"footnotes":"","_mc_calendar":[]},"aioseo_notices":[],"_links":{"self":[{"href":"https:\/\/blogsaverroes.juntadeandalucia.es\/iesmm\/wp-json\/wp\/v2\/pages\/2809"}],"collection":[{"href":"https:\/\/blogsaverroes.juntadeandalucia.es\/iesmm\/wp-json\/wp\/v2\/pages"}],"about":[{"href":"https:\/\/blogsaverroes.juntadeandalucia.es\/iesmm\/wp-json\/wp\/v2\/types\/page"}],"author":[{"embeddable":true,"href":"https:\/\/blogsaverroes.juntadeandalucia.es\/iesmm\/wp-json\/wp\/v2\/users\/2321"}],"replies":[{"embeddable":true,"href":"https:\/\/blogsaverroes.juntadeandalucia.es\/iesmm\/wp-json\/wp\/v2\/comments?post=2809"}],"version-history":[{"count":6,"href":"https:\/\/blogsaverroes.juntadeandalucia.es\/iesmm\/wp-json\/wp\/v2\/pages\/2809\/revisions"}],"predecessor-version":[{"id":2959,"href":"https:\/\/blogsaverroes.juntadeandalucia.es\/iesmm\/wp-json\/wp\/v2\/pages\/2809\/revisions\/2959"}],"wp:attachment":[{"href":"https:\/\/blogsaverroes.juntadeandalucia.es\/iesmm\/wp-json\/wp\/v2\/media?parent=2809"}],"curies":[{"name":"wp","href":"https:\/\/api.w.org\/{rel}","templated":true}]}}