{"id":2813,"date":"2022-03-22T15:27:11","date_gmt":"2022-03-22T15:27:11","guid":{"rendered":"http:\/\/blogsaverroes.juntadeandalucia.es\/iesmm\/?page_id=2813"},"modified":"2025-07-08T08:47:17","modified_gmt":"2025-07-08T08:47:17","slug":"auxiliar-de-conversacion","status":"publish","type":"page","link":"https:\/\/blogsaverroes.juntadeandalucia.es\/iesmm\/auxiliar-de-conversacion\/","title":{"rendered":"Auxiliar de Conversaci\u00f3n"},"content":{"rendered":"<p>El Auxiliar de Conversaci\u00f3n desempe\u00f1a un papel crucial en la ense\u00f1anza biling\u00fce. A continuaci\u00f3n pod\u00e9is ver algunos de sus trabajos y comentarios sobre su experiencia en nuestro centro.<\/p>\n<div style=\"width: 100%\">\n<div style=\"padding-bottom: 56.25%;padding-top: 0;height: 0\"><iframe loading=\"lazy\" src=\"https:\/\/view.genial.ly\/6248a3d60ad2870012100178\" width=\"600\" height=\"337\" frameborder=\"0\" scrolling=\"yes\"><\/iframe><\/div>\n<\/div>\n<p>&nbsp;<\/p>\n<p style=\"text-align: center\">INFORMACI\u00d3N PARA AUXILIARES DE CONVERSACI\u00d3N<\/p>\n<p><a href=\"https:\/\/blogsaverroes.juntadeandalucia.es\/iesmm\/files\/2022\/04\/Ficha-de-Informaci\u00f3n-para-Auxiliares-de-Conversaci\u00f3n.pdf\" target=\"_blank\" rel=\"noopener noreferrer\">Ficha de Informaci\u00f3n para Auxiliares de Conversaci\u00f3n<\/a><\/p>\n<p><a href=\"https:\/\/blogsaverroes.juntadeandalucia.es\/iesmm\/files\/2022\/04\/Information-Sheet-for-LANGUAGE-Assistants.pdf\" target=\"_blank\" rel=\"noopener noreferrer\">Information Sheet for LANGUAGE Assistants<\/a><\/p>\n<p>&nbsp;<\/p>\n<p>&nbsp;<\/p>\n<div dir=\"auto\"><b data-olk-copy-source=\"MessageBody\">Nuestra auxiliar Amelia Cook ha elaborado este v\u00eddeo sobre su experiencia en nuestro centro durante el curso 2024-25.<\/b><\/div>\n<div dir=\"auto\"><b>Amelia Cook has kindly Shared a v\u00eddeo about her experience in our school this year.&nbsp;<\/b><\/div>\n<div dir=\"auto\" style=\"text-align: center\">\n<div style=\"width: 480px;\" class=\"wp-video\"><!--[if lt IE 9]><script>document.createElement('video');<\/script><![endif]-->\n<video class=\"wp-video-shortcode\" id=\"video-2813-1\" width=\"480\" height=\"848\" preload=\"metadata\" controls=\"controls\"><source type=\"video\/mp4\" src=\"https:\/\/blogsaverroes.juntadeandalucia.es\/iesmm\/files\/2025\/07\/VIDEO-2025-06-20-13-09-12.mp4?_=1\" \/><a href=\"https:\/\/blogsaverroes.juntadeandalucia.es\/iesmm\/files\/2025\/07\/VIDEO-2025-06-20-13-09-12.mp4\">https:\/\/blogsaverroes.juntadeandalucia.es\/iesmm\/files\/2025\/07\/VIDEO-2025-06-20-13-09-12.mp4<\/a><\/video><\/div>\n<\/div>\n","protected":false},"excerpt":{"rendered":"<p>El Auxiliar de Conversaci\u00f3n desempe\u00f1a un papel crucial en la ense\u00f1anza biling\u00fce. A continuaci\u00f3n pod\u00e9is ver algunos de sus trabajos y comentarios sobre su experiencia en nuestro centro. &nbsp; INFORMACI\u00d3N PARA AUXILIARES DE CONVERSACI\u00d3N&#46;&#46;&#46;<\/p>\n","protected":false},"author":2321,"featured_media":0,"parent":0,"menu_order":0,"comment_status":"closed","ping_status":"closed","template":"","meta":{"ngg_post_thumbnail":0,"footnotes":"","_mc_calendar":[]},"aioseo_notices":[],"_links":{"self":[{"href":"https:\/\/blogsaverroes.juntadeandalucia.es\/iesmm\/wp-json\/wp\/v2\/pages\/2813"}],"collection":[{"href":"https:\/\/blogsaverroes.juntadeandalucia.es\/iesmm\/wp-json\/wp\/v2\/pages"}],"about":[{"href":"https:\/\/blogsaverroes.juntadeandalucia.es\/iesmm\/wp-json\/wp\/v2\/types\/page"}],"author":[{"embeddable":true,"href":"https:\/\/blogsaverroes.juntadeandalucia.es\/iesmm\/wp-json\/wp\/v2\/users\/2321"}],"replies":[{"embeddable":true,"href":"https:\/\/blogsaverroes.juntadeandalucia.es\/iesmm\/wp-json\/wp\/v2\/comments?post=2813"}],"version-history":[{"count":20,"href":"https:\/\/blogsaverroes.juntadeandalucia.es\/iesmm\/wp-json\/wp\/v2\/pages\/2813\/revisions"}],"predecessor-version":[{"id":3709,"href":"https:\/\/blogsaverroes.juntadeandalucia.es\/iesmm\/wp-json\/wp\/v2\/pages\/2813\/revisions\/3709"}],"wp:attachment":[{"href":"https:\/\/blogsaverroes.juntadeandalucia.es\/iesmm\/wp-json\/wp\/v2\/media?parent=2813"}],"curies":[{"name":"wp","href":"https:\/\/api.w.org\/{rel}","templated":true}]}}