{"id":3014,"date":"2022-05-06T09:00:21","date_gmt":"2022-05-06T09:00:21","guid":{"rendered":"http:\/\/blogsaverroes.juntadeandalucia.es\/iesmm\/?page_id=3014"},"modified":"2026-04-20T15:34:15","modified_gmt":"2026-04-20T15:34:15","slug":"programa-aldea","status":"publish","type":"page","link":"https:\/\/blogsaverroes.juntadeandalucia.es\/iesmm\/programa-aldea\/","title":{"rendered":"PROGRAMA ALDEA"},"content":{"rendered":"<p><strong>El IES Miguel de Ma\u00f1ara participa en el programa ALDEA, programa que constituye una herramienta para el desarrollo de las competencias del alumnado en materia de Educaci\u00f3n Ambiental. Los principales objetivos que vamos a a llevar a cabo a lo largo del curso son:<\/strong><b><br \/>\n<\/b><\/p>\n<p>&#8211; Concienciar a la comunidad educativo (alumnado, familias, profesorado, y PAS) de la necesidad de preservar el medio ambiente.<\/p>\n<p>&#8211; Analizar la problem\u00e1tica medioambiental en nuestro entorno m\u00e1s cercano, relacionada con la gesti\u00f3n de residuos y el cuidado de la naturaleza.<\/p>\n<p>&#8211; Conocer las consecuencias de la actuaci\u00f3n del ser humano en el medio ambiente y mostrarse sensibles ante ello.<\/p>\n<p>&#8211; Fomentar inter\u00e9s en el cuidado del entorno de nuestro centro.<\/p>\n<p>&#8211; Fomentar inter\u00e9s en el cuidado de nuestro centro.<\/p>\n<p>&#8211; Fomentar inter\u00e9s en el cuidado del planeta.<\/p>\n<p>&#8211; Llevar a la pr\u00e1ctica las siguientes actuaciones: REDUCIR, REUTILIZAR Y RECICLAR.<\/p>\n<p>&#8211; Fomentar el ahorro de recursos del centro: papel, energ\u00eda, agua.<\/p>\n<p>&#8211; Ser conscientes de la huella ecol\u00f3gica de cada uno de nosotros y su efecto sobre el cambio clim\u00e1tico.<\/p>\n<p>&#8211; Tener en cuenta los principios de educaci\u00f3n ambiental en el d\u00eda a d\u00eda en el Centro<\/p>\n<p>&#8211; Integrar el Plan Aldea en cada una de las \u00e1reas y actividades del Centro.<\/p>\n<p>&#8211; Generar esp\u00edritu cr\u00edtico en la comunidad educativa.<\/p>\n<p>&#8211; Fomentar en la comunidad educativa h\u00e1bitos de vida saludables.<\/p>\n<p>&#8211; Aspirar a ser un centro RESIDUOS CERO, especialmente durante los recreos.<\/p>\n<p>&#8211; Concienciar a nuestros alumnos y alumnas para una gesti\u00f3n inteligente de los residuos que ellos mismos generan junto con la recogida efectiva de los mismos en el centro.<\/p>\n<p>&#8211; Promover la recogida diferenciada de contenedores.<\/p>\n<p>&#8211; Proporcionar informaci\u00f3n en los diferentes edificios de los lugares usados para la recogida de material que puede ser reciclado.<\/p>\n<p>&nbsp;<\/p>\n<div>En el siguiente enlace puedes consultar todo lo referente al \u00c1mbito del conocimiento de Aldea, Educaci\u00f3n Ambiental para la sostenibilidad, que llevamos a cabo en nuestro IES<\/div>\n<div><a href=\"https:\/\/sites.google.com\/view\/programa-aldea-iesmm\/inicio\" target=\"_blank\" rel=\"noopener\">https:\/\/sites.google.com\/view\/programa-aldea-iesmm\/inicio<\/a><\/div>\n<div>&nbsp;<\/div>\n<div>&nbsp;<\/div>\n<p><strong>ENLACES A LOS PORTALES:<\/strong><\/p>\n<p><a href=\"https:\/\/www.juntadeandalucia.es\/educacion\/portals\/web\/aldea\/programa-aldea\" target=\"_blank\" rel=\"noopener noreferrer\">Portal Programa para la Innovaci\u00f3n Educativa, ALDEA. Consejer\u00eda de Educaci\u00f3n y Deporte<\/a><\/p>\n<p><a href=\"http:\/\/www.juntadeandalucia.es\/medioambiente\/site\/portalweb\/menuitem.220de8226575045b25f09a105510e1ca\/?vgnextoid=dabed756d6359310VgnVCM1000001325e50aRCRD&amp;vgnextchannel=f34be156217d4310VgnVCM2000000624e50aRCRD\" target=\"_blank\" rel=\"noopener noreferrer\">Portal de Agricultura, Ganader\u00eda, Pesca y Desarrollo Sostenible.<\/a><\/p>\n<p>Puedes consultar las actuaciones que estamos llevando a cabo en nuestro perfil de instagram<\/p>\n<h3><a href=\"https:\/\/www.instagram.com\/programaaldea_iesmm\/\" target=\"_blank\" rel=\"noopener noreferrer\"><strong>@programaaldea_iesmm<\/strong><\/a><\/h3>\n<h2>&nbsp;<\/h2>\n<h2 class=\"fittexted_for_content_h2\">TRASPAPELEO.<\/h2>\n<p>Durante los curso 2021\/22 y 2022\/23, hemos participado en el Proyecto Traspapeleo, y con lo obtenido en dicha colaboraci\u00f3n, se ha ayudado a la Asociaci\u00f3n \u00abTODO&nbsp; POR UNA SONRISA\u00bb<\/p>\n<p><a href=\"https:\/\/blogsaverroes.juntadeandalucia.es\/iesmm\/files\/2023\/09\/Agradecimiento-IES-Miguel-Man%CC%83ara-Julio-2022.pdf\" target=\"_blank\" rel=\"nofollow noopener noreferrer\">Agradecimiento IES Miguel de Man\u0303ara Julio 2022<\/a><\/p>\n<p><a href=\"https:\/\/blogsaverroes.juntadeandalucia.es\/iesmm\/files\/2023\/09\/Agradecimiento-IES-Miguel-Man%CC%83ara-Febreo-2023.pdf\" target=\"_blank\" rel=\"nofollow noopener noreferrer\">Agradecimiento IES Miguel de Man\u0303ara Febreo 2023<\/a><\/p>\n<p><a href=\"https:\/\/blogsaverroes.juntadeandalucia.es\/iesmm\/files\/2023\/09\/Agradecimiento-IES-Miguel-Man%CC%83ara-Julio-2023.pdf\" target=\"_blank\" rel=\"nofollow noopener noreferrer\">Agradecimiento IES Miguel de Man\u0303ara Julio 2023<\/a><\/p>\n<p dir=\"ltr\" style=\"text-align: left\"><a href=\"https:\/\/blogsaverroes.juntadeandalucia.es\/iesmm\/files\/2024\/09\/TODO-POR-UNA-SONRISA.pdf\" target=\"_blank\" rel=\"noopener\">Agradecimiento IES Miguel de Ma\u00f1ara Junio 2024<\/a><\/p>\n<p dir=\"ltr\" style=\"text-align: left\"><a href=\"https:\/\/blogsaverroes.juntadeandalucia.es\/iesmm\/files\/2025\/01\/Octubre.pdf\" target=\"_blank\" rel=\"noopener\">Agradecimiento IES Miguel de Ma\u00f1ara Octubre 2024<\/a><\/p>\n<p dir=\"ltr\" style=\"text-align: left\"><a href=\"https:\/\/blogsaverroes.juntadeandalucia.es\/iesmm\/files\/2025\/01\/Enero.pdf\" target=\"_blank\" rel=\"noopener\">Agradecimiento IES Miguel de Ma\u00f1ara Enero 2025<\/a><\/p>\n<p>Este curso 2023\/2024 Hemos hecho una nueva aportaci\u00f3n a la Asociaci\u00f3n Todo por una sonrisa&nbsp;<\/p>\n<p><a href=\"https:\/\/blogsaverroes.juntadeandalucia.es\/iesmm\/files\/2024\/03\/AGRADECIMIENTO.jpg\"><img loading=\"lazy\" decoding=\"async\" class=\"aligncenter size-large wp-image-3404\" src=\"https:\/\/blogsaverroes.juntadeandalucia.es\/iesmm\/files\/2024\/03\/AGRADECIMIENTO-724x1024.jpg\" alt=\"\" width=\"724\" height=\"1024\" srcset=\"https:\/\/blogsaverroes.juntadeandalucia.es\/iesmm\/files\/2024\/03\/AGRADECIMIENTO-724x1024.jpg 724w, https:\/\/blogsaverroes.juntadeandalucia.es\/iesmm\/files\/2024\/03\/AGRADECIMIENTO-212x300.jpg 212w, https:\/\/blogsaverroes.juntadeandalucia.es\/iesmm\/files\/2024\/03\/AGRADECIMIENTO-768x1087.jpg 768w, https:\/\/blogsaverroes.juntadeandalucia.es\/iesmm\/files\/2024\/03\/AGRADECIMIENTO.jpg 1080w\" sizes=\"(max-width: 724px) 100vw, 724px\" \/><\/a><\/p>\n<h2>II Concurso escolar de cuentos Recapacicla 2022-2023 del programa Aldea.<\/h2>\n<p>Estos son los dos cuentos seleccionados por el centro para participar en el II Concurso escolar de cuentos Recapacicla 2022-2023 del programa Aldea.<\/p>\n<p><a href=\"https:\/\/blogsaverroes.juntadeandalucia.es\/iesmm\/files\/2023\/04\/Rob-la-tortuga.pdf\">ROB LA TORTUGA<\/a><\/p>\n<p><a href=\"https:\/\/blogsaverroes.juntadeandalucia.es\/iesmm\/files\/2023\/04\/LO-IMPORTANTE-ES-RECICLAR.pdf\">LO IMPORTANTE ES RECICLAR<\/a><\/p>\n<p>Los nombres de las participantes son:<\/p>\n<p>Mar\u00eda Anajar M\u00fajica y Ariadna Jodar Blanco con<strong> \u00abRob la tortuga\u00bb<\/strong><\/p>\n<p>Helena Mu\u00f1oz Mart\u00edn de Soto y Carmen Gonz\u00e1lez Grande con <strong>\u00abLo importante es reciclar\u00bb<\/strong><\/p>\n<p><b>Nuestro centro ha sido seleccionado en el II Concurso escolar de cuentos Recapacicla, educaci\u00f3n para la circularidad curso 22\/23. En la modalidad educaci\u00f3n secundaria ha sido el segundo seleccionado.&nbsp; Se premiar\u00e1 con la publicaci\u00f3n impresa del cuento, que formar\u00e1 parte de una obra colectiva de todas las personas ganadoras. La publicaci\u00f3n se distribuir\u00e1 entre los centros escolares participantes en todas las modalidades del programa aldea. El cuento seleccionado ha sido el de las alumnas de 1\u00ba de la ESO, Helena Mu\u00f1oz Mart\u00edn de Soto y Carmen Gonz\u00e1lez Grande con \u00abLo importante es reciclar\u00bb que se puede en nuestra web y en el perfil del instagram del programa aldea <a href=\"https:\/\/www.instagram.com\/programaaldea_iesmm\/\" target=\"_blank\" rel=\"noopener noreferrer\">@programaaldea_iesmm&nbsp;<\/a><br \/>\n<\/b><\/p>\n<p><strong><a href=\"https:\/\/blogsaverroes.juntadeandalucia.es\/iesmm\/files\/2023\/09\/Seleccionados_ll-Concurso-Escolar-Cuentos-Recapacicla_2022-2023.pdf\">Seleccionados_ll Concurso Escolar Cuentos Recapacicla_2022-2023<\/a><\/strong><\/p>\n<p>&nbsp;<\/p>\n<p><a href=\"http:\/\/blogsaverroes.juntadeandalucia.es\/iesmm\/programa-aldea-2\/proyecto-traspapeleo\/\" rel=\"attachment wp-att-3317\"><img loading=\"lazy\" decoding=\"async\" class=\"aligncenter size-full wp-image-3317\" src=\"https:\/\/blogsaverroes.juntadeandalucia.es\/iesmm\/files\/2023\/09\/Proyecto-Traspapeleo.jpg\" alt=\"\" width=\"724\" height=\"1024\" srcset=\"https:\/\/blogsaverroes.juntadeandalucia.es\/iesmm\/files\/2023\/09\/Proyecto-Traspapeleo.jpg 724w, https:\/\/blogsaverroes.juntadeandalucia.es\/iesmm\/files\/2023\/09\/Proyecto-Traspapeleo-212x300.jpg 212w\" sizes=\"(max-width: 724px) 100vw, 724px\" \/><\/a><\/p>\n<p>Durante los curso 2021\/22 y 2022\/23, hemos participado en el Proyecto Traspapeleo, y con lo obtenido en dicha colaboraci\u00f3n, se ha ayudado a la Asociaci\u00f3n \u00abTODO&nbsp; POR UNA SONRISA\u00bb<\/p>\n<p><a href=\"https:\/\/blogsaverroes.juntadeandalucia.es\/iesmm\/files\/2023\/09\/Agradecimiento-IES-Miguel-Man\u0303ara-Julio-2022.pdf\">Agradecimiento IES Miguel Man\u0303ara Julio 2022<\/a><\/p>\n<p><a href=\"https:\/\/blogsaverroes.juntadeandalucia.es\/iesmm\/files\/2023\/09\/Agradecimiento-IES-Miguel-Man\u0303ara-Febreo-2023.pdf\">Agradecimiento IES Miguel Man\u0303ara Febreo 2023<\/a><\/p>\n<p><a href=\"https:\/\/blogsaverroes.juntadeandalucia.es\/iesmm\/files\/2023\/09\/Agradecimiento-IES-Miguel-Man\u0303ara-Julio-2023.pdf\">Agradecimiento IES Miguel Man\u0303ara Julio 2023<\/a><\/p>\n","protected":false},"excerpt":{"rendered":"<p>El IES Miguel de Ma\u00f1ara participa en el programa ALDEA, programa que constituye una herramienta para el desarrollo de las competencias del alumnado en materia de Educaci\u00f3n Ambiental. Los principales objetivos que vamos a&#46;&#46;&#46;<\/p>\n","protected":false},"author":2321,"featured_media":0,"parent":0,"menu_order":0,"comment_status":"closed","ping_status":"closed","template":"","meta":{"ngg_post_thumbnail":0,"footnotes":"","_mc_calendar":[]},"aioseo_notices":[],"_links":{"self":[{"href":"https:\/\/blogsaverroes.juntadeandalucia.es\/iesmm\/wp-json\/wp\/v2\/pages\/3014"}],"collection":[{"href":"https:\/\/blogsaverroes.juntadeandalucia.es\/iesmm\/wp-json\/wp\/v2\/pages"}],"about":[{"href":"https:\/\/blogsaverroes.juntadeandalucia.es\/iesmm\/wp-json\/wp\/v2\/types\/page"}],"author":[{"embeddable":true,"href":"https:\/\/blogsaverroes.juntadeandalucia.es\/iesmm\/wp-json\/wp\/v2\/users\/2321"}],"replies":[{"embeddable":true,"href":"https:\/\/blogsaverroes.juntadeandalucia.es\/iesmm\/wp-json\/wp\/v2\/comments?post=3014"}],"version-history":[{"count":14,"href":"https:\/\/blogsaverroes.juntadeandalucia.es\/iesmm\/wp-json\/wp\/v2\/pages\/3014\/revisions"}],"predecessor-version":[{"id":3763,"href":"https:\/\/blogsaverroes.juntadeandalucia.es\/iesmm\/wp-json\/wp\/v2\/pages\/3014\/revisions\/3763"}],"wp:attachment":[{"href":"https:\/\/blogsaverroes.juntadeandalucia.es\/iesmm\/wp-json\/wp\/v2\/media?parent=3014"}],"curies":[{"name":"wp","href":"https:\/\/api.w.org\/{rel}","templated":true}]}}