{"id":3026,"date":"2022-05-11T10:40:33","date_gmt":"2022-05-11T10:40:33","guid":{"rendered":"http:\/\/blogsaverroes.juntadeandalucia.es\/iesmm\/?page_id=3026"},"modified":"2024-04-02T19:10:26","modified_gmt":"2024-04-02T19:10:26","slug":"acceso-a-la-universidad-pevau","status":"publish","type":"page","link":"https:\/\/blogsaverroes.juntadeandalucia.es\/iesmm\/acceso-a-la-universidad-pevau\/","title":{"rendered":"Acceso a la Universidad. PEvAU"},"content":{"rendered":"<h2>PRUEBAS DE EVALUACI\u00d3N DE BACHILLERATO Y PEVAU 2024\/ INFORMACI\u00d3N<\/h2>\n<p>En esta p\u00e1gina se presentan toda la informaci\u00f3n, los procedimientos y las instrucciones para poder participar en las Pruebas de Evaluaci\u00f3n de Bachillerato para el Acceso a la Universidad y\/o Prueba de Admisi\u00f3n (PEVAU). Lugar de los ex\u00e1menes (SEDE de los tribunales) . SEDE IES MIGUEL DE MA\u00d1ARA Convocatoria Ordinaria :<\/p>\n<p>SEDE n\u00ba 12 : ETS de Ingenier\u00eda. Camino de los Descubrimientos, s\/n. Isla de la Cartuja<\/p>\n<p><a href=\"https:\/\/www.us.es\/pevau\" target=\"_blank\" rel=\"noopener noreferrer\">https:\/\/www.us.es\/pevau<\/a><\/p>\n<p>&nbsp;<\/p>\n<h2>INFORMACI\u00d3N SOBRE PEVAU 2024<\/h2>\n<div class=\"page\" title=\"Page 1\">\n<div class=\"section\">\n<div class=\"layoutArea\">\n<div class=\"column\">\n<p><em><strong>Resolucio\u0301n de 14 de febrero de 2024, de la Direccio\u0301n General de Coordinacio\u0301n Universitaria, por la que se hace pu\u0301blico el Acuerdo de 5 de febrero de 2024, de la Comisio\u0301n Coordinadora Interuniversitaria de Andaluci\u0301a, por el que se establecen los plazos, el calendario y el ca\u0301lculo de notas de las pruebas de evaluacio\u0301n de Bachillerato para el acceso a la universidad y de las pruebas de admisio\u0301n que se celebrara\u0301n en el curso 2023\/2024<\/strong><\/em><\/p>\n<\/div>\n<\/div>\n<\/div>\n<\/div>\n<p>Accede al enlace para ver el documento completo en pdf.<\/p>\n<p><a href=\"https:\/\/blogsaverroes.juntadeandalucia.es\/iesmm\/files\/2024\/03\/Resoluci\u00f3n-PEVAU-2024.pdf\">Resoluci\u00f3n PEVAU 2024<\/a><\/p>\n<p><a href=\"https:\/\/blogsaverroes.juntadeandalucia.es\/iesmm\/files\/2024\/03\/Resolucio\u0301n-PEVAU-2024.pdf\" target=\"_blank\" rel=\"noopener noreferrer\">https:\/\/blogsaverroes.juntadeandalucia.es\/iesmm\/files\/2024\/03\/Resolucio\u0301n-PEVAU-2024.pdf<\/a><\/p>\n<p>&nbsp;<\/p>\n<h2><b>OBTENCI\u00d3N DEL UVUS<\/b><\/h2>\n<p>El estudiante que quiera realizar la PEvAU en la Universidad de Sevilla tendr\u00e1 que solicitar el UVUS <b>siempre que no disponga&nbsp;de \u00e9l con anterioridad<\/b>.<br \/>\nPara ello deber\u00e1&nbsp;cumplimentar el formulario de auto-registro y recibir\u00e1&nbsp;un correo electr\u00f3nico inform\u00e1ndole sobre el usuario que se le ha asignado.<br \/>\n<strong>Plazo de solicitud&nbsp;<\/strong>&#8211; A partir del 25 de abril hasta la finalizaci\u00f3n del plazo de matr\u00edcula.<br \/>\nPuede acceder al formulario a trav\u00e9s del siguiente&nbsp;<a href=\"https:\/\/gid.us.es\/auto-registro\/\" target=\"_blank\" rel=\"noopener noreferrer\"><u>enlace<\/u><\/a>. o en la p\u00e1gina: <a href=\"https:\/\/estudiantes.us.es\/uvus\">https:\/\/estudiantes.us.es\/uvus<\/a><br \/>\n<strong>Solo se puede solicitar el&nbsp;UVUS una \u00fanica vez.<\/strong><\/p>\n<p><strong>Incidencias<\/strong><br \/>\nSi al rellenar el formulario el sistema no le identifica o&nbsp;arroja alg\u00fan error, debe enviar un correo electr\u00f3nico a&nbsp;<a href=\"mailto:matriculapevau@us.es\" target=\"_blank\" rel=\"noopener noreferrer\"><u>matriculapevau@us.es<\/u><\/a>, adjuntando copia de DNI\/NIE\/Pasaporte.<br \/>\nSi olvid\u00f3 su usuario debe ponerse en contacto con el SOS a trav\u00e9s de&nbsp;<a href=\"mailto:sos@us.es\" target=\"_blank\" rel=\"noopener noreferrer\"><u>sos@us.es<\/u><\/a><\/p>\n<h3>&nbsp;<\/h3>\n<h4><b>INFORMACI\u00d3N IMPORTANTE SOBRE ORIENTACI\u00d3N PREUNIVERSITARIA<br \/>\n<\/b><\/h4>\n<p><a href=\"https:\/\/blogsaverroes.juntadeandalucia.es\/iesmm\/files\/2022\/05\/PEVAU-IES-MMA\u00d1ARA2022.pdf\" target=\"_blank\" rel=\"noopener noreferrer\">PEVAU IES MMA\u00d1ARA2022<\/a><\/p>\n<h4>ACCESO Y ADMISI\u00d3N EN ESTUDIOS DE GRADO<\/h4>\n<p><a href=\"https:\/\/blogsaverroes.juntadeandalucia.es\/iesmm\/files\/2023\/03\/acceso_y_admision_2023-universidad.pdf\" target=\"_blank\" rel=\"noopener noreferrer\">Acceso_y_admision_2023 universidad<\/a><\/p>\n<h4><b>CENTRO DE ATENCI\u00d3N AL ESTUDIANTE<\/b><\/h4>\n<p><a href=\"http:\/\/cat.us.es\/seccion\/antes-de-iniciar-los-estudios\/pruebas-de-acceso-a-la-universidad\/pevau-pruebas-evaluacion-bachillerato-para-acceso-a-la-12\" target=\"_blank\" rel=\"noopener noreferrer\">Enlace a la p\u00e1gina \u00abCentro de Atenci\u00f3n al Estudiante\u00bb<\/a><\/p>\n<p>&nbsp;<\/p>\n<h4><a href=\"https:\/\/blogsaverroes.juntadeandalucia.es\/iesmm\/files\/2022\/05\/localiza_sede_junio_2022.pdf\" target=\"_blank\" rel=\"noopener noreferrer\"><strong>SEDES PVAU Curso 2022\/23<\/strong><\/a><\/h4>\n","protected":false},"excerpt":{"rendered":"<p>PRUEBAS DE EVALUACI\u00d3N DE BACHILLERATO Y PEVAU 2024\/ INFORMACI\u00d3N En esta p\u00e1gina se presentan toda la informaci\u00f3n, los procedimientos y las instrucciones para poder participar en las Pruebas de Evaluaci\u00f3n de Bachillerato para el&#46;&#46;&#46;<\/p>\n","protected":false},"author":2321,"featured_media":0,"parent":0,"menu_order":0,"comment_status":"closed","ping_status":"closed","template":"","meta":{"ngg_post_thumbnail":0,"footnotes":"","_mc_calendar":[]},"aioseo_notices":[],"_links":{"self":[{"href":"https:\/\/blogsaverroes.juntadeandalucia.es\/iesmm\/wp-json\/wp\/v2\/pages\/3026"}],"collection":[{"href":"https:\/\/blogsaverroes.juntadeandalucia.es\/iesmm\/wp-json\/wp\/v2\/pages"}],"about":[{"href":"https:\/\/blogsaverroes.juntadeandalucia.es\/iesmm\/wp-json\/wp\/v2\/types\/page"}],"author":[{"embeddable":true,"href":"https:\/\/blogsaverroes.juntadeandalucia.es\/iesmm\/wp-json\/wp\/v2\/users\/2321"}],"replies":[{"embeddable":true,"href":"https:\/\/blogsaverroes.juntadeandalucia.es\/iesmm\/wp-json\/wp\/v2\/comments?post=3026"}],"version-history":[{"count":19,"href":"https:\/\/blogsaverroes.juntadeandalucia.es\/iesmm\/wp-json\/wp\/v2\/pages\/3026\/revisions"}],"predecessor-version":[{"id":3436,"href":"https:\/\/blogsaverroes.juntadeandalucia.es\/iesmm\/wp-json\/wp\/v2\/pages\/3026\/revisions\/3436"}],"wp:attachment":[{"href":"https:\/\/blogsaverroes.juntadeandalucia.es\/iesmm\/wp-json\/wp\/v2\/media?parent=3026"}],"curies":[{"name":"wp","href":"https:\/\/api.w.org\/{rel}","templated":true}]}}