{"id":3043,"date":"2022-05-17T11:09:07","date_gmt":"2022-05-17T11:09:07","guid":{"rendered":"http:\/\/blogsaverroes.juntadeandalucia.es\/iesmm\/?page_id=3043"},"modified":"2022-05-18T10:20:11","modified_gmt":"2022-05-18T10:20:11","slug":"concursos","status":"publish","type":"page","link":"https:\/\/blogsaverroes.juntadeandalucia.es\/iesmm\/concursos\/","title":{"rendered":"Concursos"},"content":{"rendered":"<p>Estas son las obras ganadoras del VIII Concurso Literario Miguel de Ma\u00f1ara:<br \/>\nPremio Poes\u00eda Primer Ciclo: \u00abOda al yunque de arena\u00bb, An\u00edbal Ed\u00e9n Gonz\u00e1lez Castillo. <a href=\"https:\/\/blogsaverroes.juntadeandalucia.es\/iesmm\/files\/2022\/05\/Oda-al-yunque-de-arena.pdf\" rel=\"attachment wp-att-3048\">Oda al yunque de arena<\/a><br \/>\nPremio Relato Primer Ciclo: \u00abMemorias de Grecia\u00bb, Marta Mart\u00ednez S\u00e1nchez. <a href=\"https:\/\/blogsaverroes.juntadeandalucia.es\/iesmm\/files\/2022\/05\/Memorias-de-Grecia.pdf\" target=\"_blank\" rel=\"noopener noreferrer\">Memorias de Grecia<\/a><br \/>\nPremio Poes\u00eda Segundo Ciclo: \u00abLa otra rosa\u00bb, \u00c1ngela Fernanda Reim\u00fandez David. <a href=\"https:\/\/blogsaverroes.juntadeandalucia.es\/iesmm\/files\/2022\/05\/La-otra-rosa.pdf\" target=\"_blank\" rel=\"noopener noreferrer\">La otra rosa<\/a><br \/>\nPremio Relato Segundo Ciclo: \u00abSombras\u00bb, Nuria Mart\u00ednez Aguilera. <a href=\"https:\/\/blogsaverroes.juntadeandalucia.es\/iesmm\/files\/2022\/05\/Sombras.pdf\" target=\"_blank\" rel=\"noopener noreferrer\">Sombras<\/a><br \/>\nPremio Especial: \u00abSilencioso ser\u00bb, \u00abHuida\u00bb, Cristina Zambrano P\u00e9rez.<a href=\"https:\/\/blogsaverroes.juntadeandalucia.es\/iesmm\/files\/2022\/05\/Cristina-Zambrano-P\u00e9rez-4\u00ba-ESO-B-Poes\u00eda-Silencioso-ser-2.pdf\" target=\"_blank\" rel=\"noopener noreferrer\">Cristina Zambrano P\u00e9rez 4\u00ba ESO B Poes\u00eda-Silencioso ser <\/a><a href=\"https:\/\/blogsaverroes.juntadeandalucia.es\/iesmm\/files\/2022\/05\/Cristina-Zambrano-P\u00e9rez-4\u00ba-ESO-B-Relato-Huida.pdf\" target=\"_blank\" rel=\"noopener noreferrer\">&nbsp;Cristina Zambrano P\u00e9rez 4\u00ba ESO B Relato-Huida<\/a><br \/>\nEnhorabuena a todos los ganadores y participantes.<\/p>\n<p><a href=\"http:\/\/blogsaverroes.juntadeandalucia.es\/iesmm\/concursos\/fotos2\/\" rel=\"attachment wp-att-3052\"><img loading=\"lazy\" decoding=\"async\" class=\"aligncenter size-medium wp-image-3052\" src=\"https:\/\/blogsaverroes.juntadeandalucia.es\/iesmm\/files\/2022\/05\/Fotos2-216x300.jpg\" alt=\"\" width=\"216\" height=\"300\" srcset=\"https:\/\/blogsaverroes.juntadeandalucia.es\/iesmm\/files\/2022\/05\/Fotos2-216x300.jpg 216w, https:\/\/blogsaverroes.juntadeandalucia.es\/iesmm\/files\/2022\/05\/Fotos2.jpg 654w\" sizes=\"(max-width: 216px) 100vw, 216px\" \/><\/a><a href=\"http:\/\/blogsaverroes.juntadeandalucia.es\/iesmm\/concursos\/fotos\/\" rel=\"attachment wp-att-3051\"><img loading=\"lazy\" decoding=\"async\" class=\"aligncenter size-medium wp-image-3051\" src=\"https:\/\/blogsaverroes.juntadeandalucia.es\/iesmm\/files\/2022\/05\/Fotos-300x216.jpg\" alt=\"\" width=\"300\" height=\"216\" srcset=\"https:\/\/blogsaverroes.juntadeandalucia.es\/iesmm\/files\/2022\/05\/Fotos-300x216.jpg 300w, https:\/\/blogsaverroes.juntadeandalucia.es\/iesmm\/files\/2022\/05\/Fotos-1024x736.jpg 1024w, https:\/\/blogsaverroes.juntadeandalucia.es\/iesmm\/files\/2022\/05\/Fotos-768x552.jpg 768w, https:\/\/blogsaverroes.juntadeandalucia.es\/iesmm\/files\/2022\/05\/Fotos.jpg 1152w\" sizes=\"(max-width: 300px) 100vw, 300px\" \/><\/a><\/p>\n<p>&nbsp;<\/p>\n","protected":false},"excerpt":{"rendered":"<p>Estas son las obras ganadoras del VIII Concurso Literario Miguel de Ma\u00f1ara: Premio Poes\u00eda Primer Ciclo: \u00abOda al yunque de arena\u00bb, An\u00edbal Ed\u00e9n Gonz\u00e1lez Castillo. Oda al yunque de arena Premio Relato Primer Ciclo:&#46;&#46;&#46;<\/p>\n","protected":false},"author":2321,"featured_media":0,"parent":0,"menu_order":0,"comment_status":"closed","ping_status":"closed","template":"","meta":{"ngg_post_thumbnail":0,"footnotes":"","_mc_calendar":[]},"aioseo_notices":[],"_links":{"self":[{"href":"https:\/\/blogsaverroes.juntadeandalucia.es\/iesmm\/wp-json\/wp\/v2\/pages\/3043"}],"collection":[{"href":"https:\/\/blogsaverroes.juntadeandalucia.es\/iesmm\/wp-json\/wp\/v2\/pages"}],"about":[{"href":"https:\/\/blogsaverroes.juntadeandalucia.es\/iesmm\/wp-json\/wp\/v2\/types\/page"}],"author":[{"embeddable":true,"href":"https:\/\/blogsaverroes.juntadeandalucia.es\/iesmm\/wp-json\/wp\/v2\/users\/2321"}],"replies":[{"embeddable":true,"href":"https:\/\/blogsaverroes.juntadeandalucia.es\/iesmm\/wp-json\/wp\/v2\/comments?post=3043"}],"version-history":[{"count":10,"href":"https:\/\/blogsaverroes.juntadeandalucia.es\/iesmm\/wp-json\/wp\/v2\/pages\/3043\/revisions"}],"predecessor-version":[{"id":3055,"href":"https:\/\/blogsaverroes.juntadeandalucia.es\/iesmm\/wp-json\/wp\/v2\/pages\/3043\/revisions\/3055"}],"wp:attachment":[{"href":"https:\/\/blogsaverroes.juntadeandalucia.es\/iesmm\/wp-json\/wp\/v2\/media?parent=3043"}],"curies":[{"name":"wp","href":"https:\/\/api.w.org\/{rel}","templated":true}]}}