{"id":3167,"date":"2022-09-29T11:31:07","date_gmt":"2022-09-29T11:31:07","guid":{"rendered":"http:\/\/blogsaverroes.juntadeandalucia.es\/iesmm\/?page_id=3167"},"modified":"2024-03-06T12:28:58","modified_gmt":"2024-03-06T12:28:58","slug":"programa-aldea-2","status":"publish","type":"page","link":"https:\/\/blogsaverroes.juntadeandalucia.es\/iesmm\/programa-aldea-2\/","title":{"rendered":"PROGRAMA ALDEA"},"content":{"rendered":"<h2>TRASPAPELEO.<\/h2>\n<p>Durante los curso 2021\/22 y 2022\/23, hemos participado en el Proyecto Traspapeleo, y con lo obtenido en dicha colaboraci\u00f3n, se ha ayudado a la Asociaci\u00f3n \u00abTODO&nbsp; POR UNA SONRISA\u00bb<\/p>\n<p><a href=\"https:\/\/blogsaverroes.juntadeandalucia.es\/iesmm\/files\/2023\/09\/Agradecimiento-IES-Miguel-Man%CC%83ara-Julio-2022.pdf\" target=\"_blank\" rel=\"nofollow noopener noreferrer\">Agradecimiento IES Miguel Man\u0303ara Julio 2022<\/a><\/p>\n<p><a href=\"https:\/\/blogsaverroes.juntadeandalucia.es\/iesmm\/files\/2023\/09\/Agradecimiento-IES-Miguel-Man%CC%83ara-Febreo-2023.pdf\" target=\"_blank\" rel=\"nofollow noopener noreferrer\">Agradecimiento IES Miguel Man\u0303ara Febreo 2023<\/a><\/p>\n<p><a href=\"https:\/\/blogsaverroes.juntadeandalucia.es\/iesmm\/files\/2023\/09\/Agradecimiento-IES-Miguel-Man%CC%83ara-Julio-2023.pdf\" target=\"_blank\" rel=\"nofollow noopener noreferrer\">Agradecimiento IES Miguel Man\u0303ara Julio 2023<\/a><\/p>\n<p>Este curso 2023\/2024 Hemos hecho una nueva aportaci\u00f3n a la Asociaci\u00f3n Todo por una sonrisa&nbsp; <a href=\"https:\/\/blogsaverroes.juntadeandalucia.es\/iesmm\/files\/2024\/03\/AGRADECIMIENTO.jpg\"><img loading=\"lazy\" decoding=\"async\" class=\"aligncenter size-large wp-image-3404\" src=\"https:\/\/blogsaverroes.juntadeandalucia.es\/iesmm\/files\/2024\/03\/AGRADECIMIENTO-724x1024.jpg\" alt=\"\" width=\"724\" height=\"1024\" srcset=\"https:\/\/blogsaverroes.juntadeandalucia.es\/iesmm\/files\/2024\/03\/AGRADECIMIENTO-724x1024.jpg 724w, https:\/\/blogsaverroes.juntadeandalucia.es\/iesmm\/files\/2024\/03\/AGRADECIMIENTO-212x300.jpg 212w, https:\/\/blogsaverroes.juntadeandalucia.es\/iesmm\/files\/2024\/03\/AGRADECIMIENTO-768x1087.jpg 768w, https:\/\/blogsaverroes.juntadeandalucia.es\/iesmm\/files\/2024\/03\/AGRADECIMIENTO.jpg 1080w\" sizes=\"(max-width: 724px) 100vw, 724px\" \/><\/a><\/p>\n<div>&nbsp;<\/div>\n<h2>II CONCURSO ESCOLAR DE CUENTOS RECAPACICLA 2022-2023.<\/h2>\n<p>Estos son los dos cuentos seleccionados por el centro para participar en el II Concurso escolar de cuentos Recapacicla 2022-2023 del programa Aldea.<\/p>\n<p><a href=\"https:\/\/blogsaverroes.juntadeandalucia.es\/iesmm\/files\/2023\/04\/Rob-la-tortuga.pdf\">ROB LA TORTUGA<\/a><\/p>\n<p><a href=\"https:\/\/blogsaverroes.juntadeandalucia.es\/iesmm\/files\/2023\/04\/LO-IMPORTANTE-ES-RECICLAR.pdf\">LO IMPORTANTE ES RECICLAR<\/a><\/p>\n<p>Los nombres de las participantes son:<\/p>\n<p>Mar\u00eda Anajar M\u00fajica y Ariadna Jodar Blanco con<strong> \u00abRob la tortuga\u00bb<\/strong><\/p>\n<p>Helena Mu\u00f1oz Mart\u00edn de Soto y Carmen Gonz\u00e1lez Grande con <strong>\u00abLo importante es reciclar\u00bb<\/strong><\/p>\n<p><b>Nuestro centro ha sido seleccionado en el II Concurso escolar de cuentos Recapacicla, educaci\u00f3n para la circularidad curso 22\/23. En la modalidad educaci\u00f3n secundaria ha sido el segundo seleccionado.&nbsp; Se premiar\u00e1 con la publicaci\u00f3n impresa del cuento, que formar\u00e1 parte de una obra colectiva de todas las personas ganadoras. La publicaci\u00f3n se distribuir\u00e1 entre los centros escolares participantes en todas las modalidades del programa aldea. El cuento seleccionado ha sido el de las alumnas de 1\u00ba de la ESO, Helena Mu\u00f1oz Mart\u00edn de Soto y Carmen Gonz\u00e1lez Grande con \u00abLo importante es reciclar\u00bb que se puede en nuestra web y en el perfil del instagram del programa aldea <a href=\"https:\/\/www.instagram.com\/programaaldea_iesmm\/\" target=\"_blank\" rel=\"noopener noreferrer\">@programaaldea_iesmm&nbsp;<\/a><br \/>\n<\/b><\/p>\n<p><strong><a href=\"https:\/\/blogsaverroes.juntadeandalucia.es\/iesmm\/files\/2023\/09\/Seleccionados_ll-Concurso-Escolar-Cuentos-Recapacicla_2022-2023.pdf\">Seleccionados_ll Concurso Escolar Cuentos Recapacicla_2022-2023<\/a><\/strong><\/p>\n<p>&nbsp;<\/p>\n<p><a href=\"http:\/\/blogsaverroes.juntadeandalucia.es\/iesmm\/programa-aldea-2\/proyecto-traspapeleo\/\" rel=\"attachment wp-att-3317\"><img loading=\"lazy\" decoding=\"async\" class=\"aligncenter size-full wp-image-3317\" src=\"https:\/\/blogsaverroes.juntadeandalucia.es\/iesmm\/files\/2023\/09\/Proyecto-Traspapeleo.jpg\" alt=\"\" width=\"724\" height=\"1024\" srcset=\"https:\/\/blogsaverroes.juntadeandalucia.es\/iesmm\/files\/2023\/09\/Proyecto-Traspapeleo.jpg 724w, https:\/\/blogsaverroes.juntadeandalucia.es\/iesmm\/files\/2023\/09\/Proyecto-Traspapeleo-212x300.jpg 212w\" sizes=\"(max-width: 724px) 100vw, 724px\" \/><\/a><\/p>\n<p>&nbsp;<\/p>\n","protected":false},"excerpt":{"rendered":"<p>TRASPAPELEO. Durante los curso 2021\/22 y 2022\/23, hemos participado en el Proyecto Traspapeleo, y con lo obtenido en dicha colaboraci\u00f3n, se ha ayudado a la Asociaci\u00f3n \u00abTODO&nbsp; POR UNA SONRISA\u00bb Agradecimiento IES Miguel Man\u0303ara&#46;&#46;&#46;<\/p>\n","protected":false},"author":2321,"featured_media":0,"parent":0,"menu_order":0,"comment_status":"closed","ping_status":"closed","template":"","meta":{"ngg_post_thumbnail":0,"footnotes":"","_mc_calendar":[]},"aioseo_notices":[],"_links":{"self":[{"href":"https:\/\/blogsaverroes.juntadeandalucia.es\/iesmm\/wp-json\/wp\/v2\/pages\/3167"}],"collection":[{"href":"https:\/\/blogsaverroes.juntadeandalucia.es\/iesmm\/wp-json\/wp\/v2\/pages"}],"about":[{"href":"https:\/\/blogsaverroes.juntadeandalucia.es\/iesmm\/wp-json\/wp\/v2\/types\/page"}],"author":[{"embeddable":true,"href":"https:\/\/blogsaverroes.juntadeandalucia.es\/iesmm\/wp-json\/wp\/v2\/users\/2321"}],"replies":[{"embeddable":true,"href":"https:\/\/blogsaverroes.juntadeandalucia.es\/iesmm\/wp-json\/wp\/v2\/comments?post=3167"}],"version-history":[{"count":15,"href":"https:\/\/blogsaverroes.juntadeandalucia.es\/iesmm\/wp-json\/wp\/v2\/pages\/3167\/revisions"}],"predecessor-version":[{"id":3406,"href":"https:\/\/blogsaverroes.juntadeandalucia.es\/iesmm\/wp-json\/wp\/v2\/pages\/3167\/revisions\/3406"}],"wp:attachment":[{"href":"https:\/\/blogsaverroes.juntadeandalucia.es\/iesmm\/wp-json\/wp\/v2\/media?parent=3167"}],"curies":[{"name":"wp","href":"https:\/\/api.w.org\/{rel}","templated":true}]}}