{"id":3169,"date":"2022-09-29T11:31:34","date_gmt":"2022-09-29T11:31:34","guid":{"rendered":"http:\/\/blogsaverroes.juntadeandalucia.es\/iesmm\/?page_id=3169"},"modified":"2025-09-12T16:51:30","modified_gmt":"2025-09-12T16:51:30","slug":"coeducacion","status":"publish","type":"page","link":"https:\/\/blogsaverroes.juntadeandalucia.es\/iesmm\/coeducacion\/","title":{"rendered":"PLAN DE IGUALDAD"},"content":{"rendered":"<p><a href=\"http:\/\/blogsaverroes.juntadeandalucia.es\/iesmm\/logopactoestadocolor\/\">E<img loading=\"lazy\" decoding=\"async\" class=\"aligncenter size-medium wp-image-2786\" src=\"https:\/\/blogsaverroes.juntadeandalucia.es\/iesmm\/files\/2022\/03\/logopactoestadocolor-300x230.png\" alt=\"\" width=\"300\" height=\"230\" srcset=\"https:\/\/blogsaverroes.juntadeandalucia.es\/iesmm\/files\/2022\/03\/logopactoestadocolor-300x230.png 300w, https:\/\/blogsaverroes.juntadeandalucia.es\/iesmm\/files\/2022\/03\/logopactoestadocolor-768x589.png 768w, https:\/\/blogsaverroes.juntadeandalucia.es\/iesmm\/files\/2022\/03\/logopactoestadocolor.png 882w\" sizes=\"(max-width: 300px) 100vw, 300px\" \/><\/a><\/p>\n<p>El presente a\u00f1o 25-26, nos proponemos ir dando visibilidad a nuestro trabajo en el instituto en cooperaci\u00f3n con toda la comunidad educativa y con la colaboraci\u00f3n de asociaciones e instituciones tanto locales como provinciales para lograr los objetivos marcados en nuestro Plan de Igualdad 25-26 que dejamos resumido y a su disposici\u00f3n a continuaci\u00f3n.<\/p>\n<p>Un saludo y feliz curso escolar<\/p>\n<p><a href=\"https:\/\/blogsaverroes.juntadeandalucia.es\/iesmm\/files\/2025\/09\/Plan_Igualdad_-INFOGRAFIA.jpg\"><img loading=\"lazy\" decoding=\"async\" class=\"aligncenter size-full wp-image-3725\" src=\"https:\/\/blogsaverroes.juntadeandalucia.es\/iesmm\/files\/2025\/09\/Plan_Igualdad_-INFOGRAFIA.jpg\" alt=\"\" width=\"2409\" height=\"7493\" srcset=\"https:\/\/blogsaverroes.juntadeandalucia.es\/iesmm\/files\/2025\/09\/Plan_Igualdad_-INFOGRAFIA.jpg 514w, https:\/\/blogsaverroes.juntadeandalucia.es\/iesmm\/files\/2025\/09\/Plan_Igualdad_-INFOGRAFIA-96x300.jpg 96w, https:\/\/blogsaverroes.juntadeandalucia.es\/iesmm\/files\/2025\/09\/Plan_Igualdad_-INFOGRAFIA-329x1024.jpg 329w, https:\/\/blogsaverroes.juntadeandalucia.es\/iesmm\/files\/2025\/09\/Plan_Igualdad_-INFOGRAFIA-768x2389.jpg 768w, https:\/\/blogsaverroes.juntadeandalucia.es\/iesmm\/files\/2025\/09\/Plan_Igualdad_-INFOGRAFIA-494x1536.jpg 494w, https:\/\/blogsaverroes.juntadeandalucia.es\/iesmm\/files\/2025\/09\/Plan_Igualdad_-INFOGRAFIA-658x2048.jpg 658w\" sizes=\"(max-width: 2409px) 100vw, 2409px\" \/><\/a><\/p>\n<p>&nbsp;<\/p>\n<p>&nbsp;<\/p>\n<p>&nbsp;<\/p>\n<p>&nbsp;<\/p>\n<h1 style=\"text-align: center\"><span style=\"color: #800080\"><strong>8 de marzo. D\u00cdA DE LA MUJER<\/strong><\/span><\/h1>\n<p>Para festejar este d\u00eda, el <strong>Departamento de Educaci\u00f3n Pl\u00e1stica Visual y Audiovisual<\/strong> realiza una exposici\u00f3n de mujeres artistas en el hall del instituto. Dejamos constancia de ello&#8230;.<\/p>\n<p><a href=\"http:\/\/blogsaverroes.juntadeandalucia.es\/iesmm\/coeducacion\/20230308_124414\/\" rel=\"attachment wp-att-3266\"><img loading=\"lazy\" decoding=\"async\" class=\"aligncenter size-large wp-image-3266\" src=\"https:\/\/blogsaverroes.juntadeandalucia.es\/iesmm\/files\/2023\/03\/20230308_124414-472x1024.jpg\" alt=\"\" width=\"472\" height=\"1024\" srcset=\"https:\/\/blogsaverroes.juntadeandalucia.es\/iesmm\/files\/2023\/03\/20230308_124414-472x1024.jpg 472w, https:\/\/blogsaverroes.juntadeandalucia.es\/iesmm\/files\/2023\/03\/20230308_124414-138x300.jpg 138w, https:\/\/blogsaverroes.juntadeandalucia.es\/iesmm\/files\/2023\/03\/20230308_124414-768x1665.jpg 768w, https:\/\/blogsaverroes.juntadeandalucia.es\/iesmm\/files\/2023\/03\/20230308_124414-709x1536.jpg 709w, https:\/\/blogsaverroes.juntadeandalucia.es\/iesmm\/files\/2023\/03\/20230308_124414-945x2048.jpg 945w, https:\/\/blogsaverroes.juntadeandalucia.es\/iesmm\/files\/2023\/03\/20230308_124414-scaled.jpg 738w\" sizes=\"(max-width: 472px) 100vw, 472px\" \/><\/a> <a href=\"http:\/\/blogsaverroes.juntadeandalucia.es\/iesmm\/coeducacion\/20230308_124605\/\" rel=\"attachment wp-att-3267\"><img loading=\"lazy\" decoding=\"async\" class=\"aligncenter size-large wp-image-3267\" src=\"https:\/\/blogsaverroes.juntadeandalucia.es\/iesmm\/files\/2023\/03\/20230308_124605-1024x472.jpg\" alt=\"\" width=\"1024\" height=\"472\" srcset=\"https:\/\/blogsaverroes.juntadeandalucia.es\/iesmm\/files\/2023\/03\/20230308_124605-1024x472.jpg 1024w, https:\/\/blogsaverroes.juntadeandalucia.es\/iesmm\/files\/2023\/03\/20230308_124605-300x138.jpg 300w, https:\/\/blogsaverroes.juntadeandalucia.es\/iesmm\/files\/2023\/03\/20230308_124605-768x354.jpg 768w, https:\/\/blogsaverroes.juntadeandalucia.es\/iesmm\/files\/2023\/03\/20230308_124605-1536x709.jpg 1536w, https:\/\/blogsaverroes.juntadeandalucia.es\/iesmm\/files\/2023\/03\/20230308_124605-2048x945.jpg 2048w, https:\/\/blogsaverroes.juntadeandalucia.es\/iesmm\/files\/2023\/03\/20230308_124605-scaled.jpg 1600w\" sizes=\"(max-width: 1024px) 100vw, 1024px\" \/><\/a> <a href=\"http:\/\/blogsaverroes.juntadeandalucia.es\/iesmm\/coeducacion\/20230308_124452\/\" rel=\"attachment wp-att-3269\"><img loading=\"lazy\" decoding=\"async\" class=\"aligncenter size-large wp-image-3269\" src=\"https:\/\/blogsaverroes.juntadeandalucia.es\/iesmm\/files\/2023\/03\/20230308_124452-1024x472.jpg\" alt=\"\" width=\"1024\" height=\"472\" srcset=\"https:\/\/blogsaverroes.juntadeandalucia.es\/iesmm\/files\/2023\/03\/20230308_124452-1024x472.jpg 1024w, https:\/\/blogsaverroes.juntadeandalucia.es\/iesmm\/files\/2023\/03\/20230308_124452-300x138.jpg 300w, https:\/\/blogsaverroes.juntadeandalucia.es\/iesmm\/files\/2023\/03\/20230308_124452-768x354.jpg 768w, https:\/\/blogsaverroes.juntadeandalucia.es\/iesmm\/files\/2023\/03\/20230308_124452-1536x709.jpg 1536w, https:\/\/blogsaverroes.juntadeandalucia.es\/iesmm\/files\/2023\/03\/20230308_124452-2048x945.jpg 2048w, https:\/\/blogsaverroes.juntadeandalucia.es\/iesmm\/files\/2023\/03\/20230308_124452-scaled.jpg 1600w\" sizes=\"(max-width: 1024px) 100vw, 1024px\" \/><\/a> <a href=\"http:\/\/blogsaverroes.juntadeandalucia.es\/iesmm\/coeducacion\/20230308_124426\/\" rel=\"attachment wp-att-3270\"><img loading=\"lazy\" decoding=\"async\" class=\"aligncenter size-large wp-image-3270\" src=\"https:\/\/blogsaverroes.juntadeandalucia.es\/iesmm\/files\/2023\/03\/20230308_124426-472x1024.jpg\" alt=\"\" width=\"472\" height=\"1024\" srcset=\"https:\/\/blogsaverroes.juntadeandalucia.es\/iesmm\/files\/2023\/03\/20230308_124426-472x1024.jpg 472w, https:\/\/blogsaverroes.juntadeandalucia.es\/iesmm\/files\/2023\/03\/20230308_124426-138x300.jpg 138w, https:\/\/blogsaverroes.juntadeandalucia.es\/iesmm\/files\/2023\/03\/20230308_124426-768x1665.jpg 768w, https:\/\/blogsaverroes.juntadeandalucia.es\/iesmm\/files\/2023\/03\/20230308_124426-709x1536.jpg 709w, https:\/\/blogsaverroes.juntadeandalucia.es\/iesmm\/files\/2023\/03\/20230308_124426-945x2048.jpg 945w, https:\/\/blogsaverroes.juntadeandalucia.es\/iesmm\/files\/2023\/03\/20230308_124426-scaled.jpg 738w\" sizes=\"(max-width: 472px) 100vw, 472px\" \/><\/a> <a href=\"http:\/\/blogsaverroes.juntadeandalucia.es\/iesmm\/coeducacion\/20230308_124510\/\" rel=\"attachment wp-att-3271\"><img loading=\"lazy\" decoding=\"async\" class=\"aligncenter size-large wp-image-3271\" src=\"https:\/\/blogsaverroes.juntadeandalucia.es\/iesmm\/files\/2023\/03\/20230308_124510-1024x472.jpg\" alt=\"\" width=\"1024\" height=\"472\" srcset=\"https:\/\/blogsaverroes.juntadeandalucia.es\/iesmm\/files\/2023\/03\/20230308_124510-1024x472.jpg 1024w, https:\/\/blogsaverroes.juntadeandalucia.es\/iesmm\/files\/2023\/03\/20230308_124510-300x138.jpg 300w, https:\/\/blogsaverroes.juntadeandalucia.es\/iesmm\/files\/2023\/03\/20230308_124510-768x354.jpg 768w, https:\/\/blogsaverroes.juntadeandalucia.es\/iesmm\/files\/2023\/03\/20230308_124510-1536x709.jpg 1536w, https:\/\/blogsaverroes.juntadeandalucia.es\/iesmm\/files\/2023\/03\/20230308_124510-2048x945.jpg 2048w, https:\/\/blogsaverroes.juntadeandalucia.es\/iesmm\/files\/2023\/03\/20230308_124510-scaled.jpg 1600w\" sizes=\"(max-width: 1024px) 100vw, 1024px\" \/><\/a> <a href=\"http:\/\/blogsaverroes.juntadeandalucia.es\/iesmm\/coeducacion\/20230308_124501\/\" rel=\"attachment wp-att-3272\"><img loading=\"lazy\" decoding=\"async\" class=\"aligncenter size-large wp-image-3272\" src=\"https:\/\/blogsaverroes.juntadeandalucia.es\/iesmm\/files\/2023\/03\/20230308_124501-1024x472.jpg\" alt=\"\" width=\"1024\" height=\"472\" srcset=\"https:\/\/blogsaverroes.juntadeandalucia.es\/iesmm\/files\/2023\/03\/20230308_124501-1024x472.jpg 1024w, https:\/\/blogsaverroes.juntadeandalucia.es\/iesmm\/files\/2023\/03\/20230308_124501-300x138.jpg 300w, https:\/\/blogsaverroes.juntadeandalucia.es\/iesmm\/files\/2023\/03\/20230308_124501-768x354.jpg 768w, https:\/\/blogsaverroes.juntadeandalucia.es\/iesmm\/files\/2023\/03\/20230308_124501-1536x709.jpg 1536w, https:\/\/blogsaverroes.juntadeandalucia.es\/iesmm\/files\/2023\/03\/20230308_124501-2048x945.jpg 2048w, https:\/\/blogsaverroes.juntadeandalucia.es\/iesmm\/files\/2023\/03\/20230308_124501-scaled.jpg 1600w\" sizes=\"(max-width: 1024px) 100vw, 1024px\" \/><\/a> <a href=\"http:\/\/blogsaverroes.juntadeandalucia.es\/iesmm\/coeducacion\/20230308_124435\/\" rel=\"attachment wp-att-3273\"><img loading=\"lazy\" decoding=\"async\" class=\"aligncenter size-large wp-image-3273\" src=\"https:\/\/blogsaverroes.juntadeandalucia.es\/iesmm\/files\/2023\/03\/20230308_124435-472x1024.jpg\" alt=\"\" width=\"472\" height=\"1024\" srcset=\"https:\/\/blogsaverroes.juntadeandalucia.es\/iesmm\/files\/2023\/03\/20230308_124435-472x1024.jpg 472w, https:\/\/blogsaverroes.juntadeandalucia.es\/iesmm\/files\/2023\/03\/20230308_124435-138x300.jpg 138w, https:\/\/blogsaverroes.juntadeandalucia.es\/iesmm\/files\/2023\/03\/20230308_124435-768x1665.jpg 768w, https:\/\/blogsaverroes.juntadeandalucia.es\/iesmm\/files\/2023\/03\/20230308_124435-709x1536.jpg 709w, https:\/\/blogsaverroes.juntadeandalucia.es\/iesmm\/files\/2023\/03\/20230308_124435-945x2048.jpg 945w, https:\/\/blogsaverroes.juntadeandalucia.es\/iesmm\/files\/2023\/03\/20230308_124435-scaled.jpg 738w\" sizes=\"(max-width: 472px) 100vw, 472px\" \/><\/a> <a href=\"http:\/\/blogsaverroes.juntadeandalucia.es\/iesmm\/coeducacion\/20230308_124441\/\" rel=\"attachment wp-att-3274\"><img loading=\"lazy\" decoding=\"async\" class=\"aligncenter size-large wp-image-3274\" src=\"https:\/\/blogsaverroes.juntadeandalucia.es\/iesmm\/files\/2023\/03\/20230308_124441-472x1024.jpg\" alt=\"\" width=\"472\" height=\"1024\" srcset=\"https:\/\/blogsaverroes.juntadeandalucia.es\/iesmm\/files\/2023\/03\/20230308_124441-472x1024.jpg 472w, https:\/\/blogsaverroes.juntadeandalucia.es\/iesmm\/files\/2023\/03\/20230308_124441-138x300.jpg 138w, https:\/\/blogsaverroes.juntadeandalucia.es\/iesmm\/files\/2023\/03\/20230308_124441-768x1665.jpg 768w, https:\/\/blogsaverroes.juntadeandalucia.es\/iesmm\/files\/2023\/03\/20230308_124441-709x1536.jpg 709w, https:\/\/blogsaverroes.juntadeandalucia.es\/iesmm\/files\/2023\/03\/20230308_124441-945x2048.jpg 945w, https:\/\/blogsaverroes.juntadeandalucia.es\/iesmm\/files\/2023\/03\/20230308_124441-scaled.jpg 738w\" sizes=\"(max-width: 472px) 100vw, 472px\" \/><\/a><\/p>\n<p>&nbsp;<\/p>\n<h1 style=\"text-align: center\"><span style=\"color: #800080\">11 de febrero. D\u00cdA DE LA NI\u00d1A Y LA MUJER EN LA CIENCIA<\/span><\/h1>\n<p>Para conmemorar \u00e9sta efem\u00e9ride, tuvimos la suerte de contar con Inma M\u00e1rquez Escudero, qu\u00edmica e investigadora en la Universidad de Sevilla, que nos mostr\u00f3 la cantidad de mujeres cient\u00edficas e investigadoras que han sido invisivilizadas a lo largo de la historia, adem\u00e1s de realizar varios experimentos relacionados con la electr\u00f3lisis del agua y la obtenci\u00f3n de energ\u00eda, de forma sencilla, a partir de elementos de la vida cotidiana.<\/p>\n<p>&nbsp;<\/p>\n<p><a href=\"http:\/\/blogsaverroes.juntadeandalucia.es\/iesmm\/coeducacion\/photo-2023-03-01-18-59-55-10\/\" rel=\"attachment wp-att-3260\"><img loading=\"lazy\" decoding=\"async\" class=\"aligncenter size-full wp-image-3260\" src=\"https:\/\/blogsaverroes.juntadeandalucia.es\/iesmm\/files\/2023\/03\/PHOTO-2023-03-01-18-59-55-10.jpg\" alt=\"\" width=\"1024\" height=\"768\" srcset=\"https:\/\/blogsaverroes.juntadeandalucia.es\/iesmm\/files\/2023\/03\/PHOTO-2023-03-01-18-59-55-10.jpg 1024w, https:\/\/blogsaverroes.juntadeandalucia.es\/iesmm\/files\/2023\/03\/PHOTO-2023-03-01-18-59-55-10-300x225.jpg 300w, https:\/\/blogsaverroes.juntadeandalucia.es\/iesmm\/files\/2023\/03\/PHOTO-2023-03-01-18-59-55-10-768x576.jpg 768w\" sizes=\"(max-width: 1024px) 100vw, 1024px\" \/><\/a> <a href=\"http:\/\/blogsaverroes.juntadeandalucia.es\/iesmm\/coeducacion\/photo-2023-03-01-19-01-43-copia\/\" rel=\"attachment wp-att-3261\"><img loading=\"lazy\" decoding=\"async\" class=\"aligncenter size-large wp-image-3261\" src=\"https:\/\/blogsaverroes.juntadeandalucia.es\/iesmm\/files\/2023\/03\/PHOTO-2023-03-01-19-01-43-copia-1024x473.jpg\" alt=\"\" width=\"1024\" height=\"473\" srcset=\"https:\/\/blogsaverroes.juntadeandalucia.es\/iesmm\/files\/2023\/03\/PHOTO-2023-03-01-19-01-43-copia-1024x473.jpg 1024w, https:\/\/blogsaverroes.juntadeandalucia.es\/iesmm\/files\/2023\/03\/PHOTO-2023-03-01-19-01-43-copia-300x138.jpg 300w, https:\/\/blogsaverroes.juntadeandalucia.es\/iesmm\/files\/2023\/03\/PHOTO-2023-03-01-19-01-43-copia-768x354.jpg 768w, https:\/\/blogsaverroes.juntadeandalucia.es\/iesmm\/files\/2023\/03\/PHOTO-2023-03-01-19-01-43-copia-1536x709.jpg 1536w, https:\/\/blogsaverroes.juntadeandalucia.es\/iesmm\/files\/2023\/03\/PHOTO-2023-03-01-19-01-43-copia-2048x945.jpg 2048w, https:\/\/blogsaverroes.juntadeandalucia.es\/iesmm\/files\/2023\/03\/PHOTO-2023-03-01-19-01-43-copia-scaled.jpg 1600w\" sizes=\"(max-width: 1024px) 100vw, 1024px\" \/><\/a> <a href=\"http:\/\/blogsaverroes.juntadeandalucia.es\/iesmm\/coeducacion\/photo-2023-03-01-18-59-55-8\/\" rel=\"attachment wp-att-3262\"><img loading=\"lazy\" decoding=\"async\" class=\"aligncenter size-large wp-image-3262\" src=\"https:\/\/blogsaverroes.juntadeandalucia.es\/iesmm\/files\/2023\/03\/PHOTO-2023-03-01-18-59-55-8.jpg\" alt=\"\" width=\"1024\" height=\"768\" srcset=\"https:\/\/blogsaverroes.juntadeandalucia.es\/iesmm\/files\/2023\/03\/PHOTO-2023-03-01-18-59-55-8.jpg 1024w, https:\/\/blogsaverroes.juntadeandalucia.es\/iesmm\/files\/2023\/03\/PHOTO-2023-03-01-18-59-55-8-300x225.jpg 300w, https:\/\/blogsaverroes.juntadeandalucia.es\/iesmm\/files\/2023\/03\/PHOTO-2023-03-01-18-59-55-8-768x576.jpg 768w\" sizes=\"(max-width: 1024px) 100vw, 1024px\" \/><\/a> <a href=\"http:\/\/blogsaverroes.juntadeandalucia.es\/iesmm\/coeducacion\/photo-2023-03-01-18-59-55-6\/\" rel=\"attachment wp-att-3263\"><img loading=\"lazy\" decoding=\"async\" class=\"aligncenter size-large wp-image-3263\" src=\"https:\/\/blogsaverroes.juntadeandalucia.es\/iesmm\/files\/2023\/03\/PHOTO-2023-03-01-18-59-55-6.jpg\" alt=\"\" width=\"1024\" height=\"768\" srcset=\"https:\/\/blogsaverroes.juntadeandalucia.es\/iesmm\/files\/2023\/03\/PHOTO-2023-03-01-18-59-55-6.jpg 1024w, https:\/\/blogsaverroes.juntadeandalucia.es\/iesmm\/files\/2023\/03\/PHOTO-2023-03-01-18-59-55-6-300x225.jpg 300w, https:\/\/blogsaverroes.juntadeandalucia.es\/iesmm\/files\/2023\/03\/PHOTO-2023-03-01-18-59-55-6-768x576.jpg 768w\" sizes=\"(max-width: 1024px) 100vw, 1024px\" \/><\/a><\/p>\n<h2 style=\"text-align: center\"><strong><span style=\"color: #800080\">COLABORAR Y COMPARTIR PARA RECHAZAR Y DENUNCIAR<\/span>&nbsp;_<span style=\"color: #800080\">25N<\/span><\/strong><\/h2>\n<p>Dejamos constancia del trabajo realizado colaborativamente entre alumnado y profesorado en esos d\u00edas.<\/p>\n<p style=\"text-align: center\"><span style=\"color: #800080\"><strong>&#8230;NO SOMOS IGUALES, SOMOS EQUIVALENTES&#8230;<\/strong><\/span><\/p>\n<p>Muchas gracias a todas las personas implicadas en el \u00abProyecto Violeta\u00a8 de nuestro Centro y a Rozal\u00e9n por su amabilidad, &nbsp;al prestarnos un trocito de canci\u00f3n para una causa tan importante como educar en igualdad.<\/p>\n<p>&nbsp;<\/p>\n<p>&nbsp;<\/p>\n<div style=\"width: 1920px;\" class=\"wp-video\"><!--[if lt IE 9]><script>document.createElement('video');<\/script><![endif]-->\n<video class=\"wp-video-shortcode\" id=\"video-3169-1\" width=\"1920\" height=\"1080\" poster=\"https:\/\/blogsaverroes.juntadeandalucia.es\/iesmm\/files\/2023\/01\/25N-m4v-image.jpg\" preload=\"metadata\" controls=\"controls\"><source type=\"video\/mp4\" src=\"https:\/\/blogsaverroes.juntadeandalucia.es\/iesmm\/files\/2023\/01\/25N.m4v?_=1\" \/><a href=\"https:\/\/blogsaverroes.juntadeandalucia.es\/iesmm\/files\/2023\/01\/25N.m4v\">https:\/\/blogsaverroes.juntadeandalucia.es\/iesmm\/files\/2023\/01\/25N.m4v<\/a><\/video><\/div>\n<p>&nbsp;<\/p>\n<p>&nbsp;<\/p>\n<h2 style=\"text-align: center\"><strong>INTERVENCI\u00d3N REALIZADA EN EL PATIO DEL CENTRO. (21-22)<\/strong><\/h2>\n<p>Se intervinieron los bancos con colores p\u00farpura y se puso una placa conmemorativa<\/p>\n<p>&nbsp;<\/p>\n<p><a href=\"http:\/\/blogsaverroes.juntadeandalucia.es\/iesmm\/coeducacion\/20220919_132255\/\" rel=\"attachment wp-att-3177\"><img loading=\"lazy\" decoding=\"async\" class=\"aligncenter wp-image-3177 size-large\" src=\"https:\/\/blogsaverroes.juntadeandalucia.es\/iesmm\/files\/2022\/09\/20220919_132255-1024x472.jpg\" alt=\"Acci\u00f3n por el Pacto de Estado por la igualdad\" width=\"1024\" height=\"472\" srcset=\"https:\/\/blogsaverroes.juntadeandalucia.es\/iesmm\/files\/2022\/09\/20220919_132255-1024x472.jpg 1024w, https:\/\/blogsaverroes.juntadeandalucia.es\/iesmm\/files\/2022\/09\/20220919_132255-300x138.jpg 300w, https:\/\/blogsaverroes.juntadeandalucia.es\/iesmm\/files\/2022\/09\/20220919_132255-768x354.jpg 768w, https:\/\/blogsaverroes.juntadeandalucia.es\/iesmm\/files\/2022\/09\/20220919_132255-1536x709.jpg 1536w, https:\/\/blogsaverroes.juntadeandalucia.es\/iesmm\/files\/2022\/09\/20220919_132255-2048x945.jpg 2048w, https:\/\/blogsaverroes.juntadeandalucia.es\/iesmm\/files\/2022\/09\/20220919_132255-scaled.jpg 1600w\" sizes=\"(max-width: 1024px) 100vw, 1024px\" \/><\/a><\/p>\n<p><a href=\"http:\/\/blogsaverroes.juntadeandalucia.es\/iesmm\/coeducacion\/20220919_132217\/\" rel=\"attachment wp-att-3182\"><img loading=\"lazy\" decoding=\"async\" class=\"aligncenter wp-image-3182 size-large\" src=\"https:\/\/blogsaverroes.juntadeandalucia.es\/iesmm\/files\/2022\/09\/20220919_132217-1024x472.jpg\" alt=\"\" width=\"1024\" height=\"472\" srcset=\"https:\/\/blogsaverroes.juntadeandalucia.es\/iesmm\/files\/2022\/09\/20220919_132217-1024x472.jpg 1024w, https:\/\/blogsaverroes.juntadeandalucia.es\/iesmm\/files\/2022\/09\/20220919_132217-300x138.jpg 300w, https:\/\/blogsaverroes.juntadeandalucia.es\/iesmm\/files\/2022\/09\/20220919_132217-768x354.jpg 768w, https:\/\/blogsaverroes.juntadeandalucia.es\/iesmm\/files\/2022\/09\/20220919_132217-1536x709.jpg 1536w, https:\/\/blogsaverroes.juntadeandalucia.es\/iesmm\/files\/2022\/09\/20220919_132217-2048x945.jpg 2048w, https:\/\/blogsaverroes.juntadeandalucia.es\/iesmm\/files\/2022\/09\/20220919_132217-scaled.jpg 1600w\" sizes=\"(max-width: 1024px) 100vw, 1024px\" \/><\/a><\/p>\n<p><a href=\"http:\/\/blogsaverroes.juntadeandalucia.es\/iesmm\/coeducacion\/20220919_132149\/\" rel=\"attachment wp-att-3184\"><img loading=\"lazy\" decoding=\"async\" class=\"aligncenter size-large wp-image-3184\" src=\"https:\/\/blogsaverroes.juntadeandalucia.es\/iesmm\/files\/2022\/09\/20220919_132149-1024x472.jpg\" alt=\"\" width=\"1024\" height=\"472\" srcset=\"https:\/\/blogsaverroes.juntadeandalucia.es\/iesmm\/files\/2022\/09\/20220919_132149-1024x472.jpg 1024w, https:\/\/blogsaverroes.juntadeandalucia.es\/iesmm\/files\/2022\/09\/20220919_132149-300x138.jpg 300w, https:\/\/blogsaverroes.juntadeandalucia.es\/iesmm\/files\/2022\/09\/20220919_132149-768x354.jpg 768w, https:\/\/blogsaverroes.juntadeandalucia.es\/iesmm\/files\/2022\/09\/20220919_132149-1536x709.jpg 1536w, https:\/\/blogsaverroes.juntadeandalucia.es\/iesmm\/files\/2022\/09\/20220919_132149-2048x945.jpg 2048w, https:\/\/blogsaverroes.juntadeandalucia.es\/iesmm\/files\/2022\/09\/20220919_132149-scaled.jpg 1600w\" sizes=\"(max-width: 1024px) 100vw, 1024px\" \/><\/a><\/p>\n","protected":false},"excerpt":{"rendered":"<p>E El presente a\u00f1o 25-26, nos proponemos ir dando visibilidad a nuestro trabajo en el instituto en cooperaci\u00f3n con toda la comunidad educativa y con la colaboraci\u00f3n de asociaciones e instituciones tanto locales como&#46;&#46;&#46;<\/p>\n","protected":false},"author":2321,"featured_media":0,"parent":0,"menu_order":0,"comment_status":"closed","ping_status":"closed","template":"","meta":{"ngg_post_thumbnail":0,"footnotes":"","_mc_calendar":[]},"aioseo_notices":[],"_links":{"self":[{"href":"https:\/\/blogsaverroes.juntadeandalucia.es\/iesmm\/wp-json\/wp\/v2\/pages\/3169"}],"collection":[{"href":"https:\/\/blogsaverroes.juntadeandalucia.es\/iesmm\/wp-json\/wp\/v2\/pages"}],"about":[{"href":"https:\/\/blogsaverroes.juntadeandalucia.es\/iesmm\/wp-json\/wp\/v2\/types\/page"}],"author":[{"embeddable":true,"href":"https:\/\/blogsaverroes.juntadeandalucia.es\/iesmm\/wp-json\/wp\/v2\/users\/2321"}],"replies":[{"embeddable":true,"href":"https:\/\/blogsaverroes.juntadeandalucia.es\/iesmm\/wp-json\/wp\/v2\/comments?post=3169"}],"version-history":[{"count":12,"href":"https:\/\/blogsaverroes.juntadeandalucia.es\/iesmm\/wp-json\/wp\/v2\/pages\/3169\/revisions"}],"predecessor-version":[{"id":3726,"href":"https:\/\/blogsaverroes.juntadeandalucia.es\/iesmm\/wp-json\/wp\/v2\/pages\/3169\/revisions\/3726"}],"wp:attachment":[{"href":"https:\/\/blogsaverroes.juntadeandalucia.es\/iesmm\/wp-json\/wp\/v2\/media?parent=3169"}],"curies":[{"name":"wp","href":"https:\/\/api.w.org\/{rel}","templated":true}]}}